{"id":1311,"date":"2025-04-10T10:35:45","date_gmt":"2025-04-10T08:35:45","guid":{"rendered":"https:\/\/alex.shop\/si\/?page_id=1311"},"modified":"2025-04-10T10:36:57","modified_gmt":"2025-04-10T08:36:57","slug":"o-nas","status":"publish","type":"page","link":"https:\/\/alex.shop\/si\/o-nas\/","title":{"rendered":"O nas"},"content":{"rendered":"\t\t<div data-elementor-type=\"wp-page\" data-elementor-id=\"1311\" class=\"elementor elementor-1311\" data-elementor-post-type=\"page\">\n\t\t\t\t\t\t<section class=\"elementor-section elementor-top-section elementor-element elementor-element-e2f167f elementor-section-stretched elementor-section-boxed elementor-section-height-default elementor-section-height-default\" data-id=\"e2f167f\" data-element_type=\"section\" data-e-type=\"section\" data-settings=\"{&quot;stretch_section&quot;:&quot;section-stretched&quot;,&quot;background_background&quot;:&quot;classic&quot;}\">\n\t\t\t\t\t\t\t<div class=\"elementor-background-overlay\"><\/div>\n\t\t\t\t\t\t\t<div class=\"elementor-container elementor-column-gap-default\">\n\t\t\t\t\t<div class=\"elementor-column elementor-col-100 elementor-top-column elementor-element elementor-element-424630a\" data-id=\"424630a\" data-element_type=\"column\" data-e-type=\"column\">\n\t\t\t<div class=\"elementor-widget-wrap elementor-element-populated\">\n\t\t\t\t\t\t<section class=\"elementor-section elementor-inner-section elementor-element elementor-element-eb1d229 elementor-section-boxed elementor-section-height-default elementor-section-height-default\" data-id=\"eb1d229\" data-element_type=\"section\" data-e-type=\"section\">\n\t\t\t\t\t\t<div class=\"elementor-container elementor-column-gap-default\">\n\t\t\t\t\t<div class=\"elementor-column elementor-col-50 elementor-inner-column elementor-element elementor-element-e626da9\" data-id=\"e626da9\" data-element_type=\"column\" data-e-type=\"column\">\n\t\t\t<div class=\"elementor-widget-wrap elementor-element-populated\">\n\t\t\t\t\t\t<div class=\"elementor-element elementor-element-929db73 elementor-invisible elementor-widget elementor-widget-heading\" data-id=\"929db73\" data-element_type=\"widget\" data-e-type=\"widget\" data-settings=\"{&quot;_animation&quot;:&quot;fadeInUp&quot;}\" data-widget_type=\"heading.default\">\n\t\t\t\t<div class=\"elementor-widget-container\">\n\t\t\t\t\t<h1 class=\"elementor-heading-title elementor-size-default\">O nas<\/h1>\t\t\t\t<\/div>\n\t\t\t\t<\/div>\n\t\t\t\t<div class=\"elementor-element elementor-element-2f7d42b elementor-invisible elementor-widget elementor-widget-heading\" data-id=\"2f7d42b\" data-element_type=\"widget\" data-e-type=\"widget\" data-settings=\"{&quot;_animation&quot;:&quot;fadeInDown&quot;}\" data-widget_type=\"heading.default\">\n\t\t\t\t<div class=\"elementor-widget-container\">\n\t\t\t\t\t<h3 class=\"elementor-heading-title elementor-size-default\">Regionalni vodja v industriji tehni\u010dne za\u0161\u010dite<\/h3>\t\t\t\t<\/div>\n\t\t\t\t<\/div>\n\t\t\t\t\t<\/div>\n\t\t<\/div>\n\t\t\t\t<div class=\"elementor-column elementor-col-50 elementor-inner-column elementor-element elementor-element-38a6430\" data-id=\"38a6430\" data-element_type=\"column\" data-e-type=\"column\">\n\t\t\t<div class=\"elementor-widget-wrap\">\n\t\t\t\t\t\t\t<\/div>\n\t\t<\/div>\n\t\t\t\t\t<\/div>\n\t\t<\/section>\n\t\t\t\t\t<\/div>\n\t\t<\/div>\n\t\t\t\t\t<\/div>\n\t\t<\/section>\n\t\t\t\t<section class=\"elementor-section elementor-top-section elementor-element elementor-element-7ed88e2 elementor-section-boxed elementor-section-height-default elementor-section-height-default\" data-id=\"7ed88e2\" data-element_type=\"section\" data-e-type=\"section\">\n\t\t\t\t\t\t<div class=\"elementor-container elementor-column-gap-wider\">\n\t\t\t\t\t<div class=\"elementor-column elementor-col-50 elementor-top-column elementor-element elementor-element-f72e79b elementor-invisible\" data-id=\"f72e79b\" data-element_type=\"column\" data-e-type=\"column\" data-settings=\"{&quot;animation&quot;:&quot;fadeIn&quot;}\">\n\t\t\t<div class=\"elementor-widget-wrap elementor-element-populated\">\n\t\t\t\t\t\t<div class=\"elementor-element elementor-element-4e6c738 elementor-widget elementor-widget-heading\" data-id=\"4e6c738\" data-element_type=\"widget\" data-e-type=\"widget\" data-widget_type=\"heading.default\">\n\t\t\t\t<div class=\"elementor-widget-container\">\n\t\t\t\t\t<h6 class=\"elementor-heading-title elementor-size-default\">Alarm automatika d.o.o.<\/h6>\t\t\t\t<\/div>\n\t\t\t\t<\/div>\n\t\t\t\t<div class=\"elementor-element elementor-element-517333d title-left elementor-widget elementor-widget-heading\" data-id=\"517333d\" data-element_type=\"widget\" data-e-type=\"widget\" data-widget_type=\"heading.default\">\n\t\t\t\t<div class=\"elementor-widget-container\">\n\t\t\t\t\t<h2 class=\"elementor-heading-title elementor-size-default\">Najino potovanje se za\u010dne leta 1989.<\/h2>\t\t\t\t<\/div>\n\t\t\t\t<\/div>\n\t\t\t\t<div class=\"elementor-element elementor-element-9768fd1 elementor-widget elementor-widget-text-editor\" data-id=\"9768fd1\" data-element_type=\"widget\" data-e-type=\"widget\" data-widget_type=\"text-editor.default\">\n\t\t\t\t<div class=\"elementor-widget-container\">\n\t\t\t\t\t\t\t\t\tZa\u010deli smo kot monterji tehni\u010dne za\u0161\u010dite leta 1989, zaradi nerazpolo\u017eljivosti ustreznih naprav pa smo se osredoto\u010dili na uvoz. Do leta 2000 smo se razvili v najve\u010djega distributerja naprav za tehni\u010dno za\u0161\u010dito na Hrva\u0161kem, kasneje v dr\u017eavah regije, z zelo razvito mre\u017eo kupcev in partnerjev.\t\t\t\t\t\t\t\t<\/div>\n\t\t\t\t<\/div>\n\t\t\t\t\t<\/div>\n\t\t<\/div>\n\t\t\t\t<div class=\"elementor-column elementor-col-50 elementor-top-column elementor-element elementor-element-30a81fe elementor-invisible\" data-id=\"30a81fe\" data-element_type=\"column\" data-e-type=\"column\" data-settings=\"{&quot;animation&quot;:&quot;fadeIn&quot;,&quot;animation_delay&quot;:200}\">\n\t\t\t<div class=\"elementor-widget-wrap elementor-element-populated\">\n\t\t\t\t\t\t<div class=\"elementor-element elementor-element-8668f64 animated-fast elementor-invisible elementor-widget elementor-widget-image\" data-id=\"8668f64\" data-element_type=\"widget\" data-e-type=\"widget\" data-settings=\"{&quot;_animation&quot;:&quot;fadeIn&quot;}\" data-widget_type=\"image.default\">\n\t\t\t\t<div class=\"elementor-widget-container\">\n\t\t\t\t\t\t\t\t\t\t\t\t\t\t\t<img fetchpriority=\"high\" decoding=\"async\" width=\"960\" height=\"630\" src=\"https:\/\/alex.shop\/si\/files\/2025\/03\/company-profil-bcg-1.jpg\" class=\"attachment-large size-large wp-image-315\" alt=\"\" srcset=\"https:\/\/alex.shop\/si\/files\/2025\/03\/company-profil-bcg-1.jpg 960w, https:\/\/alex.shop\/si\/files\/2025\/03\/company-profil-bcg-1-300x197.jpg 300w, https:\/\/alex.shop\/si\/files\/2025\/03\/company-profil-bcg-1-768x504.jpg 768w, https:\/\/alex.shop\/si\/files\/2025\/03\/company-profil-bcg-1-441x289.jpg 441w, https:\/\/alex.shop\/si\/files\/2025\/03\/company-profil-bcg-1-600x394.jpg 600w, https:\/\/alex.shop\/si\/files\/2025\/03\/company-profil-bcg-1-150x98.jpg 150w\" sizes=\"(max-width: 960px) 100vw, 960px\" \/>\t\t\t\t\t\t\t\t\t\t\t\t\t\t\t<\/div>\n\t\t\t\t<\/div>\n\t\t\t\t\t<\/div>\n\t\t<\/div>\n\t\t\t\t\t<\/div>\n\t\t<\/section>\n\t\t\t\t<section class=\"elementor-section elementor-top-section elementor-element elementor-element-2c96b2b elementor-section-boxed elementor-section-height-default elementor-section-height-default\" data-id=\"2c96b2b\" data-element_type=\"section\" data-e-type=\"section\">\n\t\t\t\t\t\t<div class=\"elementor-container elementor-column-gap-wider\">\n\t\t\t\t\t<div class=\"elementor-column elementor-col-50 elementor-top-column elementor-element elementor-element-9badbc8 elementor-invisible\" data-id=\"9badbc8\" data-element_type=\"column\" data-e-type=\"column\" data-settings=\"{&quot;animation&quot;:&quot;fadeIn&quot;}\">\n\t\t\t<div class=\"elementor-widget-wrap elementor-element-populated\">\n\t\t\t\t\t\t<div class=\"elementor-element elementor-element-64739da animated-fast elementor-invisible elementor-widget elementor-widget-image\" data-id=\"64739da\" data-element_type=\"widget\" data-e-type=\"widget\" data-settings=\"{&quot;_animation&quot;:&quot;fadeIn&quot;}\" data-widget_type=\"image.default\">\n\t\t\t\t<div class=\"elementor-widget-container\">\n\t\t\t\t\t\t\t\t\t\t\t\t\t\t\t<img decoding=\"async\" width=\"1024\" height=\"683\" src=\"https:\/\/alex.shop\/si\/files\/2025\/03\/vizija-1024x683.jpg\" class=\"attachment-large size-large wp-image-316\" alt=\"\" srcset=\"https:\/\/alex.shop\/si\/files\/2025\/03\/vizija-1024x683.jpg 1024w, https:\/\/alex.shop\/si\/files\/2025\/03\/vizija-300x200.jpg 300w, https:\/\/alex.shop\/si\/files\/2025\/03\/vizija-768x512.jpg 768w, https:\/\/alex.shop\/si\/files\/2025\/03\/vizija-1536x1024.jpg 1536w, https:\/\/alex.shop\/si\/files\/2025\/03\/vizija-2048x1366.jpg 2048w, https:\/\/alex.shop\/si\/files\/2025\/03\/vizija-990x660.jpg 990w, https:\/\/alex.shop\/si\/files\/2025\/03\/vizija-441x294.jpg 441w, https:\/\/alex.shop\/si\/files\/2025\/03\/vizija-600x400.jpg 600w, https:\/\/alex.shop\/si\/files\/2025\/03\/vizija-150x100.jpg 150w\" sizes=\"(max-width: 1024px) 100vw, 1024px\" \/>\t\t\t\t\t\t\t\t\t\t\t\t\t\t\t<\/div>\n\t\t\t\t<\/div>\n\t\t\t\t\t<\/div>\n\t\t<\/div>\n\t\t\t\t<div class=\"elementor-column elementor-col-50 elementor-top-column elementor-element elementor-element-f84b500 elementor-invisible\" data-id=\"f84b500\" data-element_type=\"column\" data-e-type=\"column\" data-settings=\"{&quot;animation&quot;:&quot;fadeIn&quot;,&quot;animation_delay&quot;:200}\">\n\t\t\t<div class=\"elementor-widget-wrap elementor-element-populated\">\n\t\t\t\t\t\t<div class=\"elementor-element elementor-element-5fc24d8 title-right elementor-widget elementor-widget-heading\" data-id=\"5fc24d8\" data-element_type=\"widget\" data-e-type=\"widget\" data-widget_type=\"heading.default\">\n\t\t\t\t<div class=\"elementor-widget-container\">\n\t\t\t\t\t<h2 class=\"elementor-heading-title elementor-size-default\">Vid<\/h2>\t\t\t\t<\/div>\n\t\t\t\t<\/div>\n\t\t\t\t<div class=\"elementor-element elementor-element-4df9d1d elementor-widget elementor-widget-text-editor\" data-id=\"4df9d1d\" data-element_type=\"widget\" data-e-type=\"widget\" data-widget_type=\"text-editor.default\">\n\t\t\t\t<div class=\"elementor-widget-container\">\n\t\t\t\t\t\t\t\t\tVizija avtomatizacije alarmov je dose\u010di vodilno vlogo v industriji tehni\u010dne za\u0161\u010dite ju\u017ene in jugovzhodne Evrope z nenehnim sprejemanjem novih znanj in tehnologij, prodorom v zahteve potro\u0161nikov in tesnim sodelovanjem s strankami in partnerji, izgradnjo sistema odnosov, katerega primarni cilj je za\u0161\u010dititi \u017eivljenja in premo\u017eenje ter hkrati izbolj\u0161ati kakovost \u017eivljenja in poslovanja.\t\t\t\t\t\t\t\t<\/div>\n\t\t\t\t<\/div>\n\t\t\t\t\t<\/div>\n\t\t<\/div>\n\t\t\t\t\t<\/div>\n\t\t<\/section>\n\t\t\t\t<section class=\"elementor-section elementor-top-section elementor-element elementor-element-c7d364b elementor-section-boxed elementor-section-height-default elementor-section-height-default\" data-id=\"c7d364b\" data-element_type=\"section\" data-e-type=\"section\">\n\t\t\t\t\t\t<div class=\"elementor-container elementor-column-gap-wider\">\n\t\t\t\t\t<div class=\"elementor-column elementor-col-50 elementor-top-column elementor-element elementor-element-54c57c8 elementor-invisible\" data-id=\"54c57c8\" data-element_type=\"column\" data-e-type=\"column\" data-settings=\"{&quot;animation&quot;:&quot;fadeIn&quot;}\">\n\t\t\t<div class=\"elementor-widget-wrap elementor-element-populated\">\n\t\t\t\t\t\t<div class=\"elementor-element elementor-element-247ffd6 title-left elementor-widget elementor-widget-heading\" data-id=\"247ffd6\" data-element_type=\"widget\" data-e-type=\"widget\" data-widget_type=\"heading.default\">\n\t\t\t\t<div class=\"elementor-widget-container\">\n\t\t\t\t\t<h2 class=\"elementor-heading-title elementor-size-default\">Naloga<\/h2>\t\t\t\t<\/div>\n\t\t\t\t<\/div>\n\t\t\t\t<div class=\"elementor-element elementor-element-b9fdbf9 elementor-widget elementor-widget-text-editor\" data-id=\"b9fdbf9\" data-element_type=\"widget\" data-e-type=\"widget\" data-widget_type=\"text-editor.default\">\n\t\t\t\t<div class=\"elementor-widget-container\">\n\t\t\t\t\t\t\t\t\tPoslanstvo podjetja je omogo\u010diti oblikovanje odli\u010dne ponudbe vrednosti, ki vklju\u010duje kakovostne in inovativne izdelke in storitve ter celovite re\u0161itve z vidika individualnih potreb uporabnikov, da bi zmanj\u0161ali tveganje za stranke in poslovne partnerje, omogo\u010dili nemoteno delovanje in hitrej\u0161i napredek preko skupne platforme.\t\t\t\t\t\t\t\t<\/div>\n\t\t\t\t<\/div>\n\t\t\t\t\t<\/div>\n\t\t<\/div>\n\t\t\t\t<div class=\"elementor-column elementor-col-50 elementor-top-column elementor-element elementor-element-7bee95c elementor-invisible\" data-id=\"7bee95c\" data-element_type=\"column\" data-e-type=\"column\" data-settings=\"{&quot;animation&quot;:&quot;fadeIn&quot;,&quot;animation_delay&quot;:200}\">\n\t\t\t<div class=\"elementor-widget-wrap elementor-element-populated\">\n\t\t\t\t\t\t<div class=\"elementor-element elementor-element-e78a944 animated-fast elementor-invisible elementor-widget elementor-widget-image\" data-id=\"e78a944\" data-element_type=\"widget\" data-e-type=\"widget\" data-settings=\"{&quot;_animation&quot;:&quot;fadeIn&quot;}\" data-widget_type=\"image.default\">\n\t\t\t\t<div class=\"elementor-widget-container\">\n\t\t\t\t\t\t\t\t\t\t\t\t\t\t\t<img decoding=\"async\" width=\"1024\" height=\"576\" src=\"https:\/\/alex.shop\/si\/files\/2025\/03\/misija-1024x576.jpg\" class=\"attachment-large size-large wp-image-317\" alt=\"\" srcset=\"https:\/\/alex.shop\/si\/files\/2025\/03\/misija-1024x576.jpg 1024w, https:\/\/alex.shop\/si\/files\/2025\/03\/misija-300x169.jpg 300w, https:\/\/alex.shop\/si\/files\/2025\/03\/misija-768x432.jpg 768w, https:\/\/alex.shop\/si\/files\/2025\/03\/misija-1536x864.jpg 1536w, https:\/\/alex.shop\/si\/files\/2025\/03\/misija-990x557.jpg 990w, https:\/\/alex.shop\/si\/files\/2025\/03\/misija-441x248.jpg 441w, https:\/\/alex.shop\/si\/files\/2025\/03\/misija-600x338.jpg 600w, https:\/\/alex.shop\/si\/files\/2025\/03\/misija-150x84.jpg 150w, https:\/\/alex.shop\/si\/files\/2025\/03\/misija.jpg 1920w\" sizes=\"(max-width: 1024px) 100vw, 1024px\" \/>\t\t\t\t\t\t\t\t\t\t\t\t\t\t\t<\/div>\n\t\t\t\t<\/div>\n\t\t\t\t\t<\/div>\n\t\t<\/div>\n\t\t\t\t\t<\/div>\n\t\t<\/section>\n\t\t\t\t<section class=\"elementor-section elementor-top-section elementor-element elementor-element-3dda7da elementor-section-stretched elementor-section-boxed elementor-section-height-default elementor-section-height-default\" data-id=\"3dda7da\" data-element_type=\"section\" data-e-type=\"section\" data-settings=\"{&quot;stretch_section&quot;:&quot;section-stretched&quot;,&quot;background_background&quot;:&quot;classic&quot;}\">\n\t\t\t\t\t\t\t<div class=\"elementor-background-overlay\"><\/div>\n\t\t\t\t\t\t\t<div class=\"elementor-container elementor-column-gap-wide\">\n\t\t\t\t\t<div class=\"elementor-column elementor-col-100 elementor-top-column elementor-element elementor-element-800fee9\" data-id=\"800fee9\" data-element_type=\"column\" data-e-type=\"column\">\n\t\t\t<div class=\"elementor-widget-wrap elementor-element-populated\">\n\t\t\t\t\t\t<div class=\"elementor-element elementor-element-cf6662e elementor-widget elementor-widget-heading\" data-id=\"cf6662e\" data-element_type=\"widget\" data-e-type=\"widget\" data-widget_type=\"heading.default\">\n\t\t\t\t<div class=\"elementor-widget-container\">\n\t\t\t\t\t<h2 class=\"elementor-heading-title elementor-size-default\">Sposobni ljudje<\/h2>\t\t\t\t<\/div>\n\t\t\t\t<\/div>\n\t\t\t\t<div class=\"elementor-element elementor-element-82fc339 elementor-widget elementor-widget-text-editor\" data-id=\"82fc339\" data-element_type=\"widget\" data-e-type=\"widget\" data-widget_type=\"text-editor.default\">\n\t\t\t\t<div class=\"elementor-widget-container\">\n\t\t\t\t\t\t\t\t\tLjudje, ki izdelujejo avtomatiko alarmov, so klju\u010dni dejavnik dose\u017eenih rezultatov in vizije nadaljnjega razvoja. Polo\u017eaj regionalnega vodilnega na trgu gradimo z nenehnim vlaganjem v tehni\u010dne, ekonomske, organizacijske, in\u017eenirske, IT in vodstvene kompetence zaposlenih.\n\n\t\t\t\t\t\t\t\t<\/div>\n\t\t\t\t<\/div>\n\t\t\t\t\t<\/div>\n\t\t<\/div>\n\t\t\t\t\t<\/div>\n\t\t<\/section>\n\t\t\t\t<section class=\"elementor-section elementor-top-section elementor-element elementor-element-3873358 elementor-section-boxed elementor-section-height-default elementor-section-height-default\" data-id=\"3873358\" data-element_type=\"section\" data-e-type=\"section\">\n\t\t\t\t\t\t<div class=\"elementor-container elementor-column-gap-default\">\n\t\t\t\t\t<div class=\"elementor-column elementor-col-100 elementor-top-column elementor-element elementor-element-c7a3bf0\" data-id=\"c7a3bf0\" data-element_type=\"column\" data-e-type=\"column\">\n\t\t\t<div class=\"elementor-widget-wrap elementor-element-populated\">\n\t\t\t\t\t\t<div class=\"elementor-element elementor-element-203a07b elementor-widget elementor-widget-video\" data-id=\"203a07b\" data-element_type=\"widget\" data-e-type=\"widget\" data-settings=\"{&quot;youtube_url&quot;:&quot;https:\\\/\\\/www.youtube.com\\\/watch?v=tZQbebRFgqQ&quot;,&quot;video_type&quot;:&quot;youtube&quot;,&quot;controls&quot;:&quot;yes&quot;}\" data-widget_type=\"video.default\">\n\t\t\t\t<div class=\"elementor-widget-container\">\n\t\t\t\t\t\t\t<div class=\"elementor-wrapper elementor-open-inline\">\n\t\t\t<div class=\"elementor-video\"><\/div>\t\t<\/div>\n\t\t\t\t\t\t<\/div>\n\t\t\t\t<\/div>\n\t\t\t\t\t<\/div>\n\t\t<\/div>\n\t\t\t\t\t<\/div>\n\t\t<\/section>\n\t\t\t\t<\/div>\n\t\t","protected":false},"excerpt":{"rendered":"<p>O nas Regionalni vodja v industriji tehni\u010dne za\u0161\u010dite Alarm automatika d.o.o. Najino potovanje se za\u010dne leta 1989. Za\u010deli smo kot monterji tehni\u010dne za\u0161\u010dite leta 1989, zaradi nerazpolo\u017eljivosti ustreznih naprav pa smo se osredoto\u010dili na uvoz. Do leta 2000 smo se razvili v najve\u010djega distributerja naprav za tehni\u010dno za\u0161\u010dito na Hrva\u0161kem, kasneje v dr\u017eavah regije, z [&hellip;]<\/p>\n","protected":false},"author":1,"featured_media":0,"parent":0,"menu_order":0,"comment_status":"closed","ping_status":"closed","template":"template-fullwidth-no-heading.php","meta":{"order-bump-settings":[],"_wpfnl_thankyou_order_overview":"on","_wpfnl_thankyou_order_details":"on","_wpfnl_thankyou_billing_details":"on","_wpfnl_thankyou_shipping_details":"on","footnotes":""},"class_list":["post-1311","page","type-page","status-publish","hentry"],"_links":{"self":[{"href":"https:\/\/alex.shop\/si\/wp-json\/wp\/v2\/pages\/1311","targetHints":{"allow":["GET"]}}],"collection":[{"href":"https:\/\/alex.shop\/si\/wp-json\/wp\/v2\/pages"}],"about":[{"href":"https:\/\/alex.shop\/si\/wp-json\/wp\/v2\/types\/page"}],"author":[{"embeddable":true,"href":"https:\/\/alex.shop\/si\/wp-json\/wp\/v2\/users\/1"}],"replies":[{"embeddable":true,"href":"https:\/\/alex.shop\/si\/wp-json\/wp\/v2\/comments?post=1311"}],"version-history":[{"count":4,"href":"https:\/\/alex.shop\/si\/wp-json\/wp\/v2\/pages\/1311\/revisions"}],"predecessor-version":[{"id":1316,"href":"https:\/\/alex.shop\/si\/wp-json\/wp\/v2\/pages\/1311\/revisions\/1316"}],"wp:attachment":[{"href":"https:\/\/alex.shop\/si\/wp-json\/wp\/v2\/media?parent=1311"}],"curies":[{"name":"wp","href":"https:\/\/api.w.org\/{rel}","templated":true}]}}