{"id":391,"date":"2025-03-26T12:52:33","date_gmt":"2025-03-26T11:52:33","guid":{"rendered":"http:\/\/webmaster"},"modified":"2025-04-29T09:43:21","modified_gmt":"2025-04-29T07:43:21","slug":"pravilnik-o-zasebnosti","status":"publish","type":"page","link":"https:\/\/alex.shop\/si\/pravilnik-o-zasebnosti\/","title":{"rendered":"Pravilnik o zasebnosti"},"content":{"rendered":"<p>Ta politika zasebnosti pojasnjuje, kako Alarm automatika d.o.o. (v nadaljevanju: Alex shop) obdeluje va\u0161e osebne podatke. Alex shop je usmerjen v varstvo va\u0161ih osebnih podatkov in njihovo obdelavo v skladu s Splo\u0161no uredbo o varstvu podatkov in Zakonom o izvajanju Splo\u0161ne uredbe o varstvu podatkov.<\/p>\n<p>Prosimo, da natan\u010dno preberete ta pravilnik, da boste razumeli, zakaj in kako zbiramo va\u0161e osebne podatke in kako jih bomo uporabljali.<\/p>\n<p>Alarm automatika d.o.o., Dra\u017eice 123\/c, 51 000 Rijeka, OIB: 30532290707 je upravljavec va\u0161ih osebnih podatkov.<\/p>\n<p>Imamo GDPR ekipo za varstvo osebnih podatkov, s katero se lahko obrnete preko elektronske po\u0161te:\u00a0<a href=\"mailto:gdpr@alarmautomatika.com\">gdpr@alarmautomatika.com<\/a>\u00a0ali na naslov Dra\u017eice 123\/c, 51 000 Rijeka; z opombo &#8220;ZA EKIPO GDPR ZA VARSTVO OSEBNIH PODATKOV&#8221;.<\/p>\n<h2 id=\"_1\" class=\"subtitle-background\">1. Nameni, za katere obdelujemo osebne podatke<\/h2>\n<p>Va\u0161e osebne podatke obdelujemo, ker zakonski predpisi zahtevajo, da izvajamo dolo\u010dena dejanja, tj. ker je obdelava potrebna za izvajanje pogodbe ali za izvajanje ukrepov pred sklenitvijo pogodbe ali na podlagi na\u0161ih zakonitih interesov, razen kadar nad temi interesi prevladajo interesi ali temeljne pravice in svobo\u0161\u010dine posameznikov, ki potrebujejo varstvo osebnih podatkov.<\/p>\n<p>\u010ce osebnih podatkov ne moremo obdelovati na podlagi zgoraj navedenih pravnih podlag, vas bomo prosili za soglasje. \u010ce obdelava temelji na va\u0161i privolitvi, imate pravico, da kadar koli prekli\u010dete svoje soglasje. O preklicu privolitve je potrebno upravljavca obvestiti po elektronski po\u0161ti:\u00a0<a href=\"mailto:gdpr@alarmautomatika.com\">gdpr@alarmautomatika.com<\/a>\u00a0ali na naslov Dra\u017eice 123\/c, 51 000 Reka; z opombo &#8220;ZA EKIPO GDPR ZA VARSTVO OSEBNIH PODATKOV&#8221;. Tak\u0161en preklic ne bo vplival na zakonitost obdelave na podlagi privolitve pred njenim preklicem.<\/p>\n<p>Va\u0161e osebne podatke obdelujemo, kadar je to potrebno za sklenitev in izpolnitev pravic in obveznosti, ki izhajajo iz prodajne pogodbe, za namene tr\u017eenja, za izbolj\u0161anje na\u0161ega poslovanja in va\u0161e uporabni\u0161ke izku\u0161nje (npr. ko kupite ali naro\u010dite izdelke in\/ali storitve pri nas, ko nas kontaktirate po telefonu ali e-po\u0161ti itd.).<\/p>\n<p>Na splo\u0161no zbiramo osebne podatke neposredno od vas, ko naro\u010dite dolo\u010dene izdelke ali storitve ali izpolnite dolo\u010den obrazec.<\/p>\n<h2 id=\"_2\" class=\"subtitle-background\">2. Vrste osebnih podatkov<\/h2>\n<p>Pri sklenitvi prodajne pogodbe potrebujemo podatke, kot so ime, priimek in naslov, da lahko izpolnimo svojo pogodbeno obveznost dostave izdelkov in storitev.<\/p>\n<p>V\u010dasih vas prosimo tudi za dodatne osebne podatke, kot so: kontakt, naslov za dostavo, finan\u010dni podatki, vklju\u010dno s podatki o krediti, debetni kartici ali drugimi podatki o pla\u010dilu, ki jih navedete pri izpolnjevanju obrazcev na na\u0161i spletni strani ali pri komunikaciji z nami po telefonu ali e-po\u0161ti, in dodatne informacije, za katere se odlo\u010dite, da jih prostovoljno delite z nami.<\/p>\n<h2 id=\"_3\" class=\"subtitle-background\">3. Va\u0161e pravice<\/h2>\n<p>Va\u0161e pravice so naslednje:<\/p>\n<p>Pravica do dostopa: imate pravico, da od nas pridobite potrditev, ali se va\u0161i osebni podatki obdelujejo in, \u010de se tak\u0161ni osebni podatki obdelujejo, dostop do osebnih podatkov. Informacije o dostopu med drugim vklju\u010dujejo namene obdelave, kategorije zadevnih osebnih podatkov, prejemnike ali kategorije uporabnikov, ki so jim bili ali jim bodo razkriti osebni podatki. Vendar to ni brezpogojna pravica in interesi drugih posameznikov lahko omejijo va\u0161o pravico do dostopa.<\/p>\n<p>Pravico imate pridobiti kopijo osebnih podatkov, ki se obdelujejo. Za nadaljnje kopije, ki jih zahtevate, lahko zara\u010dunamo razumno pristojbino na podlagi administrativnih stro\u0161kov.<\/p>\n<p>Pravica do popravka: Imate pravico, da od nas zahtevate popravek va\u0161ih neto\u010dnih osebnih podatkov. Ob upo\u0161tevanju namenov obdelave imate pravico do dopolnitve nepopolnih osebnih podatkov, vklju\u010dno s predlo\u017eitvijo dopolnilne izjave.<\/p>\n<p>Pravica do izbrisa (&#8220;pravica do pozabe&#8221;): Pod dolo\u010denimi pogoji imate pravico, da od nas zahtevate izbris va\u0161ih osebnih podatkov, mi pa smo dol\u017eni tak\u0161ne osebne podatke izbrisati.<\/p>\n<p>Pravica do omejitve obdelave: Pod dolo\u010denimi pogoji imate pravico, da od nas zahtevate omejitev obdelave va\u0161ih osebnih podatkov. V tem primeru bodo ustrezni podatki ozna\u010deni in se lahko obdelujejo le za dolo\u010dene namene.<\/p>\n<p>Pravica do ugovora: Pod dolo\u010denimi pogoji imate pravico, da kadar koli ugovarjate obdelavi va\u0161ih osebnih podatkov iz razlogov, povezanih z va\u0161im posebnim polo\u017eajem ali kadar se osebni podatki obdelujejo za namene neposrednega tr\u017eenja, in lahko zahtevate, da va\u0161ih osebnih podatkov ne obdelujemo ve\u010d.<\/p>\n<p>Pravica do prenosljivosti podatkov: Pod dolo\u010denimi pogoji imate pravico, da prejmete osebne podatke, ki se nana\u0161ajo na vas in ste nam jih posredovali, v strukturirani, splo\u0161no uporabni in strojno berljivi obliki, in imate pravico, da te podatke brez na\u0161ega poseganja posredujete drugemu upravljavcu.<\/p>\n<p>\u010ce \u017eelite izvedeti ve\u010d ali \u017eelite uveljavljati eno ali ve\u010d zgoraj navedenih pravic, se obrnite na upravljavca podatkov po elektronski po\u0161ti:\u00a0<a href=\"mailto:gdpr@alarmautomatika.com\">gdpr@alarmautomatika.com<\/a>\u00a0ali na naslov Dra\u017eice 123\/c, 51 000 Reka; z opombo &#8220;ZA EKIPO GDPR ZA VARSTVO OSEBNIH PODATKOV&#8221;.<\/p>\n<p>\u010ce niste zadovoljni z na\u010dinom obdelave va\u0161ih osebnih podatkov, se lahko obrnete na Agencijo za varstvo osebnih podatkov.<\/p>\n<h2 id=\"_4\" class=\"subtitle-background\">4. Hramba osebnih podatkov<\/h2>\n<p>Osebne podatke, ki jih zbiramo o vas, hranimo v varnem okolju. Va\u0161i osebni podatki so za\u0161\u010diteni pred nepoobla\u0161\u010denim dostopom, razkritjem, uporabo, spreminjanjem ali uni\u010denjem s strani katere koli organizacije ali posameznika.<\/p>\n<p>Zbrani podatki bodo shranjeni le toliko \u010dasa, kolikor je potrebno za zgoraj navedene namene.<\/p>\n<p>Va\u0161i osebni podatki ne bodo shranjeni v obliki, ki omogo\u010da va\u0161o identifikacijo dlje, kot upravljavec razumno meni, da je potrebno za dosego namena, za katerega so bili zbrani ali obdelani. Upravljavec bo dolo\u010dene osebne podatke hranil za obdobje, predpisano z zakonom ali predpisom, ki upravljavca zavezuje k hrambi podatkov.<\/p>\n<p>\u010ce ste nam dali svoje soglasje, bomo va\u0161e osebne podatke obdelovali do preklica soglasja.<\/p>\n<p>V primeru, da izjavite, da utemeljeno ugovarjate obdelavi osebnih podatkov na podlagi zakonitega interesa, va\u0161ih osebnih podatkov v prihodnje ne bomo obdelovali.<\/p>\n<p>Poleg tega, \u010de so bili spro\u017eeni sodni, upravni ali izvensodni postopki, se lahko osebni podatki hranijo do konca takega postopka, vklju\u010dno z morebitnim obdobjem za vlo\u017eitev pravnih sredstev. Upravljavec bo dolo\u010dene osebne podatke hranil za obdobje, predpisano z zakonom ali predpisom, ki upravljavca zavezuje k hrambi podatkov.<\/p>\n<h2 id=\"_5\" class=\"subtitle-background\">5. Prejemniki osebnih podatkov<\/h2>\n<p>Pomembno je omeniti, da lahko va\u0161e osebne podatke posredujemo na\u0161im zaupanja vrednim partnerjem, ki opravljajo storitve v imenu in za ra\u010dun upravljavca. Na primer za dostavo naro\u010denih izdelkov ali za po\u0161iljanje e-po\u0161tnih sporo\u010dil in glasil. Ti ponudniki storitev so v skladu z ustreznimi pogodbami dol\u017eni zaupane podatke uporabljati samo v skladu z na\u0161imi smernicami in izklju\u010dno za namen, ki ga natan\u010dno dolo\u010dimo. Prav tako jih zavezujemo, da ustrezno varujejo va\u0161e podatke in jih obravnavajo kot poslovno skrivnost.<\/p>\n<p>V nekaterih primerih lahko partnerji, ki opravljajo storitve v imenu ali v imenu upravljavca, obdelujejo va\u0161e podatke zunaj Evropske unije. Vendar pa pogodbe, ki jih sklenemo s tak\u0161nimi subjekti, te zavezujejo, da z va\u0161imi podatki ravnajo s posebnimi varnostnimi ukrepi v skladu s predpisi, ki veljajo v Evropski uniji.<\/p>\n<h2 id=\"_6\" class=\"subtitle-background\">6. Pi\u0161kotki<\/h2>\n<p>Obdr\u017eali in ovrednotili bomo podatke o va\u0161em nedavnem obisku na\u0161ega spletnega mesta in o tem, kako ste uporabljali razli\u010dne dele na\u0161ega spletnega mesta za namene analize, tj. da bi razumeli, kako uporabniki uporabljajo na\u0161e spletne strani.<\/p>\n<p>Za vzdr\u017eevanje spletnega mesta in zagotavljanje, da je njegova funkcionalnost na pri\u010dakovani ravni, upravljavec uporablja tehnologijo, znano kot &#8220;pi\u0161kotki&#8221;. Pi\u0161kotki so majhne datoteke, ki jih po\u0161ljemo na va\u0161 ra\u010dunalnik in do katerih lahko dostopamo kasneje. Lahko so za\u010dasni ali trajni. Zahvaljujo\u010d pi\u0161kotkom lahko preprosto brskate po na\u0161ih straneh in prika\u017eete rezultate, ki so za vas pomembni. Pi\u0161kotki nam poka\u017eejo, kaj vas in druge obiskovalce na\u0161e spletne strani zanima, kar nam pomaga, da jo izbolj\u0161amo.<\/p>\n<p>Za\u010dasne pi\u0161kotke na primer uporabljamo, da vam omogo\u010dimo uporabo funkcije nakupovalne ko\u0161arice. Drugi pi\u0161kotki ostanejo shranjeni na va\u0161em ra\u010dunalniku ob koncu seje brskalnika. To so tako imenovani trajni pi\u0161kotki. Trajni pi\u0161kotki omogo\u010dajo, da se va\u0161 brskalnik ob naslednjem obisku samodejno prepozna, tako da vam ni treba ponavljati nastavitev in nastavitev.<\/p>\n<p>Pi\u0161kotki nam omogo\u010dajo, da optimalno prilagodimo na\u0161o ponudbo uporabnikom in jo naredimo u\u010dinkovitej\u0161o in varnej\u0161o.<\/p>\n<p>V trenutku, ko dostopate do na\u0161e spletne strani, pi\u0161kotki zbirajo podatke, kot so datum in \u010das dostopa, ime klicane strani, ID seje, koli\u010dina prenesenih podatkov, informacije o imenu in razli\u010dici brskalnika.<\/p>\n<p>Namestitev pi\u0161kotkov lahko blokirate tako, da v svojem brskalniku izberete ustrezno nastavitev. Upo\u0161tevajte, da v tem primeru ne boste mogli v celoti uporabljati vseh funkcij te spletne strani.<\/p>\n<p>Ve\u010d o uporabi pi\u0161kotkov in o tem, kako urediti njihove nastavitve, preberite v na\u0161i\u00a0<a href=\"https:\/\/alex.shop\/pravilnik-o-koristenju-kolacica\/\">Politiki pi\u0161kotkov<\/a>.<\/p>\n<h2 id=\"_7\" class=\"subtitle-background\">7. Druge spletne strani<\/h2>\n<p>Ta pravilnik o zasebnosti velja samo za uporabo in uporabo podatkov, ki jih upravljavec zbira od svojih uporabnikov (posameznikov, na katere se nana\u0161ajo osebni podatki). Druga spletna mesta, do katerih je mogo\u010de dostopati prek tega spletnega mesta, imajo svoje izjave o zaupnosti in zbiranju podatkov ter na\u010dine njihove uporabe in objave.<\/p>\n<p>Upravljavec ne odgovarja za metode in pogoje dela tretjih oseb.<\/p>\n<p>Upravljavec uporablja poslovni profil z uporabo storitev Facebooka, Instagrama in YouTuba, o njegovi politiki zasebnosti, tj. izjavah o zaupnosti, in o tem, kako uporabljajo va\u0161e osebne podatke, pa lahko izveste na:<\/p>\n<table>\n<tbody>\n<tr>\n<td><strong>FACEBOOK NA SPLETU<\/strong><\/td>\n<td><a href=\"https:\/\/www.facebook.com\/policy.php\" target=\"_blank\" rel=\"noopener\">https:\/\/www.facebook.com\/policy.php<\/a><\/td>\n<\/tr>\n<tr>\n<td><strong>INSTAGRAM NA SPLETU<\/strong><\/td>\n<td><a class=\"broken_link\" href=\"https:\/\/help.instagram.com\/519522125107875\" target=\"_blank\" rel=\"noopener\">https:\/\/help.instagram.com\/519522125107875<\/a><\/td>\n<\/tr>\n<tr>\n<td><strong>YOUTUBE NA SPLETU<\/strong><\/td>\n<td><a href=\"https:\/\/policies.google.com\/privacy?hl=hr\" target=\"_blank\" rel=\"noopener\">https:\/\/policies.google.com\/privacy?hl=hr<\/a><\/td>\n<\/tr>\n<\/tbody>\n<\/table>\n<p>\u010ce imate kakr\u0161na koli vpra\u0161anja v zvezi z zbiranjem in obdelavo podatkov s strani Facebooka ali \u017eelite uveljavljati katero od svojih pravic, ki jih zagotavlja Splo\u0161na uredba o varstvu podatkov, se obrnite na:<\/p>\n<table>\n<tbody>\n<tr>\n<td colspan=\"2\"><strong>ZA FACEBOOK:<\/strong><br \/>\n<strong>FACEBOOK IRELAND Ltd., 4 Grand Canal Square, Grand Canal Harbour, Dublin 2, Irska<\/strong><\/td>\n<\/tr>\n<tr>\n<td>Obrnite se na skupino za varstvo podatkov GDPR:<\/td>\n<td>https:\/\/hr-hr.facebook.com\/policy.php\u00a0<a class=\"broken_link\" href=\"https:\/\/www.facebook.com\/help\/contact\/540977946302970\" target=\"_blank\" rel=\"noopener\">https:\/\/www.facebook.com\/help\/contact\/540977946302970<\/a><\/td>\n<\/tr>\n<tr>\n<td colspan=\"2\">\u010ce niste zadovoljni z na\u010dinom zbiranja in obdelave va\u0161ih osebnih podatkov, se lahko obrnete na vodilni nadzorni organ Facebooka, irskega poobla\u0161\u010denca za varstvo podatkov ali Agencijo Republike Hrva\u0161ke za varstvo osebnih podatkov.<\/td>\n<\/tr>\n<\/tbody>\n<\/table>\n<table>\n<tbody>\n<tr>\n<td colspan=\"2\"><strong>ZA INSTAGRAM:<\/strong><br \/>\n<strong>FACEBOOK IRELAND Ltd., 4 Grand Canal Square, pristani\u0161\u010de Grand Canal, Dublin 2, Irska<\/strong><\/td>\n<\/tr>\n<tr>\n<td>Obrnite se na skupino za varstvo podatkov GDPR:<\/td>\n<td>https:\/\/hr-hr.facebook.com\/policy.php\u00a0<a class=\"broken_link\" href=\"https:\/\/www.facebook.com\/help\/contact\/540977946302970\" target=\"_blank\" rel=\"noopener\">https:\/\/www.facebook.com\/help\/contact\/540977946302970<\/a><\/td>\n<\/tr>\n<tr>\n<td colspan=\"2\">\u010ce niste zadovoljni z na\u010dinom zbiranja in obdelave va\u0161ih osebnih podatkov, se lahko obrnete na vodilni nadzorni organ Facebooka, irskega poobla\u0161\u010denca za varstvo podatkov ali Agencijo Republike Hrva\u0161ke za varstvo osebnih podatkov.<\/td>\n<\/tr>\n<\/tbody>\n<\/table>\n<table>\n<tbody>\n<tr>\n<td colspan=\"2\"><strong>ZA YOUTUBE:<\/strong><br \/>\n<strong>Google Ireland, Ltd., Gordon House Barrow St, Dublin 4, Irska<\/strong><\/td>\n<\/tr>\n<tr>\n<td>Obrnite se na skupino za varstvo podatkov GDPR:<\/td>\n<td><a href=\"https:\/\/support.google.com\/policies\/contact\/general_privacy_form\" target=\"_blank\" rel=\"noopener\">https:\/\/support.google.com\/policies\/contact\/general_privacy_form<\/a><\/td>\n<\/tr>\n<tr>\n<td colspan=\"2\">\u010ce niste zadovoljni z na\u010dinom zbiranja in obdelave va\u0161ih osebnih podatkov, se lahko obrnete na vodilni Googlov nadzorni organ, irskega poobla\u0161\u010denca za varstvo podatkov ali Agencijo Republike Hrva\u0161ke za varstvo osebnih podatkov.<\/td>\n<\/tr>\n<\/tbody>\n<\/table>\n<p>Poleg tega lahko prek spletnega mesta\u00a0<a href=\"http:\/\/www.alex.shop\/\">www.alex.shop<\/a>\u00a0dostopate tudi do naslednjih spletnih mest:<\/p>\n<table>\n<tbody>\n<tr>\n<td><strong>SISTEMI AJAX https:\/\/ajax.systems\/<\/strong><\/td>\n<td><a href=\"https:\/\/ajax.systems\/privacy-policy\/\" target=\"_blank\" rel=\"noopener\">https:\/\/ajax.systems\/privacy-policy\/<\/a><\/td>\n<\/tr>\n<tr>\n<td><strong>ALARM AUTOMATIKA<\/strong><br \/>\n<a href=\"https:\/\/www.alarmautomatika.com\/\" target=\"_blank\" rel=\"noopener\">https:\/\/www.alarmautomatika.com<\/a><\/td>\n<td><a href=\"https:\/\/www.alarmautomatika.com\/pravila-privatnosti\/\" target=\"_blank\" rel=\"noopener\">https:\/\/www.alarmautomatika.com\/pravila-privatnosti\/<\/a><\/td>\n<\/tr>\n<\/tbody>\n<\/table>\n<p>S klikom na povezave si lahko preberete ve\u010d o tem, kako te spletne strani obdelujejo va\u0161e podatke in za katere namene jih uporabljajo ter kako lahko stopite v stik z njimi glede varstva osebnih podatkov.<\/p>\n<h2 id=\"_8\" class=\"subtitle-background\">8. Kon\u010dne dolo\u010dbe<\/h2>\n<p>Upravljavec si pridr\u017euje pravico do spremembe Politike zasebnosti in bo objavljena na spletni strani.<\/p>\n","protected":false},"excerpt":{"rendered":"<p>Ta politika zasebnosti pojasnjuje, kako Alarm automatika d.o.o. (v nadaljevanju: Alex shop) obdeluje va\u0161e osebne podatke. Alex shop je usmerjen v varstvo va\u0161ih osebnih podatkov in njihovo obdelavo v skladu s Splo\u0161no uredbo o varstvu podatkov in Zakonom o izvajanju Splo\u0161ne uredbe o varstvu podatkov. Prosimo, da natan\u010dno preberete ta pravilnik, da boste razumeli, zakaj [&hellip;]<\/p>\n","protected":false},"author":1,"featured_media":0,"parent":0,"menu_order":0,"comment_status":"closed","ping_status":"closed","template":"template-fullwidth.php","meta":{"order-bump-settings":[],"_wpfnl_thankyou_order_overview":"on","_wpfnl_thankyou_order_details":"on","_wpfnl_thankyou_billing_details":"on","_wpfnl_thankyou_shipping_details":"on","footnotes":""},"class_list":["post-391","page","type-page","status-publish","hentry"],"_links":{"self":[{"href":"https:\/\/alex.shop\/si\/wp-json\/wp\/v2\/pages\/391","targetHints":{"allow":["GET"]}}],"collection":[{"href":"https:\/\/alex.shop\/si\/wp-json\/wp\/v2\/pages"}],"about":[{"href":"https:\/\/alex.shop\/si\/wp-json\/wp\/v2\/types\/page"}],"author":[{"embeddable":true,"href":"https:\/\/alex.shop\/si\/wp-json\/wp\/v2\/users\/1"}],"replies":[{"embeddable":true,"href":"https:\/\/alex.shop\/si\/wp-json\/wp\/v2\/comments?post=391"}],"version-history":[{"count":2,"href":"https:\/\/alex.shop\/si\/wp-json\/wp\/v2\/pages\/391\/revisions"}],"predecessor-version":[{"id":1331,"href":"https:\/\/alex.shop\/si\/wp-json\/wp\/v2\/pages\/391\/revisions\/1331"}],"wp:attachment":[{"href":"https:\/\/alex.shop\/si\/wp-json\/wp\/v2\/media?parent=391"}],"curies":[{"name":"wp","href":"https:\/\/api.w.org\/{rel}","templated":true}]}}