{"id":1001,"date":"2025-04-08T14:05:46","date_gmt":"2025-04-08T12:05:46","guid":{"rendered":"https:\/\/alex.shop\/si\/?post_type=product&#038;p=1001"},"modified":"2026-04-02T15:13:14","modified_gmt":"2026-04-02T13:13:14","slug":"smart-wifi-modul","status":"publish","type":"product","link":"https:\/\/alex.shop\/si\/smart-wifi-modul\/","title":{"rendered":"Smart WiFi modul"},"content":{"rendered":"<h2>Pametni WiFi relej &#8211; 230V 10A<\/h2>\n<p>Pametno sobno WiFi modul, ki ga namestite na \u017eeleno mesto in s pomo\u010djo aplikacije Alex Home upravljate z njim povezano napravo. Ustvarite \u010dasovnike in urnike za vklop\/izklop ter pametne scene.<\/p>\n<p>&nbsp;<\/p>\n<h4>Na\u010din delovanja in lastnosti<\/h4>\n<p>Pametno modul, ki se pove\u017ee z va\u0161im WiFi omre\u017ejem in ga upravljate z aplikacijo Alex Home. Ima 230V vhod in 230V izhod z najve\u010djo mo\u010djo 2300W. Neomejene mo\u017enosti za ustvarjanje avtomatiziranih dogodkov in prizorov. Prebudite svojo skrito ustvarjalnost. Zmogljivost naprave &#8220;naredi sam&#8221; vam omogo\u010da nadgradnjo standardnih naprav v pametne ali preprosto povezavo s te\u017eko dosegljivimi napravami za njihovo upravljanje. Zaradi enostavne uporabe, velikih mo\u017enosti in kompaktnosti je naprava nenadomestljiv dodatek v va\u0161em domu. S pomo\u010djo aplikacije je mo\u017eno na\u010drtovati zagon dolo\u010dene naprave ob dolo\u010deni uri. Prav tako ga lahko delite z drugimi dru\u017einskimi \u010dlani, da bodo lahko tudi oni u\u017eivali v preprostem in priro\u010dnem upravljanju. Za delovanje te naprave sta potrebni faza in ni\u010d.<\/p>\n<p><img fetchpriority=\"high\" decoding=\"async\" class=\"aligncenter size-full wp-image-27588\" src=\"https:\/\/alex.shop\/wp-content\/uploads\/2024\/09\/smart-relay.webp\" alt=\"\" width=\"1000\" height=\"1000\" \/><\/p>\n<h4>\u010casovne mo\u017enosti<\/h4>\n<p>S pomo\u010djo \u010dasovnih mo\u017enosti, kjer lahko nastavite, da se naprava vklopi ali izklopi ob dolo\u010deni uri dneva, so na voljo mo\u017enosti, kot sta od\u0161tevanje do izklopa in naklju\u010dni vklop. S pomo\u010djo naklju\u010dnega vklopa in izklopa lahko nastavite \u017eeleni \u010das osvetlitve (npr. ob 19. uri in izklop ob 8. uri). Tako se bo lu\u010d pri\u017egala ob naklju\u010dnem \u010dasu, delovala naklju\u010dno \u0161tevilo ur in minut ter se ponovno ugasnila ob \u017eelenem obdobju dneva.<\/p>\n<p>To je idealna mo\u017enost, \u010de vas ni doma, pri\u017egejo se lu\u010di, vlomilci bodo imeli vtis, da je nekdo v domu. To je veliko bolj\u0161a re\u0161itev, kot \u010de se lu\u010di podnevi vedno pri\u017egejo ob 22. uri in vedno ugasnejo ob 7. uri zjutraj.<\/p>\n<p>&nbsp;<\/p>\n<p><img decoding=\"async\" class=\"aligncenter size-full wp-image-27594\" src=\"https:\/\/alex.shop\/wp-content\/uploads\/2024\/09\/smart-relay-2.webp\" alt=\"\" width=\"1000\" height=\"1000\" \/><\/p>\n<h4>Skupna raba naprav in skupinsko upravljanje z ve\u010d osebami<\/h4>\n<p>Pametna stikala lahko delite z ve\u010d osebami. Tako lahko vsa va\u0161a dru\u017eina z aplikacijo Alex Home upravlja, pri\u017ege lu\u010d, napravo prek mobilnega telefona ali jo ugasne, \u010de je od\u0161la od doma in pozabila ugasniti lu\u010d. Poleg tega lahko prek aplikacije Alex Home zdru\u017eite ve\u010d naprav (pametna stikala), tako da lahko z enim dotikom vklopite ve\u010d naprav. Ustvarite lahko tudi prizore, tako da se dolo\u010dena naprava vklopi, \u010de zunanja temperatura pade pod 16C ali da se vse lu\u010di v va\u0161i hi\u0161i pri\u017egejo, ko sonce zaide.<\/p>\n<p>&nbsp;<\/p>\n<h4>Instalacija i postavljanje<\/h4>\n<p>Nastavitev pametnega releja je preprosta: napravo priklju\u010dite na napajanje in z nekaj kliki v mobilni aplikaciji je naprava pripravljena za uporabo. Dovolj je, da dr\u017eite gumb in sledite navodilom v aplikaciji. Podpira naprave do 2000 W, kar je ve\u010d kot dovolj za tipi\u010dne gospodinjske naprave, kot so lu\u010di, \u0161tedilniki, klimatske naprave, grelniki itd.<\/p>\n<p>&nbsp;<\/p>\n<p><img decoding=\"async\" class=\"aligncenter size-full wp-image-27600\" src=\"https:\/\/alex.shop\/wp-content\/uploads\/2024\/09\/smart-relay3.webp\" alt=\"\" width=\"1000\" height=\"1000\" \/><\/p>\n<h4>Dimenzije naprave<\/h4>\n<p>Naprava ima izjemno majhne dimenzije le 88x39x23mm. Z lahkoto ga postavite kamor koli, skritega za omarice ali pod elemente.<\/p>\n<p><img loading=\"lazy\" decoding=\"async\" class=\"alignnone wp-image-10732\" src=\"https:\/\/alex.shop\/wp-content\/uploads\/2023\/02\/dimenzije-switch-2.webp\" alt=\"\" width=\"431\" height=\"277\" \/><\/p>\n<p>&nbsp;<\/p>\n\n","protected":false},"excerpt":{"rendered":"<p>Pametni WiFi modul, ki je name\u0161\u010den med virom napajanja in napravo, ki jo \u017eelite enostavno upravljati. Zahvaljujo\u010d tej re\u0161itvi lahko s pomo\u010djo aplikacije Alex Home za\u017eenete katero koli opremo v va\u0161em domu.<\/p>\n","protected":false},"featured_media":1276,"template":"","meta":{"order-bump-settings":[],"_wpfnl_thankyou_order_overview":"on","_wpfnl_thankyou_order_details":"on","_wpfnl_thankyou_billing_details":"on","_wpfnl_thankyou_shipping_details":"on"},"product_brand":[142],"product_cat":[108,54,116],"product_tag":[81,99],"class_list":{"0":"post-1001","1":"product","2":"type-product","3":"status-publish","4":"has-post-thumbnail","6":"product_brand-alex","7":"product_cat-pametni-dom","8":"product_cat-smart-home","9":"product_cat-stikala-in-releji","10":"product_tag-alex","11":"product_tag-tuya","13":"first","14":"instock","15":"sale","16":"taxable","17":"shipping-taxable","18":"purchasable","19":"product-type-simple"},"bundled_by":[],"bundle_stock_status":"instock","bundle_stock_quantity":9,"bundle_virtual":false,"bundle_layout":"","bundle_add_to_cart_form_location":"","bundle_editable_in_cart":false,"bundle_sold_individually_context":"","bundle_item_grouping":"","bundle_min_size":"","bundle_max_size":"","bundle_price":[],"bundled_items":[],"bundle_sell_ids":[],"_links":{"self":[{"href":"https:\/\/alex.shop\/si\/wp-json\/wp\/v2\/product\/1001","targetHints":{"allow":["GET"]}}],"collection":[{"href":"https:\/\/alex.shop\/si\/wp-json\/wp\/v2\/product"}],"about":[{"href":"https:\/\/alex.shop\/si\/wp-json\/wp\/v2\/types\/product"}],"version-history":[{"count":2,"href":"https:\/\/alex.shop\/si\/wp-json\/wp\/v2\/product\/1001\/revisions"}],"predecessor-version":[{"id":1726,"href":"https:\/\/alex.shop\/si\/wp-json\/wp\/v2\/product\/1001\/revisions\/1726"}],"wp:featuredmedia":[{"embeddable":true,"href":"https:\/\/alex.shop\/si\/wp-json\/wp\/v2\/media\/1276"}],"wp:attachment":[{"href":"https:\/\/alex.shop\/si\/wp-json\/wp\/v2\/media?parent=1001"}],"wp:term":[{"taxonomy":"product_brand","embeddable":true,"href":"https:\/\/alex.shop\/si\/wp-json\/wp\/v2\/product_brand?post=1001"},{"taxonomy":"product_cat","embeddable":true,"href":"https:\/\/alex.shop\/si\/wp-json\/wp\/v2\/product_cat?post=1001"},{"taxonomy":"product_tag","embeddable":true,"href":"https:\/\/alex.shop\/si\/wp-json\/wp\/v2\/product_tag?post=1001"}],"curies":[{"name":"wp","href":"https:\/\/api.w.org\/{rel}","templated":true}]}}