{"id":1020,"date":"2025-04-08T14:05:59","date_gmt":"2025-04-08T12:05:59","guid":{"rendered":"https:\/\/alex.shop\/si\/?post_type=product&#038;p=1020"},"modified":"2026-04-17T14:37:15","modified_gmt":"2026-04-17T12:37:15","slug":"reolink-argus-3-pro-zunanja-brezzicna-5mp-wifi-kamera-z-reflektorjem","status":"publish","type":"product","link":"https:\/\/alex.shop\/si\/reolink-argus-3-pro-zunanja-brezzicna-5mp-wifi-kamera-z-reflektorjem\/","title":{"rendered":"Reolink B330 (Argus 3 Pro) &#8211; brez\u017ei\u010dna kamera + solarni panel"},"content":{"rendered":"<p><img fetchpriority=\"high\" decoding=\"async\" class=\"aligncenter wp-image-25626 size-full\" src=\"https:\/\/alex.shop\/wp-content\/uploads\/2020\/07\/Reolink-Argus-3-Pro-5.jpg\" alt=\"reolink brez\u017ei\u010dna kamera\" width=\"1464\" height=\"600\" \/><\/p>\n<h2 data-start=\"639\" data-end=\"727\"><strong data-start=\"642\" data-end=\"727\">Reolink B330 (Argus 3 Pro) \u2013 pametna brez\u017ei\u010dna nadzorna kamera za popolno varnost<\/strong><\/h2>\n<p data-start=\"729\" data-end=\"1135\">Reolink B330 (Argus 3 Pro) je napredna <strong data-start=\"768\" data-end=\"797\">brez\u017ei\u010dna nadzorna kamera<\/strong>, zasnovana za enostavno uporabo in maksimalno varnost. Z lo\u010dljivostjo 5MP, pametnim zaznavanjem oseb in vozil, reflektorjem in polnilno baterijo, je idealna za vsak dom, pisarno ali zunanji prostor. Kamera deluje brez elektri\u010dnih kablov, kar omogo\u010da hitro postavitev kjerkoli \u2013 na vhod, dvori\u0161\u010de, gara\u017eo ali celo na gradbi\u0161\u010de ali vikend.<\/p>\n<h3 data-start=\"1137\" data-end=\"1177\">Brez\u017ei\u010dno delovanje brez kompromisov<\/h3>\n<p data-start=\"1179\" data-end=\"1481\">Reolink Argus 3 Pro <strong data-start=\"1199\" data-end=\"1228\">deluje popolnoma brez \u017eic<\/strong>. Z vgrajeno baterijo in WiFi povezavo (2.4GHz in 5GHz) jo lahko namestite kjerkoli, brez potrebe po elektri\u010dni vti\u010dnici. Naprava je zdru\u017eljiva tudi z <strong data-start=\"1379\" data-end=\"1407\">Reolink solarnim panelom<\/strong> , ki zagotavlja neprekinjeno napajanje skozi vse leto.<\/p>\n<p><img decoding=\"async\" class=\"ls-is-cached lazyloaded aligncenter wp-image-25632 size-full\" src=\"https:\/\/alex.shop\/wp-content\/uploads\/2020\/07\/Reolink-Argus-3-Pro-3.jpg\" alt=\"reolink brez\u017ei\u010dna kamera\" width=\"1464\" height=\"600\" data-src=\"https:\/\/alex.shop\/wp-content\/uploads\/2020\/07\/Reolink-Argus-3-Pro-3.jpg\" \/><\/p>\n<h3 data-start=\"1483\" data-end=\"1516\">Reflektor in no\u010dni barvni vid<\/h3>\n<p data-start=\"1518\" data-end=\"1851\">Ena izmed najve\u010djih prednosti je <strong data-start=\"1551\" data-end=\"1572\">vgrajen reflektor<\/strong>, ki ob zaznavi gibanja pono\u010di osvetli prostor in omogo\u010da barvni no\u010dni vid. Kamera zajame jasne slike z lo\u010dljivostjo <strong data-start=\"1689\" data-end=\"1696\">5MP<\/strong>, kar je veliko ve\u010d kot obi\u010dajne kamere z 1080p. Tudi v slabih svetlobnih pogojih posnetki ostanejo ostri zahvaljujo\u010d <strong data-start=\"1814\" data-end=\"1850\">CMOS senzorju z zvezdno svetlobo<\/strong>.<\/p>\n<p><img decoding=\"async\" class=\"aligncenter wp-image-27203 size-full\" src=\"https:\/\/alex.shop\/wp-content\/uploads\/2024\/09\/reolink-argus-3-pro-9.jpg\" alt=\"reolink brez\u017ei\u010dna kamera\" width=\"1464\" height=\"600\" \/><\/p>\n<h4>Reolink solarni panel<\/h4>\n<p>Kameru priklju\u010dite na Reolink solarni panel in imela bo stalno napajanje. Preprosto namestite vremensko odporno solarni panel, da pove\u010date izpostavljenost son\u010dni svetlobi. Solarni panel se prodaja lo\u010deno.<\/p>\n<p><img loading=\"lazy\" decoding=\"async\" class=\"aligncenter wp-image-27209 size-full\" src=\"https:\/\/alex.shop\/wp-content\/uploads\/2024\/09\/reolink-argus-3-pro-8.jpg\" alt=\"reolink brez\u017ei\u010dna kamera\" width=\"1464\" height=\"600\" \/><\/p>\n<h4><\/h4>\n<h3 data-start=\"1853\" data-end=\"1889\">Pametno zaznavanje oseb in vozil<\/h3>\n<p data-start=\"1891\" data-end=\"2213\">Kamera je opremljena s <strong data-start=\"1914\" data-end=\"1931\">PIR senzorjem<\/strong>, ki z visoko natan\u010dnostjo prepozna gibanje ljudi in vozil. Tako se zmanj\u0161ajo la\u017eni alarmi, kot so premiki vejevja ali doma\u010de \u017eivali. Ob zaznavi gibanja kamera spro\u017ei sireno (75 dB), po\u0161lje <strong data-start=\"2121\" data-end=\"2142\">potisno obvestilo<\/strong> in\/ali <strong data-start=\"2150\" data-end=\"2161\">e-po\u0161to<\/strong>, ter lahko predvaja <strong data-start=\"2182\" data-end=\"2212\">glasovno opozorilo po meri<\/strong>.<\/p>\n<h3 data-start=\"2215\" data-end=\"2238\">Snemanje in shramba<\/h3>\n<p data-start=\"2240\" data-end=\"2605\">Reolink Argus 3 Pro omogo\u010da shranjevanje posnetkov na <strong data-start=\"2294\" data-end=\"2313\">microSD kartico<\/strong> do 128 GB (ni prilo\u017eena), ali pa v <strong data-start=\"2349\" data-end=\"2366\">Reolink Cloud<\/strong>, ki varnostno kopira vse klju\u010dne dogodke in omogo\u010da ogled videoposnetkov kjerkoli in kadarkoli. Funkcija <strong data-start=\"2472\" data-end=\"2489\">\u010casovni krogi<\/strong> omogo\u010da hitro pregledovanje dogajanja skozi dalj\u0161a \u010dasovna obdobja \u2013 kot je son\u010dni vzhod ali dogajanje na dvori\u0161\u010du.<\/p>\n<h3 data-start=\"2607\" data-end=\"2655\">Dvosmerna komunikacija in za\u0161\u010dita zasebnosti<\/h3>\n<p data-start=\"2657\" data-end=\"2971\">Z vgrajenim mikrofonom in zvo\u010dnikom lahko <strong data-start=\"2699\" data-end=\"2740\">govorite s tistimi, ki so pred kamero<\/strong>, ali poslu\u0161ate, kaj se dogaja. Uporabno za komunikacijo z otroki, dru\u017einskimi \u010dlani, kurirji ali za opozorilo nepovabljenim obiskovalcem. Poleg tega lahko v aplikaciji nastavite <strong data-start=\"2919\" data-end=\"2941\">obmo\u010dja zasebnosti<\/strong>, ki jih kamera ne bo snemala.<\/p>\n<h4>Pameten detektor oseb in vozil s takoj\u0161njim obve\u0161\u010danjem<\/h4>\n<p>Nadzorna kamera Reolink Argus 3 Pro s polnilno baterijo in \u0161irokim kotom gledanja 122\u00b0 ter zelo ob\u010dutljivim senzorjem gibanja PIR skoraj brez napak zazna vsa \u010dlove\u0161ka gibanja. Poleg tega je opremljen s pametnim detektorjem, ki razlikuje ljudi in vozila od drugih predmetov. Ko zazna gibanje, se kamera takoj vklopi, da vam po\u0161lje takoj\u0161nja opozorila, hkrati pa se samodejno oglasi sirena ali glasovno opozorilo po meri, ki odvra\u010da ne\u017eelene obiskovalce.<\/p>\n<ul>\n<li><strong>Potisna obvestila in opozorila o potezah po e-po\u0161ti<\/strong><br \/>\nneposredno v telefonu.<\/li>\n<li><strong>Siren<\/strong><br \/>\nSound z mo\u010djo 75 db. Spro\u017ei ga gibanje ali daljinsko omogo\u010deno\/onemogo\u010deno.<\/li>\n<li><strong>Opozorila o<\/strong><br \/>\nSnemanju glasu po meri. Ustvarite lastno glasovno opozorilo glede na va\u0161e potrebe.<\/li>\n<li><strong>Kartica SD (izbirno)<\/strong><br \/>\nPosnemite in shranite gibljive videoposnetke na kartico micro SD do 128 GB.<\/li>\n<\/ul>\n<h4><img loading=\"lazy\" decoding=\"async\" class=\"ls-is-cached lazyloaded aligncenter wp-image-25638 size-full\" src=\"https:\/\/alex.shop\/wp-content\/uploads\/2020\/07\/Reolink-Argus-3-Pro-2.jpg\" alt=\"reolink brez\u017ei\u010dna kamera\" width=\"1464\" height=\"600\" data-src=\"https:\/\/alex.shop\/wp-content\/uploads\/2020\/07\/Reolink-Argus-3-Pro-2.jpg\" \/><\/h4>\n<h3 data-start=\"2973\" data-end=\"3009\">Povezljivost in daljinski dostop<\/h3>\n<p data-start=\"3011\" data-end=\"3288\">Kamera se pove\u017ee z brezpla\u010dno aplikacijo <strong data-start=\"3052\" data-end=\"3063\">Reolink<\/strong> (iOS, Android, Windows, Mac), ki omogo\u010da spremljanje v \u017eivo, pregled posnetkov, nastavitev alarmov in \u0161e ve\u010d \u2013 <strong data-start=\"3175\" data-end=\"3201\">od kjerkoli, kadarkoli<\/strong>. Kamera je zdru\u017eljiva tudi z <strong data-start=\"3231\" data-end=\"3253\">Google Assistantom<\/strong> za enostavno glasovno upravljanje.<\/p>\n<h4>Maskiranje in zasebnost<\/h4>\n<p>Mo\u017enost dolo\u010danja obmo\u010dij v pogledu kamere, ki jih ne \u017eelite posneti.<\/p>\n<p><img loading=\"lazy\" decoding=\"async\" class=\"lazyloaded aligncenter wp-image-25650 size-full\" src=\"https:\/\/alex.shop\/wp-content\/uploads\/2020\/07\/Reolink-Argus-3-Pro-5-1.jpg\" alt=\"reolink brez\u017ei\u010dna kamera\" width=\"1464\" height=\"600\" data-src=\"https:\/\/alex.shop\/wp-content\/uploads\/2020\/07\/Reolink-Argus-3-Pro-5-1.jpg\" \/><\/p>\n<h4>Reolink Cloud<\/h4>\n<p>Reolink Argus 3 Pro podpira storitev <a href=\"https:\/\/cloud.reolink.com\/\" target=\"_blank\" rel=\"noopener\">Reolink Cloud<\/a>. Na ta na\u010din se videoposnetki popolnoma brezpla\u010dno shranijo tudi v oblak. Reolink Cloud ponuja varnostno kopijo vseh pomembnih dogodkov in vam omogo\u010da dostop do shranjenih videoposnetkov kjerkoli in kadarkoli. Ni vam treba skrbeti, da vam bodo ukradli kamera ali da se bo pomnilni\u0161ka kartica zlomila.<\/p>\n<h4>Reolink Argus 3 Pro \u2013 vsebina \u0161katle<\/h4>\n<p><img loading=\"lazy\" decoding=\"async\" class=\"aligncenter wp-image-27216 size-full\" src=\"https:\/\/alex.shop\/wp-content\/uploads\/2024\/09\/reolink-argus-3-pro-en-4.jpg\" alt=\"reolink brez\u017ei\u010dna kamera\" width=\"935\" height=\"280\" \/><\/p>\n<h4><\/h4>\n<h3 data-start=\"3295\" data-end=\"3335\">Zakaj izbrati Reolink Argus 3 Pro?<\/h3>\n<ul data-start=\"3337\" data-end=\"3748\">\n<li data-start=\"3337\" data-end=\"3383\">\n<p data-start=\"3339\" data-end=\"3383\">100 % brez\u017ei\u010dna namestitev z WiFi povezavo<\/p>\n<\/li>\n<li data-start=\"3384\" data-end=\"3444\">\n<p data-start=\"3386\" data-end=\"3444\">Visoka lo\u010dljivost 5MP in CMOS senzor za barvni no\u010dni vid<\/p>\n<\/li>\n<li data-start=\"3445\" data-end=\"3480\">\n<p data-start=\"3447\" data-end=\"3480\">Reflektor z zaznavanjem gibanja<\/p>\n<\/li>\n<li data-start=\"3481\" data-end=\"3520\">\n<p data-start=\"3483\" data-end=\"3520\">Pametno prepoznavanje oseb in vozil<\/p>\n<\/li>\n<li data-start=\"3521\" data-end=\"3553\">\n<p data-start=\"3523\" data-end=\"3553\">Sirena in glasovno opozorilo<\/p>\n<\/li>\n<li data-start=\"3554\" data-end=\"3590\">\n<p data-start=\"3556\" data-end=\"3590\">Shramba na SD kartico in v oblak<\/p>\n<\/li>\n<li data-start=\"3591\" data-end=\"3617\">\n<p data-start=\"3593\" data-end=\"3617\">Dvosmerna komunikacija<\/p>\n<\/li>\n<li data-start=\"3618\" data-end=\"3682\">\n<p data-start=\"3620\" data-end=\"3682\">Povezava z aplikacijo Reolink in podpora za Google Assistant<\/p>\n<\/li>\n<li data-start=\"3683\" data-end=\"3715\">\n<p data-start=\"3685\" data-end=\"3715\">Podpora za solarno napajanje<\/p>\n<\/li>\n<li data-start=\"3716\" data-end=\"3748\">\n<p data-start=\"3718\" data-end=\"3748\">Enostavna monta\u017ea in uporaba<\/p>\n<\/li>\n<\/ul>\n<h2 data-start=\"3755\" data-end=\"3795\">Najpogostej\u0161a vpra\u0161anja in odgovori<\/h2>\n<p data-start=\"3797\" data-end=\"3943\"><strong data-start=\"3797\" data-end=\"3850\">1. Ali kamera deluje brez elektri\u010dnega napajanja?<\/strong><br data-start=\"3850\" data-end=\"3853\" \/>Da, kamera ima polnilno baterijo in mo\u017enost priklopa na solarni panel za stalno napajanje.<\/p>\n<p data-start=\"3945\" data-end=\"4099\"><strong data-start=\"3945\" data-end=\"4004\">2. Ali lahko kamera deluje v slabih svetlobnih pogojih?<\/strong><br data-start=\"4004\" data-end=\"4007\" \/>Seveda \u2013 zahvaljujo\u010d reflektorju in zvezdnemu senzorju je slika tudi pono\u010di jasna in barvna.<\/p>\n<p data-start=\"4101\" data-end=\"4220\"><strong data-start=\"4101\" data-end=\"4129\">3. Kako dobim obvestila?<\/strong><br data-start=\"4129\" data-end=\"4132\" \/>Kamera vam po\u0161lje potisna obvestila, e-po\u0161to ali spro\u017ei zvo\u010dni alarm ob zaznavi gibanja.<\/p>\n<p data-start=\"4222\" data-end=\"4361\"><strong data-start=\"4222\" data-end=\"4271\">4. Ali potrebujem naro\u010dnino za Reolink Cloud?<\/strong><br data-start=\"4271\" data-end=\"4274\" \/>Osnovna storitev Reolink Cloud je brezpla\u010dna in omogo\u010da shranjevanje klju\u010dnih dogodkov.<\/p>\n<p data-start=\"4363\" data-end=\"4489\"><strong data-start=\"4363\" data-end=\"4396\">5. Koliko \u010dasa traja monta\u017ea?<\/strong><br data-start=\"4396\" data-end=\"4399\" \/>Monta\u017ea traja le nekaj minut. Kamera se hitro pove\u017ee z aplikacijo in ni potrebe po kablih.<\/p>\n<h3 data-start=\"164\" data-end=\"205\">Spremljajte nas na dru\u017ebenih omre\u017ejih<\/h3>\n<p data-start=\"207\" data-end=\"605\" data-is-last-node=\"\" data-is-only-node=\"\">Za ve\u010d nasvetov, novosti in ekskluzivnih ponudb obi\u0161\u010dite na\u0161 profil na <a class=\"\" href=\"https:\/\/www.facebook.com\/alarm.express.shop.si\/\" target=\"_new\" rel=\"noopener\" data-start=\"278\" data-end=\"327\">Facebooku<\/a> in <a class=\"\" href=\"https:\/\/www.instagram.com\/alarm.express.shop.si\/\" target=\"_new\" rel=\"noopener\" data-start=\"331\" data-end=\"382\">Instagramu<\/a>. Pridru\u017eite se skupnosti zadovoljnih uporabnikov, odkrijte, kako drugi uporabljajo Alex izdelke v svojem domu, in bodite prvi obve\u0161\u010deni o vseh novostih. Va\u0161a varnost in udobje se za\u010dneta tukaj \u2013 tudi na dru\u017ebenih omre\u017ejih!<\/p>\n","protected":false},"excerpt":{"rendered":"<p>Visokokakovostna brez\u017ei\u010dna kamera s 5MP lo\u010dljivostjo, reflektorjem za no\u010dno snemanje in polnilno baterijo. Odporna na vremenske razmere, brez kablov in vrtanja. Idealna za zunanjo in notranjo uporabo. <strong>Son\u010dna plo\u0161\u010da je prilo\u017eena v kompletu.<\/strong><\/p>\n","protected":false},"featured_media":1060,"template":"","meta":{"order-bump-settings":[],"_wpfnl_thankyou_order_overview":"on","_wpfnl_thankyou_order_details":"on","_wpfnl_thankyou_billing_details":"on","_wpfnl_thankyou_shipping_details":"on"},"product_brand":[140],"product_cat":[107,109],"product_tag":[76,82,145,86,89,97],"class_list":{"0":"post-1020","1":"product","2":"type-product","3":"status-publish","4":"has-post-thumbnail","6":"product_brand-reolink","7":"product_cat-baterije-in-solarne-kamere","8":"product_cat-wifi-kamere","9":"product_tag-5mp","10":"product_tag-argus","11":"product_tag-brezzicne-wifi-kamere","12":"product_tag-dvojne-avdio-kamere","13":"product_tag-kamere-z-reflektorjem-2","14":"product_tag-reolink","16":"first","17":"instock","18":"sale","19":"taxable","20":"shipping-taxable","21":"purchasable","22":"product-type-simple"},"bundled_by":[],"bundle_stock_status":"instock","bundle_stock_quantity":3,"bundle_virtual":false,"bundle_layout":"","bundle_add_to_cart_form_location":"","bundle_editable_in_cart":false,"bundle_sold_individually_context":"","bundle_item_grouping":"","bundle_min_size":"","bundle_max_size":"","bundle_price":[],"bundled_items":[],"bundle_sell_ids":[],"_links":{"self":[{"href":"https:\/\/alex.shop\/si\/wp-json\/wp\/v2\/product\/1020","targetHints":{"allow":["GET"]}}],"collection":[{"href":"https:\/\/alex.shop\/si\/wp-json\/wp\/v2\/product"}],"about":[{"href":"https:\/\/alex.shop\/si\/wp-json\/wp\/v2\/types\/product"}],"version-history":[{"count":8,"href":"https:\/\/alex.shop\/si\/wp-json\/wp\/v2\/product\/1020\/revisions"}],"predecessor-version":[{"id":2250,"href":"https:\/\/alex.shop\/si\/wp-json\/wp\/v2\/product\/1020\/revisions\/2250"}],"wp:featuredmedia":[{"embeddable":true,"href":"https:\/\/alex.shop\/si\/wp-json\/wp\/v2\/media\/1060"}],"wp:attachment":[{"href":"https:\/\/alex.shop\/si\/wp-json\/wp\/v2\/media?parent=1020"}],"wp:term":[{"taxonomy":"product_brand","embeddable":true,"href":"https:\/\/alex.shop\/si\/wp-json\/wp\/v2\/product_brand?post=1020"},{"taxonomy":"product_cat","embeddable":true,"href":"https:\/\/alex.shop\/si\/wp-json\/wp\/v2\/product_cat?post=1020"},{"taxonomy":"product_tag","embeddable":true,"href":"https:\/\/alex.shop\/si\/wp-json\/wp\/v2\/product_tag?post=1020"}],"curies":[{"name":"wp","href":"https:\/\/api.w.org\/{rel}","templated":true}]}}