{"id":1021,"date":"2025-04-08T14:05:59","date_gmt":"2025-04-08T12:05:59","guid":{"rendered":"https:\/\/alex.shop\/si\/?post_type=product&#038;p=1021"},"modified":"2026-04-18T11:00:19","modified_gmt":"2026-04-18T09:00:19","slug":"reolink-argus-eco-zunanja-3mp-brezzicna-wifi-kamera","status":"publish","type":"product","link":"https:\/\/alex.shop\/si\/reolink-argus-eco-zunanja-3mp-brezzicna-wifi-kamera\/","title":{"rendered":"Reolink B320 (Argus Eco) &#8211; brez\u017ei\u010dna kamera + solarni panel"},"content":{"rendered":"<p><img fetchpriority=\"high\" decoding=\"async\" class=\"aligncenter size-full wp-image-25676\" src=\"https:\/\/alex.shop\/wp-content\/uploads\/2020\/07\/Reolink-Argus-Eco-3.jpg\" alt=\"\" width=\"1464\" height=\"600\" \/><\/p>\n<h2>Reolink Argus Eco<\/h2>\n<h4>Brez\u017ei\u010dna baterija WiFi nadzorna kamera<\/h4>\n<p>Brez \u017eic, postavite ga kjerkoli. Polnilna baterija in WiFi omogo\u010data, da Reolink Argus Eco deluje popolnoma brez \u017eic. Ni elektri\u010dnega omre\u017eja ali napajalnega kabla, vrtanja in ni potrebe po elektri\u010dni vti\u010dnici. Lahko ga postavite kjerkoli, na polico ali na mizo, na vhodna vrata, ga nosite iz sobe v sobo, da pazite na svoje starej\u0161e gospodinjstvo, dojen\u010dke ali hi\u0161ne ljubljen\u010dke. Uporabite ga lahko na za\u010dasnem gradbi\u0161\u010du, najemni hi\u0161i, v ko\u010di ali \u010dolnu.<\/p>\n<h4>Baterija za polnjenje<\/h4>\n<p>Kamera Reolink Argus Eco je opremljena z baterijo, ki jo je mogo\u010de polniti prek napajalnika ali preko Reolink solar panel.<\/p>\n<p><img decoding=\"async\" class=\"aligncenter size-full wp-image-25688 lazyloaded\" src=\"https:\/\/alex.shop\/wp-content\/uploads\/2020\/07\/Reolink-Argus-Eco-solar-2-1.jpg\" alt=\"\" width=\"1464\" height=\"600\" data-src=\"https:\/\/alex.shop\/wp-content\/uploads\/2020\/07\/Reolink-Argus-Eco-solar-2-1.jpg\" \/><\/p>\n<h4>Reolink solar panel<\/h4>\n<p>Kamero priklju\u010dite na <a href=\"https:\/\/alex.shop\/proizvod\/reolink-solar-panel-solarno-napajanje-za-reolink-kamere\/\">Reolink solar panel<\/a> in imela bo stalno napajanje. Preprosto namestite solarni panel, odporno na vremenske vplive, da pove\u010date izpostavljenost son\u010dni svetlobi<\/p>\n<h4>3MP podnevi in pono\u010di<\/h4>\n<p>Oglejte si do zadnje podrobnosti s kakovostjo videa 3MP. Omogo\u010da jasnej\u0161i in ostrej\u0161i pogled kot kamere 720p. Z napredno tehnologijo CMOS senzorja s 3MP kamera Reolink Argus Eco prikazuje podrobnosti v slabih svetlobnih pogojih (do 10 metrov) brez dodatne osvetlitve.<\/p>\n<p><img decoding=\"async\" class=\"aligncenter size-full wp-image-25670 ls-is-cached lazyloaded\" src=\"https:\/\/alex.shop\/wp-content\/uploads\/2020\/07\/Reolink-Argus-Eco-4.jpg\" alt=\"\" width=\"1464\" height=\"600\" data-src=\"https:\/\/alex.shop\/wp-content\/uploads\/2020\/07\/Reolink-Argus-Eco-4.jpg\" \/><\/p>\n<h4>Pametni detektor gibanja in takoj\u0161nja obvestila<\/h4>\n<p>Nadzorna kamera Reolink Argus Eco s polnilno baterijo in \u0161irokim kotom gledanja 100\u00b0 ter zelo ob\u010dutljivim PIR senzorjem gibanja skoraj brez napak zazna vsa \u010dlove\u0161ka gibanja. Ko zazna gibanje, se kamera takoj vklopi, da vam po\u0161lje takoj\u0161nja opozorila, hkrati pa se samodejno spro\u017ei sirena ali glasovno opozorilo po meri, da odvrne ne\u017eelene obiskovalce.<\/p>\n<p><img loading=\"lazy\" decoding=\"async\" class=\"aligncenter size-full wp-image-25694 ls-is-cached lazyloaded\" src=\"https:\/\/alex.shop\/wp-content\/uploads\/2020\/07\/Reolink-Argus-eco-3.webp\" alt=\"\" width=\"1680\" height=\"840\" data-src=\"https:\/\/alex.shop\/wp-content\/uploads\/2020\/07\/Reolink-Argus-eco-3.webp\" data-srcset=\"https:\/\/alex.shop\/wp-content\/uploads\/2020\/07\/Reolink-Argus-eco-3.webp 1680w, https:\/\/alex.shop\/wp-content\/uploads\/2020\/07\/Reolink-Argus-eco-3-300x150.webp 300w, https:\/\/alex.shop\/wp-content\/uploads\/2020\/07\/Reolink-Argus-eco-3-1024x512.webp 1024w, https:\/\/alex.shop\/wp-content\/uploads\/2020\/07\/Reolink-Argus-eco-3-768x384.webp 768w, https:\/\/alex.shop\/wp-content\/uploads\/2020\/07\/Reolink-Argus-eco-3-1536x768.webp 1536w, https:\/\/alex.shop\/wp-content\/uploads\/2020\/07\/Reolink-Argus-eco-3-990x495.webp 990w, https:\/\/alex.shop\/wp-content\/uploads\/2020\/07\/Reolink-Argus-eco-3-441x221.webp 441w, https:\/\/alex.shop\/wp-content\/uploads\/2020\/07\/Reolink-Argus-eco-3-600x300.webp 600w, https:\/\/alex.shop\/wp-content\/uploads\/2020\/07\/Reolink-Argus-eco-3-150x75.webp 150w\" data-sizes=\"(max-width: 1680px) 100vw, 1680px\" \/><\/p>\n<p>Kamera je opremljena s prepoznavanjem ljudi, \u017eivali in vozil, ki lahko posname samo tisto, kar \u017eelite, in olaj\u0161a iskanje posnetkov.<\/p>\n<ul>\n<li><strong>Potisna obvestila in e-po\u0161tna<\/strong><br \/>\nopozorila o potezah neposredno v telefonu.<\/li>\n<li><strong>Zvok sirene<\/strong><br \/>\nSirena 75 dB. Spro\u017ei se z gibanjem ali daljinsko omogo\u010deno\/onemogo\u010deno.<\/li>\n<li><strong>Opozorila o glasovnem<\/strong><br \/>\nUstvarite lastno glasovno opozorilo glede na svoje potrebe.<\/li>\n<li><strong>Kartica SD (izbirno)<\/strong><br \/>\nSnemajte in shranjujte videoposnetke v gibanju na kartico micro SD do 128 GB.<\/li>\n<\/ul>\n<h4><\/h4>\n<h4>Dvosmerna zvo\u010dna komunikacija<\/h4>\n<p>Poslu\u0161ajte, kaj se dogaja v va\u0161em domu ali zunaj njega, in se pogovarjajte z enim samim dotikom. S pomo\u010djo vgrajenega mikrofona in zvo\u010dnika lahko komunicirate s starej\u0161imi, otroki, varu\u0161kami, hi\u0161nimi ljubljen\u010dki in opozorite vse nepovabljene.<\/p>\n<p><img loading=\"lazy\" decoding=\"async\" class=\"aligncenter size-full wp-image-22393 ls-is-cached lazyloaded\" src=\"https:\/\/alex.shop\/wp-content\/uploads\/2020\/07\/reolink-argus-eco.jpg\" alt=\"\" width=\"1464\" height=\"600\" data-src=\"https:\/\/alex.shop\/wp-content\/uploads\/2020\/07\/reolink-argus-eco.jpg\" \/><\/p>\n<h4>Dostop do kamere kadarkoli in kjerkoli<\/h4>\n<p>Nadzor \u0161e nikoli ni bil tako enostaven z brezpla\u010dno aplikacijo Reolink. Preverite, ali sta va\u0161a dru\u017eina in dom varna kadar koli in kjerkoli prek pametnih telefonov iOS in Android ali prek ra\u010dunalnikov Windows ali Mac. Tudi ko ste v pisarni ali na potovanju, lahko preverite, kaj se dogaja na poti.<\/p>\n<p><img loading=\"lazy\" decoding=\"async\" class=\"aligncenter size-full wp-image-25682 ls-is-cached lazyloaded\" src=\"https:\/\/alex.shop\/wp-content\/uploads\/2020\/07\/Reolink-Argus-Eco-5.jpg\" alt=\"\" width=\"1464\" height=\"600\" data-src=\"https:\/\/alex.shop\/wp-content\/uploads\/2020\/07\/Reolink-Argus-Eco-5.jpg\" \/><\/p>\n<h4>Oblak Reolink<\/h4>\n<p>Reolink Argus Eco podpira storitev shranjevanja v <a href=\"https:\/\/cloud.reolink.com\/\" target=\"_blank\" rel=\"noopener\">Reolink Cloud<\/a>. Na ta na\u010din se videoposnetki popolnoma brezpla\u010dno shranjujejo tudi v oblak. Reolink Cloud ponuja varnostno kopiranje vseh pomembnih dogodkov in vam omogo\u010da dostop do shranjenih videoposnetkov kjerkoli in kadarkoli. Ni vam treba skrbeti, da bo kamera ukraden ali da bi se pomnilni\u0161ka kartica zlomila.<\/p>\n<h4>Glasovno upravljanje<\/h4>\n<p>Nadzor nadzorne kamere, ki deluje s Pomo\u010dnikom Google, ne more biti la\u017eji. Samo recite \u00bbHej Google, poka\u017ei mi dvori\u0161\u010de\u00ab in v \u017eivo boste lahko gledali s kamere prek Google Nest Hub ali pametnih televizorjev, ki podpirajo Chromecast.<\/p>\n<h4>Reolink Argus Eco \u2013 vsebina \u0161katle<\/h4>\n<p><img loading=\"lazy\" decoding=\"async\" class=\"aligncenter size-full wp-image-9253 lazyloaded\" src=\"https:\/\/alex.shop\/wp-content\/uploads\/2020\/07\/reolink-argus-eco-sadrzaj.webp\" alt=\"\" width=\"1175\" height=\"486\" data-src=\"https:\/\/alex.shop\/wp-content\/uploads\/2020\/07\/reolink-argus-eco-sadrzaj.webp\" data-srcset=\"https:\/\/alex.shop\/wp-content\/uploads\/2020\/07\/reolink-argus-eco-sadrzaj.webp 1175w, https:\/\/alex.shop\/wp-content\/uploads\/2020\/07\/reolink-argus-eco-sadrzaj-300x124.webp 300w, https:\/\/alex.shop\/wp-content\/uploads\/2020\/07\/reolink-argus-eco-sadrzaj-1024x424.webp 1024w, https:\/\/alex.shop\/wp-content\/uploads\/2020\/07\/reolink-argus-eco-sadrzaj-768x318.webp 768w, https:\/\/alex.shop\/wp-content\/uploads\/2020\/07\/reolink-argus-eco-sadrzaj-610x252.webp 610w, https:\/\/alex.shop\/wp-content\/uploads\/2020\/07\/reolink-argus-eco-sadrzaj-990x409.webp 990w, https:\/\/alex.shop\/wp-content\/uploads\/2020\/07\/reolink-argus-eco-sadrzaj-441x182.webp 441w, https:\/\/alex.shop\/wp-content\/uploads\/2020\/07\/reolink-argus-eco-sadrzaj-600x248.webp 600w, https:\/\/alex.shop\/wp-content\/uploads\/2020\/07\/reolink-argus-eco-sadrzaj-150x62.webp 150w\" data-sizes=\"(max-width: 1175px) 100vw, 1175px\" \/><\/p>\n<h4>Reolink Argus Eco \u2013 dimenzije in specifikacije<\/h4>\n<div id=\"gallery-1\" class=\"gallery galleryid-1019 gallery-columns-3 gallery-size-medium\">\n<figure class=\"gallery-item\">\n<div class=\"gallery-icon landscape\"><a href=\"https:\/\/alex.shop\/wp-content\/uploads\/2020\/07\/reolink-argus-eco-dimensions.jpeg\"><img loading=\"lazy\" decoding=\"async\" class=\"attachment-medium size-medium lazyloaded\" src=\"https:\/\/alex.shop\/wp-content\/uploads\/2020\/07\/reolink-argus-eco-dimensions.jpeg\" alt=\"Reolink Argus Eco Dimenzije\" width=\"300\" height=\"167\" data-src=\"https:\/\/alex.shop\/wp-content\/uploads\/2020\/07\/reolink-argus-eco-dimensions.jpeg\" data-sizes=\"(max-width: 360px) 147px, \" \/><\/a><\/div>\n<\/figure>\n<figure class=\"gallery-item\">\n<div class=\"gallery-icon landscape\"><a href=\"https:\/\/alex.shop\/wp-content\/uploads\/2020\/07\/reolink-argus-eco-specs.jpeg\"><img loading=\"lazy\" decoding=\"async\" class=\"attachment-medium size-medium lazyloaded\" src=\"https:\/\/alex.shop\/wp-content\/uploads\/2020\/07\/reolink-argus-eco-specs.jpeg\" alt=\"Specifikacije Reolink Argus Eco\" width=\"300\" height=\"167\" data-src=\"https:\/\/alex.shop\/wp-content\/uploads\/2020\/07\/reolink-argus-eco-specs.jpeg\" data-sizes=\"(max-width: 360px) 147px, \" \/><\/a><\/div>\n<\/figure>\n<figure class=\"gallery-item\">\n<div class=\"gallery-icon landscape\"><a href=\"https:\/\/alex.shop\/wp-content\/uploads\/2020\/07\/reolink-argus-eco-specs-2.jpeg\"><img loading=\"lazy\" decoding=\"async\" class=\"attachment-medium size-medium lazyloaded\" src=\"https:\/\/alex.shop\/wp-content\/uploads\/2020\/07\/reolink-argus-eco-specs-2.jpeg\" alt=\"Specifikacije Reolink Argus Eco\" width=\"300\" height=\"167\" data-src=\"https:\/\/alex.shop\/wp-content\/uploads\/2020\/07\/reolink-argus-eco-specs-2.jpeg\" data-sizes=\"(max-width: 360px) 147px, \" \/><\/a><\/div>\n<\/figure>\n<\/div>\n<h3>Reolink Argus Eco video<\/h3>\n<p><a href=\"https:\/\/www.youtube.com\/watch?v=Bo1JpKGmoYQ\" target=\"_blank\" rel=\"noopener\">Oglejte si videoposnetek<\/a><\/p>\n","protected":false},"excerpt":{"rendered":"<p>Kamera Reolink Argus Eco AI 3MP ima polnilno baterijo in se pove\u017ee z omre\u017ejem WiFi ter je popolnoma brez\u017ei\u010dna. Brez vrtalnih zidov, brez kablov. Odporna je na vse vremenske razmere, za zunanje ali notranje prostore.<\/p>\n","protected":false},"featured_media":1083,"template":"","meta":{"order-bump-settings":[],"_wpfnl_thankyou_order_overview":"on","_wpfnl_thankyou_order_details":"on","_wpfnl_thankyou_billing_details":"on","_wpfnl_thankyou_shipping_details":"on"},"product_brand":[140],"product_cat":[107,109],"product_tag":[71,82,145,86,97],"class_list":{"0":"post-1021","1":"product","2":"type-product","3":"status-publish","4":"has-post-thumbnail","6":"product_brand-reolink","7":"product_cat-baterije-in-solarne-kamere","8":"product_cat-wifi-kamere","9":"product_tag-3mp","10":"product_tag-argus","11":"product_tag-brezzicne-wifi-kamere","12":"product_tag-dvojne-avdio-kamere","13":"product_tag-reolink","15":"first","16":"instock","17":"sale","18":"featured","19":"taxable","20":"shipping-taxable","21":"purchasable","22":"product-type-simple"},"bundled_by":["1036"],"bundle_stock_status":"instock","bundle_stock_quantity":7,"bundle_virtual":false,"bundle_layout":"","bundle_add_to_cart_form_location":"","bundle_editable_in_cart":false,"bundle_sold_individually_context":"","bundle_item_grouping":"","bundle_min_size":"","bundle_max_size":"","bundle_price":[],"bundled_items":[],"bundle_sell_ids":[],"_links":{"self":[{"href":"https:\/\/alex.shop\/si\/wp-json\/wp\/v2\/product\/1021","targetHints":{"allow":["GET"]}}],"collection":[{"href":"https:\/\/alex.shop\/si\/wp-json\/wp\/v2\/product"}],"about":[{"href":"https:\/\/alex.shop\/si\/wp-json\/wp\/v2\/types\/product"}],"version-history":[{"count":5,"href":"https:\/\/alex.shop\/si\/wp-json\/wp\/v2\/product\/1021\/revisions"}],"predecessor-version":[{"id":2551,"href":"https:\/\/alex.shop\/si\/wp-json\/wp\/v2\/product\/1021\/revisions\/2551"}],"wp:featuredmedia":[{"embeddable":true,"href":"https:\/\/alex.shop\/si\/wp-json\/wp\/v2\/media\/1083"}],"wp:attachment":[{"href":"https:\/\/alex.shop\/si\/wp-json\/wp\/v2\/media?parent=1021"}],"wp:term":[{"taxonomy":"product_brand","embeddable":true,"href":"https:\/\/alex.shop\/si\/wp-json\/wp\/v2\/product_brand?post=1021"},{"taxonomy":"product_cat","embeddable":true,"href":"https:\/\/alex.shop\/si\/wp-json\/wp\/v2\/product_cat?post=1021"},{"taxonomy":"product_tag","embeddable":true,"href":"https:\/\/alex.shop\/si\/wp-json\/wp\/v2\/product_tag?post=1021"}],"curies":[{"name":"wp","href":"https:\/\/api.w.org\/{rel}","templated":true}]}}