{"id":1022,"date":"2025-04-08T14:05:59","date_gmt":"2025-04-08T12:05:59","guid":{"rendered":"https:\/\/alex.shop\/si\/?post_type=product&#038;p=1022"},"modified":"2026-04-02T15:10:41","modified_gmt":"2026-04-02T13:10:41","slug":"reolink-argus-pt-zunanja-5mp-brezzicna-vrtljiva-wifi-kamera","status":"publish","type":"product","link":"https:\/\/alex.shop\/si\/reolink-argus-pt-zunanja-5mp-brezzicna-vrtljiva-wifi-kamera\/","title":{"rendered":"Reolink B430 (Argus PT) &#8211; brez\u017ei\u010dna vrtljiva kamera"},"content":{"rendered":"<p><img fetchpriority=\"high\" decoding=\"async\" class=\"aligncenter size-full wp-image-20976\" src=\"https:\/\/alex.shop\/wp-content\/uploads\/2024\/03\/reolink-argus-pt-en-1.jpg\" alt=\"\" width=\"1464\" height=\"600\" \/><\/p>\n<h4>Brez\u017ei\u010dna baterija WiFi nadzorna kamera s pametnim zaznavanjem ljudi in vozil<\/h4>\n<p>Brez \u017eic ga postavite kamor koli. Polnilna baterija in WiFi omogo\u010data, da Reolink Argus PT deluje popolnoma brez \u017eic. Ni omre\u017enega kabla ali napajalnega kabla, ni vrtanja in ni potrebe po elektri\u010dni vti\u010dnici. Lahko ga postavite kjerkoli, na vhodna vrata, na dvori\u0161\u010de, pred gara\u017eo in podobno. Uporabite ga lahko na za\u010dasnem gradbi\u0161\u010du, najemni hi\u0161i, v ko\u010di ali \u010dolnu.<\/p>\n<h4>Mo\u017enost obra\u010danja in nagibanja \u2013 za\u0161\u010ditite tisto, kar je pomembno iz vseh zornih kotov<\/h4>\n<p>Ker se lahko premikate levo in desno, se nagibate navzgor in navzdol, Reolink Argus PT zagotavlja popolno pokritost brez mrtvih kotov. Z aplikacijo lahko na daljavo upravljate funkcijo obra\u010danja in nagibanja ter vedno pozorno spremljate svojo lastnino, tudi \u010de ste na drugem koncu sveta.<\/p>\n<p><img decoding=\"async\" class=\"aligncenter size-full wp-image-20972 ls-is-cached lazyloaded\" src=\"https:\/\/alex.shop\/wp-content\/uploads\/2024\/03\/reolink-argus-pt-en.jpg\" alt=\"\" width=\"1464\" height=\"600\" data-src=\"https:\/\/alex.shop\/wp-content\/uploads\/2024\/03\/reolink-argus-pt-en.jpg\" \/><\/p>\n<h4>Baterija za polnjenje<\/h4>\n<p>Kamera Reolink Argus PT je opremljena z baterijo, ki jo je mogo\u010de polniti prek\u00a0<a href=\"https:\/\/alex.shop\/reolink-solar-panel-solarno-napajanje-za-reolink-kamere\/\">napajalnika ali prek Reolink solar panel.<\/a><\/p>\n<h4>Reolink solarni panel<\/h4>\n<p>Kamero priklju\u010dite na Reolink solarni panel in imela bo stalno napajanje. Preprosto namestite solarni panel, odporno na vremenske vplive, da pove\u010date izpostavljenost son\u010dni svetlobi. <a href=\"https:\/\/alex.shop\/sl\/reolink-solar-panel-solarno-napajanje-za-reolink-kamere\/\">Solarni panel<\/a> se prodajajo lo\u010deno.<\/p>\n<p><img decoding=\"async\" class=\"aligncenter size-full wp-image-20980 lazyloaded\" src=\"https:\/\/alex.shop\/wp-content\/uploads\/2024\/03\/reolink-argus-pt-en-2.jpg\" alt=\"\" width=\"1464\" height=\"600\" data-src=\"https:\/\/alex.shop\/wp-content\/uploads\/2024\/03\/reolink-argus-pt-en-2.jpg\" \/><\/p>\n<h4>Lo\u010dljivost 5MP no\u010d in dan<\/h4>\n<p>Oglejte si vse do zadnje podrobnosti z video kakovostjo SuperHD (2560 x 1920 slikovnih pik). Daje jasnej\u0161i in dvakrat ostrej\u0161i pogled kot kamere 1080p. Z napredno tehnologijo senzorja 5MP CMOS kamera Reolink Argus PT prikazuje podrobnosti v slabih svetlobnih pogojih (do 10 metrov) brez dodatne osvetlitve. Reolink Argus PT podpira 2.4 GHz in 5 GHz WiFi, kar ponuja ve\u010d mo\u017enosti brez\u017ei\u010dne povezljivosti.<\/p>\n<p><img loading=\"lazy\" decoding=\"async\" class=\"aligncenter size-full wp-image-27227\" src=\"https:\/\/alex.shop\/wp-content\/uploads\/2024\/09\/reolink-argus-pt-5-en.jpg\" alt=\"\" width=\"1464\" height=\"600\" \/><\/p>\n<h4>Pametni detektor gibanja in takoj\u0161nja obvestila<\/h4>\n<p>Nadzorna kamera Reolink Argus PT s polnilno baterijo in \u0161irokim kotom snemanja 140\u00b0 ter zelo ob\u010dutljivim PIR senzorjem gibanja skoraj brezhibno zazna vsa \u010dlove\u0161ka gibanja. Ko zazna gibanje, se bo kamera takoj vklopila in vam poslala takoj\u0161nja opozorila, hkrati pa se bo samodejno oglasila sirena ali glasovno opozorilo po meri, da bi odvrnili ne\u017eelene obiskovalce.<\/p>\n<ul>\n<li><strong>Potisna obvestila in e-po\u0161tna<\/strong><br \/>\nopozorila Motion neposredno v telefonu.<\/li>\n<li><strong>Sirena<\/strong><br \/>\nZvo\u010dna mo\u010d 75 db. Izvaja se s potezo ali je na daljavo omogo\u010den\/onemogo\u010den.<\/li>\n<li><strong>Opozorila o glasovnem snemanju<\/strong><br \/>\nUstvarite lastno glasovno opozorilo glede na svoje potrebe.<\/li>\n<li><strong>Kartica SD (izbirno):<\/strong><br \/>\nSnemajte in shranjujte videoposnetke v gibanju na kartico micro SD do 128 GB.<\/li>\n<\/ul>\n<h4>Dvosmerna zvo\u010dna komunikacija<\/h4>\n<p>Poslu\u0161ajte, kaj se dogaja v va\u0161em domu ali zunaj njega, in se pogovarjajte z enim samim dotikom. Z vgrajenim mikrofonom in zvo\u010dnikom lahko komunicirate s starej\u0161imi, otroki, varu\u0161kami, hi\u0161nimi ljubljen\u010dki in opozorite vsakogar, ki ni povabljen.<\/p>\n<h4>Dostop do kamere kadar koli in kjerkoli<\/h4>\n<p>Nadzor \u0161e nikoli ni bil tako enostaven z brezpla\u010dno aplikacijo Reolink. Preverite, ali sta va\u0161a dru\u017eina in dom varna kadar koli in kjer koli na pametnih telefonih iOS in Android ali v ra\u010dunalniku s sistemom Windows ali Mac. Tudi ko ste v pisarni ali na potovanju, lahko preverite, kaj se dogaja na poti.<\/p>\n<p><img loading=\"lazy\" decoding=\"async\" class=\"aligncenter size-full wp-image-27233\" src=\"https:\/\/alex.shop\/wp-content\/uploads\/2024\/09\/reolink-argus-pt-6-en.jpg\" alt=\"\" width=\"1391\" height=\"400\" \/><\/p>\n<h4>Reolink Cloud<\/h4>\n<p>Reolink Argus PT podpira storitev shranjevanja <a href=\"https:\/\/cloud.reolink.com\/\" target=\"_blank\" rel=\"noopener\">Reolink Cloud<\/a>. Na ta na\u010din se videoposnetki brezpla\u010dno shranjujejo v oblaku. Reolink Cloud ponuja varnostno kopiranje vseh pomembnih dogodkov in vam omogo\u010da dostop do shranjenih videoposnetkov kjerkoli in kadarkoli. Ni vam treba skrbeti, ali bo kamera ukradena ali \u010de se bo pomnilni\u0161ka kartica pokvarila.<\/p>\n<h4>Glasovno upravljanje<\/h4>\n<p>Nadzor nadzorne kamere, ki deluje s Pomo\u010dnikom Google, ne more biti la\u017eji. Samo recite \u00bbHej Google, poka\u017ei mi dvori\u0161\u010de\u00ab in v \u017eivo boste lahko gledali s kamere prek Google Nest Hub ali pametnih televizorjev, ki podpirajo Chromecast.<\/p>\n<h4>Vsebina \u0161katle Reolink Argus PT<\/h4>\n<p><img loading=\"lazy\" decoding=\"async\" class=\"aligncenter size-full wp-image-25738\" src=\"https:\/\/alex.shop\/wp-content\/uploads\/2020\/07\/Reolink-Argus-PT-5.jpg\" alt=\"\" width=\"1151\" height=\"514\" \/><\/p>\n<h4>Reolink Argus PT\u00a0 &#8211; dimenzije<\/h4>\n\n<h3>Reolink Argus PT\u00a0 video<\/h3>\n<p><a href=\"https:\/\/www.youtube.com\/watch?v=30ZMu5sXyCI\" target=\"_blank\" rel=\"noopener\">Argus PT video<\/a><\/p>\n","protected":false},"excerpt":{"rendered":"<p>Premikajo\u010da varnostna kamera s 5MP kakovostjo slike, no\u010dnim vidom in reflektorjem. Brez\u017ei\u010dna povezava, polnilna baterija in mo\u017enost son\u010dnega napajanja jo naredijo popolno za zunanjo uporabo.<\/p>\n","protected":false},"featured_media":1103,"template":"","meta":{"order-bump-settings":[],"_wpfnl_thankyou_order_overview":"on","_wpfnl_thankyou_order_details":"on","_wpfnl_thankyou_billing_details":"on","_wpfnl_thankyou_shipping_details":"on"},"product_brand":[140],"product_cat":[107,109],"product_tag":[76,82,86,95,97,111],"class_list":{"0":"post-1022","1":"product","2":"type-product","3":"status-publish","4":"has-post-thumbnail","6":"product_brand-reolink","7":"product_cat-baterije-in-solarne-kamere","8":"product_cat-wifi-kamere","9":"product_tag-5mp","10":"product_tag-argus","11":"product_tag-dvojne-avdio-kamere","12":"product_tag-priznavanje-oseb-in-vozil","13":"product_tag-reolink","14":"product_tag-vrtljive-kamere","16":"first","17":"instock","18":"sale","19":"taxable","20":"shipping-taxable","21":"purchasable","22":"product-type-simple"},"bundled_by":[],"bundle_stock_status":"instock","bundle_stock_quantity":10,"bundle_virtual":false,"bundle_layout":"","bundle_add_to_cart_form_location":"","bundle_editable_in_cart":false,"bundle_sold_individually_context":"","bundle_item_grouping":"","bundle_min_size":"","bundle_max_size":"","bundle_price":[],"bundled_items":[],"bundle_sell_ids":[],"_links":{"self":[{"href":"https:\/\/alex.shop\/si\/wp-json\/wp\/v2\/product\/1022","targetHints":{"allow":["GET"]}}],"collection":[{"href":"https:\/\/alex.shop\/si\/wp-json\/wp\/v2\/product"}],"about":[{"href":"https:\/\/alex.shop\/si\/wp-json\/wp\/v2\/types\/product"}],"version-history":[{"count":4,"href":"https:\/\/alex.shop\/si\/wp-json\/wp\/v2\/product\/1022\/revisions"}],"predecessor-version":[{"id":1685,"href":"https:\/\/alex.shop\/si\/wp-json\/wp\/v2\/product\/1022\/revisions\/1685"}],"wp:featuredmedia":[{"embeddable":true,"href":"https:\/\/alex.shop\/si\/wp-json\/wp\/v2\/media\/1103"}],"wp:attachment":[{"href":"https:\/\/alex.shop\/si\/wp-json\/wp\/v2\/media?parent=1022"}],"wp:term":[{"taxonomy":"product_brand","embeddable":true,"href":"https:\/\/alex.shop\/si\/wp-json\/wp\/v2\/product_brand?post=1022"},{"taxonomy":"product_cat","embeddable":true,"href":"https:\/\/alex.shop\/si\/wp-json\/wp\/v2\/product_cat?post=1022"},{"taxonomy":"product_tag","embeddable":true,"href":"https:\/\/alex.shop\/si\/wp-json\/wp\/v2\/product_tag?post=1022"}],"curies":[{"name":"wp","href":"https:\/\/api.w.org\/{rel}","templated":true}]}}