{"id":1024,"date":"2025-04-08T14:05:59","date_gmt":"2025-04-08T12:05:59","guid":{"rendered":"https:\/\/alex.shop\/si\/?post_type=product&#038;p=1024"},"modified":"2026-04-02T15:10:41","modified_gmt":"2026-04-02T13:10:41","slug":"reolink-rlc-510a-zunanja-5mp-poe-ip-kamera","status":"publish","type":"product","link":"https:\/\/alex.shop\/si\/reolink-rlc-510a-zunanja-5mp-poe-ip-kamera\/","title":{"rendered":"Reolink P320 (RLC-510A) &#8211; PoE kamera"},"content":{"rendered":"<p><img fetchpriority=\"high\" decoding=\"async\" class=\"alignnone size-full wp-image-8261 ls-is-cached lazyloaded\" src=\"https:\/\/alex.shop\/wp-content\/uploads\/2022\/06\/rlc-510a-02.jpg\" alt=\"Reolink RLC-510A\" width=\"2000\" height=\"604\" data-src=\"https:\/\/alex.shop\/wp-content\/uploads\/2022\/06\/rlc-510a-02.jpg\" \/><\/p>\n<h2>Reolink RLC-510A<\/h2>\n<h4>Pametna zunanja nadzorna kamera PoE IP 5MP z mo\u017enostjo prepoznavanja oseb in vozil<\/h4>\n<p>Kamera Reolink RLC-510A snema v izjemno visoki lo\u010dljivosti 5MP. Lahko ga postavite kjerkoli, na vhodna vrata, na dvori\u0161\u010du, pred gara\u017eo in podobno. Uporabite ga lahko na za\u010dasnem gradbi\u0161\u010du, najemni hi\u0161i ali ko\u010di.<\/p>\n<h4>Enostavna namestitev PoE<\/h4>\n<p>Ta nadzorna IP kamera PoE uporablja en kabel za prenos podatkov in mo\u010di. Poenostavljeno o\u017ei\u010denje pomeni la\u017ejo namestitev. To je najbolj\u0161a izbira za ljubitelje naredi sam.<\/p>\n<h4>Super HD no\u010d in dan<\/h4>\n<p>Koti gledanja vodoravni 80\u00b0 in navpi\u010dni 58\u00b0 in 5MP Super HD lo\u010dljivost vam dajejo podrobno sliko va\u0161ega doma. Vgrajen visokokakovostni CMOS senzor z 18 IR LED diodami zagotavlja odli\u010den prikaz v temi, do 30 metrov stran. Pazi na vsak premik ali gibanje va\u0161ega otroka ali hi\u0161nega ljubljen\u010dka jasno pri \u0161ibki svetlobi.<\/p>\n<p><img decoding=\"async\" class=\"alignnone size-full wp-image-8262 ls-is-cached lazyloaded\" src=\"https:\/\/alex.shop\/wp-content\/uploads\/2022\/06\/rlc-510a-03.jpg\" alt=\"\" width=\"2000\" height=\"708\" data-src=\"https:\/\/alex.shop\/wp-content\/uploads\/2022\/06\/rlc-510a-03.jpg\" \/><\/p>\n<h4>Neprekinjeno 24\/7 snemanje, snemanje zaznavanja gibanja ali na\u010drtovano snemanje<\/h4>\n<p>Kamera podpira zaznavanje gibanja, neprekinjeno snemanje ali snemanje ob dolo\u010denih urah. Neprekinjeno snemanje 24 ur na dan, 7 dni v tednu je idealno na obmo\u010djih z velikim prometom, kot je vstop v trgovine, medtem ko lahko na obmo\u010djih z manj\u0161imi dejavnostmi, kot sta skladi\u0161\u010de ali no\u010dno bele\u017eenje pri zaznavanju gibanja, prihranite prostor za shranjevanje. Videoposnetke vseh treh vrst posnetkov lahko shranite na kartico micro SD (do 256 GB), snemalnik NVR Reolink ali stre\u017enik FTP. Izberite na\u010din, ki vam je v\u0161e\u010d, in u\u017eivajte v lahki in prilagojeni varnosti.<\/p>\n<h4>Pametni detektor gibanja in takoj\u0161nja obvestila<\/h4>\n<p>Nadzorna kamera Reolink RLC-510A z zelo ob\u010dutljivim senzorjem gibanja PIR zazna vsa gibanja ljudi skoraj brez napak. Ko kamera zazna gibanje, se takoj vklopi in vam po\u0161lje takoj\u0161nja opozorila.<\/p>\n<ul>\n<li><strong>Potisna obvestila in opozorila o gibanju po\u0161ljite po e-po\u0161ti<\/strong><br \/>\nneposredno v telefonu.<\/li>\n<li><strong>Kartica SD (izbirno)<\/strong><br \/>\nSnemajte in shranite gibljive videoposnetke na pomnilni\u0161ko kartico micro SD do 256 GB.<\/li>\n<\/ul>\n<h4>Dostop do kamere kadar koli in kjer koli<\/h4>\n<p>Nadzor \u0161e nikoli ni bil tako enostaven z brezpla\u010dno aplikacijo Reolink. Preverite, ali sta va\u0161a dru\u017eina in dom varna kadar koli in kjer koli v pametnih telefonih s sistemom iOS in Android ali v ra\u010dunalniku s sistemom Windows ali Mac. Tudi ko ste v pisarni ali potujete, lahko preverite, kaj se dogaja na poti.<\/p>\n<h4>Reolink RLC-510A \u2013 vsebina \u0161katle<\/h4>\n<p><img decoding=\"async\" class=\"ls-is-cached lazyloaded alignnone wp-image-8260 size-full\" src=\"https:\/\/alex.shop\/wp-content\/uploads\/2022\/06\/reolink-rlc-510a-sadrzaj.jpg\" alt=\"Reolink RLC-510A\" width=\"1208\" height=\"477\" data-src=\"https:\/\/alex.shop\/wp-content\/uploads\/2022\/06\/reolink-rlc-510a-sadrzaj.jpg\" \/><\/p>\n<h4>Reolink RLC-510A \u2013 dimenzije in specifikacije<\/h4>\n\n<h2>Reolink RLC-510A video<\/h2>\n<div class=\"video-container\"><iframe title=\"RLC-510A Unboxing, Setup &amp; Installation | 5MP PoE IP Camera with Person\/Vehicle Detection\" width=\"1170\" height=\"658\" src=\"https:\/\/www.youtube.com\/embed\/KIFVOQrAwoQ?feature=oembed&#038;enablejsapi=1&#038;origin=https:\/\/alex.shop\" frameborder=\"0\" allow=\"accelerometer; autoplay; clipboard-write; encrypted-media; gyroscope; picture-in-picture; web-share\" referrerpolicy=\"strict-origin-when-cross-origin\" allowfullscreen><\/iframe><\/div>\n<h4>Pripombo<\/h4>\n<p><strong>Fotoaparat ne prina\u0161a napajanja, fotoaparat pa lahko napajate na naslednje na\u010dine:<\/strong><\/p>\n<ol>\n<li><strong>Napajalnik z napajalnikom<\/strong>\u00a0(<a href=\"https:\/\/alex.shop\/reolink-rlc-510a-5mp-poe-ip-kamera\/?add-to-cart=2716\">dodaj v ko\u0161arico<\/a>)<br \/>\nPri fotoaparatu Reolink RLC-510A mora biti napajalnik DC 12V 1A.<\/li>\n<li>Napajanje z uporabo Reolink PoE NVR snemalnika Pove\u017eite IP kamero z Reolink PoE NVR snemalnikom z enim omre\u017enim kablom in takrat bo kamera napajana prek\u00a0<strong>snemalnika<\/strong><br \/>\n<a href=\"https:\/\/alex.shop\/sl\/kategorija\/video-nadzor\/video-snimaci-sl\/\">PoE NVR<\/a>.<br \/>\nOglejte si\u00a0<a href=\"https:\/\/alex.shop\/sl\/kategorija\/video-nadzor\/video-snimaci-sl\/\">ponudbo video snemalnika tukaj<\/a>.<\/li>\n<li><strong>Napajalnik z injektorjem\u00a0<\/strong>PoE (<a href=\"https:\/\/alex.shop\/reolink-rlc-510a-5mp-poe-ip-kamera\/?add-to-cart=9335\">dodaj v ko\u0161arico<\/a>)<br \/>\nZa Reolink RLC-510A lahko uporabite standard 802.3af (48V), skladen s PoE injektorjem ali stikalom, in podpira aktivni na\u010din.<\/li>\n<\/ol>\n<h3 data-start=\"626\" data-end=\"659\"><strong data-start=\"632\" data-end=\"659\">Pogosta vpra\u0161anja (FAQ)<\/strong><\/h3>\n<p data-start=\"661\" data-end=\"927\"><strong data-start=\"661\" data-end=\"723\">1. Ali Reolink RLC-510A deluje brez dodatnega napajalnika?<\/strong><br data-start=\"723\" data-end=\"726\" \/>Kamera podpira PoE (Power over Ethernet), zato deluje brez lo\u010denega napajalnika, \u010de je priklopljena na PoE stikalo ali Reolink NVR. \u010ce tega nimate, boste potrebovali 12V 1A napajalnik ali PoE injektor.<\/p>\n<p data-start=\"929\" data-end=\"1146\"><strong data-start=\"929\" data-end=\"967\">2. Kako poteka zaznavanje gibanja?<\/strong><br data-start=\"967\" data-end=\"970\" \/>Reolink RLC-510A uporablja napredno AI analizo za zaznavanje oseb in vozil, kar zmanj\u0161uje \u0161tevilo la\u017enih alarmov, ki jih lahko spro\u017eijo premikajo\u010de se sence, \u017eivali ali listje.<\/p>\n<p data-start=\"1148\" data-end=\"1300\"><strong data-start=\"1148\" data-end=\"1184\">3. Ali kamera snema tudi pono\u010di?<\/strong><br data-start=\"1184\" data-end=\"1187\" \/>Da, kamera ima 18 vgrajenih IR LED diod in visokokakovosten CMOS senzor, ki omogo\u010da jasen no\u010dni vid do 30 metrov.<\/p>\n<p data-start=\"1302\" data-end=\"1552\"><strong data-start=\"1302\" data-end=\"1347\">4. Kako lahko dostopam do videoposnetkov?<\/strong><br data-start=\"1347\" data-end=\"1350\" \/>Videoposnetke lahko spremljate in pregledate prek brezpla\u010dne Reolink aplikacije na telefonu (iOS\/Android) ali ra\u010dunalniku (Windows\/Mac). Posnetki se lahko shranjujejo na SD kartico, FTP ali Reolink NVR.<\/p>\n<p data-start=\"1554\" data-end=\"1783\"><strong data-start=\"1554\" data-end=\"1630\">5. Ali je kamera primerna za zunanjo uporabo v vseh vremenskih razmerah?<\/strong><br data-start=\"1630\" data-end=\"1633\" \/>Da, Reolink RLC-510A ima robustno ohi\u0161je z za\u0161\u010dito IP66, kar pomeni, da je odporna na de\u017e, prah, vro\u010dino in zmrzal \u2013 idealna za vse vremenske razmere.<\/p>\n<h3 data-start=\"164\" data-end=\"205\">Spremljajte nas na dru\u017ebenih omre\u017ejih<\/h3>\n<p data-start=\"207\" data-end=\"605\" data-is-last-node=\"\" data-is-only-node=\"\">Za ve\u010d nasvetov, novosti in ekskluzivnih ponudb obi\u0161\u010dite na\u0161 profil na <a class=\"\" href=\"https:\/\/www.facebook.com\/alarm.express.shop.si\/\" target=\"_new\" rel=\"noopener\" data-start=\"278\" data-end=\"327\">Facebooku<\/a> in <a class=\"\" href=\"https:\/\/www.instagram.com\/alarm.express.shop.si\/\" target=\"_new\" rel=\"noopener\" data-start=\"331\" data-end=\"382\">Instagramu<\/a>. Pridru\u017eite se skupnosti zadovoljnih uporabnikov, odkrijte, kako drugi uporabljajo Alex izdelke v svojem domu, in bodite prvi obve\u0161\u010deni o vseh novostih. Va\u0161a varnost in udobje se za\u010dneta tukaj \u2013 tudi na dru\u017ebenih omre\u017ejih!<\/p>\n","protected":false},"excerpt":{"rendered":"<p>Ugodna 5MP PoE IP kamera za zunanjo in notranjo uporabo. Opremljen je z za\u0161\u010dito IP66, vgrajeno re\u017eo za kartico micro SD, snemanje zvoka in zaznavanje gibanja. Nova razli\u010dica z odsevnikom za bolj\u0161o vidljivost.<\/p>\n","protected":false},"featured_media":1200,"template":"","meta":{"order-bump-settings":[],"_wpfnl_thankyou_order_overview":"on","_wpfnl_thankyou_order_details":"on","_wpfnl_thankyou_billing_details":"on","_wpfnl_thankyou_shipping_details":"on"},"product_brand":[140],"product_cat":[127],"product_tag":[130,76,93,95,97],"class_list":{"0":"post-1024","1":"product","2":"type-product","3":"status-publish","4":"has-post-thumbnail","6":"product_brand-reolink","7":"product_cat-poe-kamere","8":"product_tag-24h-snemanje","9":"product_tag-5mp","10":"product_tag-poe","11":"product_tag-priznavanje-oseb-in-vozil","12":"product_tag-reolink","14":"first","15":"instock","16":"sale","17":"taxable","18":"shipping-taxable","19":"purchasable","20":"product-type-simple"},"bundled_by":[],"bundle_stock_status":"instock","bundle_stock_quantity":17,"bundle_virtual":false,"bundle_layout":"","bundle_add_to_cart_form_location":"","bundle_editable_in_cart":false,"bundle_sold_individually_context":"","bundle_item_grouping":"","bundle_min_size":"","bundle_max_size":"","bundle_price":[],"bundled_items":[],"bundle_sell_ids":[],"_links":{"self":[{"href":"https:\/\/alex.shop\/si\/wp-json\/wp\/v2\/product\/1024","targetHints":{"allow":["GET"]}}],"collection":[{"href":"https:\/\/alex.shop\/si\/wp-json\/wp\/v2\/product"}],"about":[{"href":"https:\/\/alex.shop\/si\/wp-json\/wp\/v2\/types\/product"}],"version-history":[{"count":5,"href":"https:\/\/alex.shop\/si\/wp-json\/wp\/v2\/product\/1024\/revisions"}],"predecessor-version":[{"id":1940,"href":"https:\/\/alex.shop\/si\/wp-json\/wp\/v2\/product\/1024\/revisions\/1940"}],"wp:featuredmedia":[{"embeddable":true,"href":"https:\/\/alex.shop\/si\/wp-json\/wp\/v2\/media\/1200"}],"wp:attachment":[{"href":"https:\/\/alex.shop\/si\/wp-json\/wp\/v2\/media?parent=1024"}],"wp:term":[{"taxonomy":"product_brand","embeddable":true,"href":"https:\/\/alex.shop\/si\/wp-json\/wp\/v2\/product_brand?post=1024"},{"taxonomy":"product_cat","embeddable":true,"href":"https:\/\/alex.shop\/si\/wp-json\/wp\/v2\/product_cat?post=1024"},{"taxonomy":"product_tag","embeddable":true,"href":"https:\/\/alex.shop\/si\/wp-json\/wp\/v2\/product_tag?post=1024"}],"curies":[{"name":"wp","href":"https:\/\/api.w.org\/{rel}","templated":true}]}}