{"id":1025,"date":"2025-04-08T14:05:59","date_gmt":"2025-04-08T12:05:59","guid":{"rendered":"https:\/\/alex.shop\/si\/?post_type=product&#038;p=1025"},"modified":"2026-04-21T22:03:58","modified_gmt":"2026-04-21T20:03:58","slug":"reolink-rlc-520a-zunanja-5mp-poe-ip-kamera","status":"publish","type":"product","link":"https:\/\/alex.shop\/si\/reolink-rlc-520a-zunanja-5mp-poe-ip-kamera\/","title":{"rendered":"Reolink P324 (RLC-520A) &#8211; PoE kamera"},"content":{"rendered":"<p><img fetchpriority=\"high\" decoding=\"async\" class=\"aligncenter size-full wp-image-26108\" src=\"https:\/\/alex.shop\/wp-content\/uploads\/2020\/07\/Reolink-RLC-520A-2.jpg\" alt=\"\" width=\"1297\" height=\"584\" \/><\/p>\n<h2>Reolink RLC-520A<\/h2>\n<h4>Pametna zunanja nadzorna kamera PoE IP 5MP z mo\u017enostjo prepoznavanja oseb in vozil<\/h4>\n<p>Kamera Reolink RLC-512A snema v izjemno visoki lo\u010dljivosti 5MP. Lahko ga postavite kjerkoli, na vhodna vrata, na dvori\u0161\u010du, pred gara\u017eo in podobno. Uporabite ga lahko na za\u010dasnem gradbi\u0161\u010du, najemni hi\u0161i ali ko\u010di.<\/p>\n<h4>Enostavna namestitev PoE<\/h4>\n<p>Ta nadzorna IP kamera PoE uporablja en kabel za prenos podatkov in mo\u010di. Poenostavljeno o\u017ei\u010denje pomeni la\u017ejo namestitev. To je najbolj\u0161a izbira za ljubitelje naredi sam.<\/p>\n<h4>Super HD no\u010d in dan<\/h4>\n<p>Koti gledanja vodoravni 80\u00b0 in navpi\u010dni 58\u00b0 in 5MP Super HD lo\u010dljivost vam dajejo podrobno sliko va\u0161ega doma. Vgrajen visokokakovostni CMOS senzor z 18 IR LED diodami zagotavlja odli\u010den prikaz v temi, do 30 metrov stran. Pazi na vsak premik ali gibanje va\u0161ega otroka ali hi\u0161nega ljubljen\u010dka jasno pri \u0161ibki svetlobi.<\/p>\n<h4>Neprekinjeno 24\/7 snemanje, snemanje zaznavanja gibanja ali na\u010drtovano snemanje<\/h4>\n<p>Kamera podpira zaznavanje gibanja, neprekinjeno snemanje ali snemanje ob dolo\u010denih urah. Neprekinjeno snemanje 24 ur na dan, 7 dni v tednu je idealno na obmo\u010djih z velikim prometom, kot je vstop v trgovine, medtem ko lahko na obmo\u010djih z manj\u0161imi dejavnostmi, kot sta skladi\u0161\u010de ali no\u010dno bele\u017eenje pri zaznavanju gibanja, prihranite prostor za shranjevanje. Videoposnetke vseh treh vrst posnetkov lahko shranite na kartico micro SD (do 256 GB), snemalnik NVR Reolink ali stre\u017enik FTP. Izberite na\u010din, ki vam je v\u0161e\u010d, in u\u017eivajte v lahki in prilagojeni varnosti.<\/p>\n<h4>Pametni detektor gibanja in takoj\u0161nja obvestila<\/h4>\n<p>Nadzorna kamera Reolink RLC-520A z zelo ob\u010dutljivim senzorjem gibanja PIR zazna vsa \u010dlove\u0161ka gibanja skoraj brez napak. Ko kamera zazna gibanje, se takoj vklopi in vam po\u0161lje takoj\u0161nja opozorila.<\/p>\n<ul>\n<li><strong>Potisna obvestila in opozorila o gibanju po\u0161ljite po e-po\u0161ti<\/strong><br \/>\nneposredno v telefonu.<\/li>\n<li><strong>Kartica SD (izbirno)<\/strong><br \/>\nSnemajte in shranite gibljive videoposnetke na pomnilni\u0161ko kartico micro SD do 256 GB.<\/li>\n<\/ul>\n<h4>Dostop do kamere kadar koli in kjer koli<\/h4>\n<p>Nadzor \u0161e nikoli ni bil tako enostaven z brezpla\u010dno aplikacijo Reolink. Preverite, ali sta va\u0161a dru\u017eina in dom varna kadar koli in kjer koli v pametnih telefonih s sistemom iOS in Android ali v ra\u010dunalniku s sistemom Windows ali Mac. Tudi ko ste v pisarni ali potujete, lahko preverite, kaj se dogaja na poti.<\/p>\n<h4>Reolink RLC-520A \u2013 vsebina \u0161katle<\/h4>\n<p><img decoding=\"async\" class=\"alignnone size-full wp-image-8271 ls-is-cached lazyloaded\" src=\"https:\/\/alex.shop\/wp-content\/uploads\/2022\/06\/reolink-rlc-520a-sadrzaj.jpg\" alt=\"Polje vsebine Reolink RLC-520A \" width=\"1154\" height=\"483\" data-src=\"https:\/\/alex.shop\/wp-content\/uploads\/2022\/06\/reolink-rlc-520a-sadrzaj.jpg\" \/><\/p>\n<p>&nbsp;<\/p>\n<h4>Reolink RLC-520A \u2013 dimenzije in specifikacije<\/h4>\n\n<h2><\/h2>\n<h4>Pripombo<\/h4>\n<p><strong>Kamera ne prina\u0161a napajanja, kamera pa lahko napajate na naslednje na\u010dine:<\/strong><\/p>\n<ol>\n<li><strong>Napajalnik z napajalnikom<\/strong>\u00a0(<a href=\"https:\/\/alex.shop\/sl\/reolink-rlc-520a-vanjska-5mp-poe-ip-kamera\/?add-to-cart=2716\">dodaj v ko\u0161arico<\/a>)<br \/>\nPri kameri Reolink RLC-520A mora biti napajalnik DC 12V 1A.<\/li>\n<li>Napajanje z uporabo Reolink PoE NVR snemalnika Pove\u017eite IP kamero z Reolink PoE NVR snemalnikom z enim omre\u017enim kablom in takrat bo kamera napajana prek\u00a0<strong>snemalnika<\/strong><br \/>\n<a href=\"https:\/\/alex.shop\/sl\/kategorija\/video-nadzor\/video-snimaci-sl\/\">PoE NVR<\/a>.<br \/>\nOglejte si\u00a0<a href=\"https:\/\/alex.shop\/sl\/kategorija\/video-nadzor\/video-snimaci-sl\/\">ponudbo video snemalnika tukaj<\/a>.<\/li>\n<li>Napajalnik z injektorjem\/stikalom PoE (<a href=\"https:\/\/alex.shop\/reolink-rlc-520a-vanjska-5mp-poe-ip-kamera\/?add-to-cart=9335\">dodaj v ko\u0161arico<\/a>)<br \/>\nZa Reolink RLC-520A lahko uporabite standard 802.3af (48V), skladen s\u00a0<strong>PoE injektorjem ali stikalom<\/strong>, in podpira aktivni na\u010din.<\/li>\n<\/ol>\n","protected":false},"excerpt":{"rendered":"<p>IP kamera s 5 MP PoE zagotavlja visokokakovostno snemanje in za\u0161\u010dito pred vremenskimi vplivi ter omogo\u010da shranjevanje prek kartice micro SD. Idealen za nadzor v vseh pogojih.<\/p>\n","protected":false},"featured_media":1209,"template":"","meta":{"order-bump-settings":[],"_wpfnl_thankyou_order_overview":"on","_wpfnl_thankyou_order_details":"on","_wpfnl_thankyou_billing_details":"on","_wpfnl_thankyou_shipping_details":"on"},"product_brand":[140],"product_cat":[127],"product_tag":[130,76,93,95,97],"class_list":{"0":"post-1025","1":"product","2":"type-product","3":"status-publish","4":"has-post-thumbnail","6":"product_brand-reolink","7":"product_cat-poe-kamere","8":"product_tag-24h-snemanje","9":"product_tag-5mp","10":"product_tag-poe","11":"product_tag-priznavanje-oseb-in-vozil","12":"product_tag-reolink","14":"first","15":"instock","16":"sale","17":"featured","18":"taxable","19":"shipping-taxable","20":"purchasable","21":"product-type-simple"},"bundled_by":[],"bundle_stock_status":"instock","bundle_stock_quantity":22,"bundle_virtual":false,"bundle_layout":"","bundle_add_to_cart_form_location":"","bundle_editable_in_cart":false,"bundle_sold_individually_context":"","bundle_item_grouping":"","bundle_min_size":"","bundle_max_size":"","bundle_price":[],"bundled_items":[],"bundle_sell_ids":[],"_links":{"self":[{"href":"https:\/\/alex.shop\/si\/wp-json\/wp\/v2\/product\/1025","targetHints":{"allow":["GET"]}}],"collection":[{"href":"https:\/\/alex.shop\/si\/wp-json\/wp\/v2\/product"}],"about":[{"href":"https:\/\/alex.shop\/si\/wp-json\/wp\/v2\/types\/product"}],"version-history":[{"count":3,"href":"https:\/\/alex.shop\/si\/wp-json\/wp\/v2\/product\/1025\/revisions"}],"predecessor-version":[{"id":1707,"href":"https:\/\/alex.shop\/si\/wp-json\/wp\/v2\/product\/1025\/revisions\/1707"}],"wp:featuredmedia":[{"embeddable":true,"href":"https:\/\/alex.shop\/si\/wp-json\/wp\/v2\/media\/1209"}],"wp:attachment":[{"href":"https:\/\/alex.shop\/si\/wp-json\/wp\/v2\/media?parent=1025"}],"wp:term":[{"taxonomy":"product_brand","embeddable":true,"href":"https:\/\/alex.shop\/si\/wp-json\/wp\/v2\/product_brand?post=1025"},{"taxonomy":"product_cat","embeddable":true,"href":"https:\/\/alex.shop\/si\/wp-json\/wp\/v2\/product_cat?post=1025"},{"taxonomy":"product_tag","embeddable":true,"href":"https:\/\/alex.shop\/si\/wp-json\/wp\/v2\/product_tag?post=1025"}],"curies":[{"name":"wp","href":"https:\/\/api.w.org\/{rel}","templated":true}]}}