{"id":1026,"date":"2025-04-08T14:05:59","date_gmt":"2025-04-08T12:05:59","guid":{"rendered":"https:\/\/alex.shop\/si\/?post_type=product&#038;p=1026"},"modified":"2026-04-21T22:03:58","modified_gmt":"2026-04-21T20:03:58","slug":"reolink-rlc-811a-zunanja-8mp-4k-poe-ip-kamera-z-reflektorjem","status":"publish","type":"product","link":"https:\/\/alex.shop\/si\/reolink-rlc-811a-zunanja-8mp-4k-poe-ip-kamera-z-reflektorjem\/","title":{"rendered":"Reolink P430 (RLC-811A) &#8211; PoE kamera z reflektorjem"},"content":{"rendered":"<p><img fetchpriority=\"high\" decoding=\"async\" class=\"aligncenter size-full wp-image-8784 ls-is-cached lazyloaded\" src=\"https:\/\/alex.shop\/wp-content\/uploads\/2022\/08\/rlc-811a-02.jpg\" alt=\"\" width=\"2000\" height=\"599\" data-src=\"https:\/\/alex.shop\/wp-content\/uploads\/2022\/08\/rlc-811a-02.jpg\" \/><\/p>\n<h2>Reolink RLC-811A<\/h2>\n<h4>Pametna zunanja 8MP PoE IP nadzorna kamera z mo\u017enostjo identifikacije ljudi in vozil<\/h4>\n<p>Kamera Reolink RLC-811A zajame izjemno visoko lo\u010dljivost 8MP. Lahko ga postavite kjerkoli, na vhodna vrata, na dvori\u0161\u010du, pred gara\u017eo in podobno. Uporabite ga lahko na za\u010dasnem gradbi\u0161\u010du, najemni hi\u0161i ali ko\u010di. Kristalno \u010dista kakovost slike z lo\u010dljivostjo 4K, ki je 1,6-krat vi\u0161ja od lo\u010dljivosti SuperHD in 4x \u010distej\u0161a ter bolj\u0161a od lo\u010dljivosti 1080p-FullHD. S to kamero vidite tudi najmanj\u0161e podrobnosti, ko gledate sliko v \u017eivo ali shranjene posnetke.<\/p>\n<h4>Enostavna namestitev PoE<\/h4>\n<p>Ta nadzorna IP kamera PoE uporablja en kabel za prenos podatkov in mo\u010di. Poenostavljeno o\u017ei\u010denje pomeni la\u017ejo namestitev. To je najbolj\u0161a izbira za ljubitelje naredi sam.<\/p>\n<p><img decoding=\"async\" class=\"aligncenter size-full wp-image-8793 lazyloaded\" src=\"https:\/\/alex.shop\/wp-content\/uploads\/2022\/08\/rlc-811a-Ultra-Clarity-at-Night.jpg.webp\" alt=\"\" width=\"1200\" height=\"472\" data-src=\"https:\/\/alex.shop\/wp-content\/uploads\/2022\/08\/rlc-811a-Ultra-Clarity-at-Night.jpg.webp\" data-srcset=\"https:\/\/alex.shop\/wp-content\/uploads\/2022\/08\/rlc-811a-Ultra-Clarity-at-Night.jpg.webp 1200w, https:\/\/alex.shop\/wp-content\/uploads\/2022\/08\/rlc-811a-Ultra-Clarity-at-Night.jpg-300x118.webp 300w, https:\/\/alex.shop\/wp-content\/uploads\/2022\/08\/rlc-811a-Ultra-Clarity-at-Night.jpg-1024x403.webp 1024w, https:\/\/alex.shop\/wp-content\/uploads\/2022\/08\/rlc-811a-Ultra-Clarity-at-Night.jpg-768x302.webp 768w, https:\/\/alex.shop\/wp-content\/uploads\/2022\/08\/rlc-811a-Ultra-Clarity-at-Night.jpg-610x240.webp 610w, https:\/\/alex.shop\/wp-content\/uploads\/2022\/08\/rlc-811a-Ultra-Clarity-at-Night.jpg-990x389.webp 990w, https:\/\/alex.shop\/wp-content\/uploads\/2022\/08\/rlc-811a-Ultra-Clarity-at-Night.jpg-441x173.webp 441w, https:\/\/alex.shop\/wp-content\/uploads\/2022\/08\/rlc-811a-Ultra-Clarity-at-Night.jpg-600x236.webp 600w, https:\/\/alex.shop\/wp-content\/uploads\/2022\/08\/rlc-811a-Ultra-Clarity-at-Night.jpg-150x59.webp 150w\" data-sizes=\"(max-width: 1200px) 100vw, 1200px\" \/><\/p>\n<h4>4K (3840X2160 px) HD no\u010d in dan<\/h4>\n<p>U\u017eivajte v lo\u010dljivosti slike 4K podnevi in pono\u010di. Vgrajeni 5 LED reflektorji zagotavljajo barvni prikaz in osvetlitev prostora pono\u010di do razdalje 30m. Kamera RLC-811A ima 5-kratno opti\u010dno pove\u010davo z nastavljivim kotom vidljivosti od 31\u00b0 do 105\u00b0 in 2,7 mm \u2013 13,5 mm motoriziranega objektiva. Kamero lahko prilagodite va\u0161i okolici. \u010ce \u017eelite posneti veliko okolje, prilagodite \u0161irok kot vidljivosti in \u010de \u017eelite posneti oddaljeno povr\u0161ino ali subjekt iz hi\u0161e, lahko pove\u010date opti\u010dno pove\u010davo ali kot vidljivosti. To je super, \u010de \u017eelite posneti dovozno cesto ali vrata, ki so od va\u0161e hi\u0161e oddaljena 20m ali \u010de je kamera bolj oddaljena od \u017eelenega prostora za snemanje.<\/p>\n<p><img decoding=\"async\" class=\"aligncenter size-full wp-image-8794 lazyloaded\" src=\"https:\/\/alex.shop\/wp-content\/uploads\/2022\/08\/rlc-811a-5x-zoom-pc.jpg.webp\" alt=\"\" width=\"830\" height=\"510\" data-src=\"https:\/\/alex.shop\/wp-content\/uploads\/2022\/08\/rlc-811a-5x-zoom-pc.jpg.webp\" data-srcset=\"https:\/\/alex.shop\/wp-content\/uploads\/2022\/08\/rlc-811a-5x-zoom-pc.jpg.webp 830w, https:\/\/alex.shop\/wp-content\/uploads\/2022\/08\/rlc-811a-5x-zoom-pc.jpg-300x184.webp 300w, https:\/\/alex.shop\/wp-content\/uploads\/2022\/08\/rlc-811a-5x-zoom-pc.jpg-768x472.webp 768w, https:\/\/alex.shop\/wp-content\/uploads\/2022\/08\/rlc-811a-5x-zoom-pc.jpg-610x375.webp 610w, https:\/\/alex.shop\/wp-content\/uploads\/2022\/08\/rlc-811a-5x-zoom-pc.jpg-441x271.webp 441w, https:\/\/alex.shop\/wp-content\/uploads\/2022\/08\/rlc-811a-5x-zoom-pc.jpg-600x369.webp 600w, https:\/\/alex.shop\/wp-content\/uploads\/2022\/08\/rlc-811a-5x-zoom-pc.jpg-150x92.webp 150w\" data-sizes=\"(max-width: 830px) 100vw, 830px\" \/><\/p>\n<h4>Neprekinjeno 24\/7 snemanje, snemanje zaznavanja gibanja ali na\u010drtovano snemanje<\/h4>\n<p>Kamera podpira zaznavanje gibanja, neprekinjeno snemanje ali snemanje ob dolo\u010denih urah. Neprekinjeno snemanje 24 ur na dan, 7 dni v tednu je idealno na obmo\u010djih z velikim prometom, kot je vstop v trgovine, medtem ko lahko na obmo\u010djih z manj\u0161imi dejavnostmi, kot sta skladi\u0161\u010de ali no\u010dno bele\u017eenje pri zaznavanju gibanja, prihranite prostor za shranjevanje. Videoposnetke vseh treh vrst posnetkov lahko shranite na kartico micro SD (do 256 GB), snemalnik NVR Reolink ali stre\u017enik FTP. Izberite na\u010din, ki vam je v\u0161e\u010d, in u\u017eivajte v lahki in prilagojeni varnosti.<\/p>\n<h4>Pametni detektor gibanja in takoj\u0161nja obvestila<\/h4>\n<p>Nadzorna kamera Reolink RLC-811A z zelo ob\u010dutljivim senzorjem gibanja PIR zazna vsa \u010dlove\u0161ka gibanja skoraj brez napak. Ko kamera zazna gibanje, se takoj vklopi in vam po\u0161lje takoj\u0161nja opozorila.<\/p>\n<ul>\n<li><strong>Potisna obvestila in opozorila o gibanju po\u0161ljite po e-po\u0161ti<\/strong><br \/>\nneposredno v telefonu.<\/li>\n<li><strong>Kartica SD (izbirno)<\/strong><br \/>\nSnemajte in shranite gibljive videoposnetke na pomnilni\u0161ko kartico micro SD do 256 GB.<\/li>\n<li><strong>Sirena<\/strong><br \/>\nZ vgrajeno sireno na kameri lahko odstranite morebitne ne\u017eelene vlomilce (aktiviranje z zaznavanjem gibanja in nastavitvijo zvoka)<\/li>\n<li><strong>Z<\/strong><br \/>\naplikacijo Reolink lahko omogo\u010dite vklop \u017earometa v temi pri zaznavanju ljudi\/gibov.<\/li>\n<\/ul>\n<h4>Dvosmerna zvo\u010dna komunikacija<\/h4>\n<p>Prisluhnite, kaj se dogaja znotraj ali zunaj va\u0161ega doma in se pogovorite z enim samim dotikom. Z vgrajenim mikrofonom in zvo\u010dnikom lahko komunicirate s starej\u0161imi, otroki, varu\u0161kami, hi\u0161nimi ljubljen\u010dki in opozorite vse, ki niso povabljeni.<\/p>\n<h4>Dostop do kamere kadar koli in kjer koli<\/h4>\n<p>Nadzor \u0161e nikoli ni bil tako enostaven z brezpla\u010dno aplikacijo Reolink. Preverite, ali sta va\u0161a dru\u017eina in dom varna kadar koli in kjer koli v pametnih telefonih s sistemom iOS in Android ali v ra\u010dunalniku s sistemom Windows ali Mac. Tudi ko ste v pisarni ali potujete, lahko preverite, kaj se dogaja na poti.<\/p>\n<h4>Reolink RLC-811A \u2013 vsebina \u0161katle<\/h4>\n<p><img loading=\"lazy\" decoding=\"async\" class=\"aligncenter size-full wp-image-8790 ls-is-cached lazyloaded\" src=\"https:\/\/alex.shop\/wp-content\/uploads\/2022\/08\/rlc-811a-sadrzaj.jpg\" alt=\"\" width=\"1214\" height=\"495\" data-src=\"https:\/\/alex.shop\/wp-content\/uploads\/2022\/08\/rlc-811a-sadrzaj.jpg\" \/><\/p>\n<h4>Reolink RLC-811A \u2013 dimenzije in specifikacije<\/h4>\n\n<h2><\/h2>\n<h4><\/h4>\n<h4>Pripombo<\/h4>\n<p><strong>Kamera ne prina\u0161a napajanja, pa lahko napajate na naslednje na\u010dine:<\/strong><\/p>\n<ol>\n<li><strong>Napajalnik z napajalnikom<\/strong>\u00a0(<a href=\"https:\/\/alex.shop\/reolink-rlc-811a-vanjska-8mp-4k-poe-ip-kamera-s-reflektorom\/?add-to-cart=2716\">dodaj v ko\u0161arico<\/a>)<br \/>\nPri Reolink RLC-811A mora biti napajalnik enosmerni tok 12V 1A.<\/li>\n<li>Napajanje z uporabo Reolink PoE NVR snemalnika Pove\u017eite IP kamero z Reolink PoE NVR snemalnikom z enim omre\u017enim kablom in takrat bo kamera napajana prek\u00a0<strong>snemalnika<\/strong><br \/>\n<a href=\"https:\/\/alex.shop\/sl\/kategorija\/video-nadzor\/video-snimaci-sl\/\">PoE NVR<\/a>.<br \/>\nOglejte si\u00a0<a href=\"https:\/\/alex.shop\/sl\/kategorija\/video-nadzor\/video-snimaci-sl\/\">ponudbo video snemalnika tukaj<\/a>.<\/li>\n<li>Napajalnik z injektorjem PoE Za Reolink RLC-811A morate uporabiti standard 802.3af (48V), skladen s\u00a0<strong>PoE injektorjem<\/strong><br \/>\nali stikalom, in podpira aktivni na\u010din.<\/li>\n<\/ol>\n","protected":false},"excerpt":{"rendered":"<p>8MP PoE kamera ponuja izjemno kakovost slike z lo\u010dljivostjo 4K in 5-kratnim opti\u010dnim zoomom. Opremljen je z LED reflektorjem za dobro vidljivost v no\u010dnih razmerah.<\/p>\n","protected":false},"featured_media":1219,"template":"","meta":{"order-bump-settings":[],"_wpfnl_thankyou_order_overview":"on","_wpfnl_thankyou_order_details":"on","_wpfnl_thankyou_billing_details":"on","_wpfnl_thankyou_shipping_details":"on"},"product_brand":[140],"product_cat":[127],"product_tag":[130,80,93,97],"class_list":{"0":"post-1026","1":"product","2":"type-product","3":"status-publish","4":"has-post-thumbnail","6":"product_brand-reolink","7":"product_cat-poe-kamere","8":"product_tag-24h-snemanje","9":"product_tag-8mp","10":"product_tag-poe","11":"product_tag-reolink","13":"first","14":"instock","15":"sale","16":"taxable","17":"shipping-taxable","18":"purchasable","19":"product-type-simple"},"bundled_by":[],"bundle_stock_status":"instock","bundle_stock_quantity":8,"bundle_virtual":false,"bundle_layout":"","bundle_add_to_cart_form_location":"","bundle_editable_in_cart":false,"bundle_sold_individually_context":"","bundle_item_grouping":"","bundle_min_size":"","bundle_max_size":"","bundle_price":[],"bundled_items":[],"bundle_sell_ids":[],"_links":{"self":[{"href":"https:\/\/alex.shop\/si\/wp-json\/wp\/v2\/product\/1026","targetHints":{"allow":["GET"]}}],"collection":[{"href":"https:\/\/alex.shop\/si\/wp-json\/wp\/v2\/product"}],"about":[{"href":"https:\/\/alex.shop\/si\/wp-json\/wp\/v2\/types\/product"}],"version-history":[{"count":4,"href":"https:\/\/alex.shop\/si\/wp-json\/wp\/v2\/product\/1026\/revisions"}],"predecessor-version":[{"id":1709,"href":"https:\/\/alex.shop\/si\/wp-json\/wp\/v2\/product\/1026\/revisions\/1709"}],"wp:featuredmedia":[{"embeddable":true,"href":"https:\/\/alex.shop\/si\/wp-json\/wp\/v2\/media\/1219"}],"wp:attachment":[{"href":"https:\/\/alex.shop\/si\/wp-json\/wp\/v2\/media?parent=1026"}],"wp:term":[{"taxonomy":"product_brand","embeddable":true,"href":"https:\/\/alex.shop\/si\/wp-json\/wp\/v2\/product_brand?post=1026"},{"taxonomy":"product_cat","embeddable":true,"href":"https:\/\/alex.shop\/si\/wp-json\/wp\/v2\/product_cat?post=1026"},{"taxonomy":"product_tag","embeddable":true,"href":"https:\/\/alex.shop\/si\/wp-json\/wp\/v2\/product_tag?post=1026"}],"curies":[{"name":"wp","href":"https:\/\/api.w.org\/{rel}","templated":true}]}}