{"id":1027,"date":"2025-04-08T14:05:59","date_gmt":"2025-04-08T12:05:59","guid":{"rendered":"https:\/\/alex.shop\/si\/?post_type=product&#038;p=1027"},"modified":"2026-04-21T22:03:58","modified_gmt":"2026-04-21T20:03:58","slug":"reolink-e1-zoom-notranja-5mp-vrtljiva-moto-zoom-wifi-kamera","status":"publish","type":"product","link":"https:\/\/alex.shop\/si\/reolink-e1-zoom-notranja-5mp-vrtljiva-moto-zoom-wifi-kamera\/","title":{"rendered":"Reolink E340 (E1 Zoom) &#8211; notranja vrtljiva moto-zoom kamera"},"content":{"rendered":"<p>&nbsp;<\/p>\n<p><img fetchpriority=\"high\" decoding=\"async\" class=\"aligncenter size-full wp-image-9273\" src=\"https:\/\/alex.shop\/wp-content\/uploads\/2020\/07\/Reolink-E1-Zoom-02.webp\" alt=\"\" width=\"1920\" height=\"570\" \/><\/p>\n<h2>Reolink E1 Zoom V2<\/h2>\n<h4>Notranja WiFi kamera z opti\u010dnim zoomom<\/h4>\n<p>Kamera Reolink E1 Zoom snema v ultra visoki lo\u010dljivosti 5MP in 3x opti\u010dni zoom. Lahko ga postavite kjerkoli, na polico ali na mizo, ga nosite iz sobe v sobo, da pazite na svoje starej\u0161e gospodinjstvo, dojen\u010dke ali hi\u0161ne ljubljen\u010dke.<\/p>\n<p><img decoding=\"async\" class=\"aligncenter size-full wp-image-27181\" src=\"https:\/\/alex.shop\/wp-content\/uploads\/2024\/09\/Reolink-E1-Zoom-en-2.jpg\" alt=\"\" width=\"1464\" height=\"600\" \/><\/p>\n<h4>Mo\u017enost vrtenja in nagibanja \u2013 za\u0161\u010ditite tisto, kar je pomembno, iz vseh zornih kotov<\/h4>\n<p>Ker se lahko pomikate levo in desno, nagibate navzgor in navzdol ter trikrat opti\u010dno pove\u010date, Reolink E1 Zoom zagotavlja popolno pokritost brez mrtvih kotov. S pomo\u010djo aplikacije lahko na daljavo upravljate funkcijo vrtenja in nagibanja ter vedno pozorno spremljate svoje najdra\u017eje, tudi \u010de ste na drugem koncu sveta.<\/p>\n<p><img decoding=\"async\" class=\"alignnone size-full wp-image-1136 ls-is-cached lazyloaded\" src=\"https:\/\/alex.shop\/wp-content\/uploads\/2020\/07\/reolink-e1-zoom.gif\" alt=\"\" width=\"800\" height=\"375\" data-src=\"https:\/\/alex.shop\/wp-content\/uploads\/2020\/07\/reolink-e1-zoom.gif\" \/><\/p>\n<h4>Preprost in zanesljiv dvopasovni WiFi<\/h4>\n<p>E1 Zoom podpira 2.4GHz in 5GHz WiFi, kar ponuja ve\u010d mo\u017enosti brez\u017ei\u010dne povezljivosti. Dvopasovna WiFi tehnologija in 2T2R MIMO antene zagotavljajo mo\u010dan signal za stabilno in zanesljivo povezavo.<\/p>\n<h4>Super HD podnevi in no\u010d<\/h4>\n<p>Oglejte si do zadnje podrobnosti s kakovostjo videa 5MP Super HD. Daje jasnej\u0161i in ostrej\u0161i zaslon kot 4MP kamere. Z napredno tehnologijo senzorja CMOS kamera Reolink E1 Zoom prikazuje podrobnosti v slabih svetlobnih pogojih.<\/p>\n<div id=\"gallery-1\" class=\"gallery galleryid-1026 gallery-columns-2 gallery-size-medium\">\n<figure class=\"gallery-item\">\n<div class=\"gallery-icon landscape\"><a href=\"https:\/\/alex.shop\/wp-content\/uploads\/2020\/07\/Reolink-E1-Zoom-06-scaled.jpg\"><img loading=\"lazy\" decoding=\"async\" class=\"attachment-medium size-medium ls-is-cached lazyloaded\" src=\"https:\/\/alex.shop\/wp-content\/uploads\/2020\/07\/Reolink-E1-Zoom-06-scaled.jpg\" alt=\"Reolink E1 Zoom\" width=\"300\" height=\"176\" data-src=\"https:\/\/alex.shop\/wp-content\/uploads\/2020\/07\/Reolink-E1-Zoom-06-scaled.jpg\" data-sizes=\"(max-width: 360px) 147px, \" \/><\/a><\/div>\n<\/figure>\n<figure class=\"gallery-item\">\n<div class=\"gallery-icon landscape\"><a href=\"https:\/\/alex.shop\/wp-content\/uploads\/2020\/07\/Reolink-E1-Zoom-03-scaled.jpg\"><img loading=\"lazy\" decoding=\"async\" class=\"attachment-medium size-medium ls-is-cached lazyloaded\" src=\"https:\/\/alex.shop\/wp-content\/uploads\/2020\/07\/Reolink-E1-Zoom-03-scaled.jpg\" alt=\"Reolink E1 Zoom\" width=\"300\" height=\"176\" data-src=\"https:\/\/alex.shop\/wp-content\/uploads\/2020\/07\/Reolink-E1-Zoom-03-scaled.jpg\" data-sizes=\"(max-width: 360px) 147px, \" \/><\/a><\/div>\n<\/figure>\n<figure class=\"gallery-item\">\n<div class=\"gallery-icon landscape\"><a href=\"https:\/\/alex.shop\/wp-content\/uploads\/2020\/07\/Reolink-E1-Zoom-04-scaled.jpg\"><img loading=\"lazy\" decoding=\"async\" class=\"attachment-medium size-medium ls-is-cached lazyloaded\" src=\"https:\/\/alex.shop\/wp-content\/uploads\/2020\/07\/Reolink-E1-Zoom-04-scaled.jpg\" alt=\"Reolink E1 Zoom\" width=\"300\" height=\"176\" data-src=\"https:\/\/alex.shop\/wp-content\/uploads\/2020\/07\/Reolink-E1-Zoom-04-scaled.jpg\" data-sizes=\"(max-width: 360px) 147px, \" \/><\/a><\/div>\n<\/figure>\n<figure class=\"gallery-item\">\n<div class=\"gallery-icon landscape\"><a href=\"https:\/\/alex.shop\/wp-content\/uploads\/2020\/07\/Reolink-E1-Zoom-07-scaled.jpg\"><img loading=\"lazy\" decoding=\"async\" class=\"attachment-medium size-medium ls-is-cached lazyloaded\" src=\"https:\/\/alex.shop\/wp-content\/uploads\/2020\/07\/Reolink-E1-Zoom-07-scaled.jpg\" alt=\"Reolink E1 Zoom\" width=\"300\" height=\"176\" data-src=\"https:\/\/alex.shop\/wp-content\/uploads\/2020\/07\/Reolink-E1-Zoom-07-scaled.jpg\" data-sizes=\"(max-width: 360px) 147px, \" \/><\/a><\/div>\n<\/figure>\n<\/div>\n<h4>Pametni detektor gibanja in takoj\u0161nja obvestila<\/h4>\n<p>Nadzorna kamera Reolink E1 Zoom z zelo ob\u010dutljivim PIR senzorjem gibanja skoraj brez napak zazna vsa \u010dlove\u0161ka gibanja. Ko zazna gibanje, se kamera takoj vklopi, da vam po\u0161lje takoj\u0161nja opozorila, hkrati pa se samodejno spro\u017ei sirena ali glasovno opozorilo po meri, da odvrne ne\u017eelene obiskovalce.<\/p>\n<ul>\n<li><strong>Potisna obvestila in e-po\u0161tna<\/strong><br \/>\nopozorila o potezah neposredno v telefonu.<\/li>\n<li><strong>Zvok sirene<\/strong><br \/>\nSirena 75 dB. Spro\u017ei se z gibanjem ali daljinsko omogo\u010deno\/onemogo\u010deno.<\/li>\n<li><strong>Opozorila o glasovnem<\/strong><br \/>\nUstvarite lastno glasovno opozorilo glede na svoje potrebe.<\/li>\n<li><strong>Kartica SD (izbirno):<\/strong><br \/>\nSnemajte in shranjujte videoposnetke v gibanju na kartico micro SD do 128 GB.<\/li>\n<\/ul>\n<h4>Dvosmerna zvo\u010dna komunikacija<\/h4>\n<p>Poslu\u0161ajte, kaj se dogaja v va\u0161em domu ali zunaj njega, in se pogovarjajte z enim samim dotikom. S pomo\u010djo vgrajenega mikrofona in zvo\u010dnika lahko komunicirate s starej\u0161imi, otroki, varu\u0161kami, hi\u0161nimi ljubljen\u010dki in opozorite vse nepovabljene.<\/p>\n<h4>Samodejno sledenje ljudem ali gibanju<\/h4>\n<p>Reolink E1 Zoom V2 vam omogo\u010da samodejno sledenje osebi ali vozilu s samodejnim vrtenjem in nagibanjem kamere. Pokrijte presenetljivo veliko obmo\u010dje, ki ga \u017eelite spremljati, in kamera bo sama zaznala in sledila prihajajo\u010dim ljudem.<\/p>\n<p><img loading=\"lazy\" decoding=\"async\" class=\"aligncenter size-full wp-image-27175\" src=\"https:\/\/alex.shop\/wp-content\/uploads\/2024\/09\/Reolink-E1-Zoom-en-3.jpg\" alt=\"\" width=\"1464\" height=\"600\" \/><\/p>\n<h4>Dostop do kamere kadarkoli in kjerkoli<\/h4>\n<p>Nadzor \u0161e nikoli ni bil tako enostaven z brezpla\u010dno aplikacijo Reolink. Preverite, ali sta va\u0161a dru\u017eina in dom varna kadar koli in kjerkoli prek pametnih telefonov iOS in Android ali prek ra\u010dunalnikov Windows ali Mac. Tudi ko ste v pisarni ali na potovanju, lahko preverite, kaj se dogaja na poti.<\/p>\n<h4>Oblak Reolink<\/h4>\n<p>Reolink E1 Zoom podpira storitev shranjevanja <a href=\"https:\/\/cloud.reolink.com\/\" target=\"_blank\" rel=\"noopener\">Reolink Cloud<\/a>. Na ta na\u010din se videoposnetki popolnoma brezpla\u010dno shranjujejo tudi v oblak. Reolink Cloud ponuja varnostno kopiranje vseh pomembnih dogodkov in vam omogo\u010da dostop do shranjenih videoposnetkov kjerkoli in kadarkoli. Ni vam treba skrbeti, da bo kamera ukraden ali da bi se pomnilni\u0161ka kartica pokvarila.<\/p>\n<h4>Glasovno upravljanje<\/h4>\n<p>Nadzor nadzorne kamere, ki deluje s Pomo\u010dnikom Google, ne more biti la\u017eji. Samo recite \u00bbHej Google, poka\u017ei mi dvori\u0161\u010de\u00ab in v \u017eivo boste lahko gledali s kamere prek Google Nest Hub ali pametnih televizorjev, ki podpirajo Chromecast.<\/p>\n<h4>Reolink E1 Zoom \u2013 vsebina \u0161katle<\/h4>\n<p><img loading=\"lazy\" decoding=\"async\" class=\"aligncenter size-full wp-image-9041 ls-is-cached lazyloaded\" src=\"https:\/\/alex.shop\/wp-content\/uploads\/2020\/07\/e1-zoom-sadrzaj.jpg\" alt=\"\" width=\"1154\" height=\"476\" data-src=\"https:\/\/alex.shop\/wp-content\/uploads\/2020\/07\/e1-zoom-sadrzaj.jpg\" \/><\/p>\n<h4>Reolink E1 Zoom Dimenzije in specifikacije<\/h4>\n<div id=\"gallery-2\" class=\"gallery galleryid-1026 gallery-columns-3 gallery-size-medium\">\n<figure class=\"gallery-item\">\n<div class=\"gallery-icon landscape\"><a href=\"https:\/\/alex.shop\/wp-content\/uploads\/2020\/07\/reolink-e1-zoom-specs.jpeg\"><img loading=\"lazy\" decoding=\"async\" class=\"attachment-medium size-medium lazyloaded\" src=\"https:\/\/alex.shop\/wp-content\/uploads\/2020\/07\/reolink-e1-zoom-specs.jpeg\" alt=\"Specifikacije Reolink E1 Zoom\" width=\"300\" height=\"167\" data-src=\"https:\/\/alex.shop\/wp-content\/uploads\/2020\/07\/reolink-e1-zoom-specs.jpeg\" data-sizes=\"(max-width: 360px) 147px, \" \/><\/a><\/div>\n<\/figure>\n<figure class=\"gallery-item\">\n<div class=\"gallery-icon landscape\"><a href=\"https:\/\/alex.shop\/wp-content\/uploads\/2020\/07\/reolink-e1-pro-back-300x167.webp\"><img loading=\"lazy\" decoding=\"async\" class=\"attachment-medium size-medium lazyloaded\" src=\"https:\/\/alex.shop\/wp-content\/uploads\/2020\/07\/reolink-e1-pro-back-300x167.webp\" alt=\"Reolink E1 Pro Nazaj\" width=\"300\" height=\"167\" data-src=\"https:\/\/alex.shop\/wp-content\/uploads\/2020\/07\/reolink-e1-pro-back-300x167.webp\" data-srcset=\"https:\/\/alex.shop\/wp-content\/uploads\/2020\/07\/reolink-e1-pro-back-300x167.webp 300w, https:\/\/alex.shop\/wp-content\/uploads\/2020\/07\/reolink-e1-pro-back-768x427.webp 768w, https:\/\/alex.shop\/wp-content\/uploads\/2020\/07\/reolink-e1-pro-back-610x339.webp 610w, https:\/\/alex.shop\/wp-content\/uploads\/2020\/07\/reolink-e1-pro-back-441x245.webp 441w, https:\/\/alex.shop\/wp-content\/uploads\/2020\/07\/reolink-e1-pro-back-600x333.webp 600w, https:\/\/alex.shop\/wp-content\/uploads\/2020\/07\/reolink-e1-pro-back-150x83.webp 150w, https:\/\/alex.shop\/wp-content\/uploads\/2020\/07\/reolink-e1-pro-back.webp 900w\" data-sizes=\"(max-width: 360px) 147px, (max-width: 300px) 100vw, 300px\" \/><\/a><\/div>\n<\/figure>\n<figure class=\"gallery-item\">\n<div class=\"gallery-icon landscape\"><a href=\"https:\/\/alex.shop\/wp-content\/uploads\/2020\/07\/reolink-e1-zoom-dimensions.jpeg\"><img loading=\"lazy\" decoding=\"async\" class=\"attachment-medium size-medium lazyloaded\" src=\"https:\/\/alex.shop\/wp-content\/uploads\/2020\/07\/reolink-e1-zoom-dimensions.jpeg\" alt=\"Reolink E1 Dimenzije pove\u010dave\" width=\"300\" height=\"167\" data-src=\"https:\/\/alex.shop\/wp-content\/uploads\/2020\/07\/reolink-e1-zoom-dimensions.jpeg\" data-sizes=\"(max-width: 360px) 147px, \" \/><\/a><\/div>\n<\/figure>\n<\/div>\n<h3>Reolink E1 Zoom video<\/h3>\n<p><a href=\"https:\/\/www.youtube.com\/watch?v=4H1kyS49viE\" target=\"_blank\" rel=\"noopener\">Oglejte si videoposnetek<\/a><\/p>\n","protected":false},"excerpt":{"rendered":"<p>Reolink E1 Zoom: 5MP notranja WiFi kamera. Vrtenje do 355\u00b0, sledenje ljudem, 3x opti\u010dni zoom. No\u010dni vid, zaznavanje gibanja, sirena, dvosmerni zvok. Zdru\u017eljiv z Alexa in Google Assistant.<\/p>\n","protected":false},"featured_media":1162,"template":"","meta":{"order-bump-settings":[],"_wpfnl_thankyou_order_overview":"on","_wpfnl_thankyou_order_details":"on","_wpfnl_thankyou_billing_details":"on","_wpfnl_thankyou_shipping_details":"on"},"product_brand":[140],"product_cat":[109],"product_tag":[72,76,86,87,129,110,97,111],"class_list":{"0":"post-1027","1":"product","2":"type-product","3":"status-publish","4":"has-post-thumbnail","6":"product_brand-reolink","7":"product_cat-wifi-kamere","8":"product_tag-3x-zoom","9":"product_tag-5mp","10":"product_tag-dvojne-avdio-kamere","11":"product_tag-e1-serija","12":"product_tag-nadzor-hisnih-zivali","13":"product_tag-notranje-kamere-wifi","14":"product_tag-reolink","15":"product_tag-vrtljive-kamere","17":"first","18":"instock","19":"sale","20":"taxable","21":"shipping-taxable","22":"purchasable","23":"product-type-simple"},"bundled_by":[],"bundle_stock_status":"instock","bundle_stock_quantity":4,"bundle_virtual":false,"bundle_layout":"","bundle_add_to_cart_form_location":"","bundle_editable_in_cart":false,"bundle_sold_individually_context":"","bundle_item_grouping":"","bundle_min_size":"","bundle_max_size":"","bundle_price":[],"bundled_items":[],"bundle_sell_ids":[],"_links":{"self":[{"href":"https:\/\/alex.shop\/si\/wp-json\/wp\/v2\/product\/1027","targetHints":{"allow":["GET"]}}],"collection":[{"href":"https:\/\/alex.shop\/si\/wp-json\/wp\/v2\/product"}],"about":[{"href":"https:\/\/alex.shop\/si\/wp-json\/wp\/v2\/types\/product"}],"version-history":[{"count":4,"href":"https:\/\/alex.shop\/si\/wp-json\/wp\/v2\/product\/1027\/revisions"}],"predecessor-version":[{"id":1693,"href":"https:\/\/alex.shop\/si\/wp-json\/wp\/v2\/product\/1027\/revisions\/1693"}],"wp:featuredmedia":[{"embeddable":true,"href":"https:\/\/alex.shop\/si\/wp-json\/wp\/v2\/media\/1162"}],"wp:attachment":[{"href":"https:\/\/alex.shop\/si\/wp-json\/wp\/v2\/media?parent=1027"}],"wp:term":[{"taxonomy":"product_brand","embeddable":true,"href":"https:\/\/alex.shop\/si\/wp-json\/wp\/v2\/product_brand?post=1027"},{"taxonomy":"product_cat","embeddable":true,"href":"https:\/\/alex.shop\/si\/wp-json\/wp\/v2\/product_cat?post=1027"},{"taxonomy":"product_tag","embeddable":true,"href":"https:\/\/alex.shop\/si\/wp-json\/wp\/v2\/product_tag?post=1027"}],"curies":[{"name":"wp","href":"https:\/\/api.w.org\/{rel}","templated":true}]}}