{"id":1028,"date":"2025-04-08T14:05:59","date_gmt":"2025-04-08T12:05:59","guid":{"rendered":"https:\/\/alex.shop\/si\/?post_type=product&#038;p=1028"},"modified":"2026-04-24T08:07:59","modified_gmt":"2026-04-24T06:07:59","slug":"prikljucna-omarica-reolink-d20","status":"publish","type":"product","link":"https:\/\/alex.shop\/si\/prikljucna-omarica-reolink-d20\/","title":{"rendered":"Reolink D20 razvodna omarica"},"content":{"rendered":"<p>Reolink D20 razvodna kutija sakriva i \u0161titi va\u0161e kabele na Reolink PoE IP kamerama. Odgovara za Reolink kamere:<\/p>\n<p>RLC-520A, RLC-823A,\u00a0 RLC-822A, RLC-842A, RLC-820A, D800,\u00a0 D400, RLC-420<\/p>\n<p>Te za setove kamera: RLK8-820D4-A, RLK8-800D4, RLK16-820D8-A, RLK8-520D4-A, RLK8-520D4<\/p>\n","protected":false},"excerpt":{"rendered":"<p>Priklju\u010dna omarica Reolink D20 skriva in \u0161\u010diti va\u0161e kable na IP kamerah Reolink PoE. Prilega se kameram kupole Reolink<\/p>\n","protected":false},"featured_media":1054,"template":"","meta":{"order-bump-settings":[],"_wpfnl_thankyou_order_overview":"on","_wpfnl_thankyou_order_details":"on","_wpfnl_thankyou_billing_details":"on","_wpfnl_thankyou_shipping_details":"on"},"product_brand":[140],"product_cat":[126],"product_tag":[97],"class_list":{"0":"post-1028","1":"product","2":"type-product","3":"status-publish","4":"has-post-thumbnail","6":"product_brand-reolink","7":"product_cat-dodatki-za-video-nadzor","8":"product_tag-reolink","10":"first","11":"instock","12":"sale","13":"taxable","14":"shipping-taxable","15":"purchasable","16":"product-type-simple"},"bundled_by":[],"bundle_stock_status":"instock","bundle_stock_quantity":22,"bundle_virtual":false,"bundle_layout":"","bundle_add_to_cart_form_location":"","bundle_editable_in_cart":false,"bundle_sold_individually_context":"","bundle_item_grouping":"","bundle_min_size":"","bundle_max_size":"","bundle_price":[],"bundled_items":[],"bundle_sell_ids":[],"_links":{"self":[{"href":"https:\/\/alex.shop\/si\/wp-json\/wp\/v2\/product\/1028","targetHints":{"allow":["GET"]}}],"collection":[{"href":"https:\/\/alex.shop\/si\/wp-json\/wp\/v2\/product"}],"about":[{"href":"https:\/\/alex.shop\/si\/wp-json\/wp\/v2\/types\/product"}],"version-history":[{"count":2,"href":"https:\/\/alex.shop\/si\/wp-json\/wp\/v2\/product\/1028\/revisions"}],"predecessor-version":[{"id":1687,"href":"https:\/\/alex.shop\/si\/wp-json\/wp\/v2\/product\/1028\/revisions\/1687"}],"wp:featuredmedia":[{"embeddable":true,"href":"https:\/\/alex.shop\/si\/wp-json\/wp\/v2\/media\/1054"}],"wp:attachment":[{"href":"https:\/\/alex.shop\/si\/wp-json\/wp\/v2\/media?parent=1028"}],"wp:term":[{"taxonomy":"product_brand","embeddable":true,"href":"https:\/\/alex.shop\/si\/wp-json\/wp\/v2\/product_brand?post=1028"},{"taxonomy":"product_cat","embeddable":true,"href":"https:\/\/alex.shop\/si\/wp-json\/wp\/v2\/product_cat?post=1028"},{"taxonomy":"product_tag","embeddable":true,"href":"https:\/\/alex.shop\/si\/wp-json\/wp\/v2\/product_tag?post=1028"}],"curies":[{"name":"wp","href":"https:\/\/api.w.org\/{rel}","templated":true}]}}