{"id":1030,"date":"2025-04-08T14:05:59","date_gmt":"2025-04-08T12:05:59","guid":{"rendered":"https:\/\/alex.shop\/si\/?post_type=product&#038;p=1030"},"modified":"2026-04-09T16:11:40","modified_gmt":"2026-04-09T14:11:40","slug":"reolink-e1-outdoor-pro-zunanja-8mp-vrtljiva-wifi-kamera-z-reflektorjem","status":"publish","type":"product","link":"https:\/\/alex.shop\/si\/reolink-e1-outdoor-pro-zunanja-8mp-vrtljiva-wifi-kamera-z-reflektorjem\/","title":{"rendered":"Reolink E560 (E1 Outdoor Pro) &#8211; vrtljiva kamera"},"content":{"rendered":"<p><img fetchpriority=\"high\" decoding=\"async\" class=\"aligncenter size-full wp-image-24276\" src=\"https:\/\/alex.shop\/wp-content\/uploads\/2024\/05\/Reolink-E1-Outdoor-Pro-2.jpg\" alt=\"\" width=\"1464\" height=\"600\" \/><\/p>\n<h2>Reolink E1 Outdoor Pro<\/h2>\n<h4>Zunanja vrtljiva kamera WiFi z opti\u010dno pove\u010davo, reflektorjem in samodejnim sledenjem osebe ali avtomobila<\/h4>\n<p>Zunanja profesionalna kamera Reolink E1 snema z izjemno visoko lo\u010dljivostjo 8MP in 3-kratno opti\u010dno pove\u010davo. Lahko ga postavite kjerkoli, na vhodna vrata, na dvori\u0161\u010du, pred gara\u017eo in podobno. Uporabite ga lahko na za\u010dasnem gradbi\u0161\u010du, najemni hi\u0161i ali ko\u010di.<\/p>\n<h4>Nova tehnologija zmanj\u0161uje \u0161tevilo la\u017enih alarmov<\/h4>\n<p>S tehnologijo za analizo oblik lahko kamera Reolink E1 Outdoor Pro natan\u010dno zazna ljudi in vozila. To mo\u010dno zmanj\u0161a \u0161tevilo la\u017enih alarmov, ker se premiki drugih manj pomembnih predmetov ne upo\u0161tevajo.<\/p>\n<h4>Mo\u017enost obra\u010danja in nagibanja \u2013 za\u0161\u010ditite tisto, kar je pomembno iz vseh zornih kotov<\/h4>\n<p>Ker se lahko premikate levo in desno, nagnete gor in dol ter opti\u010dno pove\u010date trikrat, Reolink E1 Outdoor Pro zagotavlja popolno pokritost brez mrtvega kota. Z aplikacijo lahko na daljavo upravljate funkcijo obra\u010danja in nagiba ter vedno pozorno spremljate vse, kar vam je pomembno, tudi \u010de ste na drugem koncu sveta.<\/p>\n<p><img decoding=\"async\" class=\"aligncenter size-full wp-image-24282 ls-is-cached lazyloaded\" src=\"https:\/\/alex.shop\/wp-content\/uploads\/2024\/05\/Reolink-E1-Outdoor-Pro-4.jpg\" alt=\"\" width=\"1202\" height=\"616\" data-src=\"https:\/\/alex.shop\/wp-content\/uploads\/2024\/05\/Reolink-E1-Outdoor-Pro-4.jpg\" \/><\/p>\n<h4>Preprost in zanesljiv dvopasovni WiFi<\/h4>\n<p>Reolink E1 Outdoor Pro podpira 2,4 GHz in 5 GHz WiFi in ponuja ve\u010d mo\u017enosti brez\u017ei\u010dne povezljivosti. Dvopasovna WiFi tehnologija in 2T2R MIMO antene zagotavljajo mo\u010dan signal za stabilno in zanesljivo povezavo. Reolink E1 Outdoor Pro podpira tudi najnovej\u0161i standard WiFi 6, ki omogo\u010da \u0161e hitrej\u0161o in stabilnej\u0161o povezavo na dalj\u0161ih razdaljah.<\/p>\n<h4>Ultra HD no\u010d in dan<\/h4>\n<p>Oglejte si vse do zadnje podrobnosti s kakovostjo videa 8MP Super HD. Omogo\u010da jasnej\u0161i in ostrej\u0161i pogled kot kamere s 5 MP. Z napredno tehnologijo senzorjev CMOS kamera Reolink E1 Outdoor Pro prikazuje podrobnosti pri \u0161ibki svetlobi.<\/p>\n<p><img decoding=\"async\" class=\"aligncenter size-full wp-image-24337 ls-is-cached lazyloaded\" src=\"https:\/\/alex.shop\/wp-content\/uploads\/2024\/05\/Reolink-E1-Outdoor-Pro-12.jpg\" alt=\"\" width=\"960\" height=\"431\" data-src=\"https:\/\/alex.shop\/wp-content\/uploads\/2024\/05\/Reolink-E1-Outdoor-Pro-12.jpg\" \/><\/p>\n<h4>Pametni detektor gibanja in takoj\u0161nja obvestila<\/h4>\n<p>Nadzorna kamera Reolink E1 Outdoor Pro z zelo ob\u010dutljivim senzorjem gibanja PIR zazna vsa \u010dlove\u0161ka gibanja skoraj brez napak. Ko zazna gibanje, se kamera takoj vklopi, da vam po\u0161lje takoj\u0161nja opozorila, hkrati pa se samodejno predvaja sirena ali glasovno opozorilo po meri, ki odvra\u010da ne\u017eelene obiskovalce.<\/p>\n<ul>\n<li><strong>Potisna obvestila in opozorila o gibanju po\u0161ljite po e-po\u0161ti<\/strong><br \/>\nNeposredno v telefonu.<\/li>\n<li><strong>Sirena<\/strong><br \/>\nDeluje z gibanjem ali je na daljavo omogo\u010dena\/onemogo\u010dena.<\/li>\n<li><strong>Opozorila o snemanju<\/strong><br \/>\nUstvarite lastno glasovno opozorilo glede na va\u0161e potrebe.<\/li>\n<li><strong>Kartica SD (izbirno)<\/strong><br \/>\nSnemajte in shranite gibljive videoposnetke na pomnilni\u0161ko kartico micro SD do 256 GB.<\/li>\n<\/ul>\n<h4>Dvosmerna zvo\u010dna komunikacija<\/h4>\n<p>Prisluhnite, kaj se dogaja znotraj ali zunaj va\u0161ega doma in se pogovorite z enim samim dotikom. Z vgrajenim mikrofonom in zvo\u010dniki lahko komunicirate s starej\u0161imi, otroki, varu\u0161kami, hi\u0161nimi ljubljen\u010dki in opozarjate vse nepovabljene.<\/p>\n<p><img loading=\"lazy\" decoding=\"async\" class=\"aligncenter size-full wp-image-24343 ls-is-cached lazyloaded\" src=\"https:\/\/alex.shop\/wp-content\/uploads\/2024\/05\/Reolink-E1-Outdoor-Pro-13.jpg\" alt=\"\" width=\"960\" height=\"450\" data-src=\"https:\/\/alex.shop\/wp-content\/uploads\/2024\/05\/Reolink-E1-Outdoor-Pro-13.jpg\" \/><\/p>\n<h4>Mo\u017enost \u010dasovnega zamika<\/h4>\n<p>Kamera Reolink E1 Outdoor Pro lahko zajame tehniko \u010dasovnega zamika, ki hitreje in la\u017eje zajame dinamiko dolgoro\u010dnih dogodkov, kot so son\u010dni vzhod, gibanje oblakov in cvetenje. Zabavajte se pri snemanju videoposnetkov, kot so filmi.<\/p>\n<h4>Samodejno sledenje<\/h4>\n<p>Samodejno sledi premikajo\u010di se osebi ali avtomobilu. Reolink E1 Outdoor Pro se bo tako samodejno vrtel s horizontalnim sledenjem prihajajo\u010dim uporabnikom.<\/p>\n<h4>Dostop do kamere kadar koli in kjer koli<\/h4>\n<p>Nadzor \u0161e nikoli ni bil tako enostaven z brezpla\u010dno aplikacijo Reolink. Preverite, ali sta va\u0161a dru\u017eina in dom varna kadar koli in kjer koli v pametnih telefonih s sistemom iOS in Android ali v ra\u010dunalniku s sistemom Windows ali Mac. Tudi ko ste v pisarni ali potujete, lahko preverite, kaj se dogaja na poti.<\/p>\n<h4>Oblak Reolink<\/h4>\n<p>Reolink E1 Outdoor Pro podpira <a href=\"https:\/\/cloud.reolink.com\/\" target=\"_blank\" rel=\"noopener\">Reolink Cloud<\/a>. Na ta na\u010din se videoposnetki brezpla\u010dno shranjujejo tudi v oblak. Reolink Cloud ponuja varnostno kopijo vseh pomembnih dogodkov in vam omogo\u010da dostop do shranjenih videoposnetkov kjerkoli in kadarkoli. Ni vam treba skrbeti, ali bo kamera ukraden ali se bo pomnilni\u0161ka kartica pokvarila.<\/p>\n<p><img loading=\"lazy\" decoding=\"async\" class=\"aligncenter size-full wp-image-24318 ls-is-cached lazyloaded\" src=\"https:\/\/alex.shop\/wp-content\/uploads\/2024\/05\/Reolink-E1-Outdoor-Pro-3.jpg\" alt=\"\" width=\"1396\" height=\"398\" data-src=\"https:\/\/alex.shop\/wp-content\/uploads\/2024\/05\/Reolink-E1-Outdoor-Pro-3.jpg\" \/><\/p>\n<h4>Glasovno upravljanje<\/h4>\n<p>Upravljanje nadzorne kamere, ki deluje s Pomo\u010dnikom Google, ne bi moglo biti la\u017eje. Samo recite \u00bbHey Google, show me the yard\u00ab in v \u017eivo boste lahko gledali iz kamere prek Google Nest Huba ali pametnih televizorjev, ki podpirajo Chromecast.<\/p>\n<h4>Reolink E1 Outdoor Pro \u2013 vsebina \u0161katle<\/h4>\n<p><img loading=\"lazy\" decoding=\"async\" class=\"aligncenter size-full wp-image-24294 ls-is-cached lazyloaded\" src=\"https:\/\/alex.shop\/wp-content\/uploads\/2024\/05\/Reolink-E1-Outdoor-Pro-8MP-2.jpg\" alt=\"\" width=\"1167\" height=\"533\" data-src=\"https:\/\/alex.shop\/wp-content\/uploads\/2024\/05\/Reolink-E1-Outdoor-Pro-8MP-2.jpg\" \/><\/p>\n<h4>Reolink E1 Outdoor Pro dimenzije in specifikacije<\/h4>\n<div id=\"gallery-1\" class=\"gallery galleryid-24272 gallery-columns-4 gallery-size-medium\">\n<figure class=\"gallery-item\">\n<div class=\"gallery-icon landscape\"><a href=\"https:\/\/alex.shop\/wp-content\/uploads\/2021\/11\/Reolink-E1-Outdoor-dimensions.jpg\"><img loading=\"lazy\" decoding=\"async\" class=\"attachment-medium size-medium ls-is-cached lazyloaded\" src=\"https:\/\/alex.shop\/wp-content\/uploads\/2021\/11\/Reolink-E1-Outdoor-dimensions.jpg\" alt=\"Reolink-E1-Zunanjost-dimenzije\" width=\"300\" height=\"167\" data-src=\"https:\/\/alex.shop\/wp-content\/uploads\/2021\/11\/Reolink-E1-Outdoor-dimensions.jpg\" data-sizes=\"(max-width: 360px) 147px, \" \/><\/a><\/div>\n<\/figure>\n<figure class=\"gallery-item\">\n<div class=\"gallery-icon landscape\"><a href=\"https:\/\/alex.shop\/wp-content\/uploads\/2021\/11\/Reolink-E1-Outdoor-specs.jpg\"><img loading=\"lazy\" decoding=\"async\" class=\"attachment-medium size-medium ls-is-cached lazyloaded\" src=\"https:\/\/alex.shop\/wp-content\/uploads\/2021\/11\/Reolink-E1-Outdoor-specs.jpg\" alt=\"Reolink-E1-Outdoor-specs\" width=\"300\" height=\"167\" data-src=\"https:\/\/alex.shop\/wp-content\/uploads\/2021\/11\/Reolink-E1-Outdoor-specs.jpg\" data-sizes=\"(max-width: 360px) 147px, \" \/><\/a><\/div>\n<\/figure>\n<figure class=\"gallery-item\">\n<div class=\"gallery-icon landscape\"><a href=\"https:\/\/alex.shop\/wp-content\/uploads\/2021\/11\/Reolink-E1-Outdoor-specs-2.jpg\"><img loading=\"lazy\" decoding=\"async\" class=\"attachment-medium size-medium ls-is-cached lazyloaded\" src=\"https:\/\/alex.shop\/wp-content\/uploads\/2021\/11\/Reolink-E1-Outdoor-specs-2.jpg\" alt=\"Reolink-E1-Outdoor-specs-2\" width=\"300\" height=\"167\" data-src=\"https:\/\/alex.shop\/wp-content\/uploads\/2021\/11\/Reolink-E1-Outdoor-specs-2.jpg\" data-sizes=\"(max-width: 360px) 147px, \" \/><\/a><\/div>\n<\/figure>\n<figure class=\"gallery-item\">\n<div class=\"gallery-icon landscape\"><a href=\"https:\/\/alex.shop\/wp-content\/uploads\/2021\/11\/Reolink-E1-Outdoor-specs-3.jpg\"><img loading=\"lazy\" decoding=\"async\" class=\"attachment-medium size-medium ls-is-cached lazyloaded\" src=\"https:\/\/alex.shop\/wp-content\/uploads\/2021\/11\/Reolink-E1-Outdoor-specs-3.jpg\" alt=\"Reolink-E1-Outdoor-specs-3\" width=\"300\" height=\"167\" data-src=\"https:\/\/alex.shop\/wp-content\/uploads\/2021\/11\/Reolink-E1-Outdoor-specs-3.jpg\" data-sizes=\"(max-width: 360px) 147px, \" \/><\/a><\/div>\n<\/figure>\n<\/div>\n<h3>Reolink E1 Outdoor Pro video<\/h3>\n<div class=\"video-container\"><a href=\"https:\/\/www.youtube.com\/watch?v=ZqPEL7s5r70\" target=\"_blank\" rel=\"noopener\">Reolink E1 Outdoor Pro video<\/a><\/div>\n","protected":false},"excerpt":{"rendered":"<p>8MP kamera z rotacijo 355\u00b0 ponuja 3x opti\u010dni zoom, no\u010dni vid in samodejno sledenje. S podporo za WiFi 6, sireno in dvosmernim zvokom je idealna za zunanji nadzor.<\/p>\n","protected":false},"featured_media":1147,"template":"","meta":{"order-bump-settings":[],"_wpfnl_thankyou_order_overview":"on","_wpfnl_thankyou_order_details":"on","_wpfnl_thankyou_billing_details":"on","_wpfnl_thankyou_shipping_details":"on"},"product_brand":[140],"product_cat":[109],"product_tag":[80,87,89,97,118],"class_list":{"0":"post-1030","1":"product","2":"type-product","3":"status-publish","4":"has-post-thumbnail","6":"product_brand-reolink","7":"product_cat-wifi-kamere","8":"product_tag-8mp","9":"product_tag-e1-serija","10":"product_tag-kamere-z-reflektorjem-2","11":"product_tag-reolink","12":"product_tag-zunanje-kamere-wifi","14":"first","15":"instock","16":"sale","17":"taxable","18":"shipping-taxable","19":"purchasable","20":"product-type-simple"},"bundled_by":[],"bundle_stock_status":"instock","bundle_stock_quantity":12,"bundle_virtual":false,"bundle_layout":"","bundle_add_to_cart_form_location":"","bundle_editable_in_cart":false,"bundle_sold_individually_context":"","bundle_item_grouping":"","bundle_min_size":"","bundle_max_size":"","bundle_price":[],"bundled_items":[],"bundle_sell_ids":[],"_links":{"self":[{"href":"https:\/\/alex.shop\/si\/wp-json\/wp\/v2\/product\/1030","targetHints":{"allow":["GET"]}}],"collection":[{"href":"https:\/\/alex.shop\/si\/wp-json\/wp\/v2\/product"}],"about":[{"href":"https:\/\/alex.shop\/si\/wp-json\/wp\/v2\/types\/product"}],"version-history":[{"count":4,"href":"https:\/\/alex.shop\/si\/wp-json\/wp\/v2\/product\/1030\/revisions"}],"predecessor-version":[{"id":1696,"href":"https:\/\/alex.shop\/si\/wp-json\/wp\/v2\/product\/1030\/revisions\/1696"}],"wp:featuredmedia":[{"embeddable":true,"href":"https:\/\/alex.shop\/si\/wp-json\/wp\/v2\/media\/1147"}],"wp:attachment":[{"href":"https:\/\/alex.shop\/si\/wp-json\/wp\/v2\/media?parent=1030"}],"wp:term":[{"taxonomy":"product_brand","embeddable":true,"href":"https:\/\/alex.shop\/si\/wp-json\/wp\/v2\/product_brand?post=1030"},{"taxonomy":"product_cat","embeddable":true,"href":"https:\/\/alex.shop\/si\/wp-json\/wp\/v2\/product_cat?post=1030"},{"taxonomy":"product_tag","embeddable":true,"href":"https:\/\/alex.shop\/si\/wp-json\/wp\/v2\/product_tag?post=1030"}],"curies":[{"name":"wp","href":"https:\/\/api.w.org\/{rel}","templated":true}]}}