{"id":1031,"date":"2025-04-08T14:05:59","date_gmt":"2025-04-08T12:05:59","guid":{"rendered":"https:\/\/alex.shop\/si\/?post_type=product&#038;p=1031"},"modified":"2026-04-04T06:40:53","modified_gmt":"2026-04-04T04:40:53","slug":"reolink-solarni-panel","status":"publish","type":"product","link":"https:\/\/alex.shop\/si\/reolink-solarni-panel\/","title":{"rendered":"Reolink solarni panel 6W"},"content":{"rendered":"<h4><img fetchpriority=\"high\" decoding=\"async\" class=\"aligncenter size-full wp-image-20947\" src=\"https:\/\/alex.shop\/wp-content\/uploads\/2024\/03\/reolink-solar-panel-6w-en.jpg\" alt=\"\" width=\"1464\" height=\"600\" \/><\/h4>\n<h4>Brezprekinitveno napajanje brezpla\u010dno<\/h4>\n<p>Napajajte baterijske kamere Reolink s son\u010dno energijo prek vodoodporne Reolink solarni panel. Plo\u0161\u010da je opremljena s 4m priklju\u010dnim kablom, ki zagotavlja neprekinjeno napajanje in prihranek elektri\u010dne energije. 360\u00b0 vrtljivi nosilec omogo\u010da enostavno namestitev in maksimalno izpostavljenost soncu.<\/p>\n<p>Zasnovan za naslednje modele kamer Reolink:<\/p>\n<ul>\n<li><a href=\"https:\/\/alex.shop\/sl\/reolink-go-bezicna-4g-3g-prenosiva-vanjska-kamera\/\">Reolink Go Plus<\/a><\/li>\n<li><a href=\"https:\/\/alex.shop\/sl\/reolink-go-pt-bezicna-4g-3g-prenosiva-pan-tilt-vanjska-kamera\/\">Reolink Go PT Plus<\/a><\/li>\n<li><a href=\"https:\/\/alex.shop\/sl\/reolink-argus-2e-bezicna-wifi-kamera\/\">Reolink Argus 2E<\/a><\/li>\n<li><a href=\"https:\/\/alex.shop\/sl\/reolink-argus-3-bezicna-wifi-kamera-s-reflektorom\/\">Reolink Argus 3 Pro<\/a><\/li>\n<li><a href=\"https:\/\/alex.shop\/sl\/reolink-argus-eco-bezicna-wifi-vanjska-kamera\/\">Reolink Argus Eco<\/a><\/li>\n<li><a href=\"https:\/\/alex.shop\/sl\/reolink-argus-pt-bezicna-wifi-vanjska-pan-tilt-kamera\/\">Reolink Argus PT 2K<\/a><\/li>\n<\/ul>\n<p><img decoding=\"async\" class=\"aligncenter size-full wp-image-20952 lazyloaded\" src=\"https:\/\/alex.shop\/wp-content\/uploads\/2024\/03\/reolink-solar-panel-6w-2-en.jpg\" alt=\"\" width=\"1464\" height=\"600\" data-src=\"https:\/\/alex.shop\/wp-content\/uploads\/2024\/03\/reolink-solar-panel-6w-2-en.jpg\" \/><\/p>\n","protected":false},"excerpt":{"rendered":"<p>Reolink solarno napajanje za brez\u017ei\u010dno baterijo zunanje nadzorne kamere Reolink.<\/p>\n","protected":false},"featured_media":1244,"template":"","meta":{"order-bump-settings":[],"_wpfnl_thankyou_order_overview":"on","_wpfnl_thankyou_order_details":"on","_wpfnl_thankyou_billing_details":"on","_wpfnl_thankyou_shipping_details":"on"},"product_brand":[140],"product_cat":[126],"product_tag":[97],"class_list":{"0":"post-1031","1":"product","2":"type-product","3":"status-publish","4":"has-post-thumbnail","6":"product_brand-reolink","7":"product_cat-dodatki-za-video-nadzor","8":"product_tag-reolink","10":"first","11":"instock","12":"sale","13":"taxable","14":"shipping-taxable","15":"purchasable","16":"product-type-simple"},"bundled_by":["1036"],"bundle_stock_status":"instock","bundle_stock_quantity":49,"bundle_virtual":false,"bundle_layout":"","bundle_add_to_cart_form_location":"","bundle_editable_in_cart":false,"bundle_sold_individually_context":"","bundle_item_grouping":"","bundle_min_size":"","bundle_max_size":"","bundle_price":[],"bundled_items":[],"bundle_sell_ids":[],"_links":{"self":[{"href":"https:\/\/alex.shop\/si\/wp-json\/wp\/v2\/product\/1031","targetHints":{"allow":["GET"]}}],"collection":[{"href":"https:\/\/alex.shop\/si\/wp-json\/wp\/v2\/product"}],"about":[{"href":"https:\/\/alex.shop\/si\/wp-json\/wp\/v2\/types\/product"}],"version-history":[{"count":2,"href":"https:\/\/alex.shop\/si\/wp-json\/wp\/v2\/product\/1031\/revisions"}],"predecessor-version":[{"id":1716,"href":"https:\/\/alex.shop\/si\/wp-json\/wp\/v2\/product\/1031\/revisions\/1716"}],"wp:featuredmedia":[{"embeddable":true,"href":"https:\/\/alex.shop\/si\/wp-json\/wp\/v2\/media\/1244"}],"wp:attachment":[{"href":"https:\/\/alex.shop\/si\/wp-json\/wp\/v2\/media?parent=1031"}],"wp:term":[{"taxonomy":"product_brand","embeddable":true,"href":"https:\/\/alex.shop\/si\/wp-json\/wp\/v2\/product_brand?post=1031"},{"taxonomy":"product_cat","embeddable":true,"href":"https:\/\/alex.shop\/si\/wp-json\/wp\/v2\/product_cat?post=1031"},{"taxonomy":"product_tag","embeddable":true,"href":"https:\/\/alex.shop\/si\/wp-json\/wp\/v2\/product_tag?post=1031"}],"curies":[{"name":"wp","href":"https:\/\/api.w.org\/{rel}","templated":true}]}}