{"id":1034,"date":"2025-04-08T14:05:59","date_gmt":"2025-04-08T12:05:59","guid":{"rendered":"https:\/\/alex.shop\/si\/?post_type=product&#038;p=1034"},"modified":"2026-04-21T11:29:01","modified_gmt":"2026-04-21T09:29:01","slug":"reolink-argus-pt-ultra-zunanja-8mp-brezzicna-vrtljiva-wifi-kamera","status":"publish","type":"product","link":"https:\/\/alex.shop\/si\/reolink-argus-pt-ultra-zunanja-8mp-brezzicna-vrtljiva-wifi-kamera\/","title":{"rendered":"Reolink B440 (Argus PT Ultra) &#8211; brez\u017ei\u010dna vrtljiva kamera"},"content":{"rendered":"<p><img fetchpriority=\"high\" decoding=\"async\" class=\"aligncenter size-full wp-image-20897\" src=\"https:\/\/alex.shop\/wp-content\/uploads\/2024\/03\/reolink-argus-pt-ultra-en.jpg\" alt=\"\" width=\"1464\" height=\"600\" \/><\/p>\n<h2>Reolink Argus PT Ultra (8MP)<\/h2>\n<h4>Brez\u017ei\u010dna baterija WiFi nadzorna kamera s pametnim zaznavanjem ljudi in vozil<\/h4>\n<p>Brez \u017eic ga postavite kamor koli. Polnilna baterija in WiFi omogo\u010data, da Reolink Argus PT Ultra deluje popolnoma brez \u017eic. Ni omre\u017enega kabla ali napajalnega kabla, ni vrtanja in ni potrebe po elektri\u010dni vti\u010dnici. Lahko ga postavite kjerkoli, na vhodna vrata, na dvori\u0161\u010de, pred gara\u017eo in podobno. Uporabite ga lahko na za\u010dasnem gradbi\u0161\u010du, najemni hi\u0161i, v ko\u010di ali \u010dolnu.<\/p>\n<h4>Mo\u017enost obra\u010danja in nagibanja \u2013 za\u0161\u010ditite tisto, kar je pomembno iz vseh zornih kotov<\/h4>\n<p>Ker se lahko premikate levo in desno, se nagibate navzgor in navzdol, Reolink Argus PT Ultra zagotavlja popolno pokritost brez mrtvih kotov. Z aplikacijo lahko na daljavo upravljate funkcijo obra\u010danja in nagibanja ter vedno pozorno spremljate svojo lastnino, tudi \u010de ste na drugem koncu sveta.<\/p>\n<p><img decoding=\"async\" class=\"aligncenter size-full wp-image-20893 lazyloaded\" src=\"https:\/\/alex.shop\/wp-content\/uploads\/2024\/03\/reolink-argus-pt-ultra-2-en.jpg\" alt=\"\" width=\"1464\" height=\"600\" data-src=\"https:\/\/alex.shop\/wp-content\/uploads\/2024\/03\/reolink-argus-pt-ultra-2-en.jpg\" \/><\/p>\n<h4>Baterija<\/h4>\n<p>Kamera Reolink Argus PT Ultra je opremljena z baterijo, ki jo je mogo\u010de polniti prek napajalnika ali prek\u00a0<a href=\"https:\/\/alex.shop\/reolink-solar-panel-solarno-napajanje-za-reolink-kamere\/\">Reolink solar panel.<\/a><\/p>\n<h4>Son\u010dna plo\u0161\u010da Reolink<\/h4>\n<p>Kamero priklju\u010dite na Reolink solar panel in imela bo stalno napajanje. Preprosto namestite solarni panel, odporno na vremenske vplive, da pove\u010date izpostavljenost son\u010dni svetlobi. <a href=\"https:\/\/alex.shop\/en\/reolink-solar-panel-solarno-napajanje-za-reolink-kamere\/\">Solarni panel<\/a>\u00a0se prodajajo lo\u010deno.<\/p>\n<p><img decoding=\"async\" class=\"aligncenter size-full wp-image-20889 lazyloaded\" src=\"https:\/\/alex.shop\/wp-content\/uploads\/2024\/03\/reolink-argus-pt-ultra-3-en.jpg\" alt=\"\" width=\"1464\" height=\"600\" data-src=\"https:\/\/alex.shop\/wp-content\/uploads\/2024\/03\/reolink-argus-pt-ultra-3-en.jpg\" \/><\/p>\n<h4>Lo\u010dljivost 8MP no\u010d in dan<\/h4>\n<p>Oglejte si vse do zadnje podrobnosti z video kakovostjo Ultra HD (3840 x 2160px). Omogo\u010da jasnej\u0161i in dvakrat ostrej\u0161i prikaz kot kamere Super HD (4MP). Z napredno tehnologijo senzorja 8MP CMOS kamera Reolink Argus PT Ultra prikazuje podrobnosti v slabih svetlobnih pogojih brez dodatne osvetlitve in ima vgrajen reflektor, ki se vklopi, ko se mimoido\u010di sre\u010dajo pono\u010di. Reolink Argus PT podpira 2.4 GHz in 5 GHz WiFi, kar ponuja ve\u010d mo\u017enosti brez\u017ei\u010dne povezljivosti.<\/p>\n<p><img loading=\"lazy\" decoding=\"async\" class=\"aligncenter size-full wp-image-20885 lazyloaded\" src=\"https:\/\/alex.shop\/wp-content\/uploads\/2024\/03\/reolink-argus-pt-ultra-4-en.jpg\" alt=\"\" width=\"1464\" height=\"600\" data-src=\"https:\/\/alex.shop\/wp-content\/uploads\/2024\/03\/reolink-argus-pt-ultra-4-en.jpg\" \/><\/p>\n<h4>Pametni detektor gibanja in takoj\u0161nja obvestila<\/h4>\n<p>Nadzorna kamera Reolink Argus PT Ultra s polnilno baterijo in 140\u00b0 \u0161irokim kotom snemanja ter zelo ob\u010dutljivim PIR senzorjem gibanja skoraj brezhibno zazna vsa \u010dlove\u0161ka gibanja. Ko zazna gibanje, se bo kamera takoj vklopila in vam poslala takoj\u0161nja opozorila, hkrati pa se bo samodejno oglasila sirena ali glasovno opozorilo po meri, da bi odvrnili ne\u017eelene obiskovalce.<\/p>\n<ul>\n<li><strong>Potisna obvestila in e-po\u0161tna<\/strong><br \/>\nOpozorila neposredno v telefonu.<\/li>\n<li><strong>Sirena<\/strong><br \/>\nZvo\u010dna mo\u010d 75 db. Izvaja se s potezo ali je na daljavo omogo\u010den\/onemogo\u010den.<\/li>\n<li><strong>Opozorila o glasovnem snemanju<\/strong><br \/>\nUstvarite lastno glasovno opozorilo glede na svoje potrebe.<\/li>\n<li><strong>Kartica SD (izbirno):<\/strong><br \/>\nSnemajte in shranjujte videoposnetke v gibanju na kartico micro SD do 128 GB.<\/li>\n<\/ul>\n<h4>Dvosmerna zvo\u010dna komunikacija<\/h4>\n<p>Poslu\u0161ajte, kaj se dogaja v va\u0161em domu ali zunaj njega, in se pogovarjajte z enim samim dotikom. Z vgrajenim mikrofonom in zvo\u010dnikom lahko komunicirate s starej\u0161imi, otroki, varu\u0161kami, hi\u0161nimi ljubljen\u010dki in opozorite vsakogar, ki ni povabljen.<\/p>\n<h4>Dostop do kamere kadar koli in kjerkoli<\/h4>\n<p>Nadzor \u0161e nikoli ni bil tako enostaven z brezpla\u010dno aplikacijo Reolink. Preverite, ali sta va\u0161a dru\u017eina in dom varna kadar koli in kjer koli na pametnih telefonih iOS in Android ali v ra\u010dunalniku s sistemom Windows ali Mac. Tudi ko ste v pisarni ali na potovanju, lahko preverite, kaj se dogaja na poti.<\/p>\n<p>&nbsp;<\/p>\n<h4>Reolink Cloud<\/h4>\n<p>Reolink Argus PT Ultra podpira storitev shranjevanja <a href=\"https:\/\/cloud.reolink.com\/\" target=\"_blank\" rel=\"noopener\">Reolink Cloud<\/a>. Na ta na\u010din se videoposnetki brezpla\u010dno shranjujejo v oblaku. Reolink Cloud ponuja varnostno kopiranje vseh pomembnih dogodkov in vam omogo\u010da dostop do shranjenih videoposnetkov kjerkoli in kadarkoli. Ni vam treba skrbeti, ali bo kamera ukradena ali \u010de se bo pomnilni\u0161ka kartica pokvarila.<\/p>\n<h4>Glasovno upravljanje<\/h4>\n<p>Nadzor nadzorne kamere, ki deluje s Pomo\u010dnikom Google, ne more biti la\u017eji. Samo recite \u00bbHej Google, poka\u017ei mi dvori\u0161\u010de\u00ab in v \u017eivo boste lahko gledali s kamere prek Google Nest Hub ali pametnih televizorjev, ki podpirajo Chromecast.<\/p>\n<p>&nbsp;<\/p>\n<h4>Reolink Argus Ultra \u2013 vsebina \u0161katle<\/h4>\n<p><img loading=\"lazy\" decoding=\"async\" class=\"aligncenter size-full wp-image-18484 ls-is-cached lazyloaded\" src=\"https:\/\/alex.shop\/wp-content\/uploads\/2023\/12\/Reolink-argus-pt-ultra-s.jpg\" alt=\"\" width=\"1371\" height=\"517\" data-src=\"https:\/\/alex.shop\/wp-content\/uploads\/2023\/12\/Reolink-argus-pt-ultra-s.jpg\" \/><\/p>\n<p>&nbsp;<\/p>\n<h4>Reolink Argus PT Ultra &#8211; dimenzije<\/h4>\n\n<h3>Reolink Argus PT Ultra video<\/h3>\n<p><a href=\"https:\/\/www.youtube.com\/watch?v=itG5A6Yiyes\" target=\"_blank\" rel=\"noopener\">Reolink Argus PT Ultra video<\/a><\/p>\n","protected":false},"excerpt":{"rendered":"<p>Reolink Argus PT Ultra nudi prilagodljiv nadzor s brez\u017ei\u010dnim delovanjem, rotacijo in 8MP lo\u010dljivostjo. Idealna za prostore brez elektrike, s mo\u017enostjo solarnega napajanja.<\/p>\n","protected":false},"featured_media":1113,"template":"","meta":{"order-bump-settings":[],"_wpfnl_thankyou_order_overview":"on","_wpfnl_thankyou_order_details":"on","_wpfnl_thankyou_billing_details":"on","_wpfnl_thankyou_shipping_details":"on"},"product_brand":[140],"product_cat":[107,109],"product_tag":[80,82,145,97,111],"class_list":{"0":"post-1034","1":"product","2":"type-product","3":"status-publish","4":"has-post-thumbnail","6":"product_brand-reolink","7":"product_cat-baterije-in-solarne-kamere","8":"product_cat-wifi-kamere","9":"product_tag-8mp","10":"product_tag-argus","11":"product_tag-brezzicne-wifi-kamere","12":"product_tag-reolink","13":"product_tag-vrtljive-kamere","15":"first","16":"outofstock","17":"sale","18":"taxable","19":"shipping-taxable","20":"purchasable","21":"product-type-simple"},"bundled_by":[],"bundle_stock_status":"outofstock","bundle_stock_quantity":0,"bundle_virtual":false,"bundle_layout":"","bundle_add_to_cart_form_location":"","bundle_editable_in_cart":false,"bundle_sold_individually_context":"","bundle_item_grouping":"","bundle_min_size":"","bundle_max_size":"","bundle_price":[],"bundled_items":[],"bundle_sell_ids":[],"_links":{"self":[{"href":"https:\/\/alex.shop\/si\/wp-json\/wp\/v2\/product\/1034","targetHints":{"allow":["GET"]}}],"collection":[{"href":"https:\/\/alex.shop\/si\/wp-json\/wp\/v2\/product"}],"about":[{"href":"https:\/\/alex.shop\/si\/wp-json\/wp\/v2\/types\/product"}],"version-history":[{"count":3,"href":"https:\/\/alex.shop\/si\/wp-json\/wp\/v2\/product\/1034\/revisions"}],"predecessor-version":[{"id":1686,"href":"https:\/\/alex.shop\/si\/wp-json\/wp\/v2\/product\/1034\/revisions\/1686"}],"wp:featuredmedia":[{"embeddable":true,"href":"https:\/\/alex.shop\/si\/wp-json\/wp\/v2\/media\/1113"}],"wp:attachment":[{"href":"https:\/\/alex.shop\/si\/wp-json\/wp\/v2\/media?parent=1034"}],"wp:term":[{"taxonomy":"product_brand","embeddable":true,"href":"https:\/\/alex.shop\/si\/wp-json\/wp\/v2\/product_brand?post=1034"},{"taxonomy":"product_cat","embeddable":true,"href":"https:\/\/alex.shop\/si\/wp-json\/wp\/v2\/product_cat?post=1034"},{"taxonomy":"product_tag","embeddable":true,"href":"https:\/\/alex.shop\/si\/wp-json\/wp\/v2\/product_tag?post=1034"}],"curies":[{"name":"wp","href":"https:\/\/api.w.org\/{rel}","templated":true}]}}