{"id":1035,"date":"2025-04-08T14:05:59","date_gmt":"2025-04-08T12:05:59","guid":{"rendered":"https:\/\/alex.shop\/si\/?post_type=product&#038;p=1035"},"modified":"2026-04-02T15:10:42","modified_gmt":"2026-04-02T13:10:42","slug":"reolink-go-plus-zunanja-brezzicna-4g-kamera","status":"publish","type":"product","link":"https:\/\/alex.shop\/si\/reolink-go-plus-zunanja-brezzicna-4g-kamera\/","title":{"rendered":"Reolink G330 (Go Plus) &#8211; brez\u017ei\u010dna 4G kamera"},"content":{"rendered":"<p><img fetchpriority=\"high\" decoding=\"async\" class=\"aligncenter wp-image-27246 size-full\" src=\"https:\/\/alex.shop\/wp-content\/uploads\/2020\/07\/reolink-go-plus-14.jpg\" alt=\"Reolink G330 brez\u017ei\u010dna 4g kamera\" width=\"1464\" height=\"600\" \/><\/p>\n<h2>Reolink G330 Go Plus &#8211; brez\u017ei\u010dna 4G kamera<\/h2>\n<h4>Brez\u017ei\u010dna baterija 4G \/ 3G nadzorna kamera<\/h4>\n<p>Brez \u017eic, postavite ga kjerkoli. Polnilna baterija in povezljivost 4G \/ 3G omogo\u010data, da Reolink Go Plus deluje popolnoma brez \u017eic na obmo\u010dju brez WiFi signala. Ni elektri\u010dnega omre\u017eja ali napajalnega kabla, vrtanja in ni potrebe po elektri\u010dni vti\u010dnici. Kamera Reolink Go Plus je prenosna in odporna na vremenske vplive. Postavite ga skoraj povsod, v zaprtih prostorih in na prostem. V va\u0161i po\u010ditni\u0161ki hi\u0161i, gradbi\u0161\u010du, kampu, divjini, \u010dolnu itd.<\/p>\n<h4>Baterija za polnjenje<\/h4>\n<p>Kamera Reolink Go Plus je opremljena z baterijo, ki jo je mogo\u010de polniti prek napajalnika ali preko <a href=\"https:\/\/alex.shop\/proizvod\/reolink-solar-panel-solarno-napajanje-za-reolink-kamere\/\">Reolink solar panela<\/a>.<\/p>\n<p><img decoding=\"async\" class=\"ls-is-cached lazyloaded aligncenter wp-image-27264 size-full\" src=\"https:\/\/alex.shop\/wp-content\/uploads\/2020\/07\/Reolink-Go-Plus-9.jpg\" alt=\"Reolink G330 brez\u017ei\u010dna 4g kamera\" width=\"1464\" height=\"600\" data-src=\"https:\/\/alex.shop\/wp-content\/uploads\/2020\/07\/Reolink-Go-Plus-9.jpg\" \/><\/p>\n<h4>Reolink solar panel<\/h4>\n<p>Kamero priklju\u010dite na Reolink solarni panel in imela bo stalno napajanje. Preprosto namestite son\u010dno plo\u0161\u010do, odporno na vremenske vplive, da pove\u010date izpostavljenost son\u010dni svetlobi. Solarni panel se prodaja lo\u010deno.<\/p>\n<h4>Lo\u010dljivost 4MP<\/h4>\n<p>Oglejte si do zadnje podrobnosti z 2K Super HD video kakovostjo, ki jo zagotavlja 4MP kamera. Omogo\u010da jasnej\u0161i in ostrej\u0161i pogled kot kamere 1080p. Z napredno tehnologijo senzorja CMOS s 4 MP slikovnih pik kamera Reolink Go Plus prikazuje visokokakovostne videoposnetke v zelo \u0161ibkih svetlobnih pogojih (do 10 metrov) brez dodatne osvetlitve. Vse podrobnosti za identifikacijo ljudi, vozil in drugih predmetov si lahko ogledate 24 ur na dan.<\/p>\n<p><img decoding=\"async\" class=\"lazyloaded aligncenter wp-image-9285 size-full\" src=\"https:\/\/alex.shop\/wp-content\/uploads\/2020\/07\/reolink-go-solar-panel_02.webp\" alt=\"Reolink G330 brez\u017ei\u010dna 4g kamera\" width=\"1920\" height=\"580\" data-src=\"https:\/\/alex.shop\/wp-content\/uploads\/2020\/07\/reolink-go-solar-panel_02.webp\" data-srcset=\"https:\/\/alex.shop\/wp-content\/uploads\/2020\/07\/reolink-go-solar-panel_02.webp 1920w, https:\/\/alex.shop\/wp-content\/uploads\/2020\/07\/reolink-go-solar-panel_02-300x91.webp 300w, https:\/\/alex.shop\/wp-content\/uploads\/2020\/07\/reolink-go-solar-panel_02-1024x309.webp 1024w, https:\/\/alex.shop\/wp-content\/uploads\/2020\/07\/reolink-go-solar-panel_02-768x232.webp 768w, https:\/\/alex.shop\/wp-content\/uploads\/2020\/07\/reolink-go-solar-panel_02-1536x464.webp 1536w, https:\/\/alex.shop\/wp-content\/uploads\/2020\/07\/reolink-go-solar-panel_02-610x184.webp 610w, https:\/\/alex.shop\/wp-content\/uploads\/2020\/07\/reolink-go-solar-panel_02-990x299.webp 990w, https:\/\/alex.shop\/wp-content\/uploads\/2020\/07\/reolink-go-solar-panel_02-441x133.webp 441w, https:\/\/alex.shop\/wp-content\/uploads\/2020\/07\/reolink-go-solar-panel_02-600x181.webp 600w, https:\/\/alex.shop\/wp-content\/uploads\/2020\/07\/reolink-go-solar-panel_02-150x45.webp 150w\" data-sizes=\"(max-width: 1920px) 100vw, 1920px\" \/><\/p>\n<h4>Pametni detektor gibanja in takoj\u0161nja obvestila<\/h4>\n<p>Nadzorna kamera Reolink Go Plus s polnilno baterijo in \u0161irokim kotom gledanja 120\u00b0 ter zelo ob\u010dutljivim PIR senzorjem gibanja skoraj brez napake zazna vsa \u010dlove\u0161ka gibanja. Ko zazna gibanje, se kamera takoj vklopi, da vam po\u0161lje takoj\u0161nja opozorila, hkrati pa se samodejno spro\u017ei sirena ali glasovno opozorilo po meri, da odvrne ne\u017eelene obiskovalce.<\/p>\n<ul>\n<li><strong>Potisna obvestila in e-po\u0161tna<\/strong><br \/>\nOpozorila o potezah neposredno v telefonu ali mapi \u00bbPrejeto\u00ab.<\/li>\n<li><strong>Zvok sirene<\/strong><br \/>\nSirena 75 dB. Spro\u017ei se z gibanjem ali daljinsko omogo\u010deno\/onemogo\u010deno.<\/li>\n<li><strong>Opozorila o glasovnem<\/strong><br \/>\nUstvarite lastno glasovno opozorilo glede na svoje potrebe.<\/li>\n<li><strong>Kartica SD (izbirno):<\/strong><br \/>\nSnemajte in shranjujte videoposnetke v gibanju na kartico Micro SD do 128 GB.<\/li>\n<\/ul>\n<h4>Dvosmerna zvo\u010dna komunikacija<\/h4>\n<p>Poslu\u0161ajte, kaj se dogaja v va\u0161em domu ali zunaj njega, in se pogovarjajte z enim samim dotikom. Z vgrajenim mikrofonom in zvo\u010dnikom lahko komunicirate z ljudmi pred kamero in opozorite vsakogar, ki ni povabljen.<\/p>\n<p><img loading=\"lazy\" decoding=\"async\" class=\"ls-is-cached lazyloaded aligncenter wp-image-27252 size-full\" src=\"https:\/\/alex.shop\/wp-content\/uploads\/2020\/07\/reolink-Go-plus-9-1.jpg\" alt=\"Reolink G330 brez\u017ei\u010dna 4g kamera\" width=\"1387\" height=\"362\" data-src=\"https:\/\/alex.shop\/wp-content\/uploads\/2020\/07\/reolink-Go-plus-9-1.jpg\" \/><\/p>\n<h4>Dostop do kamere kadarkoli in kjerkoli<\/h4>\n<p>Nadzor \u0161e nikoli ni bil tako enostaven z brezpla\u010dno aplikacijo Reolink. Preverite, ali je va\u0161 dom ali nepremi\u010dnina varna kadarkoli in kjerkoli prek pametnih telefonov iOS in Android ali prek ra\u010dunalnika z operacijskim sistemom Windows ali Mac. Tudi ko ste v pisarni ali na potovanju, lahko preverite, kaj se dogaja na poti.<\/p>\n<p><img loading=\"lazy\" decoding=\"async\" class=\"lazyloaded aligncenter wp-image-27258 size-full\" src=\"https:\/\/alex.shop\/wp-content\/uploads\/2020\/07\/reolink-go-plus-10.jpg\" alt=\"Reolink G330 brez\u017ei\u010dna 4g kamera\" width=\"1464\" height=\"600\" data-src=\"https:\/\/alex.shop\/wp-content\/uploads\/2020\/07\/reolink-go-plus-10.jpg\" \/><\/p>\n<h4>Oblak Reolink<\/h4>\n<p>Reolink Go Plus podpira storitev shranjevanja v <a href=\"https:\/\/cloud.reolink.com\/\" target=\"_blank\" rel=\"noopener\">Reolink Cloud<\/a>. Na ta na\u010din se videoposnetki popolnoma brezpla\u010dno shranjujejo tudi v oblak. Reolink Cloud ponuja varnostno kopiranje vseh pomembnih dogodkov in vam omogo\u010da dostop do shranjenih videoposnetkov kjerkoli in kadarkoli. Ni vam treba skrbeti, da bo kamera ukraden ali da bi se pomnilni\u0161ka kartica zlomila.<\/p>\n<h4>Reolink Go Plus &#8211; vsebina \u0161katle<\/h4>\n<p><img loading=\"lazy\" decoding=\"async\" class=\"lazyloaded aligncenter wp-image-27276 size-full\" src=\"https:\/\/alex.shop\/wp-content\/uploads\/2020\/07\/reolink-go-plus-11-1.jpg\" alt=\"Reolink G330 brez\u017ei\u010dna 4g kamera\" width=\"930\" height=\"263\" data-src=\"https:\/\/alex.shop\/wp-content\/uploads\/2020\/07\/reolink-go-plus-11-1.jpg\" \/><\/p>\n<h4>Reolink Go Plus \u2013 dimenzije in specifikacije<\/h4>\n<div id=\"gallery-1\" class=\"gallery galleryid-1020 gallery-columns-3 gallery-size-medium\">\n<figure class=\"gallery-item\">\n<div class=\"gallery-icon landscape\"><a href=\"https:\/\/alex.shop\/wp-content\/uploads\/2020\/07\/reolink-go-dimensions.jpg\"><img loading=\"lazy\" decoding=\"async\" class=\"attachment-medium lazyloaded alignnone\" src=\"https:\/\/alex.shop\/wp-content\/uploads\/2020\/07\/reolink-go-dimensions.jpg\" alt=\"Reolink bo umrl. Reolink G330 brez\u017ei\u010dna 4g kamera\" width=\"300\" height=\"167\" data-src=\"https:\/\/alex.shop\/wp-content\/uploads\/2020\/07\/reolink-go-dimensions.jpg\" data-sizes=\"(max-width: 360px) 147px, \" \/><\/a><\/div>\n<\/figure>\n<figure class=\"gallery-item\">\n<div class=\"gallery-icon landscape\"><a href=\"https:\/\/alex.shop\/wp-content\/uploads\/2020\/07\/reolink-go-specs.jpg\"><img loading=\"lazy\" decoding=\"async\" class=\"attachment-medium lazyloaded alignnone\" src=\"https:\/\/alex.shop\/wp-content\/uploads\/2020\/07\/reolink-go-specs.jpg\" alt=\"Reolink Go Reolink G330 brez\u017ei\u010dna 4g kamera\" width=\"300\" height=\"167\" data-src=\"https:\/\/alex.shop\/wp-content\/uploads\/2020\/07\/reolink-go-specs.jpg\" data-sizes=\"(max-width: 360px) 147px, \" \/><\/a><\/div>\n<\/figure>\n<figure class=\"gallery-item\">\n<div class=\"gallery-icon landscape\"><a href=\"https:\/\/alex.shop\/wp-content\/uploads\/2020\/07\/reolink-go-specs-2.jpg\"><img loading=\"lazy\" decoding=\"async\" class=\"attachment-medium lazyloaded alignnone\" src=\"https:\/\/alex.shop\/wp-content\/uploads\/2020\/07\/reolink-go-specs-2.jpg\" alt=\"Reolink Go Reolink G330 brez\u017ei\u010dna 4g kamera\" width=\"300\" height=\"167\" data-src=\"https:\/\/alex.shop\/wp-content\/uploads\/2020\/07\/reolink-go-specs-2.jpg\" data-sizes=\"(max-width: 360px) 147px, \" \/><\/a><\/div>\n<\/figure>\n<\/div>\n<h3>Videoposnetek Reolink Go Plus<\/h3>\n<p><a href=\"https:\/\/www.youtube.com\/watch?v=82hRolkR4ig\" target=\"_blank\" rel=\"noopener\">Reolink Go Plus video<\/a><\/p>\n<h3 data-start=\"2567\" data-end=\"2600\">Zakaj izbrati Reolink G330?<\/h3>\n<ul data-start=\"2602\" data-end=\"3045\">\n<li data-start=\"2602\" data-end=\"2672\">\n<p data-start=\"2604\" data-end=\"2672\">Popolnoma <strong data-start=\"2614\" data-end=\"2637\">brez\u017ei\u010dna 4G kamera<\/strong> \u2013 deluje brez WiFi ali elektrike<\/p>\n<\/li>\n<li data-start=\"2673\" data-end=\"2734\">\n<p data-start=\"2675\" data-end=\"2734\">Mobilna in vremensko odporna \u2013 idealna za zunanjo uporabo<\/p>\n<\/li>\n<li data-start=\"2735\" data-end=\"2784\">\n<p data-start=\"2737\" data-end=\"2784\">2K Super HD kakovost slike z 4MP lo\u010dljivostjo<\/p>\n<\/li>\n<li data-start=\"2785\" data-end=\"2834\">\n<p data-start=\"2787\" data-end=\"2834\">Pametni senzor gibanja in takoj\u0161nja obvestila<\/p>\n<\/li>\n<li data-start=\"2835\" data-end=\"2892\">\n<p data-start=\"2837\" data-end=\"2892\">Solarno napajanje za neprekinjeno delovanje (izbirno)<\/p>\n<\/li>\n<li data-start=\"2893\" data-end=\"2948\">\n<p data-start=\"2895\" data-end=\"2948\">Dvosmerna komunikacija in snemanje zvo\u010dnih opozoril<\/p>\n<\/li>\n<li data-start=\"2949\" data-end=\"3001\">\n<p data-start=\"2951\" data-end=\"3001\">Reolink aplikacija za oddaljeni dostop in nadzor<\/p>\n<\/li>\n<li data-start=\"3002\" data-end=\"3045\">\n<p data-start=\"3004\" data-end=\"3045\">Shranjevanje v oblaku ali na SD kartici<\/p>\n<\/li>\n<\/ul>\n<h3 data-start=\"125\" data-end=\"158\"><strong data-start=\"131\" data-end=\"158\">Pogosta vpra\u0161anja (FAQ)<\/strong><\/h3>\n<p data-start=\"160\" data-end=\"393\"><strong data-start=\"160\" data-end=\"221\">1. Ali Reolink G330 potrebuje WiFi povezavo za delovanje?<\/strong><br data-start=\"221\" data-end=\"224\" \/>Ne. Reolink G330 je <strong data-start=\"244\" data-end=\"267\">brez\u017ei\u010dna 4G kamera<\/strong>, kar pomeni, da za delovanje uporablja <strong data-start=\"307\" data-end=\"362\">SIM kartico z mobilnim podatkovnim prenosom (4G\/3G)<\/strong> in ne potrebuje WiFi povezave.<\/p>\n<p data-start=\"400\" data-end=\"627\"><strong data-start=\"400\" data-end=\"457\">2. Kak\u0161no SIM kartico potrebujem za delovanje kamere?<\/strong><br data-start=\"457\" data-end=\"460\" \/>Potrebujete <strong data-start=\"472\" data-end=\"515\">nano SIM kartico s podatkovnim prenosom<\/strong>, aktivirano pri mobilnem operaterju, ki podpira 4G\/3G omre\u017eje. Priporo\u010damo uporabo SIM kartic brez PIN za\u0161\u010dite.<\/p>\n<p data-start=\"634\" data-end=\"798\"><strong data-start=\"634\" data-end=\"676\">3. Ali lahko kamero uporabljam pono\u010di?<\/strong><br data-start=\"676\" data-end=\"679\" \/>Da, kamera ima <strong data-start=\"694\" data-end=\"725\">infrarde\u010do no\u010dno osvetlitev<\/strong> in omogo\u010da jasne posnetke tudi v slabih svetlobnih pogojih do 10 metrov.<\/p>\n<p data-start=\"805\" data-end=\"1024\"><strong data-start=\"805\" data-end=\"862\">4. Ali kamera podpira snemanje zvoka in komunikacijo?<\/strong><br data-start=\"862\" data-end=\"865\" \/>Da. Reolink G330 ima <strong data-start=\"886\" data-end=\"917\">vgrajen mikrofon in zvo\u010dnik<\/strong>, kar omogo\u010da <strong data-start=\"931\" data-end=\"964\">dvosmerno zvo\u010dno komunikacijo<\/strong> \u2013 poslu\u0161ate dogajanje in govorite z ljudmi na drugi strani.<\/p>\n<p data-start=\"1031\" data-end=\"1259\"><strong data-start=\"1031\" data-end=\"1064\">5. Kako dolgo zdr\u017ei baterija?<\/strong><br data-start=\"1064\" data-end=\"1067\" \/>Trajanje baterije je odvisno od pogostosti uporabe, vremenskih pogojev in nastavitev. Z dodatnim <strong data-start=\"1164\" data-end=\"1192\">Reolink solarnim panelom<\/strong> (ni vklju\u010den) lahko kamera <strong data-start=\"1220\" data-end=\"1258\">deluje neprekinjeno brez polnjenja<\/strong>.<\/p>\n<h3 data-start=\"164\" data-end=\"205\">Spremljajte nas na dru\u017ebenih omre\u017ejih<\/h3>\n<p data-start=\"207\" data-end=\"605\" data-is-last-node=\"\" data-is-only-node=\"\">Za ve\u010d nasvetov, novosti in ekskluzivnih ponudb obi\u0161\u010dite na\u0161 profil na <a class=\"\" href=\"https:\/\/www.facebook.com\/alarm.express.shop.si\/\" target=\"_new\" rel=\"noopener\" data-start=\"278\" data-end=\"327\">Facebooku<\/a> in <a class=\"\" href=\"https:\/\/www.instagram.com\/alarm.express.shop.si\/\" target=\"_new\" rel=\"noopener\" data-start=\"331\" data-end=\"382\">Instagramu<\/a>. Pridru\u017eite se skupnosti zadovoljnih uporabnikov, odkrijte, kako drugi uporabljajo Alex izdelke v svojem domu, in bodite prvi obve\u0161\u010deni o vseh novostih. Va\u0161a varnost in udobje se za\u010dneta tukaj \u2013 tudi na dru\u017ebenih omre\u017ejih!<\/p>\n","protected":false},"excerpt":{"rendered":"<p>Brez\u017ei\u010dna 4G kamera s kamufla\u017eno zasnovo za diskretno opazovanje v naravi ali gozdu. Opremljen je s solarnim panelom za celodnevno napajanje in omogo\u010da enostavno sledenje v mobilnih omre\u017ejih.<\/p>\n","protected":false},"featured_media":1178,"template":"","meta":{"order-bump-settings":[],"_wpfnl_thankyou_order_overview":"on","_wpfnl_thankyou_order_details":"on","_wpfnl_thankyou_billing_details":"on","_wpfnl_thankyou_shipping_details":"on"},"product_brand":[140],"product_cat":[107],"product_tag":[73,74,146,97],"class_list":{"0":"post-1035","1":"product","2":"type-product","3":"status-publish","4":"has-post-thumbnail","6":"product_brand-reolink","7":"product_cat-baterije-in-solarne-kamere","8":"product_tag-4g-kamere","9":"product_tag-4mp","10":"product_tag-brezzicne-4g-kamere","11":"product_tag-reolink","13":"first","14":"instock","15":"sale","16":"featured","17":"taxable","18":"shipping-taxable","19":"purchasable","20":"product-type-simple"},"bundled_by":[],"bundle_stock_status":"instock","bundle_stock_quantity":17,"bundle_virtual":false,"bundle_layout":"","bundle_add_to_cart_form_location":"","bundle_editable_in_cart":false,"bundle_sold_individually_context":"","bundle_item_grouping":"","bundle_min_size":"","bundle_max_size":"","bundle_price":[],"bundled_items":[],"bundle_sell_ids":[],"_links":{"self":[{"href":"https:\/\/alex.shop\/si\/wp-json\/wp\/v2\/product\/1035","targetHints":{"allow":["GET"]}}],"collection":[{"href":"https:\/\/alex.shop\/si\/wp-json\/wp\/v2\/product"}],"about":[{"href":"https:\/\/alex.shop\/si\/wp-json\/wp\/v2\/types\/product"}],"version-history":[{"count":8,"href":"https:\/\/alex.shop\/si\/wp-json\/wp\/v2\/product\/1035\/revisions"}],"predecessor-version":[{"id":1931,"href":"https:\/\/alex.shop\/si\/wp-json\/wp\/v2\/product\/1035\/revisions\/1931"}],"wp:featuredmedia":[{"embeddable":true,"href":"https:\/\/alex.shop\/si\/wp-json\/wp\/v2\/media\/1178"}],"wp:attachment":[{"href":"https:\/\/alex.shop\/si\/wp-json\/wp\/v2\/media?parent=1035"}],"wp:term":[{"taxonomy":"product_brand","embeddable":true,"href":"https:\/\/alex.shop\/si\/wp-json\/wp\/v2\/product_brand?post=1035"},{"taxonomy":"product_cat","embeddable":true,"href":"https:\/\/alex.shop\/si\/wp-json\/wp\/v2\/product_cat?post=1035"},{"taxonomy":"product_tag","embeddable":true,"href":"https:\/\/alex.shop\/si\/wp-json\/wp\/v2\/product_tag?post=1035"}],"curies":[{"name":"wp","href":"https:\/\/api.w.org\/{rel}","templated":true}]}}