{"id":1039,"date":"2025-04-08T14:06:00","date_gmt":"2025-04-08T12:06:00","guid":{"rendered":"https:\/\/alex.shop\/si\/?post_type=product&#038;p=1039"},"modified":"2026-04-24T08:15:56","modified_gmt":"2026-04-24T06:15:56","slug":"reolink-argus-pt-lite-zunanja-3mp-brezzicna-vrtljiva-wifi-kamera","status":"publish","type":"product","link":"https:\/\/alex.shop\/si\/reolink-argus-pt-lite-zunanja-3mp-brezzicna-vrtljiva-wifi-kamera\/","title":{"rendered":"Reolink B420 (Argus PT Lite) &#8211; brez\u017ei\u010dna vrtljiva kamera"},"content":{"rendered":"<p><img fetchpriority=\"high\" decoding=\"async\" class=\"aligncenter size-full wp-image-21654\" src=\"https:\/\/alex.shop\/wp-content\/uploads\/2024\/03\/argus-pt-lite.jpg\" alt=\"\" width=\"1464\" height=\"600\" \/><\/p>\n<h2>Reolink Argus PT (3MP)<\/h2>\n<h4>Brez\u017ei\u010dna baterija WiFi nadzor pan-tilt kamera s pametnim zaznavanjem ljudi in vozil<\/h4>\n<p>Brez \u017eic ga postavite kjerkoli. Polnilna baterija in WiFi omogo\u010data, da Reolink Argus PT deluje popolnoma brez \u017eic. Ni omre\u017enega ali napajalnega kabla, vrtanja in vti\u010dnice. Lahko ga postavite kjerkoli, na vhodna vrata, na dvori\u0161\u010du, pred gara\u017eo in podobno. Uporabite ga lahko na za\u010dasnem gradbi\u0161\u010du, najemni hi\u0161i, v ko\u010di ali \u010dolnu.<\/p>\n<h4>Mo\u017enost obra\u010danja in nagibanja \u2013 za\u0161\u010ditite tisto, kar je pomembno iz vseh zornih kotov<\/h4>\n<p>Ker se lahko premikate levo in desno, se nagnete gor in dol, Reolink Argus PT Lite zagotavlja popolno pokritost mrtvega kota. Z aplikacijo lahko na daljavo upravljate funkcijo obra\u010danja in nagiba ter vedno pozorno spremljate svojo lastnino, tudi \u010de ste na drugem koncu sveta.<\/p>\n<p><img decoding=\"async\" class=\"aligncenter size-full wp-image-21660 lazyloaded\" src=\"https:\/\/alex.shop\/wp-content\/uploads\/2024\/03\/argus-pt-lite-2.jpg\" alt=\"\" width=\"1464\" height=\"600\" data-src=\"https:\/\/alex.shop\/wp-content\/uploads\/2024\/03\/argus-pt-lite-2.jpg\" \/><\/p>\n<h4>Polnilna baterija<\/h4>\n<p>Kamera Reolink Argus PT Lite je opremljena z baterijo, ki jo je mogo\u010de polniti prek <a href=\"https:\/\/alex.shop\/reolink-solar-panel-solarno-napajanje-za-reolink-kamere\/\">napajalnika ali prek Reolink solar panel.<\/a><\/p>\n<h4>Son\u010dna plo\u0161\u010da Reolink<\/h4>\n<p>Kamera priklju\u010dite na Reolink solarni panel in imela bo stalno napajanje. Preprosto namestite vremensko odporno son\u010dno plo\u0161\u010do, da pove\u010date izpostavljenost son\u010dni svetlobi. <a href=\"https:\/\/alex.shop\/reolink-solar-panel-solarno-napajanje-za-reolink-kamere\/\">Solarni panel<\/a> se prodajajo lo\u010deno.<\/p>\n<p><img decoding=\"async\" class=\"aligncenter size-full wp-image-21666 ls-is-cached lazyloaded\" src=\"https:\/\/alex.shop\/wp-content\/uploads\/2024\/03\/argus-pt-lite3.jpg\" alt=\"\" width=\"1464\" height=\"600\" data-src=\"https:\/\/alex.shop\/wp-content\/uploads\/2024\/03\/argus-pt-lite3.jpg\" \/><\/p>\n<h4>3MP lo\u010dljivost no\u010d in dan<\/h4>\n<p>Oglejte si vse do zadnje podrobnosti z visoko kakovostjo videa. Omogo\u010da jasnej\u0161i in dvakrat bolj oster pogled kot kamere 1080p. Z napredno tehnologijo senzorja CMOS 3MP kamera Reolink Argus PT prikazuje podrobnosti pri \u0161ibki svetlobi (do 10 metrov) brez dodatne osvetlitve. Reolink Argus PT podpira 2,4 GHz in 5 GHz WiFi in ponuja ve\u010d zmogljivosti brez\u017ei\u010dne povezljivosti.<\/p>\n<p><img loading=\"lazy\" decoding=\"async\" class=\"aligncenter size-full wp-image-27233\" src=\"https:\/\/alex.shop\/wp-content\/uploads\/2024\/09\/reolink-argus-pt-6-en.jpg\" alt=\"\" width=\"1391\" height=\"400\" \/><\/p>\n<h4>Pametni detektor gibanja in takoj\u0161nja obvestila<\/h4>\n<p>Nadzorna kamera Reolink Argus PT Lite z akumulatorsko baterijo in 140\u00b0 \u0161irokim kotom kamere ter zelo ob\u010dutljivim senzorjem gibanja PIR skoraj brezhibno zazna vsa \u010dlove\u0161ka gibanja. Ko zazna gibanje, se kamera takoj vklopi, da vam po\u0161lje takoj\u0161nja opozorila, hkrati pa se samodejno predvaja sirena ali glasovno opozorilo po meri, ki odvra\u010da ne\u017eelene obiskovalce.<\/p>\n<ul>\n<li><strong>Potisna obvestila in opozorila o gibanju po\u0161ljite po e-po\u0161ti<\/strong><br \/>\nNeposredno v telefonu.<\/li>\n<li><strong>Zvo\u010dna mo\u010d sirene<\/strong><br \/>\nSirena 75 db. Izvaja se s kretnjo ali pa je na daljavo omogo\u010den\/onemogo\u010den.<\/li>\n<li><strong>Opozorila o snemanju<\/strong><br \/>\nUstvarite lastno glasovno opozorilo glede na va\u0161e potrebe.<\/li>\n<li><strong>Kartica SD (izbirno)<\/strong><br \/>\nPosnemite in shranite gibljive videoposnetke na pomnilni\u0161ko kartico micro SD velikosti do 128 GB.<\/li>\n<\/ul>\n<h4><img loading=\"lazy\" decoding=\"async\" class=\"aligncenter size-full wp-image-18443 ls-is-cached lazyloaded\" src=\"https:\/\/alex.shop\/wp-content\/uploads\/2020\/07\/Reolink-Argus-PT-B430-2.jpg\" alt=\"\" width=\"1453\" height=\"525\" data-src=\"https:\/\/alex.shop\/wp-content\/uploads\/2020\/07\/Reolink-Argus-PT-B430-2.jpg\" \/><\/h4>\n<h4>Dvosmerna zvo\u010dna komunikacija<\/h4>\n<p>Prisluhnite, kaj se dogaja znotraj ali zunaj va\u0161ega doma in se pogovorite z enim samim dotikom. Z vgrajenim mikrofonom in zvo\u010dniki lahko komunicirate s starej\u0161imi, otroki, varu\u0161kami, hi\u0161nimi ljubljen\u010dki in opozarjate vse nepovabljene.<\/p>\n<h4>Dostop do kamere kadar koli in kjer koli<\/h4>\n<p>Nadzor \u0161e nikoli ni bil tako enostaven z brezpla\u010dno aplikacijo Reolink. Preverite, ali sta va\u0161a dru\u017eina in dom varna kadar koli in kjer koli v pametnih telefonih s sistemom iOS in Android ali v ra\u010dunalniku s sistemom Windows ali Mac. Tudi ko ste v pisarni ali potujete, lahko preverite, kaj se dogaja na poti.<\/p>\n<p><img loading=\"lazy\" decoding=\"async\" class=\"aligncenter size-full wp-image-18447 ls-is-cached lazyloaded\" src=\"https:\/\/alex.shop\/wp-content\/uploads\/2020\/07\/Reolink-Argus-PT-B430-3.jpg\" alt=\"\" width=\"1451\" height=\"519\" data-src=\"https:\/\/alex.shop\/wp-content\/uploads\/2020\/07\/Reolink-Argus-PT-B430-3.jpg\" \/><\/p>\n<h4>Reolink Cloud<\/h4>\n<p>Reolink Argus PT Lite podpira <a href=\"https:\/\/cloud.reolink.com\/\" target=\"_blank\" rel=\"noopener\">storitev shranjevanja Reolink Cloud<\/a>. Na ta na\u010din se videoposnetki brezpla\u010dno shranjujejo tudi v oblak. Reolink Cloud ponuja varnostno kopijo vseh pomembnih dogodkov in vam omogo\u010da dostop do shranjenih videoposnetkov kjerkoli in kadarkoli. Ni vam treba skrbeti, ali bo kamera ukraden ali se bo pomnilni\u0161ka kartica pokvarila.<\/p>\n<h4>Glasovno upravljanje<\/h4>\n<p>Upravljanje nadzorne kamere, ki deluje s Pomo\u010dnikom Google, ne bi moglo biti la\u017eje. Samo recite \u00bbHey Google, show me the yard\u00ab in v \u017eivo boste lahko gledali iz kamera prek Google Nest Huba ali pametnih televizorjev, ki podpirajo Chromecast.<\/p>\n<p>&nbsp;<\/p>\n<h4>Reolink Argus PT Lite \u2013 vsebina \u0161katle<\/h4>\n<p><img loading=\"lazy\" decoding=\"async\" class=\"aligncenter size-full wp-image-21703 ls-is-cached lazyloaded\" src=\"https:\/\/alex.shop\/wp-content\/uploads\/2024\/03\/argus-pt-lite-3.jpg\" alt=\"\" width=\"1233\" height=\"529\" data-src=\"https:\/\/alex.shop\/wp-content\/uploads\/2024\/03\/argus-pt-lite-3.jpg\" \/><\/p>\n<h4>Reolink Argus PT Lite \u2013 dimenzije in specifikacije<\/h4>\n<div id=\"gallery-1\" class=\"gallery galleryid-21651 gallery-columns-3 gallery-size-medium\">\n<figure class=\"gallery-item\">\n<div class=\"gallery-icon landscape\"><a href=\"https:\/\/alex.shop\/wp-content\/uploads\/2022\/03\/Reolink-pt-2k-specifikacije.jpg\"><img loading=\"lazy\" decoding=\"async\" class=\"attachment-medium size-medium ls-is-cached lazyloaded\" src=\"https:\/\/alex.shop\/wp-content\/uploads\/2022\/03\/Reolink-pt-2k-specifikacije.jpg\" alt=\"Specifikacije Reolink-pt-2k\" width=\"300\" height=\"184\" data-src=\"https:\/\/alex.shop\/wp-content\/uploads\/2022\/03\/Reolink-pt-2k-specifikacije.jpg\" data-sizes=\"(max-width: 360px) 147px, \" \/><\/a><\/div>\n<\/figure>\n<figure class=\"gallery-item\">\n<div class=\"gallery-icon landscape\"><a href=\"https:\/\/alex.shop\/wp-content\/uploads\/2022\/03\/Argus-pt-4mp-back.jpg\"><img loading=\"lazy\" decoding=\"async\" class=\"attachment-medium size-medium ls-is-cached lazyloaded\" src=\"https:\/\/alex.shop\/wp-content\/uploads\/2022\/03\/Argus-pt-4mp-back.jpg\" alt=\"Argus-pt-4mp-back\" width=\"300\" height=\"237\" data-src=\"https:\/\/alex.shop\/wp-content\/uploads\/2022\/03\/Argus-pt-4mp-back.jpg\" data-sizes=\"(max-width: 360px) 147px, \" \/><\/a><\/div>\n<\/figure>\n<\/div>\n<h3><\/h3>\n<div class=\"video-container\">\n<h3>Reolink Argus PT Lite video<\/h3>\n<p><a href=\"https:\/\/www.youtube.com\/watch?v=30ZMu5sXyCI\" target=\"_blank\" rel=\"noopener\">Argus PT Lite video<\/a><\/p>\n<\/div>\n","protected":false},"excerpt":{"rendered":"<p>Pametna varnostna kamera s 3MP lo\u010dljivostjo, polnilno baterijo in brez\u017ei\u010dno povezavo. Odporna na de\u017e, sonce in sneg &#8211; popolna za dom, vikend ali pisarno.<\/p>\n","protected":false},"featured_media":1107,"template":"","meta":{"order-bump-settings":[],"_wpfnl_thankyou_order_overview":"on","_wpfnl_thankyou_order_details":"on","_wpfnl_thankyou_billing_details":"on","_wpfnl_thankyou_shipping_details":"on"},"product_brand":[140],"product_cat":[107,109],"product_tag":[71,82,145,111],"class_list":{"0":"post-1039","1":"product","2":"type-product","3":"status-publish","4":"has-post-thumbnail","6":"product_brand-reolink","7":"product_cat-baterije-in-solarne-kamere","8":"product_cat-wifi-kamere","9":"product_tag-3mp","10":"product_tag-argus","11":"product_tag-brezzicne-wifi-kamere","12":"product_tag-vrtljive-kamere","14":"first","15":"instock","16":"sale","17":"taxable","18":"shipping-taxable","19":"purchasable","20":"product-type-simple"},"bundled_by":[],"bundle_stock_status":"instock","bundle_stock_quantity":12,"bundle_virtual":false,"bundle_layout":"","bundle_add_to_cart_form_location":"","bundle_editable_in_cart":false,"bundle_sold_individually_context":"","bundle_item_grouping":"","bundle_min_size":"","bundle_max_size":"","bundle_price":[],"bundled_items":[],"bundle_sell_ids":[],"_links":{"self":[{"href":"https:\/\/alex.shop\/si\/wp-json\/wp\/v2\/product\/1039","targetHints":{"allow":["GET"]}}],"collection":[{"href":"https:\/\/alex.shop\/si\/wp-json\/wp\/v2\/product"}],"about":[{"href":"https:\/\/alex.shop\/si\/wp-json\/wp\/v2\/types\/product"}],"version-history":[{"count":6,"href":"https:\/\/alex.shop\/si\/wp-json\/wp\/v2\/product\/1039\/revisions"}],"predecessor-version":[{"id":1684,"href":"https:\/\/alex.shop\/si\/wp-json\/wp\/v2\/product\/1039\/revisions\/1684"}],"wp:featuredmedia":[{"embeddable":true,"href":"https:\/\/alex.shop\/si\/wp-json\/wp\/v2\/media\/1107"}],"wp:attachment":[{"href":"https:\/\/alex.shop\/si\/wp-json\/wp\/v2\/media?parent=1039"}],"wp:term":[{"taxonomy":"product_brand","embeddable":true,"href":"https:\/\/alex.shop\/si\/wp-json\/wp\/v2\/product_brand?post=1039"},{"taxonomy":"product_cat","embeddable":true,"href":"https:\/\/alex.shop\/si\/wp-json\/wp\/v2\/product_cat?post=1039"},{"taxonomy":"product_tag","embeddable":true,"href":"https:\/\/alex.shop\/si\/wp-json\/wp\/v2\/product_tag?post=1039"}],"curies":[{"name":"wp","href":"https:\/\/api.w.org\/{rel}","templated":true}]}}