{"id":1041,"date":"2025-04-08T14:06:00","date_gmt":"2025-04-08T12:06:00","guid":{"rendered":"https:\/\/alex.shop\/si\/?post_type=product&#038;p=1041"},"modified":"2026-04-02T15:10:41","modified_gmt":"2026-04-02T13:10:41","slug":"reolink-rln8-410-video-snemalnik-do-8-kamer","status":"publish","type":"product","link":"https:\/\/alex.shop\/si\/reolink-rln8-410-video-snemalnik-do-8-kamer\/","title":{"rendered":"Reolink NVS8 (RLN8-410) &#8211; video snemalnik do 8 kamer"},"content":{"rendered":"<h2>Reolink RLN8-410<\/h2>\n<h4>8-kanalni omre\u017eni video snemalnik PoE NVR za zanesljivo snemanje 24\/7<\/h4>\n<ul>\n<li>Podpora za kamere do 12MP<\/li>\n<li>Napajanje kamer prek omre\u017enega kabla<\/li>\n<li>Do 8 kamer.<\/li>\n<li><strong>Vgrajen 2TB trdi disk<\/strong><\/li>\n<\/ul>\n<p><img fetchpriority=\"high\" decoding=\"async\" class=\"aligncenter size-full wp-image-27506\" src=\"https:\/\/alex.shop\/wp-content\/uploads\/2024\/09\/reolink-nvr8-410.jpg\" alt=\"\" width=\"1337\" height=\"421\" \/><\/p>\n<p>\u010ce \u017eelite neprekinjeno snemanje videa 24 ur na dan, 7 dni v tednu ali \u010de imate za upravljanje ve\u010d IP kamer, je ta omre\u017eni video snemalnik Reolink najbolj\u0161a izbira.<\/p>\n<p>Vnaprej name\u0161\u010den trdi disk 2TB za snemanje in spremljanje 24\/7.<br \/>\nPodpira snemanje vseh kamer hkrati (do 8 kamer).<br \/>\n\u010ce \u017eelite snemati dlje, poskusite snemati zaznavanje gibanja, ki bo za\u010delo snemati \u0161ele, ko zazna gibanje.<br \/>\nOmogo\u010da vam, da namestite zunanji trdi disk prek e-SATA za ve\u010d pomnilnika (do 6TB).<\/p>\n<p>&nbsp;<\/p>\n<figure id=\"attachment_9442\" class=\"wp-caption aligncenter\" aria-describedby=\"caption-attachment-9442\"><img decoding=\"async\" class=\"wp-image-9442 size-full ls-is-cached lazyloaded\" src=\"https:\/\/alex.shop\/wp-content\/uploads\/2021\/11\/reolink-nvr8-410t-udaljenost.webp\" alt=\"\" width=\"960\" height=\"410\" data-src=\"https:\/\/alex.shop\/wp-content\/uploads\/2021\/11\/reolink-nvr8-410t-udaljenost.webp\" data-srcset=\"https:\/\/alex.shop\/wp-content\/uploads\/2021\/11\/reolink-nvr8-410t-udaljenost.webp 960w, https:\/\/alex.shop\/wp-content\/uploads\/2021\/11\/reolink-nvr8-410t-udaljenost-300x128.webp 300w, https:\/\/alex.shop\/wp-content\/uploads\/2021\/11\/reolink-nvr8-410t-udaljenost-768x328.webp 768w, https:\/\/alex.shop\/wp-content\/uploads\/2021\/11\/reolink-nvr8-410t-udaljenost-610x261.webp 610w, https:\/\/alex.shop\/wp-content\/uploads\/2021\/11\/reolink-nvr8-410t-udaljenost-441x188.webp 441w, https:\/\/alex.shop\/wp-content\/uploads\/2021\/11\/reolink-nvr8-410t-udaljenost-600x256.webp 600w, https:\/\/alex.shop\/wp-content\/uploads\/2021\/11\/reolink-nvr8-410t-udaljenost-150x64.webp 150w\" data-sizes=\"(max-width: 960px) 100vw, 960px\" \/><figcaption id=\"caption-attachment-9442\" class=\"wp-caption-text\">NVR RLN8-410 uporablja PoE (napajanje prek etherneta) z enim omre\u017enim kablom, ki vsako od va\u0161ih IP kamer pove\u017ee z NVR, ki slu\u017ei za napajanje in prenos video signalov. Enostavno o\u017ei\u010denje \u2013 postopek o\u017ei\u010denja ne more biti enostavnej\u0161i. Snemalnik neposredno napaja kamere!<\/figcaption><\/figure>\n<p>&nbsp;<\/p>\n<p>8-kanalni snemalnik PoE Reolink RLN410-8 odli\u010dno deluje z vsemi kamerami Reolink IP &#8211; vklju\u010dno s kamerami\u00a0<a href=\"https:\/\/alex.shop\/sl\/kategorija\/video-nadzor\/kamere-za-videonadzor-sl\/poe-kamere\/\" target=\"_blank\" rel=\"noopener\">PoE<\/a>\u00a0\/\u00a0<a href=\"\/?product_cat=wifi-ip-kamere\" target=\"_blank\" rel=\"noopener\">WiFi<\/a>\u00a012MP, 8MP, 5MP in 4MP &#8211; za snemanje 24 ur na dan, 7 dni v tednu, ogled v \u017eivo in ve\u010d funkcij.<\/p>\n<h4>Vsebina \u0161katle Reolink RLN8-410<\/h4>\n<p><img decoding=\"async\" class=\"aligncenter size-full wp-image-3891 ls-is-cached lazyloaded\" src=\"https:\/\/alex.shop\/wp-content\/uploads\/2021\/11\/Reolink-RLN8-410-box-2.jpg\" alt=\"Reolink RLN8-410\" width=\"1173\" height=\"478\" data-src=\"https:\/\/alex.shop\/wp-content\/uploads\/2021\/11\/Reolink-RLN8-410-box-2.jpg\" \/><\/p>\n<p>&nbsp;<\/p>\n","protected":false},"excerpt":{"rendered":"<p>Omre\u017eni videosnemalnik za do 8 PoE in WiFi kamer z vgrajenim 2TB trdim diskom. Ponuja zanesljivo neprekinjeno nadzorovanje 24\/7, popolno za za\u0161\u010dito doma ali poslovnih prostorov.<\/p>\n","protected":false},"featured_media":1227,"template":"","meta":{"order-bump-settings":[],"_wpfnl_thankyou_order_overview":"on","_wpfnl_thankyou_order_details":"on","_wpfnl_thankyou_billing_details":"on","_wpfnl_thankyou_shipping_details":"on"},"product_brand":[140],"product_cat":[126,132],"product_tag":[130,79],"class_list":{"0":"post-1041","1":"product","2":"type-product","3":"status-publish","4":"has-post-thumbnail","6":"product_brand-reolink","7":"product_cat-dodatki-za-video-nadzor","8":"product_cat-video-snemalniki","9":"product_tag-24h-snemanje","10":"product_tag-8-kanalni","12":"first","13":"instock","14":"sale","15":"taxable","16":"shipping-taxable","17":"purchasable","18":"product-type-simple"},"bundled_by":[],"bundle_stock_status":"instock","bundle_stock_quantity":2,"bundle_virtual":false,"bundle_layout":"","bundle_add_to_cart_form_location":"","bundle_editable_in_cart":false,"bundle_sold_individually_context":"","bundle_item_grouping":"","bundle_min_size":"","bundle_max_size":"","bundle_price":[],"bundled_items":[],"bundle_sell_ids":[],"_links":{"self":[{"href":"https:\/\/alex.shop\/si\/wp-json\/wp\/v2\/product\/1041","targetHints":{"allow":["GET"]}}],"collection":[{"href":"https:\/\/alex.shop\/si\/wp-json\/wp\/v2\/product"}],"about":[{"href":"https:\/\/alex.shop\/si\/wp-json\/wp\/v2\/types\/product"}],"version-history":[{"count":5,"href":"https:\/\/alex.shop\/si\/wp-json\/wp\/v2\/product\/1041\/revisions"}],"predecessor-version":[{"id":1703,"href":"https:\/\/alex.shop\/si\/wp-json\/wp\/v2\/product\/1041\/revisions\/1703"}],"wp:featuredmedia":[{"embeddable":true,"href":"https:\/\/alex.shop\/si\/wp-json\/wp\/v2\/media\/1227"}],"wp:attachment":[{"href":"https:\/\/alex.shop\/si\/wp-json\/wp\/v2\/media?parent=1041"}],"wp:term":[{"taxonomy":"product_brand","embeddable":true,"href":"https:\/\/alex.shop\/si\/wp-json\/wp\/v2\/product_brand?post=1041"},{"taxonomy":"product_cat","embeddable":true,"href":"https:\/\/alex.shop\/si\/wp-json\/wp\/v2\/product_cat?post=1041"},{"taxonomy":"product_tag","embeddable":true,"href":"https:\/\/alex.shop\/si\/wp-json\/wp\/v2\/product_tag?post=1041"}],"curies":[{"name":"wp","href":"https:\/\/api.w.org\/{rel}","templated":true}]}}