{"id":1042,"date":"2025-04-08T14:06:00","date_gmt":"2025-04-08T12:06:00","guid":{"rendered":"https:\/\/alex.shop\/si\/?post_type=product&#038;p=1042"},"modified":"2026-04-10T13:03:41","modified_gmt":"2026-04-10T11:03:41","slug":"reolink-doorbell-wifi-pametni-zvonec-s-kamero","status":"publish","type":"product","link":"https:\/\/alex.shop\/si\/reolink-doorbell-wifi-pametni-zvonec-s-kamero\/","title":{"rendered":"Reolink D340W (Doorbell WiFi) &#8211; pametni zvonec s kamero"},"content":{"rendered":"<h4><img fetchpriority=\"high\" decoding=\"async\" class=\"aligncenter size-full wp-image-27391\" src=\"https:\/\/alex.shop\/wp-content\/uploads\/2024\/09\/reolink-doorbell-wifi-01.jpg\" alt=\"\" width=\"1464\" height=\"600\" \/><\/h4>\n<h4>Zunanji pametni zvonec s kamero<\/h4>\n<p>Ta pametni zvonec lahko postavite pred vrata. Deluje na 12V ali 24V napajalniku, adapter je pridobljen v kompletu. Obstaja mo\u017enost priklju\u010ditve na obstoje\u010do namestitev starega zvona, \u010de zagotavlja mo\u010d. Kamera zaznava gibanje in zvok, po\u0161ilja opozorila in zagotavlja odli\u010dno kakovost snemanja z lo\u010dljivostjo 5MP.<\/p>\n<p>V paketu dobite tudi pameten notranji zvonec (zvo\u010dnik, glasnost do 90dB) z 10 razli\u010dnimi melodijami in mo\u017enostjo uravnavanja glasnosti.<\/p>\n<h4>Nova tehnologija zmanj\u0161uje \u0161tevilo la\u017enih alarmov<\/h4>\n<p>Z uporabo tehnologije za analizo oblik lahko Reolink Doorbell natan\u010dno zazna ljudi in vozila. To mo\u010dno zmanj\u0161a \u0161tevilo la\u017enih alarmov, ker se premiki drugih manj pomembnih predmetov ne upo\u0161tevajo.<\/p>\n<p><img decoding=\"async\" class=\"aligncenter size-full wp-image-27385\" src=\"https:\/\/alex.shop\/wp-content\/uploads\/2024\/09\/reolink-doorbell-wifi-04.jpg\" alt=\"\" width=\"1458\" height=\"524\" \/><\/p>\n<h4>Preprost in zanesljiv dvopasovni WiFi<\/h4>\n<p>Reolink Doorbell podpira 2,4 GHz in 5 GHz WiFi in ponuja ve\u010d mo\u017enosti brez\u017ei\u010dne povezljivosti. Dvopasovna WiFi tehnologija in 2T2R MIMO antene zagotavljajo mo\u010dan signal za stabilno in zanesljivo povezavo.<\/p>\n<h4>Super HD no\u010d in dan<\/h4>\n<p>Kot gledanja 180\u00b0 in lo\u010dljivost Super HD 5MP vam omogo\u010data podrobno sliko va\u0161ega doma. Vgrajen visokokakovostni CMOS senzor z 2 IR LED diodami zagotavlja odli\u010den prikaz v temi, do razdalje 10 metrov.<\/p>\n<p><img decoding=\"async\" class=\"aligncenter size-full wp-image-27397\" src=\"https:\/\/alex.shop\/wp-content\/uploads\/2024\/09\/reolink-doorbell-wifi-02.jpg\" alt=\"\" width=\"1401\" height=\"437\" \/><\/p>\n<h4>Mo\u017enost \u010dasovnega zamika<\/h4>\n<p>Kamera Reolink Doorbell lahko zajame tehniko \u010dasovnega zamika, ki hitreje in la\u017eje zajame dinamiko dolgoro\u010dnih dogodkov, kot so son\u010dni vzhod, premikanje oblakov in cvetenje. Zabavajte se pri ustvarjanju videoposnetkov, kot so filmi.<\/p>\n<h4>Neprekinjeno 24\/7 snemanje, snemanje zaznavanja gibanja ali na\u010drtovano snemanje<\/h4>\n<p>Kamera podpira zaznavanje gibanja, neprekinjeno snemanje ali snemanje ob dolo\u010denih urah. Neprekinjeno snemanje 24 ur na dan, 7 dni v tednu je idealno na obmo\u010djih z velikim prometom, kot je vstop v trgovine, medtem ko lahko na obmo\u010djih z manj\u0161imi dejavnostmi, kot sta skladi\u0161\u010de ali no\u010dno bele\u017eenje pri zaznavanju gibanja, prihranite prostor za shranjevanje.\u00a0<strong>Videoposnetke vseh treh vrst posnetkov lahko shranite na kartico micro SD (do 256 GB), snemalnik NVR Reolink ali stre\u017enik FTP<\/strong>. Izberite na\u010din, ki vam je v\u0161e\u010d, in u\u017eivajte v lahki in prilagojeni varnosti.<\/p>\n<p><img loading=\"lazy\" decoding=\"async\" class=\"aligncenter size-full wp-image-14125 ls-is-cached lazyloaded\" src=\"https:\/\/alex.shop\/wp-content\/uploads\/2023\/07\/reolink-video-doorbell-wifi-2.jpg\" alt=\"\" width=\"1340\" height=\"780\" data-src=\"https:\/\/alex.shop\/wp-content\/uploads\/2023\/07\/reolink-video-doorbell-wifi-2.jpg\" \/><\/p>\n<h4>Pametni detektor gibanja in takoj\u0161nja obvestila<\/h4>\n<p>Pametni video zvonec ima zelo ob\u010dutljiv PIR senzor gibanja, zazna vse premike brez napak. Ko kamera zazna gibanje, se takoj vklopi in vam po\u0161lje takoj\u0161nja opozorila. Ko pritisnete gumb, zasli\u0161ite zvok zvonjenja na obeh napravah (zunanji in notranji enoti) in na mobilnem telefonu prejmete video klic. Ki ga lahko izklopite ali kontaktirate, sli\u0161ite, kaj govori oseba na drugi strani, in po potrebi komunicirate z njimi<\/p>\n<ul>\n<li><strong>Potisna obvestila in opozorila o gibanju po\u0161ljite po e-po\u0161ti<\/strong><br \/>\nNeposredno v telefonu.<\/li>\n<li><strong>Kartica SD (izbirno)<\/strong><br \/>\nPosnemite in shranite gibljive videoposnetke na kartico micro SD do 128 GB.<\/li>\n<\/ul>\n<h4>Dvosmerna zvo\u010dna komunikacija<\/h4>\n<p>Prisluhnite, kaj se dogaja znotraj ali zunaj va\u0161ega doma in se pogovorite z enim samim dotikom. Z vgrajenim mikrofonom in zvo\u010dniki lahko komunicirate z obiskovalci, otroki, kurirji, gosti. Pametni zvonec ima vgrajen zvo\u010dnik z veliko glasnostjo.<\/p>\n<h4>Dostop do kamere kadar koli in kjer koli<\/h4>\n<p>Nadzor \u0161e nikoli ni bil tako enostaven z brezpla\u010dno aplikacijo Reolink. Preverite, ali sta va\u0161a dru\u017eina in dom varna kadar koli in kjer koli v pametnih telefonih s sistemom iOS in Android ali v ra\u010dunalniku s sistemom Windows ali Mac. Tudi ko ste v pisarni ali potujete, lahko preverite, kaj se dogaja na poti.<\/p>\n<h4>Enostavna namestitev<\/h4>\n<p>Preprosto postavite pametni zvonec pred vrata, s pomo\u010djo adapterja za nagib pa lahko nastavite tudi kot snemanja. QR kodo morate skenirati s pomo\u010djo aplikacije Reolink.<\/p>\n<p><img loading=\"lazy\" decoding=\"async\" class=\"aligncenter size-full wp-image-14133 ls-is-cached lazyloaded\" src=\"https:\/\/alex.shop\/wp-content\/uploads\/2023\/07\/reolink-doorbell-instalacija.jpg\" alt=\"\" width=\"1402\" height=\"371\" data-src=\"https:\/\/alex.shop\/wp-content\/uploads\/2023\/07\/reolink-doorbell-instalacija.jpg\" \/><\/p>\n<h4>Reolink Doorbell WiFi \u2013 vsebina \u0161katle<\/h4>\n<p><img loading=\"lazy\" decoding=\"async\" class=\"aligncenter size-full wp-image-14143\" src=\"https:\/\/alex.shop\/wp-content\/uploads\/2023\/07\/reolink-doorbell-sadrzaj.jpg\" alt=\"\" width=\"1203\" height=\"518\" \/><\/p>\n<p>&nbsp;<\/p>\n<p>&nbsp;<\/p>\n","protected":false},"excerpt":{"rendered":"<p>Zunanji pametni zvonec z lo\u010dljivostjo 5 MP in notranjim zvonom, \u0161irokokotni objektiv 180\u00b0, izbolj\u0161an no\u010dni vid do 10 m, zaznavanje gibanja in zvoka, dvosmerna zvo\u010dna komunikacija, podpora za SD kartico do 256 GB, mo\u017enost zaznavanja gibanja ali neprekinjenega snemanja. Mo\u017enost spremljanja prek brezpla\u010dne aplikacije Reolink.<\/p>\n","protected":false},"featured_media":1122,"template":"","meta":{"order-bump-settings":[],"_wpfnl_thankyou_order_overview":"on","_wpfnl_thankyou_order_details":"on","_wpfnl_thankyou_billing_details":"on","_wpfnl_thankyou_shipping_details":"on"},"product_brand":[140],"product_cat":[105,106,109],"product_tag":[76,97,114,147],"class_list":{"0":"post-1042","1":"product","2":"type-product","3":"status-publish","4":"has-post-thumbnail","6":"product_brand-reolink","7":"product_cat-video-nadzor","8":"product_cat-videonadzorne-kamere","9":"product_cat-wifi-kamere","10":"product_tag-5mp","11":"product_tag-reolink","12":"product_tag-video-zvonec","13":"product_tag-zicne-wifi-kamere","15":"first","16":"instock","17":"sale","18":"featured","19":"taxable","20":"shipping-taxable","21":"purchasable","22":"product-type-simple"},"bundled_by":[],"bundle_stock_status":"instock","bundle_stock_quantity":9,"bundle_virtual":false,"bundle_layout":"","bundle_add_to_cart_form_location":"","bundle_editable_in_cart":false,"bundle_sold_individually_context":"","bundle_item_grouping":"","bundle_min_size":"","bundle_max_size":"","bundle_price":[],"bundled_items":[],"bundle_sell_ids":[],"_links":{"self":[{"href":"https:\/\/alex.shop\/si\/wp-json\/wp\/v2\/product\/1042","targetHints":{"allow":["GET"]}}],"collection":[{"href":"https:\/\/alex.shop\/si\/wp-json\/wp\/v2\/product"}],"about":[{"href":"https:\/\/alex.shop\/si\/wp-json\/wp\/v2\/types\/product"}],"version-history":[{"count":2,"href":"https:\/\/alex.shop\/si\/wp-json\/wp\/v2\/product\/1042\/revisions"}],"predecessor-version":[{"id":1689,"href":"https:\/\/alex.shop\/si\/wp-json\/wp\/v2\/product\/1042\/revisions\/1689"}],"wp:featuredmedia":[{"embeddable":true,"href":"https:\/\/alex.shop\/si\/wp-json\/wp\/v2\/media\/1122"}],"wp:attachment":[{"href":"https:\/\/alex.shop\/si\/wp-json\/wp\/v2\/media?parent=1042"}],"wp:term":[{"taxonomy":"product_brand","embeddable":true,"href":"https:\/\/alex.shop\/si\/wp-json\/wp\/v2\/product_brand?post=1042"},{"taxonomy":"product_cat","embeddable":true,"href":"https:\/\/alex.shop\/si\/wp-json\/wp\/v2\/product_cat?post=1042"},{"taxonomy":"product_tag","embeddable":true,"href":"https:\/\/alex.shop\/si\/wp-json\/wp\/v2\/product_tag?post=1042"}],"curies":[{"name":"wp","href":"https:\/\/api.w.org\/{rel}","templated":true}]}}