{"id":1043,"date":"2025-04-08T14:06:00","date_gmt":"2025-04-08T12:06:00","guid":{"rendered":"https:\/\/alex.shop\/si\/?post_type=product&#038;p=1043"},"modified":"2026-04-02T15:10:41","modified_gmt":"2026-04-02T13:10:41","slug":"reolink-e1-outdoor-zunanja-vrtljiva-wifi-kamera-z-reflektorjem","status":"publish","type":"product","link":"https:\/\/alex.shop\/si\/reolink-e1-outdoor-zunanja-vrtljiva-wifi-kamera-z-reflektorjem\/","title":{"rendered":"Reolink E540 (E1 Outdoor) &#8211; vrtljiva kamera"},"content":{"rendered":"<p><img fetchpriority=\"high\" decoding=\"async\" class=\"aligncenter wp-image-9290 size-full lazyloaded\" src=\"https:\/\/alex.shop\/wp-content\/uploads\/2021\/11\/Reolink-E1-Outdoor-2.webp\" alt=\"\" width=\"2000\" height=\"599\" data-src=\"https:\/\/alex.shop\/wp-content\/uploads\/2021\/11\/Reolink-E1-Outdoor-2.webp\" data-srcset=\"https:\/\/alex.shop\/wp-content\/uploads\/2021\/11\/Reolink-E1-Outdoor-2.webp 2000w, https:\/\/alex.shop\/wp-content\/uploads\/2021\/11\/Reolink-E1-Outdoor-2-300x90.webp 300w, https:\/\/alex.shop\/wp-content\/uploads\/2021\/11\/Reolink-E1-Outdoor-2-1024x307.webp 1024w, https:\/\/alex.shop\/wp-content\/uploads\/2021\/11\/Reolink-E1-Outdoor-2-768x230.webp 768w, https:\/\/alex.shop\/wp-content\/uploads\/2021\/11\/Reolink-E1-Outdoor-2-1536x460.webp 1536w, https:\/\/alex.shop\/wp-content\/uploads\/2021\/11\/Reolink-E1-Outdoor-2-610x183.webp 610w, https:\/\/alex.shop\/wp-content\/uploads\/2021\/11\/Reolink-E1-Outdoor-2-990x297.webp 990w, https:\/\/alex.shop\/wp-content\/uploads\/2021\/11\/Reolink-E1-Outdoor-2-441x132.webp 441w, https:\/\/alex.shop\/wp-content\/uploads\/2021\/11\/Reolink-E1-Outdoor-2-600x180.webp 600w, https:\/\/alex.shop\/wp-content\/uploads\/2021\/11\/Reolink-E1-Outdoor-2-150x45.webp 150w\" data-sizes=\"(max-width: 2000px) 100vw, 2000px\" \/><\/p>\n<h2>Reolink E1 Outdoor<\/h2>\n<h4>Zunanja WiFi vrtljiva kamera z opti\u010dnim zoomom, reflektorjem in avtomatskim sledenjem osebe ali avtomobila<\/h4>\n<p>Zunanja kamera Reolink E1 zajema v izjemno visoki lo\u010dljivosti 5MP in 3x opti\u010dni zoom. Lahko ga postavite kjerkoli, na vhodna vrata, na dvori\u0161\u010de, pred gara\u017eo in podobno. Uporabite ga lahko na za\u010dasnem gradbi\u0161\u010du, najemni hi\u0161i ali ko\u010di.<\/p>\n<p><img decoding=\"async\" class=\"aligncenter size-full wp-image-20912 lazyloaded\" src=\"https:\/\/alex.shop\/wp-content\/uploads\/2024\/03\/reolink-e1-outdoor-en-3.jpg\" alt=\"\" width=\"1464\" height=\"600\" data-src=\"https:\/\/alex.shop\/wp-content\/uploads\/2024\/03\/reolink-e1-outdoor-en-3.jpg\" \/><\/p>\n<h4>Nova tehnologija zmanj\u0161uje la\u017ene alarme<\/h4>\n<p>Z uporabo tehnologije za analizo oblike lahko zunanja kamera Reolink E1 natan\u010dno zazna ljudi in vozila. To mo\u010dno zmanj\u0161a la\u017ene alarme, ker se premiki drugih manj pomembnih predmetov ignorirajo.<\/p>\n<h4>Mo\u017enost obra\u010danja in nagibanja \u2013 za\u0161\u010ditite tisto, kar je pomembno iz vseh zornih kotov<\/h4>\n<p>Ker se lahko premikate levo in desno, se nagibate navzgor in navzdol ter opti\u010dno pove\u010date trikrat, Reolink E1 Outdoor zagotavlja popolno pokritost brez mrtvega kota. Z aplikacijo lahko na daljavo upravljate funkcijo obra\u010danja in nagibanja ter vedno pozorno spremljate vse, kar je za vas pomembno, tudi \u010de ste na drugem koncu sveta.<\/p>\n<p><img decoding=\"async\" class=\"aligncenter wp-image-9291 size-full ls-is-cached lazyloaded\" src=\"https:\/\/alex.shop\/wp-content\/uploads\/2021\/11\/Reolink-E1-Outdoor-3.webp\" alt=\"\" width=\"2000\" height=\"708\" data-src=\"https:\/\/alex.shop\/wp-content\/uploads\/2021\/11\/Reolink-E1-Outdoor-3.webp\" data-srcset=\"https:\/\/alex.shop\/wp-content\/uploads\/2021\/11\/Reolink-E1-Outdoor-3.webp 2000w, https:\/\/alex.shop\/wp-content\/uploads\/2021\/11\/Reolink-E1-Outdoor-3-300x106.webp 300w, https:\/\/alex.shop\/wp-content\/uploads\/2021\/11\/Reolink-E1-Outdoor-3-1024x362.webp 1024w, https:\/\/alex.shop\/wp-content\/uploads\/2021\/11\/Reolink-E1-Outdoor-3-768x272.webp 768w, https:\/\/alex.shop\/wp-content\/uploads\/2021\/11\/Reolink-E1-Outdoor-3-1536x544.webp 1536w, https:\/\/alex.shop\/wp-content\/uploads\/2021\/11\/Reolink-E1-Outdoor-3-610x216.webp 610w, https:\/\/alex.shop\/wp-content\/uploads\/2021\/11\/Reolink-E1-Outdoor-3-990x350.webp 990w, https:\/\/alex.shop\/wp-content\/uploads\/2021\/11\/Reolink-E1-Outdoor-3-441x156.webp 441w, https:\/\/alex.shop\/wp-content\/uploads\/2021\/11\/Reolink-E1-Outdoor-3-600x212.webp 600w, https:\/\/alex.shop\/wp-content\/uploads\/2021\/11\/Reolink-E1-Outdoor-3-150x53.webp 150w\" data-sizes=\"(max-width: 2000px) 100vw, 2000px\" \/><\/p>\n<h4>Preprost in zanesljiv dvopasovni WiFi<\/h4>\n<p>Reolink E1 Outdoor podpira 2.4 GHz in 5 GHz WiFi, kar ponuja ve\u010d mo\u017enosti brez\u017ei\u010dne povezljivosti. Dvopasovna WiFi tehnologija in 2T2R MIMO antene zagotavljajo mo\u010dan signal za stabilno in zanesljivo povezavo.<\/p>\n<h4>Super HD podnevi in no\u010d<\/h4>\n<p>Oglejte si vse do zadnje podrobnosti s kakovostjo videa 5MP Super HD. Daje jasnej\u0161i in ostrej\u0161i pogled kot 4MP kamere. Z napredno tehnologijo senzorja CMOS zunanja kamera Reolink E1 prikazuje podrobnosti v slabih svetlobnih pogojih.<\/p>\n<p><img loading=\"lazy\" decoding=\"async\" class=\"aligncenter wp-image-9292 size-full lazyloaded\" src=\"https:\/\/alex.shop\/wp-content\/uploads\/2021\/11\/Reolink-E1-Outdoor-6.webp\" alt=\"\" width=\"1920\" height=\"887\" data-src=\"https:\/\/alex.shop\/wp-content\/uploads\/2021\/11\/Reolink-E1-Outdoor-6.webp\" data-srcset=\"https:\/\/alex.shop\/wp-content\/uploads\/2021\/11\/Reolink-E1-Outdoor-6.webp 1920w, https:\/\/alex.shop\/wp-content\/uploads\/2021\/11\/Reolink-E1-Outdoor-6-300x139.webp 300w, https:\/\/alex.shop\/wp-content\/uploads\/2021\/11\/Reolink-E1-Outdoor-6-1024x473.webp 1024w, https:\/\/alex.shop\/wp-content\/uploads\/2021\/11\/Reolink-E1-Outdoor-6-768x355.webp 768w, https:\/\/alex.shop\/wp-content\/uploads\/2021\/11\/Reolink-E1-Outdoor-6-1536x710.webp 1536w, https:\/\/alex.shop\/wp-content\/uploads\/2021\/11\/Reolink-E1-Outdoor-6-610x282.webp 610w, https:\/\/alex.shop\/wp-content\/uploads\/2021\/11\/Reolink-E1-Outdoor-6-990x457.webp 990w, https:\/\/alex.shop\/wp-content\/uploads\/2021\/11\/Reolink-E1-Outdoor-6-441x204.webp 441w, https:\/\/alex.shop\/wp-content\/uploads\/2021\/11\/Reolink-E1-Outdoor-6-600x277.webp 600w, https:\/\/alex.shop\/wp-content\/uploads\/2021\/11\/Reolink-E1-Outdoor-6-150x69.webp 150w\" data-sizes=\"(max-width: 1920px) 100vw, 1920px\" \/><\/p>\n<h4>Pametni detektor gibanja in takoj\u0161nja obvestila<\/h4>\n<p>Reolink E1 Zunanja nadzorna kamera z visoko ob\u010dutljivim PIR senzorjem gibanja, zazna vsa \u010dlove\u0161ka gibanja skoraj brez napak. Ko zazna gibanje, se bo kamera takoj vklopila in vam poslala takoj\u0161nja opozorila, hkrati pa se bo samodejno oglasila sirena ali glasovno opozorilo po meri, da bi odvrnili ne\u017eelene obiskovalce.<\/p>\n<ul>\n<li><strong>Potisna obvestila in e-po\u0161tna<\/strong><br \/>\nopozorila Motion neposredno v telefonu.<\/li>\n<li><strong>Sirena<\/strong><br \/>\nDeluje z gibanjem ali je na daljavo omogo\u010den \/ onemogo\u010den.<\/li>\n<li><strong>Opozorila o glasovnem snemanju<\/strong><br \/>\npo meri Ustvarite lastno glasovno opozorilo glede na svoje potrebe.<\/li>\n<li><strong>Kartica SD (izbirno)<\/strong><br \/>\nSnemajte in shranjujte videoposnetke na kartico micro SD do 256 GB.<\/li>\n<\/ul>\n<h4>Dvosmerna zvo\u010dna komunikacija<\/h4>\n<p>Poslu\u0161ajte, kaj se dogaja v va\u0161em domu ali zunaj njega, in se pogovarjajte z enim samim dotikom. Z vgrajenim mikrofonom in zvo\u010dnikom lahko komunicirate s starej\u0161imi, otroki, varu\u0161kami, hi\u0161nimi ljubljen\u010dki in opozorite vsakogar, ki ni povabljen.<\/p>\n<p><img loading=\"lazy\" decoding=\"async\" class=\"aligncenter size-full wp-image-20916 lazyloaded\" src=\"https:\/\/alex.shop\/wp-content\/uploads\/2024\/03\/reolink-e1-outdoor-en-2.jpg\" alt=\"\" width=\"1464\" height=\"600\" data-src=\"https:\/\/alex.shop\/wp-content\/uploads\/2024\/03\/reolink-e1-outdoor-en-2.jpg\" \/><\/p>\n<h4>Mo\u017enost \u010dasovnega zamika<\/h4>\n<p>Zunanja kamera Reolink E1 lahko zajame tehniko \u010dasovnega zamika, s pomo\u010djo katere hitreje in la\u017eje zajame dinamiko dolgoro\u010dnih dogodkov, kot so son\u010dni vzhod, premikanje oblakov in cvetenje. Zabavajte se pri ustvarjanju videoposnetkov, kot so filmi.<\/p>\n<h4>Samodejno sledenje<\/h4>\n<p>Samodejno sledi premikajo\u010di se osebi ali avtomobilu. Reolink E1 Outdoor se bo tako samodejno vrtel z vodoravnim sledenjem proti prihajajo\u010dim ljudem.<\/p>\n<p><img loading=\"lazy\" decoding=\"async\" class=\"aligncenter size-full wp-image-20920 lazyloaded\" src=\"https:\/\/alex.shop\/wp-content\/uploads\/2024\/03\/reolink-e1-outdoor-en.jpg\" alt=\"\" width=\"1464\" height=\"600\" data-src=\"https:\/\/alex.shop\/wp-content\/uploads\/2024\/03\/reolink-e1-outdoor-en.jpg\" \/><\/p>\n<h4>Dostop do kamere kadar koli in kjerkoli<\/h4>\n<p>Nadzor \u0161e nikoli ni bil tako enostaven z brezpla\u010dno aplikacijo Reolink. Preverite, ali sta va\u0161a dru\u017eina in dom varna kadar koli in kjer koli na pametnih telefonih iOS in Android ali v ra\u010dunalniku s sistemom Windows ali Mac. Tudi ko ste v pisarni ali na potovanju, lahko preverite, kaj se dogaja na poti.<\/p>\n<h4>Oblak Reolink<\/h4>\n<p>Reolink E1 Outdoor podpira\u00a0<a href=\"https:\/\/cloud.reolink.com\/\" target=\"_blank\" rel=\"noopener\">Reolink Cloud<\/a>. Na ta na\u010din so videoposnetki brezpla\u010dno shranjeni v oblaku. Reolink Cloud ponuja varnostno kopijo vseh pomembnih dogodkov in vam omogo\u010da dostop do shranjenih videoposnetkov kjerkoli in kadarkoli. Ni vam treba skrbeti, ali bo kamera ukraden ali se bo pomnilni\u0161ka kartica pokvarila.<\/p>\n<h4>Glasovno upravljanje<\/h4>\n<p>Upravljanje nadzorne kamere, ki deluje s Pomo\u010dnikom Google, ne bi moglo biti la\u017eje. Samo recite \u00bbHey Google, show me the yard\u00ab in v \u017eivo boste lahko gledali iz kamera prek Google Nest Huba ali pametnih televizorjev, ki podpirajo Chromecast.<\/p>\n<h4>Reolink E1 Outdoor \u2013 vsebina \u0161katle<\/h4>\n<p><img loading=\"lazy\" decoding=\"async\" class=\"aligncenter size-full wp-image-9056 ls-is-cached lazyloaded\" src=\"https:\/\/alex.shop\/wp-content\/uploads\/2021\/11\/reolink-e1-outdoor-sadrzaj.jpg\" alt=\"\" width=\"1147\" height=\"481\" data-src=\"https:\/\/alex.shop\/wp-content\/uploads\/2021\/11\/reolink-e1-outdoor-sadrzaj.jpg\" \/><\/p>\n<h4>Reolink E1 Zunanje dimenzije in specifikacije<\/h4>\n<div id=\"gallery-1\" class=\"gallery galleryid-3845 gallery-columns-4 gallery-size-medium\">\n<figure class=\"gallery-item\">\n<div class=\"gallery-icon landscape\"><a href=\"https:\/\/alex.shop\/wp-content\/uploads\/2021\/11\/Reolink-E1-Outdoor-dimensions.jpg\"><img loading=\"lazy\" decoding=\"async\" class=\"attachment-medium size-medium lazyloaded\" src=\"https:\/\/alex.shop\/wp-content\/uploads\/2021\/11\/Reolink-E1-Outdoor-dimensions.jpg\" alt=\"\" width=\"300\" height=\"167\" data-src=\"https:\/\/alex.shop\/wp-content\/uploads\/2021\/11\/Reolink-E1-Outdoor-dimensions.jpg\" data-sizes=\"(max-width: 360px) 147px, \" \/><\/a><\/div>\n<\/figure>\n<figure class=\"gallery-item\">\n<div class=\"gallery-icon landscape\"><a href=\"https:\/\/alex.shop\/wp-content\/uploads\/2021\/11\/Reolink-E1-Outdoor-specs.jpg\"><img loading=\"lazy\" decoding=\"async\" class=\"attachment-medium size-medium lazyloaded\" src=\"https:\/\/alex.shop\/wp-content\/uploads\/2021\/11\/Reolink-E1-Outdoor-specs.jpg\" alt=\"\" width=\"300\" height=\"167\" data-src=\"https:\/\/alex.shop\/wp-content\/uploads\/2021\/11\/Reolink-E1-Outdoor-specs.jpg\" data-sizes=\"(max-width: 360px) 147px, \" \/><\/a><\/div>\n<\/figure>\n<figure class=\"gallery-item\">\n<div class=\"gallery-icon landscape\"><a href=\"https:\/\/alex.shop\/wp-content\/uploads\/2021\/11\/Reolink-E1-Outdoor-specs-2.jpg\"><img loading=\"lazy\" decoding=\"async\" class=\"attachment-medium size-medium lazyloaded\" src=\"https:\/\/alex.shop\/wp-content\/uploads\/2021\/11\/Reolink-E1-Outdoor-specs-2.jpg\" alt=\"\" width=\"300\" height=\"167\" data-src=\"https:\/\/alex.shop\/wp-content\/uploads\/2021\/11\/Reolink-E1-Outdoor-specs-2.jpg\" data-sizes=\"(max-width: 360px) 147px, \" \/><\/a><\/div>\n<\/figure>\n<figure class=\"gallery-item\">\n<div class=\"gallery-icon landscape\"><a href=\"https:\/\/alex.shop\/wp-content\/uploads\/2021\/11\/Reolink-E1-Outdoor-specs-3.jpg\"><img loading=\"lazy\" decoding=\"async\" class=\"attachment-medium size-medium ls-is-cached lazyloaded\" src=\"https:\/\/alex.shop\/wp-content\/uploads\/2021\/11\/Reolink-E1-Outdoor-specs-3.jpg\" alt=\"\" width=\"300\" height=\"167\" data-src=\"https:\/\/alex.shop\/wp-content\/uploads\/2021\/11\/Reolink-E1-Outdoor-specs-3.jpg\" data-sizes=\"(max-width: 360px) 147px, \" \/><\/a><\/div>\n<\/figure>\n<\/div>\n<h3><\/h3>\n","protected":false},"excerpt":{"rendered":"<p>Pametna zunanja 5MP WiFi kamera z rotacijo, 3-kratno opti\u010dno pove\u010davo, avtomatskim sledenjem in no\u010dnim vidom. Ima sireno, dvosmerni zvok in zagotavlja izjemno varnost za va\u0161 prostor.<\/p>\n","protected":false},"featured_media":1140,"template":"","meta":{"order-bump-settings":[],"_wpfnl_thankyou_order_overview":"on","_wpfnl_thankyou_order_details":"on","_wpfnl_thankyou_billing_details":"on","_wpfnl_thankyou_shipping_details":"on"},"product_brand":[140],"product_cat":[109],"product_tag":[76,86,87,89,97,147,118],"class_list":{"0":"post-1043","1":"product","2":"type-product","3":"status-publish","4":"has-post-thumbnail","6":"product_brand-reolink","7":"product_cat-wifi-kamere","8":"product_tag-5mp","9":"product_tag-dvojne-avdio-kamere","10":"product_tag-e1-serija","11":"product_tag-kamere-z-reflektorjem-2","12":"product_tag-reolink","13":"product_tag-zicne-wifi-kamere","14":"product_tag-zunanje-kamere-wifi","16":"first","17":"instock","18":"sale","19":"taxable","20":"shipping-taxable","21":"purchasable","22":"product-type-simple"},"bundled_by":[],"bundle_stock_status":"instock","bundle_stock_quantity":2,"bundle_virtual":false,"bundle_layout":"","bundle_add_to_cart_form_location":"","bundle_editable_in_cart":false,"bundle_sold_individually_context":"","bundle_item_grouping":"","bundle_min_size":"","bundle_max_size":"","bundle_price":[],"bundled_items":[],"bundle_sell_ids":[],"_links":{"self":[{"href":"https:\/\/alex.shop\/si\/wp-json\/wp\/v2\/product\/1043","targetHints":{"allow":["GET"]}}],"collection":[{"href":"https:\/\/alex.shop\/si\/wp-json\/wp\/v2\/product"}],"about":[{"href":"https:\/\/alex.shop\/si\/wp-json\/wp\/v2\/types\/product"}],"version-history":[{"count":5,"href":"https:\/\/alex.shop\/si\/wp-json\/wp\/v2\/product\/1043\/revisions"}],"predecessor-version":[{"id":1695,"href":"https:\/\/alex.shop\/si\/wp-json\/wp\/v2\/product\/1043\/revisions\/1695"}],"wp:featuredmedia":[{"embeddable":true,"href":"https:\/\/alex.shop\/si\/wp-json\/wp\/v2\/media\/1140"}],"wp:attachment":[{"href":"https:\/\/alex.shop\/si\/wp-json\/wp\/v2\/media?parent=1043"}],"wp:term":[{"taxonomy":"product_brand","embeddable":true,"href":"https:\/\/alex.shop\/si\/wp-json\/wp\/v2\/product_brand?post=1043"},{"taxonomy":"product_cat","embeddable":true,"href":"https:\/\/alex.shop\/si\/wp-json\/wp\/v2\/product_cat?post=1043"},{"taxonomy":"product_tag","embeddable":true,"href":"https:\/\/alex.shop\/si\/wp-json\/wp\/v2\/product_tag?post=1043"}],"curies":[{"name":"wp","href":"https:\/\/api.w.org\/{rel}","templated":true}]}}