{"id":1074,"date":"2025-04-08T14:06:48","date_gmt":"2025-04-08T12:06:48","guid":{"rendered":"https:\/\/alex.shop\/si\/?post_type=product&#038;p=1074"},"modified":"2026-04-02T15:10:42","modified_gmt":"2026-04-02T13:10:42","slug":"reolink-e1-notranja-vrtljiva-wifi-kamera","status":"publish","type":"product","link":"https:\/\/alex.shop\/si\/reolink-e1-notranja-vrtljiva-wifi-kamera\/","title":{"rendered":"Reolink E321 &#8211; notranja vrtljiva kamera"},"content":{"rendered":"<p><img fetchpriority=\"high\" decoding=\"async\" class=\"aligncenter size-full wp-image-37508\" src=\"https:\/\/alex.shop\/wp-content\/uploads\/2022\/02\/reolink-e321-2.jpg\" alt=\"\" width=\"1464\" height=\"600\" \/><\/p>\n<p><strong>Reolink E321<br \/>\nNotranja WiFi kamera s funkcijo pan-tilt<\/strong><\/p>\n<p>Reolink E321 kamera, naslednik serije E320, z novim dizajnom, samodejnim vrtenjem za sledenje osebam in novim, enostavnej\u0161im napajanjem prek USB-C. Reolink E321 snema v izjemno visoki lo\u010dljivosti 3MP. Lahko jo postavite kamorkoli \u2013 na polico ali na mizo, prena\u0161ate iz sobe v sobo, da boste imeli nadzor nad starej\u0161imi dru\u017einskimi \u010dlani, dojen\u010dki ali hi\u0161nimi ljubljen\u010dki.<\/p>\n<p><strong>Mo\u017enost vrtenja in nagibanja \u2013 za\u0161\u010ditite pomembno iz vseh kotov<\/strong><br \/>\nKamera lahko samodejno sledi osebam in \u017eivalim z vrtenjem. Ker jo lahko premikate levo in desno ter nagibate gor in dol, Reolink E321 zagotavlja popolno pokritost brez slepih to\u010dk.<\/p>\n<h4><img decoding=\"async\" class=\"aligncenter size-full wp-image-37513\" src=\"https:\/\/alex.shop\/wp-content\/uploads\/2022\/02\/reolink-e321-3.jpg\" alt=\"\" width=\"1464\" height=\"600\" \/><\/h4>\n<p><strong>Enostaven in zanesljiv WiFi<\/strong><br \/>\nReolink E321 podpira 2,4 GHz WiFi povezavo, z novo podporo za WiFi 6 pa zagotavlja mo\u010dan signal za stabilno in zanesljivo povezavo.<\/p>\n<p><strong>Super HD podnevi in pono\u010di<\/strong><br \/>\nOglejte si vse do zadnje podrobnosti v 3MP Super HD kakovosti videa. Ponuja jasnej\u0161o in ostrej\u0161o sliko kot kamere 1080p. Z napredno tehnologijo CMOS senzorja Reolink E321 prikazuje podrobnosti tudi pri \u0161ibki svetlobi.<\/p>\n<p><strong>Pametni zaznavalnik gibanja in takoj\u0161nja obvestila<\/strong><br \/>\nReolink E321 nadzorna kamera z zelo ob\u010dutljivim PIR senzorjem zazna vse \u010dlove\u0161ke gibe skoraj brez napak in jih lahko sledi z vrtenjem. Ko zazna gibanje, se kamera takoj aktivira, da vam po\u0161lje obvestilo, hkrati pa se samodejno spro\u017ei sirena ali prilagojeno glasovno opozorilo za odvrnitev ne\u017eelenih obiskovalcev.<\/p>\n<p><img decoding=\"async\" class=\"aligncenter size-full wp-image-37518\" src=\"https:\/\/alex.shop\/wp-content\/uploads\/2022\/02\/reolink-e321-4.jpg\" alt=\"\" width=\"1464\" height=\"600\" \/><\/p>\n<p><strong>Push obvestila in e-po\u0161ta<\/strong><br \/>\nObvestila o gibanju neposredno na telefonu. Prejemajte obvestila o zaznavi oseb, \u017eivali ali joka otroka.<br \/>\n<strong>Sirena<\/strong><br \/>\nZvok mo\u010di 75 dB. Spro\u017ei se ob gibanju ali jo omogo\u010dite\/onemogo\u010dite na daljavo.<br \/>\n<strong>Prilagojena opozorila z glasovnim posnetkom<\/strong><br \/>\nUstvarite lastno glasovno opozorilo glede na va\u0161e potrebe.<br \/>\n<strong>SD kartica (opcijsko)<\/strong><br \/>\nSnemajte in shranjujte videoposnetke gibanja na Micro SD kartico do 128 GB.<br \/>\n<strong>Dvosmerna avdio komunikacija<\/strong><br \/>\nPoslu\u0161ajte, kaj se dogaja znotraj ali zunaj va\u0161ega doma, in komunicirajte z enim dotikom. Z vgrajenim mikrofonom in zvo\u010dnikom lahko komunicirate s starej\u0161imi, otroki, varu\u0161kami, hi\u0161nimi ljubljen\u010dki ter opozorite nepovabljene. Nova razli\u010dica kamere omogo\u010da tudi pametno zaznavo joka otroka, kjer prejmete posebno obvestilo, \u010de va\u0161 dojen\u010dek joka.<\/p>\n<p><strong>Dostop do kamere kadarkoli in kjerkoli<\/strong><br \/>\nNadzor \u0161e nikoli ni bil tako enostaven z brezpla\u010dno aplikacijo Reolink. Preverite, ali sta va\u0161a dru\u017eina in dom varna kadarkoli in kjerkoli prek pametnih telefonov iOS in Android ali prek ra\u010dunalnika z Windows ali Mac. Tudi ko ste v pisarni ali na poti, lahko preverite dogajanje v realnem \u010dasu.<\/p>\n<p><strong>Reolink Cloud<\/strong><br \/>\nReolink E321 podpira storitev shranjevanja Reolink Cloud. Na ta na\u010din se videoposnetki brezpla\u010dno shranjujejo tudi v oblak. Reolink Cloud ponuja varnostno kopijo vseh pomembnih dogodkov in omogo\u010da dostop do shranjenih videoposnetkov kjerkoli in kadarkoli. Ni vam treba skrbeti, ali bo kamera ukradena ali se bo pomnilni\u0161ka kartica pokvarila.<\/p>\n<p><strong>Glasovno upravljanje<\/strong><br \/>\nUpravljanje nadzorne kamere, ki deluje z Google Assistantom, ne bi moglo biti la\u017eje. Preprosto recite \u00bbHej Google, poka\u017ei mi dvori\u0161\u010de\u00ab in v \u017eivo boste gledali s svoje kamere prek Google Nest Hub-a ali pametnih televizorjev s podporo za Chromecast.<\/p>\n","protected":false},"excerpt":{"rendered":"<p>Reolink E321: 3MP notranja WiFi kamera, naslednica serije E320 z novim dizajnom, samodejnim vrtenjem s sledenjem osebam in novim, enostavnej\u0161im napajanjem prek USB-C. Vrtenje do 355\u00b0, ima no\u010dni vid, zaznavanje gibanja, sireno in dvosmerni zvok.<\/p>\n","protected":false},"featured_media":2252,"template":"","meta":{"order-bump-settings":[],"_wpfnl_thankyou_order_overview":"on","_wpfnl_thankyou_order_details":"on","_wpfnl_thankyou_billing_details":"on","_wpfnl_thankyou_shipping_details":"on"},"product_brand":[140],"product_cat":[109],"product_tag":[71,86,87,129,110,97,111],"class_list":{"0":"post-1074","1":"product","2":"type-product","3":"status-publish","4":"has-post-thumbnail","6":"product_brand-reolink","7":"product_cat-wifi-kamere","8":"product_tag-3mp","9":"product_tag-dvojne-avdio-kamere","10":"product_tag-e1-serija","11":"product_tag-nadzor-hisnih-zivali","12":"product_tag-notranje-kamere-wifi","13":"product_tag-reolink","14":"product_tag-vrtljive-kamere","16":"first","17":"instock","18":"sale","19":"featured","20":"taxable","21":"shipping-taxable","22":"purchasable","23":"product-type-simple"},"bundled_by":[],"bundle_stock_status":"instock","bundle_stock_quantity":32,"bundle_virtual":false,"bundle_layout":"","bundle_add_to_cart_form_location":"","bundle_editable_in_cart":false,"bundle_sold_individually_context":"","bundle_item_grouping":"","bundle_min_size":"","bundle_max_size":"","bundle_price":[],"bundled_items":[],"bundle_sell_ids":[],"_links":{"self":[{"href":"https:\/\/alex.shop\/si\/wp-json\/wp\/v2\/product\/1074","targetHints":{"allow":["GET"]}}],"collection":[{"href":"https:\/\/alex.shop\/si\/wp-json\/wp\/v2\/product"}],"about":[{"href":"https:\/\/alex.shop\/si\/wp-json\/wp\/v2\/types\/product"}],"version-history":[{"count":7,"href":"https:\/\/alex.shop\/si\/wp-json\/wp\/v2\/product\/1074\/revisions"}],"predecessor-version":[{"id":2255,"href":"https:\/\/alex.shop\/si\/wp-json\/wp\/v2\/product\/1074\/revisions\/2255"}],"wp:featuredmedia":[{"embeddable":true,"href":"https:\/\/alex.shop\/si\/wp-json\/wp\/v2\/media\/2252"}],"wp:attachment":[{"href":"https:\/\/alex.shop\/si\/wp-json\/wp\/v2\/media?parent=1074"}],"wp:term":[{"taxonomy":"product_brand","embeddable":true,"href":"https:\/\/alex.shop\/si\/wp-json\/wp\/v2\/product_brand?post=1074"},{"taxonomy":"product_cat","embeddable":true,"href":"https:\/\/alex.shop\/si\/wp-json\/wp\/v2\/product_cat?post=1074"},{"taxonomy":"product_tag","embeddable":true,"href":"https:\/\/alex.shop\/si\/wp-json\/wp\/v2\/product_tag?post=1074"}],"curies":[{"name":"wp","href":"https:\/\/api.w.org\/{rel}","templated":true}]}}