{"id":1090,"date":"2025-04-08T14:07:18","date_gmt":"2025-04-08T12:07:18","guid":{"rendered":"https:\/\/alex.shop\/si\/?post_type=product&#038;p=1090"},"modified":"2026-04-02T15:10:42","modified_gmt":"2026-04-02T13:10:42","slug":"reolink-fe-p-poe-fisheye-kamera","status":"publish","type":"product","link":"https:\/\/alex.shop\/si\/reolink-fe-p-poe-fisheye-kamera\/","title":{"rendered":"Reolink P520 (FE-P) &#8211; PoE Fisheye kamera"},"content":{"rendered":"<p><img fetchpriority=\"high\" decoding=\"async\" class=\"aligncenter size-full wp-image-26527 lazyloaded\" src=\"https:\/\/alex.shop\/wp-content\/uploads\/2024\/08\/Reolink-FE-P-1.jpg\" alt=\"\" width=\"1456\" height=\"594\" data-src=\"https:\/\/alex.shop\/wp-content\/uploads\/2024\/08\/Reolink-FE-P-1.jpg\" \/><\/p>\n<h2>Reolink FE-P notranja kamera z Fisheye o\u010desom 6MP 360 \u00b0<\/h2>\n<h4>Pametna notranja 6MP PoE kamera z ribjim o\u010desom<\/h4>\n<p>Kamera Reolink Fisheye snema v izjemno visoki lo\u010dljivosti 6MP in pokriva kot 360 stopinj. S to kamero lahko med ogledom slike v \u017eivo ali shranjenih posnetkov vidite tudi najmanj\u0161e podrobnosti. Ta kamera lahko nadomesti kar \u0161tiri standardne kamere in zagotavlja odli\u010den prikaz slike v vseh smereh. Z aplikacijo Reolink lahko spremenite na\u010dine prikaza slike in s prsti premaknete pogled glede na \u017eeleno to\u010dko. Kamera lahko snema na kartico MicroSD do 256 GB ali na snemalnik Reolink.<\/p>\n<p>Enostavna PoE povezava, kamera se napaja neposredno prek UTP kabla, ni potrebno posebno napajanje. Kamera se napaja prek snemalnika Reolink ali injektorja PoE, ki ga kupite posebej.<\/p>\n<p>Opomba: Kamera nima omre\u017eja WiFi, vendar za povezavo uporablja kabel UTP\/LAN.<\/p>\n<p><img decoding=\"async\" class=\"aligncenter size-full wp-image-27487\" src=\"https:\/\/alex.shop\/wp-content\/uploads\/2024\/08\/reolink-fe-p.jpg\" alt=\"\" width=\"1429\" height=\"404\" \/><\/p>\n<h4>Neprekinjeno snemanje 24\/7, snemanje zaznavanja gibanja ali na\u010drtovano snemanje<\/h4>\n<p>Kamera podpira snemanje z zaznavanjem gibanja, neprekinjeno snemanje ali snemanje ob dolo\u010denem \u010dasu. Neprekinjeno snemanje 24\/7 je idealno na obmo\u010djih z velikim prometom, kot so vhodi v trgovine, medtem ko na obmo\u010djih z manj\u0161o aktivnostjo, kot so skladi\u0161\u010da ali pono\u010di, vam lahko snemanje pri zaznavanju gibanja pomaga prihraniti prostor za shranjevanje. Videoposnetke vseh treh vrst snemanja lahko shranite na kartico micro SD (do 256 GB), snemalnik Reolink NVR ali stre\u017enik FTP. Izberite na\u010din, ki vam je v\u0161e\u010d, in u\u017eivajte v lahki in prilagojeni varnosti.<\/p>\n<p>&nbsp;<\/p>\n<h4>Pametni detektor gibanja in takoj\u0161nja obvestila<\/h4>\n<p>Nadzorna kamera Reolink FE-P z visoko ob\u010dutljivim PIR senzorjem gibanja skoraj brez napak zazna vsa \u010dlove\u0161ka gibanja. Ko zazna gibanje, se kamera takoj vklopi in vam po\u0161lje takoj\u0161nja opozorila.<\/p>\n<ul>\n<li><strong>Potisna obvestila in e-po\u0161tna<\/strong><br \/>\nopozorila o kretnjah neposredno v telefonu.<\/li>\n<li><strong>Kartica SD (izbirno):<\/strong><br \/>\nSnemajte in shranjujte videoposnetke v gibanju na kartico micro SD do 256 GB.<\/li>\n<li><strong>Sirena<br \/>\n<\/strong>Mo\u017enost vklopa sirene z mo\u017enostjo dvosmernega zvo\u010dnega pogovora<strong><br \/>\n<\/strong><\/li>\n<\/ul>\n<p>&nbsp;<\/p>\n<h4>Dostop do kamere kadarkoli in kjerkoli<\/h4>\n<p>Nadzor \u0161e nikoli ni bil tako enostaven z brezpla\u010dno aplikacijo Reolink. Preverite, ali sta va\u0161a dru\u017eina in dom varna kadar koli in kjerkoli prek pametnih telefonov iOS in Android ali prek ra\u010dunalnikov Windows ali Mac. Tudi ko ste v pisarni ali na potovanju, lahko preverite, kaj se dogaja na poti.<\/p>\n<p>&nbsp;<\/p>\n<h4>Reolink FE-P- vsebina \u0161katle<\/h4>\n<p><img decoding=\"async\" class=\"aligncenter size-full wp-image-26515 ls-is-cached lazyloaded\" src=\"https:\/\/alex.shop\/wp-content\/uploads\/2024\/08\/Reolink-FE-P-10.jpg\" alt=\"\" width=\"905\" height=\"250\" data-src=\"https:\/\/alex.shop\/wp-content\/uploads\/2024\/08\/Reolink-FE-P-10.jpg\" \/><\/p>\n<h4>Reolink FE-P \u2013 specifikacije<\/h4>\n<div id=\"gallery-1\" class=\"gallery galleryid-26511 gallery-columns-3 gallery-size-medium\">\n<figure class=\"gallery-item\">\n<div class=\"gallery-icon landscape\"><a href=\"https:\/\/alex.shop\/?attachment_id=17985\"><img loading=\"lazy\" decoding=\"async\" class=\"attachment-medium size-medium ls-is-cached lazyloaded\" src=\"https:\/\/alex.shop\/wp-content\/uploads\/2023\/11\/Reolink-FE-W2.jpg\" alt=\"Reolink FE-W2\" width=\"300\" height=\"238\" data-src=\"https:\/\/alex.shop\/wp-content\/uploads\/2023\/11\/Reolink-FE-W2.jpg\" data-sizes=\"(max-width: 360px) 147px, \" \/><\/a><\/div>\n<\/figure>\n<figure class=\"gallery-item\">\n<div class=\"gallery-icon landscape\"><a href=\"https:\/\/alex.shop\/?attachment_id=17981\"><img loading=\"lazy\" decoding=\"async\" class=\"attachment-medium size-medium ls-is-cached lazyloaded\" src=\"https:\/\/alex.shop\/wp-content\/uploads\/2023\/11\/Reolink-FE-W3.jpg\" alt=\"Reolink FE-W3\" width=\"300\" height=\"190\" data-src=\"https:\/\/alex.shop\/wp-content\/uploads\/2023\/11\/Reolink-FE-W3.jpg\" data-sizes=\"(max-width: 360px) 147px, \" \/><\/a><\/div>\n<\/figure>\n<figure class=\"gallery-item\">\n<div class=\"gallery-icon landscape\"><a href=\"https:\/\/alex.shop\/?attachment_id=17977\"><img loading=\"lazy\" decoding=\"async\" class=\"attachment-medium size-medium ls-is-cached lazyloaded\" src=\"https:\/\/alex.shop\/wp-content\/uploads\/2023\/11\/Reolink-FE-W4.jpg\" alt=\"Reolink FE-W4\" width=\"300\" height=\"199\" data-src=\"https:\/\/alex.shop\/wp-content\/uploads\/2023\/11\/Reolink-FE-W4.jpg\" data-sizes=\"(max-width: 360px) 147px, \" \/><\/a><\/div>\n<\/figure>\n<\/div>\n<p>1- mikrofon, 2-senzorska osvetlitev 3-6MP objektiv 4- IR osvetlitev<\/p>\n<div class=\"video-container\"><\/div>\n<h4>Pripombo<\/h4>\n<p><strong>Kamera ni napajan in ga lahko napajate na naslednje na\u010dine:<\/strong><\/p>\n<ol>\n<li><strong>Napajanje preko napajalnika<\/strong>\u00a0(<a href=\"https:\/\/alex.shop\/napajac-dc-12v-1a\/\">dodaj v ko\u0161arico<\/a>)<br \/>\nZa kamero Reolink FE-P mora biti napajanje DC 12V 1A.<\/li>\n<li><strong>Napajanje s snemalnikom Reolink PoE NVR<\/strong><br \/>\nPove\u017eite svojo IP kamero s snemalnikom Reolink PoE NVR z enim omre\u017enim kablom, nato pa se bo kamera napajala prek\u00a0<a href=\"https:\/\/alex.shop\/kategorija\/videonadzor\/video-snimaci\/\">snemalnika PoE NVR<\/a>.<br \/>\nOglejte si ponudbo\u00a0<a href=\"https:\/\/alex.shop\/kategorija\/videonadzor\/video-snimaci\/\">video snemalnikov tukaj<\/a>.<\/li>\n<li><strong>Napajanje prek PoE injektorja \/ stikala\u00a0<\/strong>(<a href=\"https:\/\/alex.shop\/poe-injector-za-reolink-kamere\/\">dodaj v ko\u0161arico<\/a>)<br \/>\nZa Reolink FE-P lahko uporabite PoE injektor ali stikalo, ki je skladno s standardom 802.3af (48V) in podpira aktivni na\u010din.<\/li>\n<\/ol>\n<p>&nbsp;<\/p>\n","protected":false},"excerpt":{"rendered":"<p>Kamera ribje oko 360\u00b0 PoE nadome\u0161\u010da \u0161tiri kamere in zagotavlja visoko kakovost slike, snemanje zvoka, zaznavanje gibanja in dvosmerno zvo\u010dno komunikacijo, idealno za notranje prostore.<\/p>\n","protected":false},"featured_media":1173,"template":"","meta":{"order-bump-settings":[],"_wpfnl_thankyou_order_overview":"on","_wpfnl_thankyou_order_details":"on","_wpfnl_thankyou_billing_details":"on","_wpfnl_thankyou_shipping_details":"on"},"product_brand":[140],"product_cat":[127],"product_tag":[130,78,93,97],"class_list":{"0":"post-1090","1":"product","2":"type-product","3":"status-publish","4":"has-post-thumbnail","6":"product_brand-reolink","7":"product_cat-poe-kamere","8":"product_tag-24h-snemanje","9":"product_tag-6mp","10":"product_tag-poe","11":"product_tag-reolink","13":"first","14":"instock","15":"sale","16":"taxable","17":"shipping-taxable","18":"purchasable","19":"product-type-simple"},"bundled_by":[],"bundle_stock_status":"instock","bundle_stock_quantity":8,"bundle_virtual":false,"bundle_layout":"","bundle_add_to_cart_form_location":"","bundle_editable_in_cart":false,"bundle_sold_individually_context":"","bundle_item_grouping":"","bundle_min_size":"","bundle_max_size":"","bundle_price":[],"bundled_items":[],"bundle_sell_ids":[],"_links":{"self":[{"href":"https:\/\/alex.shop\/si\/wp-json\/wp\/v2\/product\/1090","targetHints":{"allow":["GET"]}}],"collection":[{"href":"https:\/\/alex.shop\/si\/wp-json\/wp\/v2\/product"}],"about":[{"href":"https:\/\/alex.shop\/si\/wp-json\/wp\/v2\/types\/product"}],"version-history":[{"count":5,"href":"https:\/\/alex.shop\/si\/wp-json\/wp\/v2\/product\/1090\/revisions"}],"predecessor-version":[{"id":1710,"href":"https:\/\/alex.shop\/si\/wp-json\/wp\/v2\/product\/1090\/revisions\/1710"}],"wp:featuredmedia":[{"embeddable":true,"href":"https:\/\/alex.shop\/si\/wp-json\/wp\/v2\/media\/1173"}],"wp:attachment":[{"href":"https:\/\/alex.shop\/si\/wp-json\/wp\/v2\/media?parent=1090"}],"wp:term":[{"taxonomy":"product_brand","embeddable":true,"href":"https:\/\/alex.shop\/si\/wp-json\/wp\/v2\/product_brand?post=1090"},{"taxonomy":"product_cat","embeddable":true,"href":"https:\/\/alex.shop\/si\/wp-json\/wp\/v2\/product_cat?post=1090"},{"taxonomy":"product_tag","embeddable":true,"href":"https:\/\/alex.shop\/si\/wp-json\/wp\/v2\/product_tag?post=1090"}],"curies":[{"name":"wp","href":"https:\/\/api.w.org\/{rel}","templated":true}]}}