{"id":1118,"date":"2025-04-08T14:08:22","date_gmt":"2025-04-08T12:08:22","guid":{"rendered":"https:\/\/alex.shop\/si\/?post_type=product&#038;p=1118"},"modified":"2026-04-14T10:49:28","modified_gmt":"2026-04-14T08:49:28","slug":"reolink-go-pt-ultra-zunanja-8mp-brezzicna-vrtljiva-4g-kamera-solar-panel","status":"publish","type":"product","link":"https:\/\/alex.shop\/si\/reolink-go-pt-ultra-zunanja-8mp-brezzicna-vrtljiva-4g-kamera-solar-panel\/","title":{"rendered":"Reolink G440 (Go PT Ultra) &#8211; brez\u017ei\u010dna vrtljiva 4G kamera + solar panel"},"content":{"rendered":"<h4><img fetchpriority=\"high\" decoding=\"async\" class=\"aligncenter size-full wp-image-20331 lazyloaded\" src=\"https:\/\/alex.shop\/wp-content\/uploads\/2024\/02\/reolink-go-pt-ultra-1.jpg\" alt=\"\" width=\"1464\" height=\"600\" data-src=\"https:\/\/alex.shop\/wp-content\/uploads\/2024\/02\/reolink-go-pt-ultra-1.jpg\" \/><\/h4>\n<h4>Brez\u017ei\u010dna baterija 4G \/ 3G Pan-tilt nadzorna kamera visoke lo\u010dljivosti<\/h4>\n<p>Brez\u017ei\u010dno, postavite ga kamor koli in u\u017eivajte v vrhunskih slikah visoke lo\u010dljivosti z 8MP. Polnilna baterija in povezljivost 4G \/ 3G omogo\u010data, da Reolink Go PT Ultra deluje popolnoma brez \u017eic na obmo\u010dju brez WiFi signala. Ni elektri\u010dnega omre\u017eja ali napajalnega kabla, vrtanja in ni potrebe po elektri\u010dni vti\u010dnici. Kamera Reolink Go PT Ultra je prenosna in odporna na vremenske vplive. Postavite ga skoraj povsod, v zaprtih prostorih in na prostem. V va\u0161i po\u010ditni\u0161ki hi\u0161i, gradbi\u0161\u010du, kampu, kmetiji, divjini, plovilu itd.<\/p>\n<p><img decoding=\"async\" class=\"aligncenter size-full wp-image-20327 lazyloaded\" src=\"https:\/\/alex.shop\/wp-content\/uploads\/2024\/02\/reolink-go-pt-ultra-5.jpg\" alt=\"\" width=\"1464\" height=\"600\" data-src=\"https:\/\/alex.shop\/wp-content\/uploads\/2024\/02\/reolink-go-pt-ultra-5.jpg\" \/><\/p>\n<h4>Mo\u017enost vrtenja in nagibanja \u2013 za\u0161\u010ditite tisto, kar je pomembno, iz vseh zornih kotov<\/h4>\n<p>Ker se lahko pomikate levo in desno, nagibate navzgor in navzdol, Reolink Go PT Ultra zagotavlja popolno pokritost brez mrtvih kotov. Z aplikacijo lahko na daljavo upravljate funkcijo vrtenja in nagibanja ter vedno pozorno spremljate svojo lastnino, tudi \u010de ste na drugem koncu sveta.<\/p>\n<p><img decoding=\"async\" class=\"aligncenter size-full wp-image-20323 ls-is-cached lazyloaded\" src=\"https:\/\/alex.shop\/wp-content\/uploads\/2024\/02\/reolink-go-pt-ultra-6.jpg\" alt=\"\" width=\"1464\" height=\"600\" data-src=\"https:\/\/alex.shop\/wp-content\/uploads\/2024\/02\/reolink-go-pt-ultra-6.jpg\" \/><\/p>\n<h4>Baterija za polnjenje<\/h4>\n<p>Kamera Reolink Go PT Inputs je opremljena z baterijo, ki jo je mogo\u010de polniti prek napajalnika ali preko Reolink Solar panela.<\/p>\n<p><img loading=\"lazy\" decoding=\"async\" class=\"aligncenter size-full wp-image-20319 ls-is-cached lazyloaded\" src=\"https:\/\/alex.shop\/wp-content\/uploads\/2024\/02\/reolink-go-pt-ultra-7.jpg\" alt=\"\" width=\"1464\" height=\"600\" data-src=\"https:\/\/alex.shop\/wp-content\/uploads\/2024\/02\/reolink-go-pt-ultra-7.jpg\" \/><\/p>\n<h4>Reolink Solar panel<\/h4>\n<p>Kamero priklju\u010dite na Reolink solar panel in imela bo stalno napajanje. Preprosto namestite solarni panel, odporno na vremenske vplive, da pove\u010date izpostavljenost son\u010dni svetlobi. <strong>Solarni panel je na voljo v kompletu.<\/strong><\/p>\n<h4>Lo\u010dljivost\u00a0 8MP<\/h4>\n<p>Oglejte si vsako podrobnost z 8MP UltraHD kakovostjo videa. Daje jasnej\u0161i in ostrej\u0161i zaslon kot 5MP kamere. Z napredno tehnologijo CMOS senzorja z 8 MP slikovnih pik kamera Reolink Go Ultra prikazuje visokokakovostne videoposnetke v zelo \u0161ibkih svetlobnih pogojih (do 10 metrov) brez dodatne osvetlitve. Vse podrobnosti za prepoznavanje ljudi, vozil, \u017eivali in drugih predmetov si lahko ogledate 24 ur na dan.<\/p>\n<p><img loading=\"lazy\" decoding=\"async\" class=\"aligncenter size-full wp-image-20315 lazyloaded\" src=\"https:\/\/alex.shop\/wp-content\/uploads\/2024\/02\/reolink-go-pt-ultra-8.jpg\" alt=\"\" width=\"1464\" height=\"600\" data-src=\"https:\/\/alex.shop\/wp-content\/uploads\/2024\/02\/reolink-go-pt-ultra-8.jpg\" \/><\/p>\n<h4>Pametni detektor gibanja in takoj\u0161nja obvestila<\/h4>\n<p>Nadzorna kamera Reolink Go PT Ultra s polnilno baterijo in \u0161irokim kotom gledanja 105\u00b0 ter zelo ob\u010dutljivim PIR senzorjem gibanja skoraj brez napake zazna vsa gibanja ljudi, vozil in \u017eivali. Ko zazna gibanje, se kamera takoj vklopi, da vam po\u0161lje takoj\u0161nja opozorila, hkrati pa se samodejno sli\u0161i sirena ali glasovno opozorilo po meri, da odvrne ne\u017eelene obiskovalce.<\/p>\n<ul>\n<li><strong>Potisna obvestila in e-po\u0161tna<\/strong><br \/>\nopozorila o potezah neposredno v telefonu ali mapi \u00bbPrejeto\u00ab.<\/li>\n<li><strong>Sirena<\/strong><br \/>\nSpro\u017ei se z gibanjem ali daljinsko omogo\u010di \/ onemogo\u010di.<\/li>\n<li><strong>Opozorila o glasovnem<\/strong><br \/>\nsnemanju po meri Ustvarite lastno glasovno opozorilo glede na svoje potrebe.<\/li>\n<li><strong>Kartica SD (komplet kartic 32 GB)<\/strong><br \/>\nSnemajte in shranjujte videoposnetke v gibanju na kartico micro SD do velikosti 128 GB.<\/li>\n<\/ul>\n<h4><img loading=\"lazy\" decoding=\"async\" class=\"aligncenter size-full wp-image-20307 ls-is-cached lazyloaded\" src=\"https:\/\/alex.shop\/wp-content\/uploads\/2024\/02\/reolink-go-pt-ultra-10.jpg\" alt=\"\" width=\"1464\" height=\"600\" data-src=\"https:\/\/alex.shop\/wp-content\/uploads\/2024\/02\/reolink-go-pt-ultra-10.jpg\" \/><\/h4>\n<p><strong>Dvosmerna avdio komunikacija<\/strong><\/p>\n<p>Poslu\u0161ajte, kaj se dogaja znotraj ali zunaj va\u0161ega doma, in se pogovarjajte z enim samim dotikom. S pomo\u010djo vgrajenega mikrofona in zvo\u010dnika lahko komunicirate z osebami pred kamero in opozorite vse nepozvane.<\/p>\n<p><img loading=\"lazy\" decoding=\"async\" class=\"aligncenter size-full wp-image-20311 ls-is-cached lazyloaded\" src=\"https:\/\/alex.shop\/wp-content\/uploads\/2024\/02\/reolink-go-pt-ultra-9.jpg\" alt=\"\" width=\"1464\" height=\"600\" data-src=\"https:\/\/alex.shop\/wp-content\/uploads\/2024\/02\/reolink-go-pt-ultra-9.jpg\" \/><\/p>\n<div class=\"flex max-w-full flex-col flex-grow\">\n<div class=\"min-h-[20px] text-message flex w-full flex-col items-end gap-2 whitespace-normal break-words [.text-message+&amp;]:mt-5\" dir=\"auto\" data-message-author-role=\"assistant\" data-message-id=\"ee592629-04db-4523-9686-4ae559d33f4b\">\n<div class=\"flex w-full flex-col gap-1 empty:hidden first:pt-[3px]\">\n<div class=\"markdown prose w-full break-words dark:prose-invert dark\"><\/div>\n<\/div>\n<\/div>\n<\/div>\n<div class=\"mt-1 flex gap-3 empty:hidden -ml-2\">\n<div class=\"items-center justify-start rounded-xl p-1 flex\">\n<div class=\"flex items-center\">\n<div class=\"flex items-center pb-0\">\n<h4><strong>Dostop do kamere kadar koli in kjer koli<\/strong><\/h4>\n<\/div>\n<\/div>\n<\/div>\n<\/div>\n<p>Kontrola \u0161e nikoli ni bila tako enostavna z brezpla\u010dno aplikacijo Reolink. Preglejte, kaj se dogaja ali si oglejte shranjene posnetke kadar koli in kjer koli preko pametnih telefonov iOS in Android ali preko ra\u010dunalnikov s sistemom Windows ali Mac. Tudi ko ste v pisarni ali potujete, lahko preverite, kaj se dogaja v gibanju.<\/p>\n<p><img loading=\"lazy\" decoding=\"async\" class=\"aligncenter size-full wp-image-20303 ls-is-cached lazyloaded\" src=\"https:\/\/alex.shop\/wp-content\/uploads\/2024\/02\/reolink-go-pt-ultra-11.jpg\" alt=\"\" width=\"1464\" height=\"600\" data-src=\"https:\/\/alex.shop\/wp-content\/uploads\/2024\/02\/reolink-go-pt-ultra-11.jpg\" \/><\/p>\n<h4>Reolink Cloud<\/h4>\n<p>Reolink Go PT Ultra podpira storitev shranjevanja <a href=\"https:\/\/cloud.reolink.com\/\" target=\"_blank\" rel=\"noopener\">Reolink Cloud<\/a>. Na ta na\u010din se videoposnetki popolnoma brezpla\u010dno shranjujejo tudi v oblak. Reolink Cloud ponuja varnostno kopiranje vseh pomembnih dogodkov in vam omogo\u010da dostop do shranjenih videoposnetkov kjerkoli in kadarkoli. Ni vam treba skrbeti, da bo kamera ukraden ali da bi se pomnilni\u0161ka kartica pokvarila.<\/p>\n<p><img loading=\"lazy\" decoding=\"async\" class=\"aligncenter size-full wp-image-20335 ls-is-cached lazyloaded\" src=\"https:\/\/alex.shop\/wp-content\/uploads\/2024\/02\/reolink-go-pt-ultra-13.jpg\" alt=\"\" width=\"1464\" height=\"600\" data-src=\"https:\/\/alex.shop\/wp-content\/uploads\/2024\/02\/reolink-go-pt-ultra-13.jpg\" \/><\/p>\n<h4>Reolink Go PT Ultra \u2013 vsebina \u0161katle<\/h4>\n<p><img loading=\"lazy\" decoding=\"async\" class=\"aligncenter size-full wp-image-20339 ls-is-cached lazyloaded\" src=\"https:\/\/alex.shop\/wp-content\/uploads\/2024\/02\/reolink-go-pt-ultra-box.jpg\" alt=\"\" width=\"1390\" height=\"543\" data-src=\"https:\/\/alex.shop\/wp-content\/uploads\/2024\/02\/reolink-go-pt-ultra-box.jpg\" \/><\/p>\n<h4>Reolink Go PT Ultra \u2013 dimenzije in specifikacije<\/h4>\n<div id=\"gallery-1\" class=\"gallery galleryid-20289 gallery-columns-2 gallery-size-medium\">\n<figure class=\"gallery-item\">\n<div class=\"gallery-icon landscape\"><a href=\"https:\/\/alex.shop\/wp-content\/uploads\/2024\/02\/reolink-go-pt-ultra-22.jpg\"><img loading=\"lazy\" decoding=\"async\" class=\"attachment-medium size-medium ls-is-cached lazyloaded\" src=\"https:\/\/alex.shop\/wp-content\/uploads\/2024\/02\/reolink-go-pt-ultra-22.jpg\" alt=\"Reolink Go PT Ultra 22\" width=\"300\" height=\"164\" data-src=\"https:\/\/alex.shop\/wp-content\/uploads\/2024\/02\/reolink-go-pt-ultra-22.jpg\" data-sizes=\"(max-width: 360px) 147px, \" \/><\/a><\/div>\n<\/figure>\n<figure class=\"gallery-item\">\n<div class=\"gallery-icon landscape\"><a href=\"https:\/\/alex.shop\/wp-content\/uploads\/2024\/02\/reolink-go-pt-ultra-21.jpg\"><img loading=\"lazy\" decoding=\"async\" class=\"attachment-medium size-medium ls-is-cached lazyloaded\" src=\"https:\/\/alex.shop\/wp-content\/uploads\/2024\/02\/reolink-go-pt-ultra-21.jpg\" alt=\"Reolink Go PT Ultra 21\" width=\"300\" height=\"163\" data-src=\"https:\/\/alex.shop\/wp-content\/uploads\/2024\/02\/reolink-go-pt-ultra-21.jpg\" data-sizes=\"(max-width: 360px) 147px, \" \/><\/a><\/div>\n<\/figure>\n<\/div>\n<h3><\/h3>\n<div class=\"video-container\"><\/div>\n","protected":false},"excerpt":{"rendered":"<p>Reolink Go PT Ultra ponuja vrhunsko sliko z 8MP lo\u010dljivostjo, no\u010dnim snemanjem in reflektorjem. Brez\u017ei\u010dna kamera, napajana z baterijo in solarnim panelom, idealna za obmo\u010dja brez WiFi povezave.<\/p>\n","protected":false},"featured_media":1185,"template":"","meta":{"order-bump-settings":[],"_wpfnl_thankyou_order_overview":"on","_wpfnl_thankyou_order_details":"on","_wpfnl_thankyou_billing_details":"on","_wpfnl_thankyou_shipping_details":"on"},"product_brand":[140],"product_cat":[107],"product_tag":[73,74,146,97,111],"class_list":{"0":"post-1118","1":"product","2":"type-product","3":"status-publish","4":"has-post-thumbnail","6":"product_brand-reolink","7":"product_cat-baterije-in-solarne-kamere","8":"product_tag-4g-kamere","9":"product_tag-4mp","10":"product_tag-brezzicne-4g-kamere","11":"product_tag-reolink","12":"product_tag-vrtljive-kamere","14":"first","15":"instock","16":"sale","17":"featured","18":"taxable","19":"shipping-taxable","20":"purchasable","21":"product-type-simple"},"bundled_by":[],"bundle_stock_status":"instock","bundle_stock_quantity":11,"bundle_virtual":false,"bundle_layout":"","bundle_add_to_cart_form_location":"","bundle_editable_in_cart":false,"bundle_sold_individually_context":"","bundle_item_grouping":"","bundle_min_size":"","bundle_max_size":"","bundle_price":[],"bundled_items":[],"bundle_sell_ids":[],"_links":{"self":[{"href":"https:\/\/alex.shop\/si\/wp-json\/wp\/v2\/product\/1118","targetHints":{"allow":["GET"]}}],"collection":[{"href":"https:\/\/alex.shop\/si\/wp-json\/wp\/v2\/product"}],"about":[{"href":"https:\/\/alex.shop\/si\/wp-json\/wp\/v2\/types\/product"}],"version-history":[{"count":5,"href":"https:\/\/alex.shop\/si\/wp-json\/wp\/v2\/product\/1118\/revisions"}],"predecessor-version":[{"id":1701,"href":"https:\/\/alex.shop\/si\/wp-json\/wp\/v2\/product\/1118\/revisions\/1701"}],"wp:featuredmedia":[{"embeddable":true,"href":"https:\/\/alex.shop\/si\/wp-json\/wp\/v2\/media\/1185"}],"wp:attachment":[{"href":"https:\/\/alex.shop\/si\/wp-json\/wp\/v2\/media?parent=1118"}],"wp:term":[{"taxonomy":"product_brand","embeddable":true,"href":"https:\/\/alex.shop\/si\/wp-json\/wp\/v2\/product_brand?post=1118"},{"taxonomy":"product_cat","embeddable":true,"href":"https:\/\/alex.shop\/si\/wp-json\/wp\/v2\/product_cat?post=1118"},{"taxonomy":"product_tag","embeddable":true,"href":"https:\/\/alex.shop\/si\/wp-json\/wp\/v2\/product_tag?post=1118"}],"curies":[{"name":"wp","href":"https:\/\/api.w.org\/{rel}","templated":true}]}}