{"id":1139,"date":"2025-04-08T14:09:19","date_gmt":"2025-04-08T12:09:19","guid":{"rendered":"https:\/\/alex.shop\/si\/?post_type=product&#038;p=1139"},"modified":"2026-04-21T22:03:58","modified_gmt":"2026-04-21T20:03:58","slug":"reolink-rlc-1212a-zunanja-12mp-poe-kamera","status":"publish","type":"product","link":"https:\/\/alex.shop\/si\/reolink-rlc-1212a-zunanja-12mp-poe-kamera\/","title":{"rendered":"Reolink P340 (RLC-1212A) &#8211; PoE kamera"},"content":{"rendered":"<p><img fetchpriority=\"high\" decoding=\"async\" class=\"aligncenter size-full wp-image-25468 ls-is-cached lazyloaded\" src=\"https:\/\/alex.shop\/wp-content\/uploads\/2024\/06\/Reolink-RLC-1212A-1.jpg\" alt=\"\" width=\"1170\" height=\"450\" data-src=\"https:\/\/alex.shop\/wp-content\/uploads\/2024\/06\/Reolink-RLC-1212A-1.jpg\" \/><\/p>\n<h2>Reolink RLC-1212A<\/h2>\n<h4>Pametna zunanja 8MP PoE IP nadzorna kamera z mo\u017enostjo prepoznavanja ljudi in vozila<\/h4>\n<p>Kamera Reolink RLC-1212A snema v izjemno visoki lo\u010dljivosti 12 MP. Lahko ga postavite kjerkoli, na vhodna vrata, na dvori\u0161\u010du, pred gara\u017eo in podobno. Uporabite ga lahko na za\u010dasnem gradbi\u0161\u010du, najemni hi\u0161i ali ko\u010di. Kristalno \u010dista kakovost slike z lo\u010dljivostjo 12 MP, ki je podrobnej\u0161a in ve\u010dja od lo\u010dljivosti UltraHD ter 8x \u010distej\u0161a in bolj\u0161a od lo\u010dljivosti 1080p-FullHD. S to kamero lahko med ogledom slike v \u017eivo ali shranjenih posnetkov vidite tudi najmanj\u0161e podrobnosti.<\/p>\n<h4>Enostavna namestitev PoE<\/h4>\n<p>Ta nadzorna IP kamera PoE uporablja en kabel za prenos podatkov in napajanje. Poenostavljeno o\u017ei\u010denje pomeni enostavnej\u0161o namestitev. To je najbolj\u0161a izbira za doma\u010de mojstre.<\/p>\n<p><img decoding=\"async\" class=\"aligncenter size-full wp-image-25492 ls-is-cached lazyloaded\" src=\"https:\/\/alex.shop\/wp-content\/uploads\/2024\/06\/Reolink-RLC-1212A-2-1.jpg\" alt=\"\" width=\"1456\" height=\"531\" data-src=\"https:\/\/alex.shop\/wp-content\/uploads\/2024\/06\/Reolink-RLC-1212A-2-1.jpg\" \/><\/p>\n<h4>12MP no\u010d in dan<\/h4>\n<p>U\u017eivajte v lo\u010dljivosti slike 12 MP podnevi in pono\u010di. Daje jasnej\u0161o sliko kot kamere 8MP. Kamera RLC-1212A ima IR osvetlitev, ki omogo\u010da no\u010dno snemanje v barvni ali \u010drno-beli barvi do razdalje 30 m.<\/p>\n<p><img decoding=\"async\" class=\"aligncenter size-full wp-image-25498 ls-is-cached lazyloaded\" src=\"https:\/\/alex.shop\/wp-content\/uploads\/2024\/06\/Reolink-RLC-1212A.jpg\" alt=\"\" width=\"1464\" height=\"600\" data-src=\"https:\/\/alex.shop\/wp-content\/uploads\/2024\/06\/Reolink-RLC-1212A.jpg\" \/><\/p>\n<h4>Neprekinjeno 24\/7 snemanje, snemanje zaznavanja gibanja ali na\u010drtovano snemanje<\/h4>\n<p>Kamera podpira snemanje zaznavanja gibanja, neprekinjeno snemanje ali snemanje ob dolo\u010denem \u010dasu. Neprekinjeno snemanje 24 ur na dan, 7 dni v tednu je idealno na obmo\u010djih z veliko prometa, kot so vhodi v trgovine, medtem ko lahko na obmo\u010djih z manj\u0161o aktivnostjo, kot so skladi\u0161\u010da ali pono\u010di, snemanje zaznavanja gibanja pomaga prihraniti prostor za shranjevanje. Videoposnetke vseh treh vrst snemanja lahko shranite na kartico micro SD (do 256 GB), snemalnik NVR Reolink ali stre\u017enik FTP. Izberite na\u010din, ki vam je v\u0161e\u010d, in u\u017eivajte v lahki in prilagojeni varnosti.<\/p>\n<h4>Pametni detektor gibanja in takoj\u0161nja obvestila<\/h4>\n<p>Nadzorna kamera Reolink RLC-1212A z zelo ob\u010dutljivim senzorjem gibanja PIR zazna vsa \u010dlove\u0161ka gibanja skoraj brez napak. Ko zazna gibanje, se kamera takoj vklopi in vam po\u0161lje takoj\u0161nja opozorila.<\/p>\n<ul>\n<li><strong>Potisna obvestila in e-po\u0161tna<\/strong><br \/>\nopozorila o potezah neposredno v telefonu.<\/li>\n<li><strong>Kartica SD (izbirno)<\/strong><br \/>\nPosnemite in shranite gibljive videoposnetke na kartico micro SD do 256 GB.<\/li>\n<\/ul>\n<h4>Dostop do kamere kadarkoli in kjerkoli<\/h4>\n<p>Nadzor \u0161e nikoli ni bil tako enostaven z brezpla\u010dno aplikacijo Reolink. Preverite, ali sta va\u0161a dru\u017eina in dom varna kadar koli in kjer koli prek pametnih telefonov iOS in Android ali prek ra\u010dunalnikov s sistemom Windows ali Mac. Tudi ko ste v pisarni ali potujete, lahko preverite, kaj se dogaja na poti.<\/p>\n<h4>Reolink RLC-1212A \u2013 vsebina \u0161katle<\/h4>\n<p><img loading=\"lazy\" decoding=\"async\" class=\"aligncenter size-full wp-image-25504 lazyloaded\" src=\"https:\/\/alex.shop\/wp-content\/uploads\/2024\/06\/Reolink-RLC-1212A-6.jpg\" alt=\"\" width=\"1198\" height=\"486\" data-src=\"https:\/\/alex.shop\/wp-content\/uploads\/2024\/06\/Reolink-RLC-1212A-6.jpg\" \/><\/p>\n<h4>Reolink RLC-1212A \u2013 dimenzije in specifikacije<\/h4>\n<h2>Videoposnetek Reolink RLC-1212A<\/h2>\n<h4>Pripombo<\/h4>\n<p><strong>Kamera se ne napaja, pa se lahko napaja na naslednje na\u010dine:<\/strong><\/p>\n<ol>\n<li><strong>Napajanje prek napajanja<\/strong><br \/>\nPri kameri Reolink RLC-1212A mora biti napajalnik DC 12V 1A.<\/li>\n<li><strong>Napajalnik z Reolink PoE NVR snemalnikom<\/strong><br \/>\nPove\u017eite IP kamero z Reolink PoE NVR snemalnikom z enim omre\u017enim kablom, nato pa se bo kamera napajal prek <a href=\"https:\/\/alex.shop\/kategorija\/videonadzor\/video-snimaci\/\">snemalnika PoE NVR<\/a>.<br \/>\nOglejte si ponudbo\u00a0<a href=\"https:\/\/alex.shop\/kategorija\/videonadzor\/video-snimaci\/\">video snemalnikov tukaj<\/a>.<\/li>\n<li><strong>Napajanje prek injektorja<\/strong><br \/>\nPoE Za Reolink RLC-1212A morate uporabiti injektor PoE ali stikalo, ki je skladno s standardom 802.3af (48V) in podpira aktivni na\u010din.<\/li>\n<\/ol>\n","protected":false},"excerpt":{"rendered":"<p>Z lo\u010dljivostjo 12 MP in pametnim prepoznavanjem oseb in vozil ta PoE kamera ponuja kristalno \u010disto sliko, snemanje zvoka in zaznavanje gibanja, primerno za zunanje in notranje prostore.<\/p>\n","protected":false},"featured_media":1194,"template":"","meta":{"order-bump-settings":[],"_wpfnl_thankyou_order_overview":"on","_wpfnl_thankyou_order_details":"on","_wpfnl_thankyou_billing_details":"on","_wpfnl_thankyou_shipping_details":"on"},"product_brand":[140],"product_cat":[127],"product_tag":[130,93,97],"class_list":{"0":"post-1139","1":"product","2":"type-product","3":"status-publish","4":"has-post-thumbnail","6":"product_brand-reolink","7":"product_cat-poe-kamere","8":"product_tag-24h-snemanje","9":"product_tag-poe","10":"product_tag-reolink","12":"first","13":"instock","14":"sale","15":"taxable","16":"shipping-taxable","17":"purchasable","18":"product-type-simple"},"bundled_by":[],"bundle_stock_status":"instock","bundle_stock_quantity":7,"bundle_virtual":false,"bundle_layout":"","bundle_add_to_cart_form_location":"","bundle_editable_in_cart":false,"bundle_sold_individually_context":"","bundle_item_grouping":"","bundle_min_size":"","bundle_max_size":"","bundle_price":[],"bundled_items":[],"bundle_sell_ids":[],"_links":{"self":[{"href":"https:\/\/alex.shop\/si\/wp-json\/wp\/v2\/product\/1139","targetHints":{"allow":["GET"]}}],"collection":[{"href":"https:\/\/alex.shop\/si\/wp-json\/wp\/v2\/product"}],"about":[{"href":"https:\/\/alex.shop\/si\/wp-json\/wp\/v2\/types\/product"}],"version-history":[{"count":3,"href":"https:\/\/alex.shop\/si\/wp-json\/wp\/v2\/product\/1139\/revisions"}],"predecessor-version":[{"id":1708,"href":"https:\/\/alex.shop\/si\/wp-json\/wp\/v2\/product\/1139\/revisions\/1708"}],"wp:featuredmedia":[{"embeddable":true,"href":"https:\/\/alex.shop\/si\/wp-json\/wp\/v2\/media\/1194"}],"wp:attachment":[{"href":"https:\/\/alex.shop\/si\/wp-json\/wp\/v2\/media?parent=1139"}],"wp:term":[{"taxonomy":"product_brand","embeddable":true,"href":"https:\/\/alex.shop\/si\/wp-json\/wp\/v2\/product_brand?post=1139"},{"taxonomy":"product_cat","embeddable":true,"href":"https:\/\/alex.shop\/si\/wp-json\/wp\/v2\/product_cat?post=1139"},{"taxonomy":"product_tag","embeddable":true,"href":"https:\/\/alex.shop\/si\/wp-json\/wp\/v2\/product_tag?post=1139"}],"curies":[{"name":"wp","href":"https:\/\/api.w.org\/{rel}","templated":true}]}}