{"id":1161,"date":"2025-04-08T14:09:52","date_gmt":"2025-04-08T12:09:52","guid":{"rendered":"https:\/\/alex.shop\/si\/?post_type=product&#038;p=1161"},"modified":"2026-04-21T22:03:58","modified_gmt":"2026-04-21T20:03:58","slug":"reolink-rlc-810wa-zunanja-8mp-wifi-kamera","status":"publish","type":"product","link":"https:\/\/alex.shop\/si\/reolink-rlc-810wa-zunanja-8mp-wifi-kamera\/","title":{"rendered":"Reolink W330 (RLC-810WA) &#8211; WiFi kamera"},"content":{"rendered":"<p>&nbsp;<\/p>\n<p><img fetchpriority=\"high\" decoding=\"async\" class=\"aligncenter size-full wp-image-21802\" src=\"https:\/\/alex.shop\/wp-content\/uploads\/2024\/03\/reolink-rlc-810wa.jpg\" alt=\"\" width=\"1464\" height=\"600\" \/><\/p>\n<h2>Reolink RLC-810WA<\/h2>\n<h4>Zunanja nadzorna kamera WiFi z mo\u017enostjo prepoznavanja ljudi in vozil<\/h4>\n<p>Kamera Reolink RLC-810WA zajame izjemno visoko lo\u010dljivost 8MP. Lahko ga postavite kjerkoli, na vhodna vrata, na dvori\u0161\u010du, pred gara\u017eo in podobno. Uporabite ga lahko na za\u010dasnem gradbi\u0161\u010du, najemni hi\u0161i ali ko\u010di.<\/p>\n<h4>Nova tehnologija zmanj\u0161uje \u0161tevilo la\u017enih alarmov<\/h4>\n<p>S tehnologijo analize oblik lahko kamera Reolink RLC-810WA natan\u010dno zazna ljudi in vozila. To mo\u010dno zmanj\u0161a \u0161tevilo la\u017enih alarmov, ker se premiki drugih manj pomembnih predmetov ne upo\u0161tevajo.<\/p>\n<h4>Preprost in zanesljiv dvopasovni WiFi<\/h4>\n<p>RLC-810WA podpira 2,4 GHz in 5 GHz WiFi, kar ponuja ve\u010d zmogljivosti brez\u017ei\u010dne povezljivosti. Dvopasovna WiFi tehnologija in 2T2R MIMO antene zagotavljajo mo\u010dan signal za stabilno in zanesljivo povezavo.<\/p>\n<p><img decoding=\"async\" class=\"aligncenter size-full wp-image-21808 ls-is-cached lazyloaded\" src=\"https:\/\/alex.shop\/wp-content\/uploads\/2024\/03\/reolink-rlc-810wa-2.jpg\" alt=\"\" width=\"1464\" height=\"600\" data-src=\"https:\/\/alex.shop\/wp-content\/uploads\/2024\/03\/reolink-rlc-810wa-2.jpg\" \/><\/p>\n<h4>Ultra HD no\u010d in dan<\/h4>\n<p>Kot gledanja 88\u00b0 in lo\u010dljivost 8MP Ultra HD vam omogo\u010data podrobno sliko va\u0161ega doma. Vgrajen visokokakovostni CMOS senzor z 18 IR LED diodami zagotavlja odli\u010den prikaz v temi, do 30 metrov stran. Pazi na vsak premik ali gibanje va\u0161ega otroka ali hi\u0161nega ljubljen\u010dka jasno pri \u0161ibki svetlobi.<\/p>\n<h4>Mo\u017enost \u010dasovnega zamika<\/h4>\n<p>Kamera Reolink RLC-810WA lahko zajame tehniko \u010dasovnega zamika, s pomo\u010djo katere zajame hitrej\u0161o in la\u017ejo dinamiko dolgoro\u010dnih dogodkov, kot so son\u010dni vzhod, premikanje oblakov in cvetenje. Zabavajte se pri snemanju videoposnetkov, kot so filmi.<\/p>\n<h4>Neprekinjeno 24\/7 snemanje, snemanje zaznavanja gibanja ali na\u010drtovano snemanje<\/h4>\n<p>Kamera podpira zaznavanje gibanja, neprekinjeno snemanje ali snemanje ob dolo\u010denih urah. Neprekinjeno snemanje 24 ur na dan, 7 dni v tednu je idealno na obmo\u010djih z velikim prometom, kot je vstop v trgovine, medtem ko lahko na obmo\u010djih z manj\u0161imi dejavnostmi, kot sta skladi\u0161\u010de ali no\u010dno snemanje, pri zaznavanju gibanja prihranite prostor za shranjevanje. <strong>Videoposnetke vseh treh vrst snemanja lahko shranite na kartico micro SD (do 256 GB), snemalnik NVR Reolink ali stre\u017enik FTP<\/strong>. Izberite na\u010din, ki vam je v\u0161e\u010d, in u\u017eivajte v lahki in prilagojeni varnosti.<\/p>\n<h4>Odporen na vse vremenske razmere<\/h4>\n<p>Kamera Reolink RLC-810WA je zasnovana za uporabo v vseh podnebjih. Njegovo ohi\u0161je IP66 lahko prenese mo\u010dne curke vode ter mo\u010dno toploto, vlago in mraz.<\/p>\n<h4>Pametni detektor gibanja in takoj\u0161nja obvestila<\/h4>\n<p>Nadzorna kamera Reolink RLC-810WA z zelo ob\u010dutljivim senzorjem gibanja PIR zazna vsa \u010dlove\u0161ka gibanja skoraj brez napak. Ko kamera zazna gibanje, se takoj vklopi in vam po\u0161lje takoj\u0161nja opozorila.<\/p>\n<ul>\n<li><strong>Potisna obvestila in opozorila o gibanju po\u0161ljite po e-po\u0161ti<\/strong><br \/>\nneposredno v telefonu.<\/li>\n<li><strong>Kartica SD (izbirno)<\/strong><br \/>\nSnemajte in shranite gibljive videoposnetke na pomnilni\u0161ko kartico micro SD do 256 GB.<\/li>\n<\/ul>\n<h4>Dostop do kamere kadar koli in kjer koli<\/h4>\n<p>Nadzor \u0161e nikoli ni bil tako enostaven z brezpla\u010dno aplikacijo Reolink. Preverite, ali sta va\u0161a dru\u017eina in dom varna kadar koli in kjer koli v pametnih telefonih s sistemom iOS in Android ali v ra\u010dunalniku s sistemom Windows ali Mac. Tudi ko ste v pisarni ali potujete, lahko preverite, kaj se dogaja na poti.<\/p>\n<h4>Reolink RLC-810WA \u2013 vsebina \u0161katle<\/h4>\n<p><img decoding=\"async\" class=\"aligncenter size-full wp-image-21784 ls-is-cached lazyloaded\" src=\"https:\/\/alex.shop\/wp-content\/uploads\/2024\/03\/Reolink-RLC-811WA-4.jpg\" alt=\"\" width=\"1234\" height=\"571\" data-src=\"https:\/\/alex.shop\/wp-content\/uploads\/2024\/03\/Reolink-RLC-811WA-4.jpg\" \/><\/p>\n<h4><\/h4>\n<h4>Reolink RLC-810WA \u2013 dimenzije in specifikacije<\/h4>\n<div id=\"gallery-1\" class=\"gallery galleryid-21781 gallery-columns-2 gallery-size-full\">\n<figure class=\"gallery-item\">\n<div class=\"gallery-icon landscape\"><a href=\"https:\/\/alex.shop\/wp-content\/uploads\/2024\/03\/Reolink-rlc-810WA-6.webp\"><img loading=\"lazy\" decoding=\"async\" class=\"attachment-full size-full ls-is-cached lazyloaded\" src=\"https:\/\/alex.shop\/wp-content\/uploads\/2024\/03\/Reolink-rlc-810WA-6.webp\" alt=\"\" width=\"900\" height=\"500\" data-src=\"https:\/\/alex.shop\/wp-content\/uploads\/2024\/03\/Reolink-rlc-810WA-6.webp\" data-srcset=\"https:\/\/alex.shop\/wp-content\/uploads\/2024\/03\/Reolink-rlc-810WA-6.webp 900w, https:\/\/alex.shop\/wp-content\/uploads\/2024\/03\/Reolink-rlc-810WA-6-300x167.webp 300w, https:\/\/alex.shop\/wp-content\/uploads\/2024\/03\/Reolink-rlc-810WA-6-768x427.webp 768w, https:\/\/alex.shop\/wp-content\/uploads\/2024\/03\/Reolink-rlc-810WA-6-441x245.webp 441w, https:\/\/alex.shop\/wp-content\/uploads\/2024\/03\/Reolink-rlc-810WA-6-600x333.webp 600w, https:\/\/alex.shop\/wp-content\/uploads\/2024\/03\/Reolink-rlc-810WA-6-150x83.webp 150w\" data-sizes=\"(max-width: 360px) 147px, (max-width: 900px) 100vw, 900px\" \/><\/a><\/div>\n<\/figure>\n<figure class=\"gallery-item\">\n<div class=\"gallery-icon landscape\"><a href=\"https:\/\/alex.shop\/wp-content\/uploads\/2024\/03\/Reolink-rlc-810WA-5.webp\"><img loading=\"lazy\" decoding=\"async\" class=\"attachment-full size-full ls-is-cached lazyloaded\" src=\"https:\/\/alex.shop\/wp-content\/uploads\/2024\/03\/Reolink-rlc-810WA-5.webp\" alt=\"\" width=\"900\" height=\"500\" data-src=\"https:\/\/alex.shop\/wp-content\/uploads\/2024\/03\/Reolink-rlc-810WA-5.webp\" data-srcset=\"https:\/\/alex.shop\/wp-content\/uploads\/2024\/03\/Reolink-rlc-810WA-5.webp 900w, https:\/\/alex.shop\/wp-content\/uploads\/2024\/03\/Reolink-rlc-810WA-5-300x167.webp 300w, https:\/\/alex.shop\/wp-content\/uploads\/2024\/03\/Reolink-rlc-810WA-5-768x427.webp 768w, https:\/\/alex.shop\/wp-content\/uploads\/2024\/03\/Reolink-rlc-810WA-5-441x245.webp 441w, https:\/\/alex.shop\/wp-content\/uploads\/2024\/03\/Reolink-rlc-810WA-5-600x333.webp 600w, https:\/\/alex.shop\/wp-content\/uploads\/2024\/03\/Reolink-rlc-810WA-5-150x83.webp 150w\" data-sizes=\"(max-width: 360px) 147px, (max-width: 900px) 100vw, 900px\" \/><\/a><\/div>\n<\/figure>\n<\/div>\n","protected":false},"excerpt":{"rendered":"<p>Brez\u017ei\u010dna 8MP WiFi kamera nudi vrhunsko za\u0161\u010dito s certifikatom IP67, omogo\u010da prepoznavanje oseb in vozil ter jasne no\u010dne posnetke. Z zaznavanjem gibanja in reflektorjem zagotavlja varnost v vseh pogojih.<\/p>\n","protected":false},"featured_media":1215,"template":"","meta":{"order-bump-settings":[],"_wpfnl_thankyou_order_overview":"on","_wpfnl_thankyou_order_details":"on","_wpfnl_thankyou_billing_details":"on","_wpfnl_thankyou_shipping_details":"on"},"product_brand":[140],"product_cat":[109],"product_tag":[130,80,97,147,118],"class_list":{"0":"post-1161","1":"product","2":"type-product","3":"status-publish","4":"has-post-thumbnail","6":"product_brand-reolink","7":"product_cat-wifi-kamere","8":"product_tag-24h-snemanje","9":"product_tag-8mp","10":"product_tag-reolink","11":"product_tag-zicne-wifi-kamere","12":"product_tag-zunanje-kamere-wifi","14":"first","15":"instock","16":"sale","17":"taxable","18":"shipping-taxable","19":"purchasable","20":"product-type-simple"},"bundled_by":[],"bundle_stock_status":"instock","bundle_stock_quantity":12,"bundle_virtual":false,"bundle_layout":"","bundle_add_to_cart_form_location":"","bundle_editable_in_cart":false,"bundle_sold_individually_context":"","bundle_item_grouping":"","bundle_min_size":"","bundle_max_size":"","bundle_price":[],"bundled_items":[],"bundle_sell_ids":[],"_links":{"self":[{"href":"https:\/\/alex.shop\/si\/wp-json\/wp\/v2\/product\/1161","targetHints":{"allow":["GET"]}}],"collection":[{"href":"https:\/\/alex.shop\/si\/wp-json\/wp\/v2\/product"}],"about":[{"href":"https:\/\/alex.shop\/si\/wp-json\/wp\/v2\/types\/product"}],"version-history":[{"count":4,"href":"https:\/\/alex.shop\/si\/wp-json\/wp\/v2\/product\/1161\/revisions"}],"predecessor-version":[{"id":1721,"href":"https:\/\/alex.shop\/si\/wp-json\/wp\/v2\/product\/1161\/revisions\/1721"}],"wp:featuredmedia":[{"embeddable":true,"href":"https:\/\/alex.shop\/si\/wp-json\/wp\/v2\/media\/1215"}],"wp:attachment":[{"href":"https:\/\/alex.shop\/si\/wp-json\/wp\/v2\/media?parent=1161"}],"wp:term":[{"taxonomy":"product_brand","embeddable":true,"href":"https:\/\/alex.shop\/si\/wp-json\/wp\/v2\/product_brand?post=1161"},{"taxonomy":"product_cat","embeddable":true,"href":"https:\/\/alex.shop\/si\/wp-json\/wp\/v2\/product_cat?post=1161"},{"taxonomy":"product_tag","embeddable":true,"href":"https:\/\/alex.shop\/si\/wp-json\/wp\/v2\/product_tag?post=1161"}],"curies":[{"name":"wp","href":"https:\/\/api.w.org\/{rel}","templated":true}]}}