{"id":1191,"date":"2025-04-08T14:11:20","date_gmt":"2025-04-08T12:11:20","guid":{"rendered":"https:\/\/alex.shop\/si\/?post_type=product&#038;p=1191"},"modified":"2026-04-02T15:10:42","modified_gmt":"2026-04-02T13:10:42","slug":"reolink-rln12w-wifi-video-snemalnik-za-12-kamer","status":"publish","type":"product","link":"https:\/\/alex.shop\/si\/reolink-rln12w-wifi-video-snemalnik-za-12-kamer\/","title":{"rendered":"Reolink NVS12W (RLN12W) &#8211; WiFi video snemalnik do 12 kamer"},"content":{"rendered":"<h2>Reolink RLN12W<\/h2>\n<h4>12-kanalni WiFi NVR omre\u017eni video snemalnik za zanesljivo snemanje 24 ur na dan<\/h4>\n<ul>\n<li>Podpora za kamere do 16MP<\/li>\n<li>Do 12 WiFi kamer<\/li>\n<li><strong>Vgrajen trdi disk 2 TB (raz\u0161irljiv, najve\u010d 16 TB)<\/strong><\/li>\n<li>Mo\u017enost priklju\u010ditve do 4 Reolink PoE kamer (vendar snemalnik ne napaja kamer, kamera mora imeti 12V napajalnik ali injektor)<\/li>\n<\/ul>\n<p><img fetchpriority=\"high\" decoding=\"async\" class=\"aligncenter size-full wp-image-24915 ls-is-cached lazyloaded\" src=\"https:\/\/alex.shop\/wp-content\/uploads\/2024\/05\/Reolink-RLN12W.jpg\" alt=\"\" width=\"1464\" height=\"600\" data-src=\"https:\/\/alex.shop\/wp-content\/uploads\/2024\/05\/Reolink-RLN12W.jpg\" \/><\/p>\n<p>S standardom WiFi 6 snemalnik pokriva \u0161e ve\u010dje obmo\u010dje z vi\u0161jimi hitrostmi prenosa, kar zagotavlja zanesljivo delovanje in snemanje.<\/p>\n<p>\u010ce \u017eelite neprekinjeno snemanje videa 24\/7 ali \u010de imate ve\u010d kamer Wifi za upravljanje, je ta omre\u017eni video snemalnik Reolink najbolj\u0161a izbira.<\/p>\n<p>Vnaprej name\u0161\u010den 2TB HDD za snemanje in spremljanje 24\/7.<br \/>\nPodpira snemanje vseh kamer hkrati (do 12 kamer).<br \/>\n\u010ce \u017eelite dalj\u0161e snemanje, poskusite snemati z zaznavanjem gibanja, ki se za\u010dne snemati \u0161ele, ko je zaznano gibanje.<br \/>\nOmogo\u010da namestitev dodatnega trdega diska, najve\u010dja zmogljivost do 16TB.<\/p>\n<p><img decoding=\"async\" class=\"aligncenter size-full wp-image-24921 ls-is-cached lazyloaded\" src=\"https:\/\/alex.shop\/wp-content\/uploads\/2024\/05\/Reolink-RLN12W-2.jpg\" alt=\"\" width=\"1450\" height=\"522\" data-src=\"https:\/\/alex.shop\/wp-content\/uploads\/2024\/05\/Reolink-RLN12W-2.jpg\" \/><\/p>\n<h4>Reolink RLN12W NVR senzor<\/h4>\n<p>\u010ce \u017eelite snemati in nadzorovati ve\u010d WiFi kamer, je Reolink NVR idealna re\u0161itev, saj podpira hkratno predvajanje v \u017eivo in snemanje 24\/7 za vse WiFi kamere. Snemalnik z avdio vhodom za kamere z vgrajenim mikrofonom zagotavlja, da imate poleg dostopa do slik in videoposnetkov tudi dostop do zvo\u010dnega materiala vseh povezanih IP kamer. Vgrajen je 2TB pogon, uporabnik pa lahko prek e-SATA doda zunanji pogon za ve\u010d prostora za shranjevanje (do 12TB). Naprava je opremljena s \u0161tirimi WiFi antenami, ki zagotavljajo pokritost do 1000 m2. V ta snemalnik je mogo\u010de dodati tudi obstoje\u010de kamere Reolink WiFi, ki jih imate doma.<\/p>\n<p><img decoding=\"async\" class=\"aligncenter size-full wp-image-18735 lazyloaded\" src=\"https:\/\/alex.shop\/wp-content\/uploads\/2023\/12\/230947091700732829.7037.png-scaled.webp\" alt=\"\" width=\"2560\" height=\"1280\" data-src=\"https:\/\/alex.shop\/wp-content\/uploads\/2023\/12\/230947091700732829.7037.png-scaled.webp\" data-srcset=\"https:\/\/alex.shop\/wp-content\/uploads\/2023\/12\/230947091700732829.7037.png-scaled.webp 2560w, https:\/\/alex.shop\/wp-content\/uploads\/2023\/12\/230947091700732829.7037.png-300x150.webp 300w, https:\/\/alex.shop\/wp-content\/uploads\/2023\/12\/230947091700732829.7037.png-1024x512.webp 1024w, https:\/\/alex.shop\/wp-content\/uploads\/2023\/12\/230947091700732829.7037.png-768x384.webp 768w, https:\/\/alex.shop\/wp-content\/uploads\/2023\/12\/230947091700732829.7037.png-1536x768.webp 1536w, https:\/\/alex.shop\/wp-content\/uploads\/2023\/12\/230947091700732829.7037.png-2048x1024.webp 2048w, https:\/\/alex.shop\/wp-content\/uploads\/2023\/12\/230947091700732829.7037.png-990x495.webp 990w, https:\/\/alex.shop\/wp-content\/uploads\/2023\/12\/230947091700732829.7037.png-441x221.webp 441w, https:\/\/alex.shop\/wp-content\/uploads\/2023\/12\/230947091700732829.7037.png-600x300.webp 600w, https:\/\/alex.shop\/wp-content\/uploads\/2023\/12\/230947091700732829.7037.png-150x75.webp 150w\" data-sizes=\"(max-width: 2560px) 100vw, 2560px\" \/><\/p>\n<p>&nbsp;<\/p>\n<p>Snemalnik Reolink RLN12W odli\u010dno deluje z vsemi IP kamerami Reolink &#8211; vklju\u010dno z 12MP, 8MP, 5MP in 4MP\u00a0<a href=\"https:\/\/alex.shop\/sl\/kategorija\/videonadzor\/kamere-za-videonadzor\/poe-ip-kamere\/\" target=\"_blank\" rel=\"noopener\">PoE<\/a>\u00a0\/\u00a0<a href=\"https:\/\/alex.shop\/sl\/kategorija\/videonadzor\/kamere-za-videonadzor\/wifi-ip-kamere\/\" target=\"_blank\" rel=\"noopener\">WiFi kamerami<\/a>\u00a0&#8211; za 24\/7 snemanje, pogled v \u017eivo in ve\u010d funkcij.<\/p>\n<p>Za priklju\u010ditev PoE kamer je potrebno uporabiti napajalnik 12V kamere ali kupiti\u00a0<a href=\"https:\/\/alex.shop\/sl\/poe-injector-za-reolink-kamere\/\">PoE injektor<\/a>.<\/p>\n<h4>Vsebina \u0161katle Reolink RLN12W<\/h4>\n<p><img loading=\"lazy\" decoding=\"async\" class=\"aligncenter size-full wp-image-25105 ls-is-cached lazyloaded\" src=\"https:\/\/alex.shop\/wp-content\/uploads\/2024\/05\/Reolink-RLN12w-box.jpg\" alt=\"\" width=\"1171\" height=\"556\" data-src=\"https:\/\/alex.shop\/wp-content\/uploads\/2024\/05\/Reolink-RLN12w-box.jpg\" \/><\/p>\n<p>&nbsp;<\/p>\n","protected":false},"excerpt":{"rendered":"<p>Snemalnik podpira do 12 kamer in ima 2TB trdi disk za neprekinjeno spremljanje. S \u0161tirimi zunanjimi antenami zagotavlja stabilno WiFi povezavo, idealno za profesionalni video nadzor.<\/p>\n","protected":false},"featured_media":1228,"template":"","meta":{"order-bump-settings":[],"_wpfnl_thankyou_order_overview":"on","_wpfnl_thankyou_order_details":"on","_wpfnl_thankyou_billing_details":"on","_wpfnl_thankyou_shipping_details":"on"},"product_brand":[140],"product_cat":[126,132],"product_tag":[130],"class_list":{"0":"post-1191","1":"product","2":"type-product","3":"status-publish","4":"has-post-thumbnail","6":"product_brand-reolink","7":"product_cat-dodatki-za-video-nadzor","8":"product_cat-video-snemalniki","9":"product_tag-24h-snemanje","11":"first","12":"instock","13":"sale","14":"taxable","15":"shipping-taxable","16":"purchasable","17":"product-type-simple"},"bundled_by":[],"bundle_stock_status":"instock","bundle_stock_quantity":1,"bundle_virtual":false,"bundle_layout":"","bundle_add_to_cart_form_location":"","bundle_editable_in_cart":false,"bundle_sold_individually_context":"","bundle_item_grouping":"","bundle_min_size":"","bundle_max_size":"","bundle_price":[],"bundled_items":[],"bundle_sell_ids":[],"_links":{"self":[{"href":"https:\/\/alex.shop\/si\/wp-json\/wp\/v2\/product\/1191","targetHints":{"allow":["GET"]}}],"collection":[{"href":"https:\/\/alex.shop\/si\/wp-json\/wp\/v2\/product"}],"about":[{"href":"https:\/\/alex.shop\/si\/wp-json\/wp\/v2\/types\/product"}],"version-history":[{"count":4,"href":"https:\/\/alex.shop\/si\/wp-json\/wp\/v2\/product\/1191\/revisions"}],"predecessor-version":[{"id":1714,"href":"https:\/\/alex.shop\/si\/wp-json\/wp\/v2\/product\/1191\/revisions\/1714"}],"wp:featuredmedia":[{"embeddable":true,"href":"https:\/\/alex.shop\/si\/wp-json\/wp\/v2\/media\/1228"}],"wp:attachment":[{"href":"https:\/\/alex.shop\/si\/wp-json\/wp\/v2\/media?parent=1191"}],"wp:term":[{"taxonomy":"product_brand","embeddable":true,"href":"https:\/\/alex.shop\/si\/wp-json\/wp\/v2\/product_brand?post=1191"},{"taxonomy":"product_cat","embeddable":true,"href":"https:\/\/alex.shop\/si\/wp-json\/wp\/v2\/product_cat?post=1191"},{"taxonomy":"product_tag","embeddable":true,"href":"https:\/\/alex.shop\/si\/wp-json\/wp\/v2\/product_tag?post=1191"}],"curies":[{"name":"wp","href":"https:\/\/api.w.org\/{rel}","templated":true}]}}