{"id":1192,"date":"2025-04-08T14:11:20","date_gmt":"2025-04-08T12:11:20","guid":{"rendered":"https:\/\/alex.shop\/si\/?post_type=product&#038;p=1192"},"modified":"2026-04-21T22:03:58","modified_gmt":"2026-04-21T20:03:58","slug":"reolink-w430-rlc-811wa-zunanja-8mp-moto-zoom-wifi-kamera-z-reflektorjem","status":"publish","type":"product","link":"https:\/\/alex.shop\/si\/reolink-w430-rlc-811wa-zunanja-8mp-moto-zoom-wifi-kamera-z-reflektorjem\/","title":{"rendered":"Reolink W430 (RLC-811WA) &#8211; zunanja 8MP moto-zoom WiFi kamera z reflektorjem"},"content":{"rendered":"<p><img fetchpriority=\"high\" decoding=\"async\" class=\"aligncenter size-full wp-image-22696\" src=\"https:\/\/alex.shop\/wp-content\/uploads\/2024\/04\/Reolink-RLC-811WA.jpg\" alt=\"\" width=\"1464\" height=\"600\" \/><\/p>\n<h2>Reolink RLC-811WA<\/h2>\n<h4>Zunanja pametna nadzorna kamera WiFi z opti\u010dno pove\u010davo, reflektorjem in zmo\u017enostjo prepoznavanja ljudi in vozil<\/h4>\n<p>Kamera Reolink RLC-811WA zajame izjemno visoko lo\u010dljivost 8MP in 5-kratno opti\u010dno pove\u010davo. Lahko ga postavite kjerkoli, na vhodna vrata, na dvori\u0161\u010du, pred gara\u017eo in podobno. Uporabite ga lahko na za\u010dasnem gradbi\u0161\u010du, najemni hi\u0161i ali ko\u010di.<\/p>\n<h4>Preprost in zanesljiv dvopasovni WiFi<\/h4>\n<p>Reolink RLC-811WA podpira 2.4 GHz in 5 GHz WiFi, ponuja ve\u010d brez\u017ei\u010dnih zmogljivosti, hkrati pa podpira novi standard WiFi 6. Dvopasovna WiFi tehnologija in 2T2R MIMO antene zagotavljajo mo\u010dan signal za stabilno in zanesljivo povezavo.<\/p>\n<p><img decoding=\"async\" class=\"aligncenter size-full wp-image-22702 ls-is-cached lazyloaded\" src=\"https:\/\/alex.shop\/wp-content\/uploads\/2024\/04\/Reolink-RLC-811WA-3.jpg\" alt=\"\" width=\"1464\" height=\"600\" data-src=\"https:\/\/alex.shop\/wp-content\/uploads\/2024\/04\/Reolink-RLC-811WA-3.jpg\" \/><\/p>\n<h4>Ultra HD no\u010d in dan<\/h4>\n<p>Koti gledanja lo\u010dljivosti Ultra HD 31\u00b0-100\u00b0 in 8MP vam dajejo podrobno sliko va\u0161ega doma. Vgrajen visokokakovostni CMOS senzor s 24 IR LED diodami zagotavlja odli\u010den prikaz v temi, do 30 metrov stran. Pazi na vsak gib, gibanje oseb jasno pri \u0161ibki svetlobi.<\/p>\n<p>&nbsp;<\/p>\n<p><img decoding=\"async\" class=\"aligncenter size-full wp-image-22747 lazyloaded\" src=\"https:\/\/alex.shop\/wp-content\/uploads\/2024\/04\/Reolink-RLC-811WA-night.jpg\" alt=\"\" width=\"1464\" height=\"600\" data-src=\"https:\/\/alex.shop\/wp-content\/uploads\/2024\/04\/Reolink-RLC-811WA-night.jpg\" \/><\/p>\n<h4>Neprekinjeno 24\/7 snemanje, snemanje zaznavanja gibanja ali na\u010drtovano snemanje<\/h4>\n<p>Kamera podpira zaznavanje gibanja, neprekinjeno snemanje ali snemanje ob dolo\u010denih urah. Neprekinjeno fotografiranje 24 ur na dan, 7 dni v tednu je idealno na obmo\u010djih z velikim prometom, kot je vstop v trgovine, medtem ko lahko na obmo\u010djih z manj\u0161imi dejavnostmi, kot sta skladi\u0161\u010de ali no\u010dno snemanje, pri zaznavanju gibanja prihranite prostor za shranjevanje. Videoposnetke vseh treh vrst snemanja lahko shranite na kartico micro SD (do 256 GB), snemalnik NVR Reolink ali stre\u017enik FTP. Izberite na\u010din, ki vam je v\u0161e\u010d, in u\u017eivajte v lahki in prilagojeni varnosti.<\/p>\n<p><img loading=\"lazy\" decoding=\"async\" class=\"aligncenter size-full wp-image-22753 lazyloaded\" src=\"https:\/\/alex.shop\/wp-content\/uploads\/2024\/04\/Reolink-RLC-811WA-8.jpg\" alt=\"\" width=\"1464\" height=\"600\" data-src=\"https:\/\/alex.shop\/wp-content\/uploads\/2024\/04\/Reolink-RLC-811WA-8.jpg\" \/><\/p>\n<h4>Pametni detektor gibanja in takoj\u0161nja obvestila<\/h4>\n<p>Nadzorna kamera Reolink RLC-811WA z zelo ob\u010dutljivim senzorjem gibanja PIR skoraj brezhibno zazna vsa \u010dlove\u0161ka gibanja. Ko kamera zazna gibanje, se takoj vklopi in vam po\u0161lje takoj\u0161nja opozorila.<\/p>\n<ul>\n<li><strong>Potisna obvestila in opozorila o gibanju po\u0161ljite po e-po\u0161ti<\/strong><br \/>\nneposredno v telefonu.<\/li>\n<li><strong>Kartica SD (izbirno)<\/strong><br \/>\nSnemajte in shranite gibljive videoposnetke na pomnilni\u0161ko kartico micro SD do 256 GB.<\/li>\n<\/ul>\n<h4><img loading=\"lazy\" decoding=\"async\" class=\"aligncenter size-full wp-image-22708 ls-is-cached lazyloaded\" src=\"https:\/\/alex.shop\/wp-content\/uploads\/2024\/04\/Reolink-RLC-811WA-2.jpg\" alt=\"\" width=\"1394\" height=\"407\" data-src=\"https:\/\/alex.shop\/wp-content\/uploads\/2024\/04\/Reolink-RLC-811WA-2.jpg\" \/><\/h4>\n<h4>Dvosmerna zvo\u010dna komunikacija<\/h4>\n<p>Prisluhnite, kaj se dogaja znotraj ali zunaj va\u0161ega doma in se pogovorite z enim samim dotikom. Z vgrajenim mikrofonom in zvo\u010dnikom lahko komunicirate s starej\u0161imi, otroki, varu\u0161kami, hi\u0161nimi ljubljen\u010dki in opozorite vse, ki niso povabljeni.<\/p>\n<h4>Dostop do kamere kadar koli in kjer koli<\/h4>\n<p>Nadzor \u0161e nikoli ni bil tako enostaven z brezpla\u010dno aplikacijo Reolink. Preverite, ali sta va\u0161a dru\u017eina in dom varna kadar koli in kjer koli v pametnih telefonih s sistemom iOS in Android ali v ra\u010dunalniku s sistemom Windows ali Mac. Tudi ko ste v pisarni ali potujete, lahko preverite, kaj se dogaja na poti.<\/p>\n<h4>Reolink RLC-811WA \u2013 vsebina \u0161katle<\/h4>\n<p><img loading=\"lazy\" decoding=\"async\" class=\"aligncenter size-full wp-image-22690 ls-is-cached lazyloaded\" src=\"https:\/\/alex.shop\/wp-content\/uploads\/2024\/04\/Reolink-RLC-811WA-5.jpg\" alt=\"\" width=\"1224\" height=\"547\" data-src=\"https:\/\/alex.shop\/wp-content\/uploads\/2024\/04\/Reolink-RLC-811WA-5.jpg\" \/><\/p>\n<p>&nbsp;<\/p>\n<h4>Reolink RLC-811WA \u2013 dimenzije in specifikacije<\/h4>\n<div id=\"gallery-1\" class=\"gallery galleryid-22680 gallery-columns-4 gallery-size-medium\">\n<figure class=\"gallery-item\">\n<div class=\"gallery-icon landscape\"><a href=\"https:\/\/alex.shop\/wp-content\/uploads\/2024\/04\/reolink-rlc-811wa-dimmension-300x167.webp\"><img loading=\"lazy\" decoding=\"async\" class=\"attachment-medium size-medium ls-is-cached lazyloaded\" src=\"https:\/\/alex.shop\/wp-content\/uploads\/2024\/04\/reolink-rlc-811wa-dimmension-300x167.webp\" alt=\"\" width=\"300\" height=\"167\" data-src=\"https:\/\/alex.shop\/wp-content\/uploads\/2024\/04\/reolink-rlc-811wa-dimmension-300x167.webp\" data-srcset=\"https:\/\/alex.shop\/wp-content\/uploads\/2024\/04\/reolink-rlc-811wa-dimmension-300x167.webp 300w, https:\/\/alex.shop\/wp-content\/uploads\/2024\/04\/reolink-rlc-811wa-dimmension-768x427.webp 768w, https:\/\/alex.shop\/wp-content\/uploads\/2024\/04\/reolink-rlc-811wa-dimmension-441x245.webp 441w, https:\/\/alex.shop\/wp-content\/uploads\/2024\/04\/reolink-rlc-811wa-dimmension-600x333.webp 600w, https:\/\/alex.shop\/wp-content\/uploads\/2024\/04\/reolink-rlc-811wa-dimmension-150x83.webp 150w, https:\/\/alex.shop\/wp-content\/uploads\/2024\/04\/reolink-rlc-811wa-dimmension.webp 900w\" data-sizes=\"(max-width: 360px) 147px, (max-width: 300px) 100vw, 300px\" \/><\/a><\/div>\n<\/figure>\n<figure class=\"gallery-item\">\n<div class=\"gallery-icon landscape\"><a href=\"https:\/\/alex.shop\/wp-content\/uploads\/2024\/04\/Reolink-RLC-811WA-300x167.webp\"><img loading=\"lazy\" decoding=\"async\" class=\"attachment-medium size-medium ls-is-cached lazyloaded\" src=\"https:\/\/alex.shop\/wp-content\/uploads\/2024\/04\/Reolink-RLC-811WA-300x167.webp\" alt=\"\" width=\"300\" height=\"167\" data-src=\"https:\/\/alex.shop\/wp-content\/uploads\/2024\/04\/Reolink-RLC-811WA-300x167.webp\" data-srcset=\"https:\/\/alex.shop\/wp-content\/uploads\/2024\/04\/Reolink-RLC-811WA-300x167.webp 300w, https:\/\/alex.shop\/wp-content\/uploads\/2024\/04\/Reolink-RLC-811WA-768x427.webp 768w, https:\/\/alex.shop\/wp-content\/uploads\/2024\/04\/Reolink-RLC-811WA-441x245.webp 441w, https:\/\/alex.shop\/wp-content\/uploads\/2024\/04\/Reolink-RLC-811WA-600x333.webp 600w, https:\/\/alex.shop\/wp-content\/uploads\/2024\/04\/Reolink-RLC-811WA-150x83.webp 150w, https:\/\/alex.shop\/wp-content\/uploads\/2024\/04\/Reolink-RLC-811WA.webp 900w\" data-sizes=\"(max-width: 360px) 147px, (max-width: 300px) 100vw, 300px\" \/><\/a><\/div>\n<\/figure>\n<figure class=\"gallery-item\">\n<div class=\"gallery-icon landscape\"><a href=\"https:\/\/alex.shop\/wp-content\/uploads\/2020\/07\/reolink-rlc-511w-specs-2.jpeg\"><img loading=\"lazy\" decoding=\"async\" class=\"attachment-medium size-medium ls-is-cached lazyloaded\" src=\"https:\/\/alex.shop\/wp-content\/uploads\/2020\/07\/reolink-rlc-511w-specs-2.jpeg\" alt=\"Reolink RLC-511W\" width=\"300\" height=\"167\" data-src=\"https:\/\/alex.shop\/wp-content\/uploads\/2020\/07\/reolink-rlc-511w-specs-2.jpeg\" data-sizes=\"(max-width: 360px) 147px, \" \/><\/a><\/div>\n<\/figure>\n<figure class=\"gallery-item\">\n<div class=\"gallery-icon landscape\"><a href=\"https:\/\/alex.shop\/wp-content\/uploads\/2021\/04\/rlc-510wa-cables.jpeg\"><img loading=\"lazy\" decoding=\"async\" class=\"attachment-medium size-medium ls-is-cached lazyloaded\" src=\"https:\/\/alex.shop\/wp-content\/uploads\/2021\/04\/rlc-510wa-cables.jpeg\" alt=\"Kabli RLC-510WA\" width=\"300\" height=\"167\" data-src=\"https:\/\/alex.shop\/wp-content\/uploads\/2021\/04\/rlc-510wa-cables.jpeg\" data-sizes=\"(max-width: 360px) 147px, \" \/><\/a><\/div>\n<\/figure>\n<\/div>\n<h4><\/h4>\n<p>&nbsp;<\/p>\n","protected":false},"excerpt":{"rendered":"<p>Reolink RLC-811WA je zmogljiva WiFi kamera z 8MP lo\u010dljivostjo, 5x opti\u010dnim zoomom, zaznavanjem gibanja in u\u010dinkovito za\u0161\u010dito. Idealna za zunanje prostore z naprednimi mo\u017enostmi upravljanja.<\/p>\n","protected":false},"featured_media":1267,"template":"","meta":{"order-bump-settings":[],"_wpfnl_thankyou_order_overview":"on","_wpfnl_thankyou_order_details":"on","_wpfnl_thankyou_billing_details":"on","_wpfnl_thankyou_shipping_details":"on"},"product_brand":[140],"product_cat":[109],"product_tag":[130,76,77,89,97,147,118],"class_list":{"0":"post-1192","1":"product","2":"type-product","3":"status-publish","4":"has-post-thumbnail","6":"product_brand-reolink","7":"product_cat-wifi-kamere","8":"product_tag-24h-snemanje","9":"product_tag-5mp","10":"product_tag-5x-zoom","11":"product_tag-kamere-z-reflektorjem-2","12":"product_tag-reolink","13":"product_tag-zicne-wifi-kamere","14":"product_tag-zunanje-kamere-wifi","16":"first","17":"instock","18":"sale","19":"taxable","20":"shipping-taxable","21":"purchasable","22":"product-type-simple"},"bundled_by":[],"bundle_stock_status":"instock","bundle_stock_quantity":3,"bundle_virtual":false,"bundle_layout":"","bundle_add_to_cart_form_location":"","bundle_editable_in_cart":false,"bundle_sold_individually_context":"","bundle_item_grouping":"","bundle_min_size":"","bundle_max_size":"","bundle_price":[],"bundled_items":[],"bundle_sell_ids":[],"_links":{"self":[{"href":"https:\/\/alex.shop\/si\/wp-json\/wp\/v2\/product\/1192","targetHints":{"allow":["GET"]}}],"collection":[{"href":"https:\/\/alex.shop\/si\/wp-json\/wp\/v2\/product"}],"about":[{"href":"https:\/\/alex.shop\/si\/wp-json\/wp\/v2\/types\/product"}],"version-history":[{"count":4,"href":"https:\/\/alex.shop\/si\/wp-json\/wp\/v2\/product\/1192\/revisions"}],"predecessor-version":[{"id":1722,"href":"https:\/\/alex.shop\/si\/wp-json\/wp\/v2\/product\/1192\/revisions\/1722"}],"wp:featuredmedia":[{"embeddable":true,"href":"https:\/\/alex.shop\/si\/wp-json\/wp\/v2\/media\/1267"}],"wp:attachment":[{"href":"https:\/\/alex.shop\/si\/wp-json\/wp\/v2\/media?parent=1192"}],"wp:term":[{"taxonomy":"product_brand","embeddable":true,"href":"https:\/\/alex.shop\/si\/wp-json\/wp\/v2\/product_brand?post=1192"},{"taxonomy":"product_cat","embeddable":true,"href":"https:\/\/alex.shop\/si\/wp-json\/wp\/v2\/product_cat?post=1192"},{"taxonomy":"product_tag","embeddable":true,"href":"https:\/\/alex.shop\/si\/wp-json\/wp\/v2\/product_tag?post=1192"}],"curies":[{"name":"wp","href":"https:\/\/api.w.org\/{rel}","templated":true}]}}