{"id":1193,"date":"2025-04-08T14:11:20","date_gmt":"2025-04-08T12:11:20","guid":{"rendered":"https:\/\/alex.shop\/si\/?post_type=product&#038;p=1193"},"modified":"2026-04-02T15:10:42","modified_gmt":"2026-04-02T13:10:42","slug":"reolink-rln16-410","status":"publish","type":"product","link":"https:\/\/alex.shop\/si\/reolink-rln16-410\/","title":{"rendered":"Reolink NVS16 (RLN16-410) &#8211; video snemalnik do 16 kamer"},"content":{"rendered":"<h2>Reolink RLN16-410<\/h2>\n<h4>16-kanalni omre\u017eni video snemalnik PoE NVR za zanesljivo snemanje 24\/7<\/h4>\n<ul>\n<li>Podpora za kamere do 12MP<\/li>\n<li>Napajanje kamer prek omre\u017enega kabla<\/li>\n<li>Do 16 kamer.<\/li>\n<li><strong>Vgrajen 4TB trdi disk<\/strong><\/li>\n<\/ul>\n<p>\u010ce \u017eelite neprekinjeno snemanje videa 24 ur na dan, 7 dni v tednu ali \u010de imate za upravljanje ve\u010d IP kamer, je ta omre\u017eni video snemalnik Reolink najbolj\u0161a izbira.<\/p>\n<p><img fetchpriority=\"high\" decoding=\"async\" class=\"aligncenter size-full wp-image-27506\" src=\"https:\/\/alex.shop\/wp-content\/uploads\/2024\/09\/reolink-nvr8-410.jpg\" alt=\"\" width=\"1337\" height=\"421\" \/><\/p>\n<p>Vnaprej name\u0161\u010den trdi disk 3TB za snemanje in spremljanje 24\/7.<br \/>\nPodpira snemanje vseh kamer hkrati (do 16 kamer).<br \/>\n\u010ce \u017eelite snemati dlje, poskusite snemati zaznavanje gibanja, ki bo za\u010delo snemati \u0161ele, ko zazna gibanje.<\/p>\n<p>16-kanalni snemalnik PoE Reolink RLN410-16 odli\u010dno deluje z vsemi IP kamerami Reolink &#8211; vklju\u010dno s kamerami\u00a0<a href=\"https:\/\/alex.shop\/sl\/kategorija\/video-nadzor\/kamere-za-videonadzor-sl\/poe-kamere\/\" target=\"_blank\" rel=\"noopener\">PoE<\/a>\u00a0\/\u00a0<a href=\"\/?product_cat=wifi-ip-kamere\" target=\"_blank\" rel=\"noopener\">WiFi<\/a>\u00a012MP, 8MP, 5MP in 4MP &#8211; za snemanje 24\/7, ogled v \u017eivo in ve\u010d funkcij.<\/p>\n<h4>Vsebina \u0161katle Reolink RLN16-410<\/h4>\n<p><img decoding=\"async\" class=\"aligncenter size-full wp-image-3888\" src=\"https:\/\/alex.shop\/wp-content\/uploads\/2021\/11\/Reolink-RLN8-410-box.jpg\" alt=\"Reolink RLN8-410\" width=\"1162\" height=\"479\" \/><\/p>\n","protected":false},"excerpt":{"rendered":"<p>Omre\u017eni videosnemalnik za do 16 PoE in WiFi kamer z vgrajenim 4TB trdim diskom. Ponuja neprekinjen 24\/7 nadzor, idealen za ve\u010dje varnostne sisteme doma ali poslovnih prostorov.<\/p>\n","protected":false},"featured_media":1227,"template":"","meta":{"order-bump-settings":[],"_wpfnl_thankyou_order_overview":"on","_wpfnl_thankyou_order_details":"on","_wpfnl_thankyou_billing_details":"on","_wpfnl_thankyou_shipping_details":"on"},"product_brand":[140],"product_cat":[126,132],"product_tag":[66,130],"class_list":{"0":"post-1193","1":"product","2":"type-product","3":"status-publish","4":"has-post-thumbnail","6":"product_brand-reolink","7":"product_cat-dodatki-za-video-nadzor","8":"product_cat-video-snemalniki","9":"product_tag-16-kanalni","10":"product_tag-24h-snemanje","12":"first","13":"instock","14":"sale","15":"taxable","16":"shipping-taxable","17":"purchasable","18":"product-type-simple"},"bundled_by":[],"bundle_stock_status":"instock","bundle_stock_quantity":6,"bundle_virtual":false,"bundle_layout":"","bundle_add_to_cart_form_location":"","bundle_editable_in_cart":false,"bundle_sold_individually_context":"","bundle_item_grouping":"","bundle_min_size":"","bundle_max_size":"","bundle_price":[],"bundled_items":[],"bundle_sell_ids":[],"_links":{"self":[{"href":"https:\/\/alex.shop\/si\/wp-json\/wp\/v2\/product\/1193","targetHints":{"allow":["GET"]}}],"collection":[{"href":"https:\/\/alex.shop\/si\/wp-json\/wp\/v2\/product"}],"about":[{"href":"https:\/\/alex.shop\/si\/wp-json\/wp\/v2\/types\/product"}],"version-history":[{"count":3,"href":"https:\/\/alex.shop\/si\/wp-json\/wp\/v2\/product\/1193\/revisions"}],"predecessor-version":[{"id":1715,"href":"https:\/\/alex.shop\/si\/wp-json\/wp\/v2\/product\/1193\/revisions\/1715"}],"wp:featuredmedia":[{"embeddable":true,"href":"https:\/\/alex.shop\/si\/wp-json\/wp\/v2\/media\/1227"}],"wp:attachment":[{"href":"https:\/\/alex.shop\/si\/wp-json\/wp\/v2\/media?parent=1193"}],"wp:term":[{"taxonomy":"product_brand","embeddable":true,"href":"https:\/\/alex.shop\/si\/wp-json\/wp\/v2\/product_brand?post=1193"},{"taxonomy":"product_cat","embeddable":true,"href":"https:\/\/alex.shop\/si\/wp-json\/wp\/v2\/product_cat?post=1193"},{"taxonomy":"product_tag","embeddable":true,"href":"https:\/\/alex.shop\/si\/wp-json\/wp\/v2\/product_tag?post=1193"}],"curies":[{"name":"wp","href":"https:\/\/api.w.org\/{rel}","templated":true}]}}