{"id":1213,"date":"2025-04-08T14:13:12","date_gmt":"2025-04-08T12:13:12","guid":{"rendered":"https:\/\/alex.shop\/si\/?post_type=product&#038;p=1213"},"modified":"2026-04-16T08:58:17","modified_gmt":"2026-04-16T06:58:17","slug":"reolink-trackmix-lte-zunanja-baterijska-4g-kamera-z-dvema-lecama-solarni-panel","status":"publish","type":"product","link":"https:\/\/alex.shop\/si\/reolink-trackmix-lte-zunanja-baterijska-4g-kamera-z-dvema-lecama-solarni-panel\/","title":{"rendered":"Reolink G770 (TrackMix LTE) &#8211; brez\u017ei\u010dna 4G dvojna kamera + solarni panel"},"content":{"rendered":"<h2>Reolink TrackMix LTE + solarni panel<\/h2>\n<p><img fetchpriority=\"high\" decoding=\"async\" class=\"aligncenter size-full wp-image-27332\" src=\"https:\/\/alex.shop\/wp-content\/uploads\/2024\/09\/Reolink-trackmix-LTE-e.jpg\" alt=\"\" width=\"1452\" height=\"593\" \/><\/p>\n<h4>Zunanja LTE nadzorna kamera<\/h4>\n<p>Zunanja LTE kamera z dvema le\u010dama, 4MP z lo\u010dljivostjo SuperHD, ena \u0161irokokotna, druga teleobjektiv s 6x hibridnim zoomom samodejno pribli\u017euje ljudi ali vozila in jim sledi z vrtenjem do 355\u00b0\/90\u00b0. Mo\u017enost izbire prioritete sledenja in pove\u010dave, obmo\u010dja in za\u010detnega polo\u017eaja. Polnilna baterija in 4G\/3G povezljivost omogo\u010data, da Reolink Go PT Plus deluje popolnoma brez\u017ei\u010dno na obmo\u010dju brez WiFi signala. Ni omre\u017enega ali napajalnega kabla, ni vrtanja in ni potrebe po vti\u010dnici. Vgrajen reflektor, re\u017ea za SIM, re\u017ea za SD kartico do 256GB, mo\u017enost prepoznavanja oseb in vozil, opremljen z u\u010dinkovitim no\u010dnim snemanjem, detekcijo gibanja, vgrajeno sireno in dvosmernim zvokom. Dostopajte do kamere kadarkoli in kjer koli prek mobilne ali namizne aplikacije.<\/p>\n<p><img decoding=\"async\" class=\"aligncenter size-full wp-image-27338\" src=\"https:\/\/alex.shop\/wp-content\/uploads\/2024\/09\/Reolink-trackmix-LTE-01.jpg\" alt=\"\" width=\"1464\" height=\"600\" \/><\/p>\n<h4>Polnilna baterija<\/h4>\n<p>Kamera Reolink TrackMix LTE je opremljena z baterijo, ki jo je mogo\u010de polniti prek napajalnika ali prek novega Reolink Solar Panel 2.<\/p>\n<h4>Solarni panel\u00a0 je v kompletu<\/h4>\n<p>Priklju\u010dite kamero na solarni panel Reolink in imela bo stalno napajanje. Preprosto namestite solarni panel, odporno na vremenske vplive, da pove\u010date svojo izpostavljenost son\u010dni svetlobi. <strong>Solarni panel je v kompletu<\/strong>.<\/p>\n<p><img decoding=\"async\" class=\"aligncenter size-full wp-image-27320\" src=\"https:\/\/alex.shop\/wp-content\/uploads\/2024\/09\/Reolink-trackmix-LTE.jpg\" alt=\"\" width=\"1464\" height=\"600\" \/><\/p>\n<h4>Mo\u017enost vrtenja in nagibanja \u2013 za\u0161\u010ditite tisto, kar je pomembno, iz vseh zornih kotov<\/h4>\n<p>Ker se lahko premikate levo in desno, nagibate gor in dol, Reolink Trackmix zagotavlja popolno pokritost brez slepih kotov do 355 stopinj. Kamera ima samodejno rotacijo, kjer glavna le\u010da snema v \u0161irokem kotu 106 stopinj, medtem ko druga le\u010da samodejno pribli\u017ea osebo, ki ji sledite, in njeno gibanje. Z aplikacijo lahko na daljavo upravljate funkcijo premikanja in nagibanja ter vedno budno spremljate svojo posest, tudi \u010de ste na drugem koncu sveta.<\/p>\n<p><img loading=\"lazy\" decoding=\"async\" class=\"aligncenter size-full wp-image-27344\" src=\"https:\/\/alex.shop\/wp-content\/uploads\/2024\/09\/Reolink-trackmix-LTE-02.jpg\" alt=\"\" width=\"1464\" height=\"600\" \/><\/p>\n<h4>SuperHD no\u010d in dan<\/h4>\n<p>Vidni kot do 106 stopinj \u00b0 in lo\u010dljivost 4 MP SuperHD vam omogo\u010data podrobno sliko va\u0161ega doma in okolice. Vgrajen visokokakovosten CMOS senzor, z 2 IR LED lu\u010dkama omogo\u010da odli\u010dno gledanje v temi, do razdalje 15 metrov. Vidite vsako potezo ali gibanje jasno pri \u0161ibki svetlobi.<\/p>\n<p><img loading=\"lazy\" decoding=\"async\" class=\"aligncenter size-full wp-image-27362\" src=\"https:\/\/alex.shop\/wp-content\/uploads\/2024\/09\/reolink-trackmix-lte-06.jpg\" alt=\"\" width=\"1464\" height=\"600\" \/><\/p>\n<h4>Samodejno sledenje ljudem ali premikom<\/h4>\n<p>Reolink Trackmix omogo\u010da samodejno sledenje osebe ali vozila s samodejnim obra\u010danjem, pove\u010davo in nagibanjem kamere. Pokrijte presenetljivo veliko obmo\u010dje, ki ga \u017eelite spremljati, in kamera bo samodejno zaznala, pove\u010dala in sledila bli\u017eajo\u010dim se ljudem ali vozilom. S to funkcijo ne boste nikoli zamudili snemanja pomembnih dogodkov, kamera pa posname dva videa, enega \u0161irokokotnega in drugega pove\u010danega s pomo\u010djo teleobjektiva.<\/p>\n<h4>Reolink Cloud<\/h4>\n<p>Reolink Trackmix LTE podpira storitev shranjevanja Reolink Cloud. Na ta na\u010din se video posnetki popolnoma brezpla\u010dno shranijo v oblak. Reolink Cloud ponuja varnostno kopijo vseh pomembnih dogodkov in omogo\u010da dostop do shranjenih videoposnetkov kjerkoli in kadarkoli. Ni vam treba skrbeti, da bi vam ukradli kamera ali po\u0161kodovali pomnilni\u0161ko kartico.<\/p>\n<p><img loading=\"lazy\" decoding=\"async\" class=\"aligncenter size-full wp-image-27350\" src=\"https:\/\/alex.shop\/wp-content\/uploads\/2024\/09\/reolink-trackmix-lte-05.jpg\" alt=\"\" width=\"1464\" height=\"600\" \/><\/p>\n<h4>Pametni detektor gibanja in takoj\u0161nja obvestila<\/h4>\n<p>Nadzorna kamera Reolink TrackMix LTE z visoko ob\u010dutljivim senzorjem gibanja PIR skoraj brez napak zazna vse \u010dlove\u0161ke premike. Ko zazna gibanje, se bo kamera takoj vklopila in vam takoj poslala opozorila.<\/p>\n<ul>\n<li><strong>Potisna obvestila in e-po\u0161ta<\/strong><br \/>\nOpozorila o gibanju neposredno na va\u0161em telefonu.<\/li>\n<li><strong>SD kartica (izbirno)<\/strong><br \/>\nPosnemite in shranite videoposnetke z gibanjem na kartico micro SD do 256 GB.<\/li>\n<li><strong>Sirena<\/strong><br \/>\nZ vgrajeno sireno na kameri lahko od\u017eenete morebitne ne\u017eelene vlomilce (mo\u017enost vklopa z zaznavo gibanja)<\/li>\n<\/ul>\n<h4><img loading=\"lazy\" decoding=\"async\" class=\"aligncenter size-full wp-image-27356\" src=\"https:\/\/alex.shop\/wp-content\/uploads\/2024\/09\/reolink-trackmix-lte-04.jpg\" alt=\"\" width=\"1464\" height=\"600\" \/><\/h4>\n<h4>Dvosmerna zvo\u010dna komunikacija<\/h4>\n<p>Poslu\u0161ajte, kaj se dogaja v va\u0161em domu ali zunaj njega, in govorite z enim dotikom. Z vgrajenim mikrofonom in zvo\u010dnikom lahko komunicirate s starej\u0161imi, otroki, varu\u0161kami, hi\u0161nimi ljubljen\u010dki in opozorite vse nepovabljene.<\/p>\n<h4>Dostopajte do kamere kadarkoli in kjer koli<\/h4>\n<p>Nadzor \u0161e nikoli ni bil la\u017eji z brezpla\u010dno aplikacijo Reolink. Preverite, ali sta va\u0161a dru\u017eina in dom varna kadarkoli in kjer koli prek pametnih telefonov iOS in Android ali prek ra\u010dunalnika z operacijskim sistemom Windows ali Mac. Tudi ko ste v pisarni ali na potovanju, lahko na poti preverite, kaj se dogaja.<\/p>\n<h4>Reolink TrackMix LTE &#8211; vsebina \u0161katle<\/h4>\n<p><img loading=\"lazy\" decoding=\"async\" class=\"aligncenter size-full wp-image-14200\" src=\"https:\/\/alex.shop\/wp-content\/uploads\/2023\/07\/trackmix-lte-sadrzaj-kutije-1.jpg\" alt=\"\" width=\"1163\" height=\"487\" \/><\/p>\n<h4>Reolink TrackMix LTE- dimenzije in specifikacije<\/h4>\n\n<h3><\/h3>\n","protected":false},"excerpt":{"rendered":"<p>Brez\u017ei\u010dna LTE kamera z lo\u010dljivostjo 4 MP je idealna za zunanji nadzor brez WiFi-ja. Ima dvojno le\u010do s 6x hibridnim zoomom, samodejno sledenje osebam in vozilom, no\u010dno snemanje, sireno in dvosmerni zvok.<\/p>\n","protected":false},"featured_media":1250,"template":"","meta":{"order-bump-settings":[],"_wpfnl_thankyou_order_overview":"on","_wpfnl_thankyou_order_details":"on","_wpfnl_thankyou_billing_details":"on","_wpfnl_thankyou_shipping_details":"on"},"product_brand":[140],"product_cat":[107,105],"product_tag":[73,89,95,97],"class_list":{"0":"post-1213","1":"product","2":"type-product","3":"status-publish","4":"has-post-thumbnail","6":"product_brand-reolink","7":"product_cat-baterije-in-solarne-kamere","8":"product_cat-video-nadzor","9":"product_tag-4g-kamere","10":"product_tag-kamere-z-reflektorjem-2","11":"product_tag-priznavanje-oseb-in-vozil","12":"product_tag-reolink","14":"first","15":"instock","16":"sale","17":"featured","18":"taxable","19":"shipping-taxable","20":"purchasable","21":"product-type-simple"},"bundled_by":[],"bundle_stock_status":"instock","bundle_stock_quantity":6,"bundle_virtual":false,"bundle_layout":"","bundle_add_to_cart_form_location":"","bundle_editable_in_cart":false,"bundle_sold_individually_context":"","bundle_item_grouping":"","bundle_min_size":"","bundle_max_size":"","bundle_price":[],"bundled_items":[],"bundle_sell_ids":[],"_links":{"self":[{"href":"https:\/\/alex.shop\/si\/wp-json\/wp\/v2\/product\/1213","targetHints":{"allow":["GET"]}}],"collection":[{"href":"https:\/\/alex.shop\/si\/wp-json\/wp\/v2\/product"}],"about":[{"href":"https:\/\/alex.shop\/si\/wp-json\/wp\/v2\/types\/product"}],"version-history":[{"count":4,"href":"https:\/\/alex.shop\/si\/wp-json\/wp\/v2\/product\/1213\/revisions"}],"predecessor-version":[{"id":1717,"href":"https:\/\/alex.shop\/si\/wp-json\/wp\/v2\/product\/1213\/revisions\/1717"}],"wp:featuredmedia":[{"embeddable":true,"href":"https:\/\/alex.shop\/si\/wp-json\/wp\/v2\/media\/1250"}],"wp:attachment":[{"href":"https:\/\/alex.shop\/si\/wp-json\/wp\/v2\/media?parent=1213"}],"wp:term":[{"taxonomy":"product_brand","embeddable":true,"href":"https:\/\/alex.shop\/si\/wp-json\/wp\/v2\/product_brand?post=1213"},{"taxonomy":"product_cat","embeddable":true,"href":"https:\/\/alex.shop\/si\/wp-json\/wp\/v2\/product_cat?post=1213"},{"taxonomy":"product_tag","embeddable":true,"href":"https:\/\/alex.shop\/si\/wp-json\/wp\/v2\/product_tag?post=1213"}],"curies":[{"name":"wp","href":"https:\/\/api.w.org\/{rel}","templated":true}]}}