{"id":1214,"date":"2025-04-08T14:13:12","date_gmt":"2025-04-08T12:13:12","guid":{"rendered":"https:\/\/alex.shop\/si\/?post_type=product&#038;p=1214"},"modified":"2026-04-02T15:10:42","modified_gmt":"2026-04-02T13:10:42","slug":"reolink-trackmix-lte-plus-24-7-solarni-panel-66w","status":"publish","type":"product","link":"https:\/\/alex.shop\/si\/reolink-trackmix-lte-plus-24-7-solarni-panel-66w\/","title":{"rendered":"Reolink TrackMix LTE Plus 2 24\/7 + solarni panel"},"content":{"rendered":"<h2>Reolink TrackMix LTE PLUS 2 24\/7 + solarni panel 30W<\/h2>\n<p><img fetchpriority=\"high\" decoding=\"async\" class=\"aligncenter size-full wp-image-40553\" src=\"https:\/\/alex.shop\/wp-content\/uploads\/2023\/11\/Reolink-Trackmix-LTE-Plus-2-1.jpg\" alt=\"\" width=\"1464\" height=\"600\" \/><\/p>\n<h4>Zunanja nadzorna kamera LTE z veliko solarni panel<\/h4>\n<p>Zunanja kamera LTE z dvema objektivoma, 4MP z lo\u010dljivostjo SuperHD, en \u0161irokokotni, drugi telefoto objektiv s 6-kratno hibridno pove\u010davo samodejno pove\u010da \u0161tevilo ljudi ali vozil in jim sledi z vrtenjem do 355\u00b0\/90\u00b0. Mo\u017enost izbire prioritet sledenja in pove\u010dave, podro\u010dij in za\u010detnih polo\u017eajev. Polnilna baterija in povezljivost 4G\/3G omogo\u010data, da Trackmix LTE Plus deluje popolnoma brez \u017eic na obmo\u010dju brez signalov WiFi. Ultra velik solarni panel zagotavlja stabilno delovanje v vseh letnih \u010dasih. Razlika med modeloma Trackmix LTE in LTE Plus 2 je zmo\u017enost neprekinjenega snemanja 24 ur na dan, kar zagotavlja veliko 30W solarni panel v primerjavi s klasi\u010dnim 6W. Vgrajen reflektor, re\u017ea za kartico SIM, re\u017ea za kartico SD do 256 GB, mo\u017enost prepoznavanja oseb in vozil, je opremljena z u\u010dinkovitim no\u010dnim snemanjem, zaznavanjem gibanja, vgrajeno sireno in dvosmernim zvokom. Kamera neprekinjeno zajame 24 ur na dan 7 dni v tednu s pomo\u010djo 30W solarni panel celice, opremljene z baterijo 66Wh.<\/p>\n<h4>Polnilna baterija<\/h4>\n<p>Kamera Reolink TrackMix LTE je opremljena z vgrajeno baterijo 66Wh, ki omogo\u010da snimanje v vseh pogojih, posebni grelniki pa pozimi zagotavljajo polnjenje tudi pri temperaturah pod 4 \u00b0C.<\/p>\n<p><img decoding=\"async\" class=\"aligncenter size-full wp-image-40548\" src=\"https:\/\/alex.shop\/wp-content\/uploads\/2023\/11\/Reolink-Trackmix-LTE-Plus-2.jpg\" alt=\"\" width=\"1451\" height=\"527\" \/><\/p>\n<h4>Reolink solarni panel 66Wh je popoln<\/h4>\n<h4>Mo\u017enost obra\u010danja in nagibanja \u2013 za\u0161\u010ditite tisto, kar je pomembno iz vseh zornih kotov<\/h4>\n<p>Ker se lahko premikate levo in desno, se nagnete gor in dol, Reolink Trackmix zagotavlja popolno pokritost mrtvega kota do 355 stopinj. Kamera ima samodejno vrtenje, pri katerem glavni objektiv snema pod \u0161irokim kotom 106 stopinj, medtem ko z drugim objektivom samodejno pove\u010da gosenico in njeno gibanje. Z aplikacijo lahko na daljavo upravljate funkcijo obra\u010danja in nagiba ter vedno pozorno spremljate svojo lastnino, tudi \u010de ste na drugem koncu sveta.<\/p>\n<h4>SuperHD no\u010d in dan<\/h4>\n<p>Koti gledanja do 106 stopinj \u00b0 in lo\u010dljivost SuperHD 4MP vam dajejo podrobno sliko va\u0161ega doma in okolice. Vgrajen visokokakovostni CMOS senzor z 2 IR LED diodami zagotavlja odli\u010den prikaz v temi, do 15 metrov stran. Na vsak gib ali gibanje glejte jasno pri \u0161ibki svetlobi.<\/p>\n<h4>Samodejno sledenje ljudem ali gibanjem<\/h4>\n<p>Reolink Trackmix omogo\u010da samodejno sledenje osebi ali vozilu, samodejno obra\u010danje, pove\u010davo in nagibanje kamere. Pokrijte presenetljivo veliko obmo\u010dje, ki ga \u017eelite nadzorovati, kamera pa bo zaznala, pove\u010dala in spremljala nasproti voze\u010de osebe ali vozila. S to funkcijo ne boste nikoli zamudili snemanja pomembnih dogodkov in kamera zajame dva videoposnetka, enega \u0161irokokotnega in drugega pove\u010danega s telefoto objektivom.<\/p>\n<h4>Reolink<\/h4>\n<p>Reolink Trackmix LTE podpira storitev\u00a0<a href=\"https:\/\/cloud.reolink.com\/\" target=\"_blank\" rel=\"noopener\">Reolink Cloud<\/a>. Na ta na\u010din se videoposnetki shranijo tudi v oblak. Reolink Cloud ponuja varnostno kopijo vseh pomembnih dogodkov in vam omogo\u010da dostop do shranjenih videoposnetkov kjerkoli in kadarkoli. Ni vam treba skrbeti, ali bo kamera ukraden ali se bo pomnilni\u0161ka kartica pokvarila.<\/p>\n<p>&nbsp;<\/p>\n<h4>Pametni detektor gibanja in takoj\u0161nja obvestila<\/h4>\n<p>Nadzorna kamera Reolink TrackMix LTE 2 z zelo ob\u010dutljivim senzorjem gibanja PIR zazna vsa \u010dlove\u0161ka gibanja skoraj brez napak. Ko kamera zazna gibanje, se takoj vklopi in vam po\u0161lje takoj\u0161nja opozorila.<\/p>\n<ul>\n<li><strong>Potisna obvestila in opozorila o gibanju po\u0161ljite po e-po\u0161ti<\/strong><br \/>\nneposredno v telefonu.<\/li>\n<li><strong>Kartica SD (izbirno)<\/strong><br \/>\nSnemajte in shranite gibljive videoposnetke na pomnilni\u0161ko kartico micro SD do 256 GB.<\/li>\n<li><strong>Sirena<\/strong><br \/>\nZ vgrajeno sireno na kameri lahko odstranite morebitne ne\u017eelene vlomilce (aktiviranje z zaznavanjem gibanja)<\/li>\n<\/ul>\n<p>&nbsp;<\/p>\n<h4>Dvosmerna zvo\u010dna komunikacija<\/h4>\n<p>Prisluhnite, kaj se dogaja znotraj ali zunaj va\u0161ega doma in se pogovorite z enim samim dotikom. Z vgrajenim mikrofonom in zvo\u010dniki lahko komunicirate.<\/p>\n<h4>Dostop do kamere kadar koli in kjer koli<\/h4>\n<p>Nadzor \u0161e nikoli ni bil tako enostaven z brezpla\u010dno aplikacijo Reolink. Preverite, ali sta va\u0161a dru\u017eina in dom varna kadar koli in kjer koli v pametnih telefonih s sistemom iOS in Android ali v ra\u010dunalniku s sistemom Windows ali Mac. Tudi ko ste v pisarni ali potujete, lahko preverite, kaj se dogaja na poti.<\/p>\n<p>&nbsp;<\/p>\n<h4>Vsebina Reolink TrackMix LTE Plus &#8211; box<\/h4>\n<p><img decoding=\"async\" src=\"https:\/\/alex.shop\/wp-content\/uploads\/2023\/11\/Reolink-Trackmix-LTE-Plus-2-7.jpg\" \/><\/p>\n<p>&nbsp;<\/p>\n<h4>Reolink TrackMix LTE Plus &#8211; dimenzije in specifikacije<\/h4>\n<div id=\"gallery-1\" class=\"gallery galleryid-17424 gallery-columns-4 gallery-size-medium\"><\/div>\n<figure class=\"gallery-item\">\n<div class=\"gallery-icon landscape\"><a href=\"https:\/\/alex.shop\/wp-content\/uploads\/2023\/11\/Reolink-Trackmix-LTE-Plus-2-v5.jpg\"><img decoding=\"async\" class=\"attachment-full  alignnone\" src=\"https:\/\/alex.shop\/wp-content\/uploads\/2023\/11\/Reolink-Trackmix-LTE-Plus-2-v5.jpg\" sizes=\"\" alt=\"\" width=\"361\" height=\"261\" \/><\/a> <a href=\"https:\/\/alex.shop\/wp-content\/uploads\/2023\/11\/Reolink-Trackmix-LTE-Plus-2-6.jpg\"><img loading=\"lazy\" decoding=\"async\" class=\"attachment-full  alignnone\" src=\"https:\/\/alex.shop\/wp-content\/uploads\/2023\/11\/Reolink-Trackmix-LTE-Plus-2-6.jpg\" sizes=\"\" alt=\"\" width=\"375\" height=\"247\" \/><\/a><a href=\"https:\/\/alex.shop\/wp-content\/uploads\/2023\/07\/trackmix-nano-sim.jpg\"><img loading=\"lazy\" decoding=\"async\" class=\"attachment-full  alignnone\" src=\"https:\/\/alex.shop\/wp-content\/uploads\/2023\/07\/trackmix-nano-sim.jpg\" sizes=\"\" alt=\"trackmix nano sim\" width=\"272\" height=\"244\" \/><\/a><\/div>\n<\/figure>\n<div class=\"video-container\"><\/div>\n","protected":false},"excerpt":{"rendered":"<p>Zunanja brez\u017ei\u010dna LTE kamera ponuja visokokakovostno snemanje, 6-kratni hibridni zoom in rotacijo do 355\u00b0\/90\u00b0. Komplet s son\u010dno plo\u0161\u010do omogo\u010da neprekinjeno delovanje in je popolna re\u0161itev za gradbi\u0161\u010da.<\/p>\n","protected":false},"featured_media":2537,"template":"","meta":{"order-bump-settings":[],"_wpfnl_thankyou_order_overview":"on","_wpfnl_thankyou_order_details":"on","_wpfnl_thankyou_billing_details":"on","_wpfnl_thankyou_shipping_details":"on"},"product_brand":[140],"product_cat":[107,105],"product_tag":[73,89,95,97],"class_list":{"0":"post-1214","1":"product","2":"type-product","3":"status-publish","4":"has-post-thumbnail","6":"product_brand-reolink","7":"product_cat-baterije-in-solarne-kamere","8":"product_cat-video-nadzor","9":"product_tag-4g-kamere","10":"product_tag-kamere-z-reflektorjem-2","11":"product_tag-priznavanje-oseb-in-vozil","12":"product_tag-reolink","14":"first","15":"instock","16":"sale","17":"featured","18":"taxable","19":"shipping-taxable","20":"purchasable","21":"product-type-simple"},"bundled_by":[],"bundle_stock_status":"instock","bundle_stock_quantity":2,"bundle_virtual":false,"bundle_layout":"","bundle_add_to_cart_form_location":"","bundle_editable_in_cart":false,"bundle_sold_individually_context":"","bundle_item_grouping":"","bundle_min_size":"","bundle_max_size":"","bundle_price":[],"bundled_items":[],"bundle_sell_ids":[],"_links":{"self":[{"href":"https:\/\/alex.shop\/si\/wp-json\/wp\/v2\/product\/1214","targetHints":{"allow":["GET"]}}],"collection":[{"href":"https:\/\/alex.shop\/si\/wp-json\/wp\/v2\/product"}],"about":[{"href":"https:\/\/alex.shop\/si\/wp-json\/wp\/v2\/types\/product"}],"version-history":[{"count":9,"href":"https:\/\/alex.shop\/si\/wp-json\/wp\/v2\/product\/1214\/revisions"}],"predecessor-version":[{"id":2541,"href":"https:\/\/alex.shop\/si\/wp-json\/wp\/v2\/product\/1214\/revisions\/2541"}],"wp:featuredmedia":[{"embeddable":true,"href":"https:\/\/alex.shop\/si\/wp-json\/wp\/v2\/media\/2537"}],"wp:attachment":[{"href":"https:\/\/alex.shop\/si\/wp-json\/wp\/v2\/media?parent=1214"}],"wp:term":[{"taxonomy":"product_brand","embeddable":true,"href":"https:\/\/alex.shop\/si\/wp-json\/wp\/v2\/product_brand?post=1214"},{"taxonomy":"product_cat","embeddable":true,"href":"https:\/\/alex.shop\/si\/wp-json\/wp\/v2\/product_cat?post=1214"},{"taxonomy":"product_tag","embeddable":true,"href":"https:\/\/alex.shop\/si\/wp-json\/wp\/v2\/product_tag?post=1214"}],"curies":[{"name":"wp","href":"https:\/\/api.w.org\/{rel}","templated":true}]}}