{"id":1223,"date":"2025-04-08T14:13:41","date_gmt":"2025-04-08T12:13:41","guid":{"rendered":"https:\/\/alex.shop\/si\/?post_type=product&#038;p=1223"},"modified":"2026-04-21T22:03:58","modified_gmt":"2026-04-21T20:03:58","slug":"reolink-trackmix-poe-zunanja-8mp-kamera-z-dvema-objektivoma","status":"publish","type":"product","link":"https:\/\/alex.shop\/si\/reolink-trackmix-poe-zunanja-8mp-kamera-z-dvema-objektivoma\/","title":{"rendered":"Reolink P760 (TrackMix PoE) &#8211; dvojna PoE kamera"},"content":{"rendered":"<h2>Reolink TrackMix PoE<\/h2>\n<h4>Zunanja nadzorna kamera PoE<\/h4>\n<p>Zunanja PoE kamera z dvema objektivoma, 8MP z lo\u010dljivostjo 4K, en \u0161irokokotni, drugi telefoto objektiv s 6-kratno hibridno pove\u010davo samodejno pove\u010da \u0161tevilo ljudi ali vozil in jih spremlja z vrtenjem do 355\u00b0\/90\u00b0. Mo\u017enost izbire prioritet sledenja in pove\u010dave, podro\u010dij in za\u010detnih polo\u017eajev. Vgrajen reflektor, vrata LAN, re\u017ea za kartico SD do 256 GB, mo\u017enost prepoznavanja oseb in vozil, je opremljen z u\u010dinkovitim no\u010dnim snemanjem, zaznavanjem gibanja, vgrajeno sireno in dvosmernim zvokom. Dostopajte do kamere kadar koli in kjer koli prek mobilne ali namizne aplikacije. Komplet z 12V adapterjem.<\/p>\n<h4>Mo\u017enost obra\u010danja in nagibanja \u2013 za\u0161\u010ditite tisto, kar je pomembno iz vseh zornih kotov<\/h4>\n<p>Ker se lahko premikate levo in desno, se nagnete gor in dol, Reolink Trackmix zagotavlja popolno pokritost mrtvega kota do 355 stopinj. Kamera ima samodejno vrtenje, pri katerem glavni objektiv snema pod \u0161irokim kotom 106 stopinj, medtem ko z drugim objektivom samodejno pove\u010da goseni\u010dno osebo in njeno gibanje. Z aplikacijo lahko na daljavo upravljate funkcijo obra\u010danja in nagiba ter vedno pozorno spremljate svojo lastnino, tudi \u010de ste na drugem koncu sveta.<\/p>\n<p><img fetchpriority=\"high\" decoding=\"async\" class=\"aligncenter size-full wp-image-10816 lazyloaded\" src=\"https:\/\/alex.shop\/wp-content\/uploads\/2023\/02\/trackmix-poe-banner.jpg\" alt=\"\" width=\"1456\" height=\"595\" data-src=\"https:\/\/alex.shop\/wp-content\/uploads\/2023\/02\/trackmix-poe-banner.jpg\" \/><\/p>\n<h4>Enostavna namestitev PoE<\/h4>\n<p>Ta nadzorna IP kamera PoE uporablja en kabel za prenos podatkov in mo\u010di. Poenostavljeno o\u017ei\u010denje pomeni la\u017ejo namestitev. To je najbolj\u0161a izbira za ljubitelje naredi sam.<\/p>\n<h4>4K (3840X2160 px) HD no\u0107u i danju<\/h4>\n<p>Koti gledanja do 106 stopinj \u00b0 in lo\u010dljivost 8MP 4K 3840\u00d72160 vam dajejo podrobno sliko va\u0161ega doma in okolice. Vgrajen visokokakovostni CMOS senzor z 2 IR LED diodami zagotavlja odli\u010den prikaz v temi, do razdalje 15 metrov. Na vsak gib ali gibanje glejte jasno pri \u0161ibki svetlobi.<\/p>\n<h4>Samodejno sledenje ljudem ali gibanjem<\/h4>\n<p>Reolink Trackmix omogo\u010da samodejno sledenje osebi ali vozilu, samodejno obra\u010danje, pove\u010devanje in nagibanje kamere. Pokrijte presenetljivo veliko obmo\u010dje, ki ga \u017eelite nadzorovati, kamera pa bo zaznala, pove\u010dala in spremljala nasproti voze\u010de osebe ali vozila. S to funkcijo ne boste nikoli zamudili snemanja pomembnih dogodkov in kamera zajame dva videoposnetka, enega \u0161irokokotnega in drugega pove\u010danega s telefoto objektivom.<\/p>\n<h4>Neprekinjeno 24\/7 snemanje, snemanje zaznavanja gibanja ali na\u010drtovano snemanje<\/h4>\n<p>Kamera podpira zaznavanje gibanja, neprekinjeno snemanje ali snemanje ob dolo\u010denih urah. Neprekinjeno snemanje 24 ur na dan, 7 dni v tednu je idealno na obmo\u010djih z velikim prometom, kot je vstop v trgovine, medtem ko lahko na obmo\u010djih z manj\u0161imi dejavnostmi, kot sta skladi\u0161\u010de ali no\u010dno bele\u017eenje pri zaznavanju gibanja, prihranite prostor za shranjevanje. Videoposnetke vseh treh vrst posnetkov lahko shranite na kartico micro SD (do 256 GB), snemalnik NVR Reolink ali stre\u017enik FTP. Izberite na\u010din, ki vam je v\u0161e\u010d, in u\u017eivajte v lahki in prilagojeni varnosti.<\/p>\n<h4>Pametni detektor gibanja in takoj\u0161nja obvestila<\/h4>\n<p>Nadzorna kamera Reolink TrackMix PoE z zelo ob\u010dutljivim senzorjem gibanja PIR zazna vsa \u010dlove\u0161ka gibanja skoraj brez napak. Ko kamera zazna gibanje, se takoj vklopi in vam po\u0161lje takoj\u0161nja opozorila.<\/p>\n<ul>\n<li>\n<ul>\n<li><strong>Potisna obvestila in opozorila o gibanju po\u0161ljite po e-po\u0161ti<\/strong><br \/>\nneposredno v telefonu.<\/li>\n<li><strong>Kartica SD (izbirno)<\/strong><br \/>\nSnemajte in shranite gibljive videoposnetke na pomnilni\u0161ko kartico micro SD do 256 GB.<\/li>\n<li><strong>Sirena<\/strong><br \/>\nZ vgrajeno sireno na kameri lahko odstranite morebitne ne\u017eelene vlomilce (aktiviranje z zaznavanjem gibanja)<\/li>\n<\/ul>\n<\/li>\n<\/ul>\n<h4>Dvosmjerna avdio komunikacija<\/h4>\n<p>Prisluhnite, kaj se dogaja znotraj ali zunaj va\u0161ega doma in se pogovorite z enim samim dotikom. Z vgrajenim mikrofonom in zvo\u010dnikom lahko komunicirate s starej\u0161imi, otroki, varu\u0161kami, hi\u0161nimi ljubljen\u010dki in opozorite vse, ki niso povabljeni.<\/p>\n<h4>Dostop do kamere kadar koli in kjer koli<\/h4>\n<p>Nadzor \u0161e nikoli ni bil tako enostaven z brezpla\u010dno aplikacijo Reolink. Preverite, ali sta va\u0161a dru\u017eina in dom varna kadar koli in kjer koli v pametnih telefonih s sistemom iOS in Android ali v ra\u010dunalniku s sistemom Windows ali Mac. Tudi ko ste v pisarni ali potujete, lahko preverite, kaj se dogaja na poti.<\/p>\n<h4>Vsebina Reolink TrackMix PoE &#8211; box<\/h4>\n<p><img decoding=\"async\" class=\"aligncenter size-full wp-image-10762 ls-is-cached lazyloaded\" src=\"https:\/\/alex.shop\/wp-content\/uploads\/2023\/02\/reolink-trackmix-sadrzaj.jpg\" alt=\"\" width=\"1177\" height=\"494\" data-src=\"https:\/\/alex.shop\/wp-content\/uploads\/2023\/02\/reolink-trackmix-sadrzaj.jpg\" \/><\/p>\n<h4>Reolink TrackMix PoE \u2013 dimenzije i specifikacije<\/h4>\n<div id=\"gallery-1\" class=\"gallery galleryid-10740 gallery-columns-3 gallery-size-medium\">\n<figure class=\"gallery-item\">\n<div class=\"gallery-icon landscape\"><a href=\"https:\/\/alex.shop\/wp-content\/uploads\/2023\/02\/reolink-trackmix-poe-specs-1-300x285.webp\"><img decoding=\"async\" class=\"attachment-medium size-medium ls-is-cached lazyloaded\" src=\"https:\/\/alex.shop\/wp-content\/uploads\/2023\/02\/reolink-trackmix-poe-specs-1-300x285.webp\" alt=\"\" width=\"300\" height=\"285\" data-src=\"https:\/\/alex.shop\/wp-content\/uploads\/2023\/02\/reolink-trackmix-poe-specs-1-300x285.webp\" data-srcset=\"https:\/\/alex.shop\/wp-content\/uploads\/2023\/02\/reolink-trackmix-poe-specs-1-300x285.webp 300w, https:\/\/alex.shop\/wp-content\/uploads\/2023\/02\/reolink-trackmix-poe-specs-1-441x419.webp 441w, https:\/\/alex.shop\/wp-content\/uploads\/2023\/02\/reolink-trackmix-poe-specs-1-150x142.webp 150w, https:\/\/alex.shop\/wp-content\/uploads\/2023\/02\/reolink-trackmix-poe-specs-1.webp 455w\" data-sizes=\"(max-width: 360px) 147px, (max-width: 300px) 100vw, 300px\" \/><\/a><\/div>\n<\/figure>\n<figure class=\"gallery-item\">\n<div class=\"gallery-icon landscape\"><a href=\"https:\/\/alex.shop\/wp-content\/uploads\/2023\/02\/reolink-trackmix-poe-specs-300x225.webp\"><img loading=\"lazy\" decoding=\"async\" class=\"attachment-medium size-medium ls-is-cached lazyloaded\" src=\"https:\/\/alex.shop\/wp-content\/uploads\/2023\/02\/reolink-trackmix-poe-specs-300x225.webp\" alt=\"\" width=\"300\" height=\"225\" data-src=\"https:\/\/alex.shop\/wp-content\/uploads\/2023\/02\/reolink-trackmix-poe-specs-300x225.webp\" data-srcset=\"https:\/\/alex.shop\/wp-content\/uploads\/2023\/02\/reolink-trackmix-poe-specs-300x225.webp 300w, https:\/\/alex.shop\/wp-content\/uploads\/2023\/02\/reolink-trackmix-poe-specs-610x458.webp 610w, https:\/\/alex.shop\/wp-content\/uploads\/2023\/02\/reolink-trackmix-poe-specs-441x331.webp 441w, https:\/\/alex.shop\/wp-content\/uploads\/2023\/02\/reolink-trackmix-poe-specs-600x451.webp 600w, https:\/\/alex.shop\/wp-content\/uploads\/2023\/02\/reolink-trackmix-poe-specs-150x113.webp 150w, https:\/\/alex.shop\/wp-content\/uploads\/2023\/02\/reolink-trackmix-poe-specs.webp 719w\" data-sizes=\"(max-width: 360px) 147px, (max-width: 300px) 100vw, 300px\" \/><\/a><\/div>\n<\/figure>\n<\/div>\n<h3>Reolink TrackMix PoE video<\/h3>\n<div class=\"video-container\"><iframe title=\"Meet Reolink TrackMix, 4K Dual-Lens PTZ Camera with Auto-Zoom Tracking\" width=\"1170\" height=\"658\" src=\"https:\/\/www.youtube.com\/embed\/fqi-rusl2nk?feature=oembed\" frameborder=\"0\" allow=\"accelerometer; autoplay; clipboard-write; encrypted-media; gyroscope; picture-in-picture; web-share\" referrerpolicy=\"strict-origin-when-cross-origin\" allowfullscreen><\/iframe><\/div>\n","protected":false},"excerpt":{"rendered":"<p>Kamera PoE zagotavlja visokokakovostno snemanje z lo\u010dljivostjo 4K, samodejno sledenje objektom in celovito za\u0161\u010dito z no\u010dnim snemanjem, zaznavanjem gibanja in funkcijo zvo\u010dnega alarma.<\/p>\n","protected":false},"featured_media":1259,"template":"","meta":{"order-bump-settings":[],"_wpfnl_thankyou_order_overview":"on","_wpfnl_thankyou_order_details":"on","_wpfnl_thankyou_billing_details":"on","_wpfnl_thankyou_shipping_details":"on"},"product_brand":[140],"product_cat":[127],"product_tag":[80,89,95,97],"class_list":{"0":"post-1223","1":"product","2":"type-product","3":"status-publish","4":"has-post-thumbnail","6":"product_brand-reolink","7":"product_cat-poe-kamere","8":"product_tag-8mp","9":"product_tag-kamere-z-reflektorjem-2","10":"product_tag-priznavanje-oseb-in-vozil","11":"product_tag-reolink","13":"first","14":"instock","15":"sale","16":"taxable","17":"shipping-taxable","18":"purchasable","19":"product-type-simple"},"bundled_by":[],"bundle_stock_status":"instock","bundle_stock_quantity":12,"bundle_virtual":false,"bundle_layout":"","bundle_add_to_cart_form_location":"","bundle_editable_in_cart":false,"bundle_sold_individually_context":"","bundle_item_grouping":"","bundle_min_size":"","bundle_max_size":"","bundle_price":[],"bundled_items":[],"bundle_sell_ids":[],"_links":{"self":[{"href":"https:\/\/alex.shop\/si\/wp-json\/wp\/v2\/product\/1223","targetHints":{"allow":["GET"]}}],"collection":[{"href":"https:\/\/alex.shop\/si\/wp-json\/wp\/v2\/product"}],"about":[{"href":"https:\/\/alex.shop\/si\/wp-json\/wp\/v2\/types\/product"}],"version-history":[{"count":4,"href":"https:\/\/alex.shop\/si\/wp-json\/wp\/v2\/product\/1223\/revisions"}],"predecessor-version":[{"id":1719,"href":"https:\/\/alex.shop\/si\/wp-json\/wp\/v2\/product\/1223\/revisions\/1719"}],"wp:featuredmedia":[{"embeddable":true,"href":"https:\/\/alex.shop\/si\/wp-json\/wp\/v2\/media\/1259"}],"wp:attachment":[{"href":"https:\/\/alex.shop\/si\/wp-json\/wp\/v2\/media?parent=1223"}],"wp:term":[{"taxonomy":"product_brand","embeddable":true,"href":"https:\/\/alex.shop\/si\/wp-json\/wp\/v2\/product_brand?post=1223"},{"taxonomy":"product_cat","embeddable":true,"href":"https:\/\/alex.shop\/si\/wp-json\/wp\/v2\/product_cat?post=1223"},{"taxonomy":"product_tag","embeddable":true,"href":"https:\/\/alex.shop\/si\/wp-json\/wp\/v2\/product_tag?post=1223"}],"curies":[{"name":"wp","href":"https:\/\/api.w.org\/{rel}","templated":true}]}}