{"id":1239,"date":"2025-04-08T14:14:07","date_gmt":"2025-04-08T12:14:07","guid":{"rendered":"https:\/\/alex.shop\/si\/?post_type=product&#038;p=1239"},"modified":"2026-04-02T15:10:42","modified_gmt":"2026-04-02T13:10:42","slug":"reolink-trackmix-wifi-zunanja-8mp-dvojna-kamera","status":"publish","type":"product","link":"https:\/\/alex.shop\/si\/reolink-trackmix-wifi-zunanja-8mp-dvojna-kamera\/","title":{"rendered":"Reolink W760 (TrackMix WiFi) &#8211; dvojna WiFi kamera"},"content":{"rendered":"<h2>Reolink TrackMix WiFi<\/h2>\n<p><img fetchpriority=\"high\" decoding=\"async\" class=\"aligncenter wp-image-20941 size-full\" src=\"https:\/\/alex.shop\/wp-content\/uploads\/2024\/03\/reolink-trackmix-wifi-en-7.jpg\" alt=\"reolink TrackMix WiFi dvojna kamera\" width=\"1464\" height=\"600\" \/><\/p>\n<h4>Zunanja WiFi nadzorna kamera<\/h4>\n<p>Zunanja WiFi kamera z dvema le\u010dama, 8MP z lo\u010dljivostjo 4K, ena \u0161irokokotna, druga teleobjektiv s 6x hibridnim zoomom samodejno pribli\u017euje ljudi ali vozila in jim sledi z vrtenjem do 355\u00b0\/90\u00b0. Mo\u017enost izbire prioritete sledenja in pove\u010dave, obmo\u010dja in za\u010detnega polo\u017eaja. Vgrajen reflektor, LAN priklju\u010dek, re\u017ea za SD kartico do 256 GB, prepoznavanje oseb in vozil, opremljen z u\u010dinkovitim no\u010dnim snemanjem, zaznavanjem gibanja, vgrajeno sireno in dvosmernim zvokom. Dostopajte do kamere kadarkoli in kjer koli prek mobilne ali namizne aplikacije. V kompletu z 12V adapterjem.<\/p>\n<p><img decoding=\"async\" class=\"lazyloaded aligncenter wp-image-20933 size-full\" src=\"https:\/\/alex.shop\/wp-content\/uploads\/2024\/03\/reolink-trackmix-wifi-en-3.jpg\" alt=\"reolink TrackMix WiFi dvojna kamera\" width=\"1464\" height=\"600\" data-src=\"https:\/\/alex.shop\/wp-content\/uploads\/2024\/03\/reolink-trackmix-wifi-en-3.jpg\" \/><\/p>\n<h4>Preprost in zanesljiv dvopasovni WiFi<\/h4>\n<p>Reolink TrackMix WiFi podpira 2,4 GHz in 5 GHz WiFi, kar ponuja ve\u010d mo\u017enosti brez\u017ei\u010dne povezave. Dual-Band WiFi tehnologija in 2T2R MIMO antene zagotavljajo mo\u010dan signal za stabilno in zanesljivo povezavo.<\/p>\n<h4>Mo\u017enost vrtenja in nagibanja \u2013 za\u0161\u010ditite tisto, kar je pomembno, iz vseh zornih kotov<\/h4>\n<p>Ker se lahko premikate levo in desno, nagibate gor in dol, Reolink Trackmix zagotavlja popolno pokritost brez slepih kotov do 355 stopinj. Kamera ima samodejno rotacijo, kjer glavna le\u010da snema v \u0161irokem kotu 106 stopinj, medtem ko druga le\u010da samodejno pribli\u017ea osebo, ki ji sledite, in njeno gibanje. Z aplikacijo lahko na daljavo upravljate funkcijo premikanja in nagibanja ter vedno budno spremljate svojo posest, tudi \u010de ste na drugem koncu sveta.<\/p>\n<p><img decoding=\"async\" class=\"lazyloaded aligncenter wp-image-20929 size-full\" src=\"https:\/\/alex.shop\/wp-content\/uploads\/2024\/03\/reolink-trackmix-wifi-en.jpg\" alt=\"reolink TrackMix WiFi dvojna kamera\" width=\"1464\" height=\"600\" data-src=\"https:\/\/alex.shop\/wp-content\/uploads\/2024\/03\/reolink-trackmix-wifi-en.jpg\" \/><\/p>\n<h4>4K (3840X2160 px) HD no\u010d in dan<\/h4>\n<p>Vidni koti do 106 stopinj \u00b0 in lo\u010dljivost 8MP 4K 3840\u00d72160 vam omogo\u010dajo podrobno sliko va\u0161ega doma in okolice. Vgrajen visokokakovosten CMOS senzor, z 2 IR LED lu\u010dkama omogo\u010da odli\u010dno gledanje v temi, do razdalje 15 metrov. Vidite vsako potezo ali gibanje jasno pri \u0161ibki svetlobi.<\/p>\n<p>&nbsp;<\/p>\n<p><img loading=\"lazy\" decoding=\"async\" class=\"lazyloaded aligncenter wp-image-20937 size-full\" src=\"https:\/\/alex.shop\/wp-content\/uploads\/2024\/03\/reolink-trackmix-wifi-en-5.jpg\" alt=\"reolink TrackMix WiFi dvojna kamera\" width=\"1464\" height=\"600\" data-src=\"https:\/\/alex.shop\/wp-content\/uploads\/2024\/03\/reolink-trackmix-wifi-en-5.jpg\" \/><\/p>\n<h4>Samodejno sledenje ljudem ali premikom<\/h4>\n<p>Reolink Trackmix WiFi omogo\u010da samodejno sledenje osebe ali vozila s samodejnim obra\u010danjem, pove\u010davo in nagibanjem kamere. Pokrijte presenetljivo veliko obmo\u010dje, ki ga \u017eelite spremljati, in kamera bo samodejno zaznala, pove\u010dala in sledila bli\u017eajo\u010dim se ljudem ali vozilom. S to funkcijo ne boste nikoli zamudili snemanja pomembnih dogodkov, kamera pa posname dva videa, enega \u0161irokokotnega in drugega pove\u010danega s pomo\u010djo teleobjektiva.<\/p>\n<h4>Neprekinjeno snemanje 24\/7, snemanje z zaznavanjem gibanja ali snemanje po urniku<\/h4>\n<p>Kamera podpira snemanje z zaznavanjem gibanja, neprekinjeno snemanje ali \u010dasovno snemanje. Neprekinjeno snemanje 24\/7 je idealno na obmo\u010djih z velikim prometom, kot so vhodi v trgovine, medtem ko vam na obmo\u010djih z manj\u0161o aktivnostjo, kot so skladi\u0161\u010da ali pono\u010di, lahko snemanje z zaznavanjem gibanja pomaga prihraniti prostor za shranjevanje. Video posnetke vseh treh vrst snemanja lahko shranite na kartico micro SD (do 256 GB), snemalnik Reolink NVR ali FTP stre\u017enik. Izberite na\u010din, ki vam je v\u0161e\u010d, in u\u017eivajte v preprosti in prilagojeni varnosti.<\/p>\n<p><img loading=\"lazy\" decoding=\"async\" class=\"lazyloaded aligncenter wp-image-20925 size-full\" src=\"https:\/\/alex.shop\/wp-content\/uploads\/2024\/03\/reolink-trackmix-wifi-en-2.jpg\" alt=\"reolink TrackMix WiFi dvojna kamera\" width=\"1464\" height=\"600\" data-src=\"https:\/\/alex.shop\/wp-content\/uploads\/2024\/03\/reolink-trackmix-wifi-en-2.jpg\" \/><\/p>\n<h4>Pametni detektor gibanja in takoj\u0161nja obvestila<\/h4>\n<p>Reolink TrackMix WiFi nadzorna kamera z visoko ob\u010dutljivim senzorjem gibanja PIR skoraj brez napak zazna vse \u010dlove\u0161ke premike. Ko zazna gibanje, se bo kamera takoj vklopila in vam takoj poslala opozorila.<\/p>\n<ul>\n<li><strong>Potisna obvestila in e-po\u0161ta<\/strong><br \/>\nOpozorila o gibanju neposredno na va\u0161em telefonu.<\/li>\n<li><strong>SD kartica (opcija)<\/strong><br \/>\nPosnemite in shranite videoposnetke z gibanjem na kartico micro SD do 256 GB.<\/li>\n<li><strong>Sirena<\/strong><br \/>\nZ vgrajeno sireno na kameri lahko od\u017eenete morebitne ne\u017eelene vlomilce (mo\u017enost vklopa z zaznavo gibanja)<\/li>\n<\/ul>\n<h4>Dvosmerna zvo\u010dna komunikacija<\/h4>\n<p>Poslu\u0161ajte, kaj se dogaja v va\u0161em domu ali zunaj njega, in govorite z enim dotikom. Z vgrajenim mikrofonom in zvo\u010dnikom lahko komunicirate s starej\u0161imi, otroki, varu\u0161kami, hi\u0161nimi ljubljen\u010dki in opozorite vse nepovabljene.<\/p>\n<h4>Dostopajte do kamere kadarkoli in kjer koli<\/h4>\n<p>Nadzor \u0161e nikoli ni bil la\u017eji z brezpla\u010dno aplikacijo Reolink. Preverite, ali sta va\u0161a dru\u017eina in dom varna kadarkoli in kjer koli prek pametnih telefonov iOS in Android ali prek ra\u010dunalnika z operacijskim sistemom Windows ali Mac. Tudi ko ste v pisarni ali na potovanju, lahko na poti preverite, kaj se dogaja.<\/p>\n<h4>Reolink TrackMix WiFi &#8211; vsebina \u0161katle<\/h4>\n<p><img loading=\"lazy\" decoding=\"async\" class=\"aligncenter wp-image-10555 size-full\" src=\"https:\/\/alex.shop\/wp-content\/uploads\/2023\/02\/reolink-trackmix-wifi-sadrzaj.jpg\" alt=\"reolink TrackMix WiFi dvojna kamera\" width=\"1193\" height=\"528\" \/><\/p>\n<h3 data-start=\"581\" data-end=\"610\">FAQ \u2013 Pogosta vpra\u0161anja<\/h3>\n<p data-start=\"612\" data-end=\"776\"><strong data-start=\"612\" data-end=\"672\">1. Ali Reolink TrackMix WiFi omogo\u010da samodejno sledenje?<\/strong><br data-start=\"672\" data-end=\"675\" \/>Da, kamera omogo\u010da samodejno sledenje ljudem in vozilom s funkcijo vrtenja, nagiba in pove\u010dave (PTZ).<\/p>\n<p data-start=\"778\" data-end=\"935\"><strong data-start=\"778\" data-end=\"812\">2. Kak\u0161na je lo\u010dljivost videa?<\/strong><br data-start=\"812\" data-end=\"815\" \/>Reolink TrackMix WiFi snema v 4K Ultra HD lo\u010dljivosti (3840&#215;2160), kar omogo\u010da izjemno podrobno sliko podnevi in pono\u010di.<\/p>\n<p data-start=\"937\" data-end=\"1069\"><strong data-start=\"937\" data-end=\"973\">3. Ali kamera podpira 5GHz WiFi?<\/strong><br data-start=\"973\" data-end=\"976\" \/>Da, kamera podpira tako 2,4 GHz kot 5 GHz WiFi pasove, kar zagotavlja bolj stabilno povezavo.<\/p>\n<p data-start=\"1071\" data-end=\"1210\"><strong data-start=\"1071\" data-end=\"1106\">4. Kam se shranjujejo posnetki?<\/strong><br data-start=\"1106\" data-end=\"1109\" \/>Posnetki se lahko shranjujejo na microSD kartico (do 256 GB), Reolink NVR snemalnik ali FTP stre\u017enik.<\/p>\n<p data-start=\"1212\" data-end=\"1375\"><strong data-start=\"1212\" data-end=\"1258\">5. Ali lahko kamera pono\u010di snema v barvah?<\/strong><br data-start=\"1258\" data-end=\"1261\" \/>Da, kamera ima vgrajen reflektor, ki omogo\u010da barvno snemanje pono\u010di, ali pa preklop na infrarde\u010di \u010drno-beli na\u010din.<\/p>\n<h3 data-start=\"164\" data-end=\"205\">Spremljajte nas na dru\u017ebenih omre\u017ejih<\/h3>\n<p data-start=\"207\" data-end=\"605\" data-is-last-node=\"\" data-is-only-node=\"\">Za ve\u010d nasvetov, novosti in ekskluzivnih ponudb obi\u0161\u010dite na\u0161 profil na <a class=\"\" href=\"https:\/\/www.facebook.com\/alarm.express.shop.si\/\" target=\"_new\" rel=\"noopener\" data-start=\"278\" data-end=\"327\">Facebooku<\/a> in <a class=\"\" href=\"https:\/\/www.instagram.com\/alarm.express.shop.si\/\" target=\"_new\" rel=\"noopener\" data-start=\"331\" data-end=\"382\">Instagramu<\/a>. Pridru\u017eite se skupnosti zadovoljnih uporabnikov, odkrijte, kako drugi uporabljajo Alex izdelke v svojem domu, in bodite prvi obve\u0161\u010deni o vseh novostih. Va\u0161a varnost in udobje se za\u010dneta tukaj \u2013 tudi na dru\u017ebenih omre\u017ejih!<\/p>\n","protected":false},"excerpt":{"rendered":"<p>Kamera visoke lo\u010dljivosti s samodejnim sledenjem, pove\u010davo in no\u010dnim snemanjem. Vgrajeni odsevnik in sirena zagotavljata dodatno varnost s prepoznavanjem oseb in vozil. Idealen za zunanji nadzor.<\/p>\n","protected":false},"featured_media":1263,"template":"","meta":{"order-bump-settings":[],"_wpfnl_thankyou_order_overview":"on","_wpfnl_thankyou_order_details":"on","_wpfnl_thankyou_billing_details":"on","_wpfnl_thankyou_shipping_details":"on"},"product_brand":[140],"product_cat":[109],"product_tag":[80,89,95,97,147,118],"class_list":{"0":"post-1239","1":"product","2":"type-product","3":"status-publish","4":"has-post-thumbnail","6":"product_brand-reolink","7":"product_cat-wifi-kamere","8":"product_tag-8mp","9":"product_tag-kamere-z-reflektorjem-2","10":"product_tag-priznavanje-oseb-in-vozil","11":"product_tag-reolink","12":"product_tag-zicne-wifi-kamere","13":"product_tag-zunanje-kamere-wifi","15":"first","16":"instock","17":"sale","18":"featured","19":"taxable","20":"shipping-taxable","21":"purchasable","22":"product-type-simple"},"bundled_by":[],"bundle_stock_status":"instock","bundle_stock_quantity":16,"bundle_virtual":false,"bundle_layout":"","bundle_add_to_cart_form_location":"","bundle_editable_in_cart":false,"bundle_sold_individually_context":"","bundle_item_grouping":"","bundle_min_size":"","bundle_max_size":"","bundle_price":[],"bundled_items":[],"bundle_sell_ids":[],"_links":{"self":[{"href":"https:\/\/alex.shop\/si\/wp-json\/wp\/v2\/product\/1239","targetHints":{"allow":["GET"]}}],"collection":[{"href":"https:\/\/alex.shop\/si\/wp-json\/wp\/v2\/product"}],"about":[{"href":"https:\/\/alex.shop\/si\/wp-json\/wp\/v2\/types\/product"}],"version-history":[{"count":8,"href":"https:\/\/alex.shop\/si\/wp-json\/wp\/v2\/product\/1239\/revisions"}],"predecessor-version":[{"id":1936,"href":"https:\/\/alex.shop\/si\/wp-json\/wp\/v2\/product\/1239\/revisions\/1936"}],"wp:featuredmedia":[{"embeddable":true,"href":"https:\/\/alex.shop\/si\/wp-json\/wp\/v2\/media\/1263"}],"wp:attachment":[{"href":"https:\/\/alex.shop\/si\/wp-json\/wp\/v2\/media?parent=1239"}],"wp:term":[{"taxonomy":"product_brand","embeddable":true,"href":"https:\/\/alex.shop\/si\/wp-json\/wp\/v2\/product_brand?post=1239"},{"taxonomy":"product_cat","embeddable":true,"href":"https:\/\/alex.shop\/si\/wp-json\/wp\/v2\/product_cat?post=1239"},{"taxonomy":"product_tag","embeddable":true,"href":"https:\/\/alex.shop\/si\/wp-json\/wp\/v2\/product_tag?post=1239"}],"curies":[{"name":"wp","href":"https:\/\/api.w.org\/{rel}","templated":true}]}}