{"id":1846,"date":"2025-07-07T13:49:13","date_gmt":"2025-07-07T11:49:13","guid":{"rendered":"https:\/\/alex.shop\/si\/?post_type=product&#038;p=1846"},"modified":"2026-04-15T14:35:12","modified_gmt":"2026-04-15T12:35:12","slug":"reolink-d340b-pametni-baterijski-zvonec-s-kamero","status":"publish","type":"product","link":"https:\/\/alex.shop\/si\/reolink-d340b-pametni-baterijski-zvonec-s-kamero\/","title":{"rendered":"Reolink D340B (Doorbell Battery) &#8211; pametni baterijski zvonec s kamero"},"content":{"rendered":"<h3><strong>Pametni zunanji zvonec s kamero \u2013 baterijska izvedba<\/strong><\/h3>\n<p><strong>Reolink Doorbell pametni brez\u017ei\u010dni zvonec<\/strong>\u00a0je idealna pametna re\u0161itev za nadzor vhoda brez potrebe po \u017ei\u010dnem napajanju. Vgrajena polnilna baterija omogo\u010da prilagodljivo namestitev, mo\u017eno pa je tudi stalno napajanje (12 V ali 24 V) prek prilo\u017eenega adapterja. Zdru\u017eljiv je z obstoje\u010do in\u0161talacijo starega zvonca, \u010de ta podpira omenjeno napetost.<\/p>\n<h4><img fetchpriority=\"high\" decoding=\"async\" class=\"aligncenter wp-image-33845 size-full\" src=\"https:\/\/alex.shop\/wp-content\/uploads\/2025\/06\/reolink-doorbell-battery-3.jpg\" alt=\"zunanji pametni zvonec s kamero\" width=\"1464\" height=\"600\" \/><\/h4>\n<h3><strong>Napredna kamera z jasno sliko in pametno detekcijo<\/strong><\/h3>\n<p>Kamera zaznava gibanje in zvok, po\u0161ilja obvestila ter nudi ostro sliko zahvaljujo\u010d 5MP Super HD lo\u010dljivosti in prikaznem razmerju 1:1 \u2013 kar omogo\u010da vertikalni zajem celotne osebe pred vrati.<\/p>\n<h3><strong>Vklju\u010den pametni notranji zvonec (chime)<\/strong><\/h3>\n<p>V kompletu prejmete tudi notranji zvonec s 10 razli\u010dnimi melodijami, nastavljivo glasnostjo do 90 dB in mo\u017enostjo prilagoditve glasnosti po \u017eelji.<\/p>\n<p><img decoding=\"async\" class=\"aligncenter wp-image-33851 size-full\" src=\"https:\/\/alex.shop\/wp-content\/uploads\/2025\/06\/reolink-doorbell-battery-6.jpg\" alt=\"zunanji pametni zvonec s kamero\" width=\"1464\" height=\"600\" \/><\/p>\n<h3><strong>Tehnologija za zmanj\u0161anje la\u017enih alarmov<\/strong><\/h3>\n<p>Z analizo oblike oseb in vozil Reolink Doorbell zanesljivo prepozna pomembne dogodke in ignorira ne\u017eelene premike, kar znatno zmanj\u0161a \u0161tevilo la\u017enih opozoril.<\/p>\n<h3><strong>Zanesljiva Dual-Band WiFi povezava<\/strong><\/h3>\n<p>Podpira 2,4 GHz in 5 GHz WiFi z 2T2R MIMO antenami, kar zagotavlja mo\u010dno in stabilno brez\u017ei\u010dno povezavo brez prekinitev.<\/p>\n<p><img decoding=\"async\" class=\"aligncenter wp-image-33861 size-full\" src=\"https:\/\/alex.shop\/wp-content\/uploads\/2025\/06\/reolink-doorbell-battery-8.jpg\" alt=\"zunanji pametni zvonec s kamero\" width=\"1464\" height=\"600\" \/><\/p>\n<h3><strong>Super HD slika podnevi in pono\u010di<\/strong><\/h3>\n<p>Z 180\u00b0 kotom zajema in 5MP Super HD lo\u010dljivostjo boste imeli jasen pregled nad vhodom. Visokokakovostni CMOS senzor in 2 IR LED lu\u010dki omogo\u010data odli\u010den no\u010dni vid do 10 metrov.<\/p>\n<h3><strong>Time-lapse snemanje<\/strong><\/h3>\n<p>Funkcija snemanja s tehniko &#8220;time lapse&#8221; omogo\u010da hitro in zanimivo prikazovanje dolgoro\u010dnih dogajanj \u2013 idealno za posnetke son\u010dnih vzhodov, vremenskih sprememb ali vsakodnevnega dogajanja.<\/p>\n<p><img loading=\"lazy\" decoding=\"async\" class=\"aligncenter wp-image-33856 size-full\" src=\"https:\/\/alex.shop\/wp-content\/uploads\/2025\/06\/reolink-doorbell-battery-7.jpg\" alt=\"zunanji pametni zvonec s kamero\" width=\"1464\" height=\"600\" \/><\/p>\n<p data-start=\"201\" data-end=\"482\"><strong data-start=\"201\" data-end=\"235\">Pametno shranjevanje posnetkov<\/strong><br data-start=\"235\" data-end=\"238\" \/>Zunanji pametni zvonec s kamero omogo\u010da snemanje ob zaznavi gibanja, kar pomaga var\u010devati z energijo in prostorom za shranjevanje. Posnetke lahko shranite na prilo\u017eeno 64 GB microSD kartico (podpora do 256 GB), Reolink NVR ali Reolink Home Hub.<\/p>\n<p data-start=\"484\" data-end=\"842\"><strong data-start=\"484\" data-end=\"534\">Pametna zaznava gibanja in takoj\u0161nja obvestila<\/strong><br data-start=\"534\" data-end=\"537\" \/>Zunanji pametni zvonec s kamero je opremljen z zelo ob\u010dutljivim PIR senzorjem, ki zazna vsak gib. Ob zaznavi se kamera aktivira in po\u0161lje opozorilo na va\u0161 pametni telefon. Ko obiskovalec pritisne na gumb, zazvoni tako zunanji kot notranji del naprave, vi pa prejmete video klic in se lahko takoj oglasite.<\/p>\n<p data-start=\"844\" data-end=\"1037\"><strong data-start=\"844\" data-end=\"873\">Push obvestila in e-po\u0161ta<\/strong><br data-start=\"873\" data-end=\"876\" \/>Zunanji pametni zvonec s kamero vas v realnem \u010dasu opozori na gibanje z obvestili na va\u0161em telefonu ali e-po\u0161ti \u2013 tako ste vedno na teko\u010dem, tudi ko vas ni doma.<\/p>\n<p data-start=\"1039\" data-end=\"1341\"><strong data-start=\"1039\" data-end=\"1072\">Dvosmerna zvo\u010dna komunikacija<\/strong><br data-start=\"1072\" data-end=\"1075\" \/>Z vgrajenim mikrofonom in zvo\u010dnikom omogo\u010da zunanji pametni zvonec s kamero dvosmerno komunikacijo \u2013 poslu\u0161ajte in govorite z obiskovalci, dostavljavci ali dru\u017einskimi \u010dlani kjerkoli \u017ee ste. Jasna in glasna povezava omogo\u010da u\u010dinkovito komunikacijo v vsakem trenutku.<\/p>\n<p><img loading=\"lazy\" decoding=\"async\" class=\"aligncenter wp-image-33866 size-full\" src=\"https:\/\/alex.shop\/wp-content\/uploads\/2025\/06\/reolink-doorbell-battery-10.jpg\" alt=\"zunanji pametni zvonec s kamero\" width=\"1464\" height=\"600\" \/><\/p>\n<h3><strong>Oddaljen dostop kjerkoli in kadarkoli<\/strong><\/h3>\n<p>Z brezpla\u010dno aplikacijo Reolink za iOS, Android, Windows ali Mac lahko v vsakem trenutku preverite stanje pred va\u0161imi vrati \u2013 tudi ko ste na poti ali v slu\u017ebi.<\/p>\n<h3><strong>Enostavna namestitev<\/strong><\/h3>\n<p>Zvonec preprosto namestite pred vhodna vrata. Z nastavkom za nagib, ki je prilo\u017een v paketu, ga lahko optimalno usmerite. Namestitev poteka hitro in preprosto preko QR kode v Reolink aplikaciji.<\/p>\n<h3><strong>Vsebina paketa<\/strong><\/h3>\n<ul>\n<li>Reolink baterijski pametni zvonec<\/li>\n<li>Notranji chime (zvo\u010dnik)<\/li>\n<li>Reolink microSD kartica (64 GB)<\/li>\n<li>Polnilni kabel, nastavki in navodila za uporabo<\/li>\n<\/ul>\n<h3 data-start=\"670\" data-end=\"699\">FAQ \u2013 Pogosta vpra\u0161anja<\/h3>\n<p data-start=\"701\" data-end=\"898\"><strong data-start=\"701\" data-end=\"768\">1. Ali Reolink Doorbell Battery potrebuje elektri\u010dno napajanje?<\/strong><br data-start=\"768\" data-end=\"771\" \/>Ne, zvonec ima vgrajeno polnilno baterijo in deluje brez\u017ei\u010dno. Po \u017eelji ga lahko priklopite tudi na stalno napajanje (12\u201324 V).<\/p>\n<p data-start=\"900\" data-end=\"1038\"><strong data-start=\"900\" data-end=\"947\">2. Ali je notranji zvonec (chime) prilo\u017een?<\/strong><br data-start=\"947\" data-end=\"950\" \/>Da, v kompletu prejmete tudi notranji zvo\u010dnik z nastavljivo glasnostjo in 10 melodijami.<\/p>\n<p data-start=\"1040\" data-end=\"1170\"><strong data-start=\"1040\" data-end=\"1075\">3. Kako kamera zaznava gibanje?<\/strong><br data-start=\"1075\" data-end=\"1078\" \/>S pomo\u010djo naprednega PIR senzorja in prepoznave oseb in vozil \u2013 kar zmanj\u0161a la\u017ena opozorila.<\/p>\n<p data-start=\"1172\" data-end=\"1290\"><strong data-start=\"1172\" data-end=\"1214\">4. Ali kamera omogo\u010da snemanje pono\u010di?<\/strong><br data-start=\"1214\" data-end=\"1217\" \/>Da, kamera omogo\u010da no\u010dno snemanje z IR LED lu\u010dkama do razdalje 10 metrov.<\/p>\n<p data-start=\"1292\" data-end=\"1449\"><strong data-start=\"1292\" data-end=\"1327\">5. Kam se shranjujejo posnetki?<\/strong><br data-start=\"1327\" data-end=\"1330\" \/>Posnetki se lahko shranjujejo na prilo\u017eeno 64 GB microSD kartico (mo\u017enost do 256 GB), Reolink NVR ali Reolink Home Hub.<\/p>\n<p data-start=\"1292\" data-end=\"1449\">\n<h3 data-start=\"164\" data-end=\"205\">Spremljajte nas na dru\u017ebenih omre\u017ejih<\/h3>\n<p data-start=\"207\" data-end=\"605\" data-is-last-node=\"\" data-is-only-node=\"\">Za ve\u010d nasvetov, novosti in ekskluzivnih ponudb obi\u0161\u010dite na\u0161 profil na <a class=\"\" href=\"https:\/\/www.facebook.com\/alarm.express.shop.si\/\" target=\"_new\" rel=\"noopener\" data-start=\"278\" data-end=\"327\">Facebooku<\/a> in <a class=\"\" href=\"https:\/\/www.instagram.com\/alarm.express.shop.si\/\" target=\"_new\" rel=\"noopener\" data-start=\"331\" data-end=\"382\">Instagramu<\/a>. Pridru\u017eite se skupnosti zadovoljnih uporabnikov, odkrijte, kako drugi uporabljajo Alex izdelke v svojem domu, in bodite prvi obve\u0161\u010deni o vseh novostih. Va\u0161a varnost in udobje se za\u010dneta tukaj \u2013 tudi na dru\u017ebenih omre\u017ejih!<\/p>\n","protected":false},"excerpt":{"rendered":"<p>Reolink D340B (Doorbell Battery) je pametni zunanji zvonec s kamero, ki deluje na vgrajeno polnilno baterijo, po \u017eelji pa ga je mo\u017eno priklju\u010diti tudi na stalno napajanje. Snema v 4MP Super HD lo\u010dljivosti, aktivira se ob zaznavi gibanja ter omogo\u010da dvosmerno komunikacijo in obvestila v realnem \u010dasu.<\/p>\n<p>Z enostavno monta\u017eo in zanesljivo Dual-Band WiFi povezavo je idealna re\u0161itev za varnej\u0161i vhod \u2013 brez potrebe po kablih. V kompletu so prilo\u017eeni pametni zvonec, notranji Chime (zvo\u010dni signal) ter Reolink microSD kartica kapacitete 64 GB.<\/p>\n","protected":false},"featured_media":1852,"template":"","meta":{"order-bump-settings":[],"_wpfnl_thankyou_order_overview":"on","_wpfnl_thankyou_order_details":"on","_wpfnl_thankyou_billing_details":"on","_wpfnl_thankyou_shipping_details":"on"},"product_brand":[142],"product_cat":[108,54,109],"product_tag":[86,92,97,114],"class_list":{"0":"post-1846","1":"product","2":"type-product","3":"status-publish","4":"has-post-thumbnail","6":"product_brand-alex","7":"product_cat-pametni-dom","8":"product_cat-smart-home","9":"product_cat-wifi-kamere","10":"product_tag-dvojne-avdio-kamere","11":"product_tag-novo","12":"product_tag-reolink","13":"product_tag-video-zvonec","15":"first","16":"instock","17":"sale","18":"featured","19":"taxable","20":"shipping-taxable","21":"purchasable","22":"product-type-simple"},"bundled_by":[],"bundle_stock_status":"instock","bundle_stock_quantity":9,"bundle_virtual":false,"bundle_layout":"","bundle_add_to_cart_form_location":"","bundle_editable_in_cart":false,"bundle_sold_individually_context":"","bundle_item_grouping":"","bundle_min_size":"","bundle_max_size":"","bundle_price":[],"bundled_items":[],"bundle_sell_ids":[],"_links":{"self":[{"href":"https:\/\/alex.shop\/si\/wp-json\/wp\/v2\/product\/1846","targetHints":{"allow":["GET"]}}],"collection":[{"href":"https:\/\/alex.shop\/si\/wp-json\/wp\/v2\/product"}],"about":[{"href":"https:\/\/alex.shop\/si\/wp-json\/wp\/v2\/types\/product"}],"version-history":[{"count":3,"href":"https:\/\/alex.shop\/si\/wp-json\/wp\/v2\/product\/1846\/revisions"}],"predecessor-version":[{"id":1937,"href":"https:\/\/alex.shop\/si\/wp-json\/wp\/v2\/product\/1846\/revisions\/1937"}],"wp:featuredmedia":[{"embeddable":true,"href":"https:\/\/alex.shop\/si\/wp-json\/wp\/v2\/media\/1852"}],"wp:attachment":[{"href":"https:\/\/alex.shop\/si\/wp-json\/wp\/v2\/media?parent=1846"}],"wp:term":[{"taxonomy":"product_brand","embeddable":true,"href":"https:\/\/alex.shop\/si\/wp-json\/wp\/v2\/product_brand?post=1846"},{"taxonomy":"product_cat","embeddable":true,"href":"https:\/\/alex.shop\/si\/wp-json\/wp\/v2\/product_cat?post=1846"},{"taxonomy":"product_tag","embeddable":true,"href":"https:\/\/alex.shop\/si\/wp-json\/wp\/v2\/product_tag?post=1846"}],"curies":[{"name":"wp","href":"https:\/\/api.w.org\/{rel}","templated":true}]}}