{"id":1859,"date":"2025-07-08T09:55:10","date_gmt":"2025-07-08T07:55:10","guid":{"rendered":"https:\/\/alex.shop\/si\/?post_type=product&#038;p=1859"},"modified":"2026-04-02T15:10:41","modified_gmt":"2026-04-02T13:10:41","slug":"reolink-home-hub-lokalni-wifi-snemalnik-za-do-8-kamer","status":"publish","type":"product","link":"https:\/\/alex.shop\/si\/reolink-home-hub-lokalni-wifi-snemalnik-za-do-8-kamer\/","title":{"rendered":"Reolink Home Hub &#8211; lokalni WiFi snemalnik za do 8 kamer"},"content":{"rendered":"<h3><strong>Reolink Home Hub<\/strong><\/h3>\n<h2><img fetchpriority=\"high\" decoding=\"async\" class=\"aligncenter size-full wp-image-33762\" src=\"https:\/\/alex.shop\/wp-content\/uploads\/2025\/06\/Reolink-Home-Hub-2.jpg\" alt=\"\" width=\"1464\" height=\"600\" \/><\/h2>\n<p><strong>Varnostni center z Wi\u2011Fi 6 tehnologijo in lokalnim shranjevanjem za zanesljiv 24\/7 nadzor<\/strong><\/p>\n<ul>\n<li>Podpora za kamere lo\u010dljivosti do 16 MP, vklju\u010dno s kamerami Wi\u2011Fi 6 in dvojnimi le\u010dami<\/li>\n<li>Povezava do 8 Reolink Wi\u2011Fi kamer (za baterijske kamere je potrebna nadgradnja vdelane programske opreme; 4G kamere niso podprte)<\/li>\n<li>Dva microSD re\u017ea (vklju\u010dno s 64\u202fGB kartico, raz\u0161irljivo do 2\u00d7512\u202fGB)<\/li>\n<li>Wi\u2011Fi 6 (2,4\/5\u202fGHz) za \u0161irok doseg in stabilno povezavo<\/li>\n<li>Lokalno \u0161ifrirano shranjevanje brez mese\u010dnih naro\u010dnin \u2013 vsi videoposnetki ostanejo varno shranjeni lokalno (AES\u2011128\/256)<\/li>\n<li>Neprekinjeno snemanje in predvajanje \u2013 mo\u017enost 24\/7 snemanja ali le ob zaznavi gibanja za dalj\u0161e obdobje shranjevanja<\/li>\n<li>Varnostni alarm \u2013 vgrajen 115\u202fdB zvo\u010dnik z mo\u017enostjo nastavitve lastnega opozorilnega tona<\/li>\n<li>Deluje tudi brez interneta \u2013 lokalna LAN mre\u017ea omogo\u010da delovanje kamer brez zunanjega Wi\u2011Fi omre\u017eja<img decoding=\"async\" class=\"aligncenter size-full wp-image-33772\" src=\"https:\/\/alex.shop\/wp-content\/uploads\/2025\/06\/Reolink-Home-Hub-4.jpg\" alt=\"\" width=\"1464\" height=\"600\" \/><\/li>\n<\/ul>\n<h3><strong>Idealna re\u0161itev za lokalno shranjevanje<\/strong><\/h3>\n<p>\u010ce i\u0161\u010dete varno, centralizirano in lokalno re\u0161itev za videonadzor \u2013 brez naro\u010dnin in brez skrbi glede internetne povezave \u2013 je <strong>Reolink Home Hub<\/strong> odli\u010dna izbira.<br \/>\nZdru\u017eljiv je s \u0161tevilnimi Reolink Wi\u2011Fi kamerami, ponuja enostavno upravljanje, zanesljiv dostop do posnetkov in visoko stopnjo zasebnosti.<\/p>\n<h3><strong>Kaj je prilo\u017eeno v paketu?<\/strong><\/h3>\n<ul>\n<li>Reolink Home Hub (z integrirano 64\u202fGB microSD kartico)<\/li>\n<li>Napajalnik 12\u202fV\/1\u202fA<\/li>\n<li>Ethernet kabel<\/li>\n<li>Kratek priro\u010dnik za namestitev<\/li>\n<\/ul>\n","protected":false},"excerpt":{"rendered":"<p>Snemalnik podpira do 8 WiFI kamera, dva microSD re\u017ea (vklju\u010dno s 64\u202fGB kartico, raz\u0161irljivo do 2\u00d7512\u202fGB)\u00a0 2. S \u0161tirimi zunanjimi antenami zagotavlja stabilno WiFi povezavo, idealno za profesionalni video nadzor.<\/p>\n","protected":false},"featured_media":1868,"template":"","meta":{"order-bump-settings":[],"_wpfnl_thankyou_order_overview":"on","_wpfnl_thankyou_order_details":"on","_wpfnl_thankyou_billing_details":"on","_wpfnl_thankyou_shipping_details":"on"},"product_brand":[140],"product_cat":[126,132],"product_tag":[130],"class_list":{"0":"post-1859","1":"product","2":"type-product","3":"status-publish","4":"has-post-thumbnail","6":"product_brand-reolink","7":"product_cat-dodatki-za-video-nadzor","8":"product_cat-video-snemalniki","9":"product_tag-24h-snemanje","11":"first","12":"instock","13":"sale","14":"taxable","15":"shipping-taxable","16":"purchasable","17":"product-type-simple"},"bundled_by":[],"bundle_stock_status":"instock","bundle_stock_quantity":12,"bundle_virtual":false,"bundle_layout":"","bundle_add_to_cart_form_location":"","bundle_editable_in_cart":false,"bundle_sold_individually_context":"","bundle_item_grouping":"","bundle_min_size":"","bundle_max_size":"","bundle_price":[],"bundled_items":[],"bundle_sell_ids":[],"_links":{"self":[{"href":"https:\/\/alex.shop\/si\/wp-json\/wp\/v2\/product\/1859","targetHints":{"allow":["GET"]}}],"collection":[{"href":"https:\/\/alex.shop\/si\/wp-json\/wp\/v2\/product"}],"about":[{"href":"https:\/\/alex.shop\/si\/wp-json\/wp\/v2\/types\/product"}],"version-history":[{"count":4,"href":"https:\/\/alex.shop\/si\/wp-json\/wp\/v2\/product\/1859\/revisions"}],"predecessor-version":[{"id":2311,"href":"https:\/\/alex.shop\/si\/wp-json\/wp\/v2\/product\/1859\/revisions\/2311"}],"wp:featuredmedia":[{"embeddable":true,"href":"https:\/\/alex.shop\/si\/wp-json\/wp\/v2\/media\/1868"}],"wp:attachment":[{"href":"https:\/\/alex.shop\/si\/wp-json\/wp\/v2\/media?parent=1859"}],"wp:term":[{"taxonomy":"product_brand","embeddable":true,"href":"https:\/\/alex.shop\/si\/wp-json\/wp\/v2\/product_brand?post=1859"},{"taxonomy":"product_cat","embeddable":true,"href":"https:\/\/alex.shop\/si\/wp-json\/wp\/v2\/product_cat?post=1859"},{"taxonomy":"product_tag","embeddable":true,"href":"https:\/\/alex.shop\/si\/wp-json\/wp\/v2\/product_tag?post=1859"}],"curies":[{"name":"wp","href":"https:\/\/api.w.org\/{rel}","templated":true}]}}