{"id":1870,"date":"2025-07-08T10:04:00","date_gmt":"2025-07-08T08:04:00","guid":{"rendered":"https:\/\/alex.shop\/si\/?post_type=product&#038;p=1870"},"modified":"2026-04-06T10:56:44","modified_gmt":"2026-04-06T08:56:44","slug":"reolink-b740x-argus-4-pro-brezzicna-wi-fi-kamera-s-180-sirokokotnim-zajemom-slike","status":"publish","type":"product","link":"https:\/\/alex.shop\/si\/reolink-b740x-argus-4-pro-brezzicna-wi-fi-kamera-s-180-sirokokotnim-zajemom-slike\/","title":{"rendered":"Reolink B740X (Argus 4 Pro) \u2013 brez\u017ei\u010dna Wi\u2011Fi kamera s 180\u00b0 \u0161irokokotnim zajemom slike"},"content":{"rendered":"<p>&nbsp;<\/p>\n<p><img fetchpriority=\"high\" decoding=\"async\" class=\"aligncenter size-full wp-image-33632\" src=\"https:\/\/alex.shop\/wp-content\/uploads\/2025\/06\/Reolink-Argus-4-Pro-1.jpg\" alt=\"\" width=\"1464\" height=\"600\" \/><\/p>\n<h3>Reolink B740X (Argus 4 Pro)<\/h3>\n<p>Brez\u017ei\u010dna WiFi nadzorna kamera z lo\u010dljivostjo 8MP, panoramsko fotografiranje 180 \u00b0, barvni no\u010dni vid z ColorX in son\u010dno energijo.<\/p>\n<p><strong>180\u00b0 panoramski pogled \u2013 brez mrtvih kotov, brez vrtenja<\/strong><br \/>\nArgus 4 Pro uporablja dva \u0161irokokotna objektiva, ki ustvarjata brezhiben 180\u00b0 panoramski pogled v ultra visoki lo\u010dljivosti 4K. Za razliko od vrtljivih kamer vam ta tehnologija omogo\u010da hkratno zajemanje celotnega prostora brez mehanskega gibanja, kar pomeni manj\u0161o porabo energije in stalno snemanje celotnega obmo\u010dja.<\/p>\n<p><img decoding=\"async\" class=\"aligncenter size-full wp-image-33617\" src=\"https:\/\/alex.shop\/wp-content\/uploads\/2025\/06\/Reolink-B740X-Argus-4-Pro-2-1.jpg\" alt=\"\" width=\"1464\" height=\"600\" \/><\/p>\n<p><strong>No\u010d postane dan s tehnologijo<\/strong><br \/>\nColorX Zahvaljujo\u010d naprednemu senzorju in veliki zaslonki (f\/1.0), Argus 4 Pro zagotavlja no\u010dni vid v \u017eivahnih barvah brez potrebe po reflektorjih. Podrobnosti so jasne, obrazi prepoznavni, celoten prizor pa ostane naravno osvetljen \u2013 tudi v zelo \u0161ibkih svetlobnih pogojih.<\/p>\n<p><img decoding=\"async\" class=\"aligncenter size-full wp-image-33622\" src=\"https:\/\/alex.shop\/wp-content\/uploads\/2025\/06\/Reolink-B740X-Argus-4-Pro-3-1.jpg\" alt=\"\" width=\"1464\" height=\"600\" \/><\/p>\n<p>Pametno\u00a0<strong>zaznavanje z natan\u010dnimi opozorili<\/strong><br \/>\nArgus 4 Pro prepozna ljudi, vozila in hi\u0161ne ljubljen\u010dke s pomo\u010djo umetne inteligence in razlikuje resni\u010dne gro\u017enje od obi\u010dajnih gibov. Prilagodljiva nadzorna obmo\u010dja in maske za zasebnost vam dajejo popoln nadzor nad tem, kaj kamera spremlja &#8211; in ignorira &#8211; in kaj ignorira.<\/p>\n<p>&nbsp;<\/p>\n<p>&nbsp;<\/p>\n<p><strong>30 % dalj\u0161a \u017eivljenjska doba baterije s son\u010dno<\/strong><br \/>\nenergijo Zahvaljujo\u010d optimizirani porabi energije baterija fotoaparata traja dlje kot kdaj koli prej \u2013 v kombinaciji s son\u010dno plo\u0161\u010do pa zagotavlja skoraj neprekinjeno napajanje brez potrebe po pogostem polnjenju. Nastavite ga in pozabite na kable in vti\u010dnice. Opomba: Son\u010dna plo\u0161\u010da se prodaja lo\u010deno.<\/p>\n<p><img loading=\"lazy\" decoding=\"async\" class=\"aligncenter size-full wp-image-33637\" src=\"https:\/\/alex.shop\/wp-content\/uploads\/2025\/06\/5-180%C2%B0-AI-Dual-PIR-Detection.jpg\" alt=\"\" width=\"1464\" height=\"600\" \/><\/p>\n<p>&nbsp;<\/p>\n<h3><strong>Stabilna povezava s tehnologijo Wi\u2011Fi 6<\/strong><\/h3>\n<p>Z napredno podporo za Wi\u2011Fi 6 kamera <strong>Argus 4 Pro<\/strong> omogo\u010da hitrej\u0161i prenos videoposnetkov, stabilnej\u0161o povezavo in brezhiben ogled v \u017eivo \u2013 tudi kadar je omre\u017eje obremenjeno z ve\u010d napravami.<\/p>\n<h3><strong>Dvosmerna komunikacija in takoj\u0161nja obvestila<\/strong><\/h3>\n<p>Vgrajeni mikrofon in zvo\u010dnik omogo\u010data, da sli\u0161ite dogajanje in komunicirate neposredno prek aplikacije \u2013 popolno za pozdrav obiskovalcev ali odvra\u010danje nepridipravov. Kamera samodejno po\u0161ilja push obvestila, opozorila prek e\u2011po\u0161te ter lahko spro\u017ei sireno ali vnaprej posnet zvo\u010dni opozorilni signal.<\/p>\n<p><img loading=\"lazy\" decoding=\"async\" class=\"aligncenter size-full wp-image-1871\" src=\"https:\/\/alex.shop\/si\/files\/2025\/07\/reolink-b740x.webp\" alt=\"\" width=\"1536\" height=\"480\" srcset=\"https:\/\/alex.shop\/si\/files\/2025\/07\/reolink-b740x.webp 1536w, https:\/\/alex.shop\/si\/files\/2025\/07\/reolink-b740x-300x94.webp 300w, https:\/\/alex.shop\/si\/files\/2025\/07\/reolink-b740x-1024x320.webp 1024w, https:\/\/alex.shop\/si\/files\/2025\/07\/reolink-b740x-768x240.webp 768w, https:\/\/alex.shop\/si\/files\/2025\/07\/reolink-b740x-990x309.webp 990w, https:\/\/alex.shop\/si\/files\/2025\/07\/reolink-b740x-441x138.webp 441w, https:\/\/alex.shop\/si\/files\/2025\/07\/reolink-b740x-600x188.webp 600w, https:\/\/alex.shop\/si\/files\/2025\/07\/reolink-b740x-150x47.webp 150w\" sizes=\"(max-width: 1536px) 100vw, 1536px\" \/><\/p>\n<h3><strong>Snemanje in dostop v realnem \u010dasu<\/strong><\/h3>\n<p>Posnetki se lahko lokalno shranjujejo na microSD kartico (do 128\u202fGB), do nadzora pa lahko dostopate kadarkoli prek Reolink aplikacije za pametne telefone ali ra\u010dunalnike \u2013 brez mese\u010dnih stro\u0161kov ali naro\u010dnin.<\/p>\n<h3><strong>Odli\u010dna izbira za:<\/strong><\/h3>\n<p>\u2714 Dvori\u0161\u010da, vhode, dovoze in okolico hi\u0161e<br \/>\n\u2714 Ve\u010dje povr\u0161ine, kot so parkiri\u0161\u010da, skladi\u0161\u010da in gradbi\u0161\u010da<br \/>\n\u2714 Po\u010ditni\u0161ke hi\u0161e, nepremi\u010dnine za oddajo ali vikendice<br \/>\n\u2714 Nadzor brez mrtvih kotov \u2013 brez potrebe po premikanju kamere<\/p>\n","protected":false},"excerpt":{"rendered":"<p>8MP kamera z baterijo za ponovno polnjenje ponuja brez\u017ei\u010dni nadzor, je odporna na vremenske vplive in omogo\u010da no\u010dno barvno snemanje. Povezuje se z WiFi in se lahko napaja preko solarne plo\u0161\u010de.<\/p>\n","protected":false},"featured_media":1878,"template":"","meta":{"order-bump-settings":[],"_wpfnl_thankyou_order_overview":"on","_wpfnl_thankyou_order_details":"on","_wpfnl_thankyou_billing_details":"on","_wpfnl_thankyou_shipping_details":"on"},"product_brand":[140],"product_cat":[107,109],"product_tag":[80,82,145,97],"class_list":{"0":"post-1870","1":"product","2":"type-product","3":"status-publish","4":"has-post-thumbnail","6":"product_brand-reolink","7":"product_cat-baterije-in-solarne-kamere","8":"product_cat-wifi-kamere","9":"product_tag-8mp","10":"product_tag-argus","11":"product_tag-brezzicne-wifi-kamere","12":"product_tag-reolink","14":"first","15":"instock","16":"sale","17":"featured","18":"taxable","19":"shipping-taxable","20":"purchasable","21":"product-type-simple"},"bundled_by":[],"bundle_stock_status":"instock","bundle_stock_quantity":6,"bundle_virtual":false,"bundle_layout":"","bundle_add_to_cart_form_location":"","bundle_editable_in_cart":false,"bundle_sold_individually_context":"","bundle_item_grouping":"","bundle_min_size":"","bundle_max_size":"","bundle_price":[],"bundled_items":[],"bundle_sell_ids":[],"_links":{"self":[{"href":"https:\/\/alex.shop\/si\/wp-json\/wp\/v2\/product\/1870","targetHints":{"allow":["GET"]}}],"collection":[{"href":"https:\/\/alex.shop\/si\/wp-json\/wp\/v2\/product"}],"about":[{"href":"https:\/\/alex.shop\/si\/wp-json\/wp\/v2\/types\/product"}],"version-history":[{"count":1,"href":"https:\/\/alex.shop\/si\/wp-json\/wp\/v2\/product\/1870\/revisions"}],"predecessor-version":[{"id":1879,"href":"https:\/\/alex.shop\/si\/wp-json\/wp\/v2\/product\/1870\/revisions\/1879"}],"wp:featuredmedia":[{"embeddable":true,"href":"https:\/\/alex.shop\/si\/wp-json\/wp\/v2\/media\/1878"}],"wp:attachment":[{"href":"https:\/\/alex.shop\/si\/wp-json\/wp\/v2\/media?parent=1870"}],"wp:term":[{"taxonomy":"product_brand","embeddable":true,"href":"https:\/\/alex.shop\/si\/wp-json\/wp\/v2\/product_brand?post=1870"},{"taxonomy":"product_cat","embeddable":true,"href":"https:\/\/alex.shop\/si\/wp-json\/wp\/v2\/product_cat?post=1870"},{"taxonomy":"product_tag","embeddable":true,"href":"https:\/\/alex.shop\/si\/wp-json\/wp\/v2\/product_tag?post=1870"}],"curies":[{"name":"wp","href":"https:\/\/api.w.org\/{rel}","templated":true}]}}