{"id":1880,"date":"2025-07-08T10:14:26","date_gmt":"2025-07-08T08:14:26","guid":{"rendered":"https:\/\/alex.shop\/si\/?post_type=product&#038;p=1880"},"modified":"2026-04-22T15:54:55","modified_gmt":"2026-04-22T13:54:55","slug":"reolink-b660-atlas-pt-ultra-brezzicna-wi-fi-kamera-z-avtomatskim-vrtenjem","status":"publish","type":"product","link":"https:\/\/alex.shop\/si\/reolink-b660-atlas-pt-ultra-brezzicna-wi-fi-kamera-z-avtomatskim-vrtenjem\/","title":{"rendered":"Reolink B660 (Atlas PT Ultra) \u2013 brez\u017ei\u010dna Wi\u2011Fi kamera z avtomatskim vrtenjem"},"content":{"rendered":"<p><img fetchpriority=\"high\" decoding=\"async\" class=\"aligncenter size-full wp-image-33408\" src=\"https:\/\/alex.shop\/wp-content\/uploads\/2025\/05\/Reolink-B660-Altas-PT-Ultra-2.jpg\" alt=\"\" width=\"1464\" height=\"600\" \/><\/p>\n<h2><strong>Reolink B660<\/strong><\/h2>\n<p>Brez\u017ei\u010dna WiFi nadzorna kamera z lo\u010dljivostjo 4K, 360 \u00b0 avtomatskim sledenjem, predsnemanje in naprednim barvnim no\u010dnim vidom.<\/p>\n<p><img decoding=\"async\" class=\"aligncenter size-full wp-image-33403\" src=\"https:\/\/alex.shop\/wp-content\/uploads\/2025\/05\/Reolink-B660-Altas-PT-Ultra.jpg\" alt=\"\" width=\"1418\" height=\"715\" \/><\/p>\n<p><strong>Reolink<\/strong><br \/>\nB660 je popolnoma brez\u017ei\u010dna nadzorna kamera, ki zdru\u017euje polnilno baterijo in son\u010dno energijo, kar omogo\u010da, da jo postavite kjerkoli &#8211; brez vrtanja, brez elektri\u010dnih vti\u010dnic in brez skrbi za kable. Ta pametna kamera je zasnovana za zanesljivo sledenje 4K podnevi in pono\u010di, s samodejnim vrtenjem in nagibom za popolno pokritost.<\/p>\n<p><img decoding=\"async\" class=\"aligncenter size-full wp-image-33413\" src=\"https:\/\/alex.shop\/wp-content\/uploads\/2025\/05\/Reolink-B660-Altas-PT-Ultra-4.jpg\" alt=\"\" width=\"1464\" height=\"600\" \/><\/p>\n<p><strong>Pametno vrtenje in samodejno sledenje<\/strong><br \/>\nReolink B660 omogo\u010da do 360\u00b0 vodoravno vrtenje in navpi\u010dno nagibanje, kar odpravlja mrtve kote in omogo\u010da sledenje celotnemu prostoru. Kamera inteligentno sledi ljudem in vozilom z uporabo naprednih algoritmov za zaznavanje gibanja. Ne glede na to, ali se premika z leve, desne, spredaj ali zadaj \u2013 fotoaparat se bo samodejno osredoto\u010dil nanj.<\/p>\n<p><img loading=\"lazy\" decoding=\"async\" class=\"aligncenter size-full wp-image-33418\" src=\"https:\/\/alex.shop\/wp-content\/uploads\/2025\/05\/Reolink-B660-Altas-PT-Ultra-6.jpg\" alt=\"\" width=\"1464\" height=\"600\" \/><\/p>\n<p><strong>4K ColorX Night Vision \u2013 izjemna jasnost v vseh pogojih<\/strong><br \/>\nZahvaljujo\u010d tehnologiji ColorX B660 zagotavlja no\u010dni pogled v \u017eivahnih barvah in neverjetnih podrobnostih. V kombinaciji z naprednim senzorjem in lo\u010dljivostjo 4K kamera zajame ostre slike tudi v slabih svetlobnih pogojih \u2013 brez potrebe po dodatnih svetlobnih virih.<\/p>\n<p><img loading=\"lazy\" decoding=\"async\" class=\"aligncenter size-full wp-image-33423\" src=\"https:\/\/alex.shop\/wp-content\/uploads\/2025\/05\/Reolink-B660-Altas-PT-Ultra-3.jpg\" alt=\"\" width=\"1454\" height=\"522\" \/><\/p>\n<p><strong>Pametno predhodno fotografiranje \u2013 nikoli ne zamudite za\u010detka dogodka B660<\/strong><br \/>\nzagotavlja do 10 sekund predhodnega fotografiranja, kar pomeni, da fotoaparat za\u010dne snemati, \u0161e preden je zaznano gibanje. To zajema celoten kontekst dogodka, kar je izjemno uporabno v incidentnih situacijah.<\/p>\n<p><strong>500 dni avtonomije z enim polnjenjem<\/strong><br \/>\nZ baterijo, zasnovano za dolgotrajno uporabo, lahko Reolink B660 deluje do 500 dni z enim polnjenjem, dodatno napajanje s son\u010dno energijo pa omogo\u010da prakti\u010dno neomejeno uporabo brez potrebe po pogostem polnjenju.<\/p>\n<p><img loading=\"lazy\" decoding=\"async\" class=\"aligncenter size-full wp-image-33428\" src=\"https:\/\/alex.shop\/wp-content\/uploads\/2025\/05\/Reolink-B660-Altas-PT-Ultra-5.jpg\" alt=\"\" width=\"1464\" height=\"600\" \/><\/p>\n<p>&nbsp;<\/p>\n<h3><strong>Wi\u2011Fi 6 za stabilno in hitro povezavo<\/strong><\/h3>\n<p>Z najnovej\u0161o Wi\u2011Fi 6 tehnologijo kamera <strong>Reolink B660 (Atlas PT Ultra)<\/strong> omogo\u010da hitrej\u0161i prenos podatkov, ve\u010djo stabilnost povezave in teko\u010de predvajanje v \u017eivo \u2013 brez prekinitev. Idealna re\u0161itev za oddaljen nadzor prek aplikacije.<\/p>\n<h3><strong>Dvosmerna komunikacija in pametna obvestila<\/strong><\/h3>\n<p>Tako kot ostali Reolink modeli tudi B660 podpira dvosmerni zvok \u2013 sli\u0161ite lahko dogajanje in govorite neposredno prek aplikacije. Ob zaznavi gibanja kamera samodejno po\u0161lje push obvestilo, e\u2011po\u0161tno opozorilo, spro\u017ei sireno ali predvaja prilagojeno zvo\u010dno sporo\u010dilo.<\/p>\n<div id='gallery-1' class='gallery galleryid-1880 gallery-columns-2 gallery-size-full'><figure class='gallery-item'>\n\t\t\t<div class='gallery-icon landscape'>\n\t\t\t\t<img loading=\"lazy\" decoding=\"async\" width=\"800\" height=\"448\" src=\"https:\/\/alex.shop\/si\/files\/2025\/07\/reolink-altas.webp\" class=\"attachment-full size-full\" alt=\"\" srcset=\"https:\/\/alex.shop\/si\/files\/2025\/07\/reolink-altas.webp 800w, https:\/\/alex.shop\/si\/files\/2025\/07\/reolink-altas-300x168.webp 300w, https:\/\/alex.shop\/si\/files\/2025\/07\/reolink-altas-768x430.webp 768w, https:\/\/alex.shop\/si\/files\/2025\/07\/reolink-altas-441x247.webp 441w, https:\/\/alex.shop\/si\/files\/2025\/07\/reolink-altas-600x336.webp 600w, https:\/\/alex.shop\/si\/files\/2025\/07\/reolink-altas-150x84.webp 150w\" sizes=\"(max-width: 800px) 100vw, 800px\" \/>\n\t\t\t<\/div><\/figure><figure class='gallery-item'>\n\t\t\t<div class='gallery-icon landscape'>\n\t\t\t\t<img loading=\"lazy\" decoding=\"async\" width=\"800\" height=\"343\" src=\"https:\/\/alex.shop\/si\/files\/2025\/07\/reolink-altas-2.webp\" class=\"attachment-full size-full\" alt=\"\" srcset=\"https:\/\/alex.shop\/si\/files\/2025\/07\/reolink-altas-2.webp 800w, https:\/\/alex.shop\/si\/files\/2025\/07\/reolink-altas-2-300x129.webp 300w, https:\/\/alex.shop\/si\/files\/2025\/07\/reolink-altas-2-768x329.webp 768w, https:\/\/alex.shop\/si\/files\/2025\/07\/reolink-altas-2-441x189.webp 441w, https:\/\/alex.shop\/si\/files\/2025\/07\/reolink-altas-2-600x257.webp 600w, https:\/\/alex.shop\/si\/files\/2025\/07\/reolink-altas-2-150x64.webp 150w\" sizes=\"(max-width: 800px) 100vw, 800px\" \/>\n\t\t\t<\/div><\/figure>\n\t\t<\/div>\n\n<h3><strong>Shranjevanje posnetkov in dostop v realnem \u010dasu<\/strong><\/h3>\n<p>Posnetke lahko shranite lokalno na microSD kartico (do 512\u202fGB) ali na Reolink snemalnik. Do kamere lahko kadar koli dostopate prek Reolink aplikacije za pametne telefone (iOS\/Android) ali ra\u010dunalnike (Windows\/Mac).<\/p>\n<h3><strong>Odli\u010dna izbira za:<\/strong><\/h3>\n<p>\u2714 Dvori\u0161\u010da, vhode, gara\u017ee, po\u010ditni\u0161ke hi\u0161e, gradbi\u0161\u010da ali nepremi\u010dnine za oddajo<br \/>\n\u2714 Notranji in zunanji nadzor \u2013 zahvaljujo\u010d odpornosti na vremenske razmere<\/p>\n<h3><strong>Opomba:<\/strong><\/h3>\n<p>\u010ce \u017eelite neprekinjeno snemanje 24 ur na dan, priporo\u010damo nakup naprednega Reolink 12\u202fW son\u010dnega panela, ki omogo\u010da dvakrat hitrej\u0161e in u\u010dinkovitej\u0161e polnjenje v primerjavi s standardnim 6\u202fW panelom.<\/p>\n","protected":false},"excerpt":{"rendered":"<p>Reolink B660 je brez\u017ei\u010dna 4K nadzorna kamera s polnilno baterijo in mo\u017enostjo napajanja prek son\u010dne energije. Nudi popoln pregled okolice s 360\u00b0 vrtenjem in samodejnim sledenjem gibanja.<br \/>\nZ napredno ColorX tehnologijo za no\u010dni vid v barvah, predsnemanjem 10\u202fsekund pred zaznanim dogodkom ter podporo za Wi\u2011Fi 6, zagotavlja vrhunsko varnost \u2013 podnevi in pono\u010di.<\/p>\n","protected":false},"featured_media":1891,"template":"","meta":{"order-bump-settings":[],"_wpfnl_thankyou_order_overview":"on","_wpfnl_thankyou_order_details":"on","_wpfnl_thankyou_billing_details":"on","_wpfnl_thankyou_shipping_details":"on"},"product_brand":[140],"product_cat":[107,109],"product_tag":[80,82,145,111],"class_list":{"0":"post-1880","1":"product","2":"type-product","3":"status-publish","4":"has-post-thumbnail","6":"product_brand-reolink","7":"product_cat-baterije-in-solarne-kamere","8":"product_cat-wifi-kamere","9":"product_tag-8mp","10":"product_tag-argus","11":"product_tag-brezzicne-wifi-kamere","12":"product_tag-vrtljive-kamere","14":"first","15":"instock","16":"sale","17":"taxable","18":"shipping-taxable","19":"purchasable","20":"product-type-simple"},"bundled_by":[],"bundle_stock_status":"instock","bundle_stock_quantity":5,"bundle_virtual":false,"bundle_layout":"","bundle_add_to_cart_form_location":"","bundle_editable_in_cart":false,"bundle_sold_individually_context":"","bundle_item_grouping":"","bundle_min_size":"","bundle_max_size":"","bundle_price":[],"bundled_items":[],"bundle_sell_ids":[],"_links":{"self":[{"href":"https:\/\/alex.shop\/si\/wp-json\/wp\/v2\/product\/1880","targetHints":{"allow":["GET"]}}],"collection":[{"href":"https:\/\/alex.shop\/si\/wp-json\/wp\/v2\/product"}],"about":[{"href":"https:\/\/alex.shop\/si\/wp-json\/wp\/v2\/types\/product"}],"version-history":[{"count":2,"href":"https:\/\/alex.shop\/si\/wp-json\/wp\/v2\/product\/1880\/revisions"}],"predecessor-version":[{"id":1884,"href":"https:\/\/alex.shop\/si\/wp-json\/wp\/v2\/product\/1880\/revisions\/1884"}],"wp:featuredmedia":[{"embeddable":true,"href":"https:\/\/alex.shop\/si\/wp-json\/wp\/v2\/media\/1891"}],"wp:attachment":[{"href":"https:\/\/alex.shop\/si\/wp-json\/wp\/v2\/media?parent=1880"}],"wp:term":[{"taxonomy":"product_brand","embeddable":true,"href":"https:\/\/alex.shop\/si\/wp-json\/wp\/v2\/product_brand?post=1880"},{"taxonomy":"product_cat","embeddable":true,"href":"https:\/\/alex.shop\/si\/wp-json\/wp\/v2\/product_cat?post=1880"},{"taxonomy":"product_tag","embeddable":true,"href":"https:\/\/alex.shop\/si\/wp-json\/wp\/v2\/product_tag?post=1880"}],"curies":[{"name":"wp","href":"https:\/\/api.w.org\/{rel}","templated":true}]}}