{"id":1904,"date":"2025-07-10T14:49:36","date_gmt":"2025-07-10T12:49:36","guid":{"rendered":"https:\/\/alex.shop\/si\/?post_type=product&#038;p=1904"},"modified":"2026-05-08T15:31:41","modified_gmt":"2026-05-08T13:31:41","slug":"hitri-polnilec-za-vse-naprave-baseus-pro-desk-100w","status":"publish","type":"product","link":"https:\/\/alex.shop\/si\/hitri-polnilec-za-vse-naprave-baseus-pro-desk-100w\/","title":{"rendered":"Hitri polnilec za vse naprave \u2013 Baseus Pro Desk 100W"},"content":{"rendered":"<h3><strong>Hitro polnjenje za telefone, prenosnike in tablice \u2013 Baseus Pro Desk 100W GaN<\/strong><\/h3>\n<div id='gallery-1' class='gallery galleryid-1904 gallery-columns-2 gallery-size-full'><figure class='gallery-item'>\n\t\t\t<div class='gallery-icon portrait'>\n\t\t\t\t<a href='https:\/\/alex.shop\/si\/files\/2025\/07\/Baseus-GaN3-Pro-100W-5.webp'><img fetchpriority=\"high\" decoding=\"async\" width=\"930\" height=\"1380\" src=\"https:\/\/alex.shop\/si\/files\/2025\/07\/Baseus-GaN3-Pro-100W-5.webp\" class=\"attachment-full size-full\" alt=\"\" srcset=\"https:\/\/alex.shop\/si\/files\/2025\/07\/Baseus-GaN3-Pro-100W-5.webp 930w, https:\/\/alex.shop\/si\/files\/2025\/07\/Baseus-GaN3-Pro-100W-5-202x300.webp 202w, https:\/\/alex.shop\/si\/files\/2025\/07\/Baseus-GaN3-Pro-100W-5-690x1024.webp 690w, https:\/\/alex.shop\/si\/files\/2025\/07\/Baseus-GaN3-Pro-100W-5-768x1140.webp 768w, https:\/\/alex.shop\/si\/files\/2025\/07\/Baseus-GaN3-Pro-100W-5-441x654.webp 441w, https:\/\/alex.shop\/si\/files\/2025\/07\/Baseus-GaN3-Pro-100W-5-600x890.webp 600w, https:\/\/alex.shop\/si\/files\/2025\/07\/Baseus-GaN3-Pro-100W-5-150x223.webp 150w\" sizes=\"(max-width: 930px) 100vw, 930px\" \/><\/a>\n\t\t\t<\/div><\/figure><figure class='gallery-item'>\n\t\t\t<div class='gallery-icon portrait'>\n\t\t\t\t<a href='https:\/\/alex.shop\/si\/files\/2025\/07\/Baseus-GaN3-Pro-100W-2.webp'><img decoding=\"async\" width=\"930\" height=\"1353\" src=\"https:\/\/alex.shop\/si\/files\/2025\/07\/Baseus-GaN3-Pro-100W-2.webp\" class=\"attachment-full size-full\" alt=\"\" srcset=\"https:\/\/alex.shop\/si\/files\/2025\/07\/Baseus-GaN3-Pro-100W-2.webp 930w, https:\/\/alex.shop\/si\/files\/2025\/07\/Baseus-GaN3-Pro-100W-2-206x300.webp 206w, https:\/\/alex.shop\/si\/files\/2025\/07\/Baseus-GaN3-Pro-100W-2-704x1024.webp 704w, https:\/\/alex.shop\/si\/files\/2025\/07\/Baseus-GaN3-Pro-100W-2-768x1117.webp 768w, https:\/\/alex.shop\/si\/files\/2025\/07\/Baseus-GaN3-Pro-100W-2-441x642.webp 441w, https:\/\/alex.shop\/si\/files\/2025\/07\/Baseus-GaN3-Pro-100W-2-600x873.webp 600w, https:\/\/alex.shop\/si\/files\/2025\/07\/Baseus-GaN3-Pro-100W-2-150x218.webp 150w\" sizes=\"(max-width: 930px) 100vw, 930px\" \/><\/a>\n\t\t\t<\/div><\/figure>\n\t\t<\/div>\n\n<h3>Mo\u010dno, hitro in varno polnjenje do 5 naprav hkrati<\/h3>\n<p>Napajajte svoje naprave hitro, u\u010dinkovito in zanesljivo s pametnim GaN3 Pro polnilcem in podalj\u0161kom Baseus. Opremljen je s kar \u0161tirimi USB priklju\u010dki (2x USB-C in 2x USB-A) ter dodatno AC vti\u010dnico, kar omogo\u010da polnjenje do 5 naprav isto\u010dasno \u2013 z najve\u010djo mo\u010djo do 100 W. V kompletu je prilo\u017een tudi USB-C na USB-C kabel, popoln za hitro napajanje va\u0161ih naprav.<\/p>\n<h3>Hitro polnjenje brez \u010dakanja<\/h3>\n<p>Pozabite na dolgotrajno polnjenje telefona, tablice ali prenosnika!<br \/>\nBaseus GaN3 Pro podpira hitro polnjenje z mo\u010djo do 100 W \u2013 dovolj, da MacBook Pro 16\u2033 napolni do 100 % v pribli\u017eno dveh urah. Prilo\u017eeni kabel (USB-C, 100W, 20V\/5A) omogo\u010da hitro polnjenje tudi naprav, kot so iPhone 16 Pro Max ali Samsung S25 Ultra \u2013 hitro, varno in brez prekinitev.<\/p>\n<p><img decoding=\"async\" class=\"aligncenter size-full wp-image-34756\" src=\"https:\/\/alex.shop\/wp-content\/uploads\/2025\/07\/Baseus-GaN3-Pro-100W-12.jpg\" alt=\"\" width=\"1830\" height=\"508\" \/><\/p>\n<h3>Ve\u010d priklju\u010dkov, ve\u010d mo\u017enosti<\/h3>\n<p>Imate ve\u010d naprav za polnjenje? Ni problema!<br \/>\nPolnilec ponuja:<\/p>\n<ul>\n<li>2x USB-C<\/li>\n<li>2x USB-A<\/li>\n<li>1x AC vti\u010dnico za projektor, ventilator ali grelnik vode<\/li>\n<\/ul>\n<p>Vse v eni napravi \u2013 z najve\u010djo mo\u010djo polnjenja in popolno za\u0161\u010dito. Odli\u010den za doma\u010do pisarno, potovanja ali vsakodnevno uporabo.<\/p>\n<p><img loading=\"lazy\" decoding=\"async\" class=\"aligncenter size-full wp-image-34791\" src=\"https:\/\/alex.shop\/wp-content\/uploads\/2025\/07\/Baseus-GaN3-Pro-100W-7.webp\" sizes=\"(max-width: 930px) 100vw, 930px\" srcset=\"https:\/\/alex.shop\/wp-content\/uploads\/2025\/07\/Baseus-GaN3-Pro-100W-7.webp 930w, https:\/\/alex.shop\/wp-content\/uploads\/2025\/07\/Baseus-GaN3-Pro-100W-7-234x300.webp 234w, https:\/\/alex.shop\/wp-content\/uploads\/2025\/07\/Baseus-GaN3-Pro-100W-7-800x1024.webp 800w, https:\/\/alex.shop\/wp-content\/uploads\/2025\/07\/Baseus-GaN3-Pro-100W-7-768x984.webp 768w, https:\/\/alex.shop\/wp-content\/uploads\/2025\/07\/Baseus-GaN3-Pro-100W-7-441x565.webp 441w, https:\/\/alex.shop\/wp-content\/uploads\/2025\/07\/Baseus-GaN3-Pro-100W-7-600x768.webp 600w, https:\/\/alex.shop\/wp-content\/uploads\/2025\/07\/Baseus-GaN3-Pro-100W-7-150x192.webp 150w\" alt=\"\" width=\"930\" height=\"1191\" \/><\/p>\n<h3>Pametna za\u0161\u010dita in vzdr\u017eljivost<\/h3>\n<p>Zahvaljujo\u010d napredni GaN3 Pro tehnologiji naprava ponuja:<\/p>\n<ul>\n<li>Vi\u0161jo energijsko u\u010dinkovitost<\/li>\n<li>Manj\u0161e dimenzije in ni\u017ejo te\u017eo<\/li>\n<li>Ve\u010dplastno za\u0161\u010dito pred pregrevanjem, prenapetostjo in elektri\u010dnimi sunki<\/li>\n<\/ul>\n<p>Baseus GaN3 Pro je izdelan iz visokokakovostnih, toplotno odpornih in vzdr\u017eljivih materialov, kar zagotavlja varno uporabo v vseh pogojih.<\/p>\n<div style=\"width: 1170px;\" class=\"wp-video\"><video class=\"wp-video-shortcode\" id=\"video-1904-1\" width=\"1170\" height=\"658\" preload=\"metadata\" controls=\"controls\"><source type=\"video\/mp4\" src=\"https:\/\/alex.shop\/si\/files\/2025\/07\/Baseus-100W-charger.mp4?_=1\" \/><a href=\"https:\/\/alex.shop\/si\/files\/2025\/07\/Baseus-100W-charger.mp4\">https:\/\/alex.shop\/si\/files\/2025\/07\/Baseus-100W-charger.mp4<\/a><\/video><\/div>\n<h3>Tehni\u010dne specifikacije<\/h3>\n<ul>\n<li><strong>Najve\u010dja izhodna mo\u010d:<\/strong> 100 W<\/li>\n<li><strong>Vhodna napetost:<\/strong> AC 200\u2013240V, 50\/60Hz, maks. 2,5 A<\/li>\n<li><strong>Nazivna mo\u010d:<\/strong> do 4000 W<\/li>\n<li><strong>Nazivni tok:<\/strong> do 16 A<\/li>\n<li><strong>Dol\u017eina kabla:<\/strong> 1,5 m<\/li>\n<li><strong>Priklju\u010dki:<\/strong> 2x USB-C, 2x USB-A, 1x AC vti\u010dnica<\/li>\n<li><strong>Vsebina kompleta:<\/strong> USB-C na USB-C kabel (100W, 1 m)<\/li>\n<\/ul>\n<h4>Izhodi:<\/h4>\n<ul>\n<li><strong>USB-C1 \/ USB-C2:<\/strong> do 100W (5V\u201320V \/ 3A\u20135A)<\/li>\n<li><strong>USB-A1 \/ USB-A2:<\/strong> do 60W (5V\u201320V \/ 3A)<\/li>\n<\/ul>\n<h4>Kombinirani izhodi:<\/h4>\n<ul>\n<li><strong>USB-C1 + USB-C2:<\/strong> 65W + 30W<\/li>\n<li><strong>USB-C1 + USB-C2 + USB-A1\/2:<\/strong> 60W + 20W + 18W<\/li>\n<li><strong>USB-C1 + USB-C2 + (USB-A1 + USB-A2):<\/strong> 60W + 20W + 15W<\/li>\n<\/ul>\n<h3><img loading=\"lazy\" decoding=\"async\" class=\"aligncenter size-full wp-image-34776\" src=\"https:\/\/alex.shop\/wp-content\/uploads\/2025\/07\/Baseus-GaN3-Pro-100W-22.jpg\" alt=\"\" width=\"800\" height=\"800\" \/><\/h3>\n<h3>Zakaj izbrati Baseus GaN3 Pro?<\/h3>\n<p>\u2714 GaN3 Pro \u2013 manj\u0161i, zmogljivej\u0161i in hitrej\u0161i<br \/>\n\u2714 Polni do 5 naprav hkrati, vklju\u010dno s prenosniki<br \/>\n\u2714 Pametna za\u0161\u010dita in varna uporaba<br \/>\n\u2714 Vklju\u010den USB-C kabel (100W)<br \/>\n\u2714 Eleganten in kompakten dizajn<\/p>\n<p><img loading=\"lazy\" decoding=\"async\" class=\"aligncenter size-full wp-image-34821\" src=\"https:\/\/alex.shop\/wp-content\/uploads\/2025\/07\/Baseus-GaN3-Pro-100W.webp\" sizes=\"(max-width: 930px) 100vw, 930px\" srcset=\"https:\/\/alex.shop\/wp-content\/uploads\/2025\/07\/Baseus-GaN3-Pro-100W.webp 930w, https:\/\/alex.shop\/wp-content\/uploads\/2025\/07\/Baseus-GaN3-Pro-100W-211x300.webp 211w, https:\/\/alex.shop\/wp-content\/uploads\/2025\/07\/Baseus-GaN3-Pro-100W-719x1024.webp 719w, https:\/\/alex.shop\/wp-content\/uploads\/2025\/07\/Baseus-GaN3-Pro-100W-768x1093.webp 768w, https:\/\/alex.shop\/wp-content\/uploads\/2025\/07\/Baseus-GaN3-Pro-100W-441x628.webp 441w, https:\/\/alex.shop\/wp-content\/uploads\/2025\/07\/Baseus-GaN3-Pro-100W-600x854.webp 600w, https:\/\/alex.shop\/wp-content\/uploads\/2025\/07\/Baseus-GaN3-Pro-100W-150x214.webp 150w\" alt=\"\" width=\"930\" height=\"1324\" \/><\/p>\n","protected":false},"excerpt":{"rendered":"<p>Baseus GaN3 Pro je vsestranski polnilec in podalj\u0161ek, ki omogo\u010da hitro in varno polnjenje do 5 naprav hkrati \u2013 z mo\u010djo do 100 W. Opremljen je z 2x USB-C, 2x USB-A priklju\u010dkoma in dodatno AC vti\u010dnico. V kompletu je prilo\u017een tudi USB-C kabel (100W). Zahvaljujo\u010d napredni GaN3 Pro tehnologiji in ve\u010dslojni za\u0161\u010diti je idealna izbira za doma\u010do, pisarni\u0161ko ali potovalno uporabo.<\/p>\n","protected":false},"featured_media":1908,"template":"","meta":{"order-bump-settings":[],"_wpfnl_thankyou_order_overview":"on","_wpfnl_thankyou_order_details":"on","_wpfnl_thankyou_billing_details":"on","_wpfnl_thankyou_shipping_details":"on"},"product_brand":[142],"product_cat":[108,54,121],"product_tag":[149],"class_list":{"0":"post-1904","1":"product","2":"type-product","3":"status-publish","4":"has-post-thumbnail","6":"product_brand-alex","7":"product_cat-pametni-dom","8":"product_cat-smart-home","9":"product_cat-vticnice","10":"product_tag-baseus","12":"first","13":"instock","14":"taxable","15":"shipping-taxable","16":"purchasable","17":"product-type-simple"},"bundled_by":[],"bundle_stock_status":"instock","bundle_stock_quantity":3,"bundle_virtual":false,"bundle_layout":"","bundle_add_to_cart_form_location":"","bundle_editable_in_cart":false,"bundle_sold_individually_context":"","bundle_item_grouping":"","bundle_min_size":"","bundle_max_size":"","bundle_price":[],"bundled_items":[],"bundle_sell_ids":[],"_links":{"self":[{"href":"https:\/\/alex.shop\/si\/wp-json\/wp\/v2\/product\/1904","targetHints":{"allow":["GET"]}}],"collection":[{"href":"https:\/\/alex.shop\/si\/wp-json\/wp\/v2\/product"}],"about":[{"href":"https:\/\/alex.shop\/si\/wp-json\/wp\/v2\/types\/product"}],"version-history":[{"count":2,"href":"https:\/\/alex.shop\/si\/wp-json\/wp\/v2\/product\/1904\/revisions"}],"predecessor-version":[{"id":1914,"href":"https:\/\/alex.shop\/si\/wp-json\/wp\/v2\/product\/1904\/revisions\/1914"}],"wp:featuredmedia":[{"embeddable":true,"href":"https:\/\/alex.shop\/si\/wp-json\/wp\/v2\/media\/1908"}],"wp:attachment":[{"href":"https:\/\/alex.shop\/si\/wp-json\/wp\/v2\/media?parent=1904"}],"wp:term":[{"taxonomy":"product_brand","embeddable":true,"href":"https:\/\/alex.shop\/si\/wp-json\/wp\/v2\/product_brand?post=1904"},{"taxonomy":"product_cat","embeddable":true,"href":"https:\/\/alex.shop\/si\/wp-json\/wp\/v2\/product_cat?post=1904"},{"taxonomy":"product_tag","embeddable":true,"href":"https:\/\/alex.shop\/si\/wp-json\/wp\/v2\/product_tag?post=1904"}],"curies":[{"name":"wp","href":"https:\/\/api.w.org\/{rel}","templated":true}]}}