{"id":2611,"date":"2026-04-27T08:41:01","date_gmt":"2026-04-27T06:41:01","guid":{"rendered":"https:\/\/alex.shop\/si\/?post_type=product&#038;p=2611"},"modified":"2026-04-27T08:47:04","modified_gmt":"2026-04-27T06:47:04","slug":"reolink-b10-razvodna-omarica-rla-jbs1","status":"publish","type":"product","link":"https:\/\/alex.shop\/si\/reolink-b10-razvodna-omarica-rla-jbs1\/","title":{"rendered":"Reolink B10 razvodna omarica (RLA-JBS1)"},"content":{"rendered":"<p>Razvodna omarica Reolink B120 skrije in za\u0161\u010diti kable va\u0161ih Reolink PoE IP kamer. Zdru\u017eljiva je z naslednjimi Reolink kamerami:<\/p>\n<p>RP-PCB8M, RP-PCB8MZ, RP-PCB12M, RP-PCB8MX, RP-WCB8MZ, P320, P321, P330, P331, P340, P341, P310C, P320C, P321C, P330C, P331C, P431C, P330M, P320XC, P320X, P330X, P750X, W320, W330, W320C, W330C, W320X, W740, Reolink Elite WiFi, Reolink Elite XPro PoE<\/p>\n<p>Kit: RLK8-811B4-A -A RLK8-812B4-A\u00a0 RLK8-1200B4-A\u00a0 RLK8-1212B4-A\u00a0 RLK8-810B4-A RLK8-800B4\u00a0 RLK8-510B4-A RLK8-410B4 RLK8-410B2D2 RLK8-520B2D2<\/p>\n","protected":false},"excerpt":{"rendered":"<p>Priklju\u010dna omarica Reolink B10 skriva in \u0161\u010diti va\u0161e kable na IP kamerah Reolink PoE. Prilega se kameram bullet Reolink<\/p>\n","protected":false},"featured_media":2612,"template":"","meta":{"order-bump-settings":[],"_wpfnl_thankyou_order_overview":"on","_wpfnl_thankyou_order_details":"on","_wpfnl_thankyou_billing_details":"on","_wpfnl_thankyou_shipping_details":"on"},"product_brand":[140],"product_cat":[126],"product_tag":[97],"class_list":{"0":"post-2611","1":"product","2":"type-product","3":"status-publish","4":"has-post-thumbnail","6":"product_brand-reolink","7":"product_cat-dodatki-za-video-nadzor","8":"product_tag-reolink","10":"first","11":"instock","12":"sale","13":"taxable","14":"shipping-taxable","15":"purchasable","16":"product-type-simple"},"bundled_by":[],"bundle_stock_status":"instock","bundle_stock_quantity":22,"bundle_virtual":false,"bundle_layout":"","bundle_add_to_cart_form_location":"","bundle_editable_in_cart":false,"bundle_sold_individually_context":"","bundle_item_grouping":"","bundle_min_size":"","bundle_max_size":"","bundle_price":[],"bundled_items":[],"bundle_sell_ids":[],"_links":{"self":[{"href":"https:\/\/alex.shop\/si\/wp-json\/wp\/v2\/product\/2611","targetHints":{"allow":["GET"]}}],"collection":[{"href":"https:\/\/alex.shop\/si\/wp-json\/wp\/v2\/product"}],"about":[{"href":"https:\/\/alex.shop\/si\/wp-json\/wp\/v2\/types\/product"}],"version-history":[{"count":1,"href":"https:\/\/alex.shop\/si\/wp-json\/wp\/v2\/product\/2611\/revisions"}],"predecessor-version":[{"id":2617,"href":"https:\/\/alex.shop\/si\/wp-json\/wp\/v2\/product\/2611\/revisions\/2617"}],"wp:featuredmedia":[{"embeddable":true,"href":"https:\/\/alex.shop\/si\/wp-json\/wp\/v2\/media\/2612"}],"wp:attachment":[{"href":"https:\/\/alex.shop\/si\/wp-json\/wp\/v2\/media?parent=2611"}],"wp:term":[{"taxonomy":"product_brand","embeddable":true,"href":"https:\/\/alex.shop\/si\/wp-json\/wp\/v2\/product_brand?post=2611"},{"taxonomy":"product_cat","embeddable":true,"href":"https:\/\/alex.shop\/si\/wp-json\/wp\/v2\/product_cat?post=2611"},{"taxonomy":"product_tag","embeddable":true,"href":"https:\/\/alex.shop\/si\/wp-json\/wp\/v2\/product_tag?post=2611"}],"curies":[{"name":"wp","href":"https:\/\/api.w.org\/{rel}","templated":true}]}}