{"id":637,"date":"2025-04-08T13:45:46","date_gmt":"2025-04-08T11:45:46","guid":{"rendered":"https:\/\/alex.shop\/si\/?post_type=product&#038;p=637"},"modified":"2026-02-02T09:14:21","modified_gmt":"2026-02-02T08:14:21","slug":"alex-b2-zunanja-brezzicna-kamera-s-soncno-celico","status":"publish","type":"product","link":"https:\/\/alex.shop\/si\/alex-b2-zunanja-brezzicna-kamera-s-soncno-celico\/","title":{"rendered":"Alex B2 &#8211; brez\u017ei\u010dna kamera + solarni panel"},"content":{"rendered":"<h2>Alex B2 &#8211; Brez\u017ei\u010dna WiFi kamera + son\u010dna plo\u0161\u010da<\/h2>\n<p><img fetchpriority=\"high\" decoding=\"async\" class=\"aligncenter size-full wp-image-30672\" src=\"https:\/\/alex.shop\/wp-content\/uploads\/2025\/01\/alex-b2-solar-2-2.jpg\" alt=\"\" width=\"973\" height=\"600\" \/><\/p>\n<h4>Brez\u017ei\u010dna baterija WiFi nadzorna kamera<\/h4>\n<p>Brez \u017eic, postavite ga kjerkoli. Polnilna baterija in WiFi omogo\u010data, da Alex B2 deluje popolnoma brez \u017eic. Ni elektri\u010dnega omre\u017eja ali napajalnega kabla, vrtanja in ni potrebe po elektri\u010dni vti\u010dnici. Lahko ga postavite kjerkoli, pred vhodnimi vrati, na vrtu, na za\u010dasnem gradbi\u0161\u010du. Poganja ga son\u010dna plo\u0161\u010da in v svojem dosegu potrebuje le WiFi.<\/p>\n<h4>Baterija za polnjenje<\/h4>\n<p>Kamera Alex B2 je opremljena z vgrajeno baterijo 5000mAh, ki se polni prek\u00a0<strong>son\u010dne plo\u0161\u010de, ki je vklju\u010dena v paket.<\/strong><\/p>\n<h4>Son\u010dna plo\u0161\u010da Alex B2<\/h4>\n<p>V paketu je son\u010dna plo\u0161\u010da. Preprosto namestite son\u010dno plo\u0161\u010do, odporno na vremenske vplive, da pove\u010date izpostavljenost son\u010dni svetlobi.<\/p>\n<p><img decoding=\"async\" class=\"aligncenter size-full wp-image-30648\" src=\"https:\/\/alex.shop\/wp-content\/uploads\/2025\/01\/alex-b2-night.jpg\" alt=\"\" width=\"973\" height=\"600\" \/><\/p>\n<h4>3MP podnevi in pono\u010di<\/h4>\n<p>Oglejte si do zadnje podrobnosti s kakovostjo videa 3MP. Omogo\u010da jasnej\u0161i in ostrej\u0161i pogled kot kamere 720p. Z napredno tehnologijo 3 milijone slikovnih pik kamera Alex B2 prikazuje podrobnosti v slabih svetlobnih pogojih (do 10 metrov) brez dodatne osvetlitve. Kamera ima tudi\u00a0<strong>vgrajen reflektor<\/strong>, ki se vklopi, ko kamera zazna gibanje.<\/p>\n<h4>Pametni detektor gibanja in takoj\u0161nja obvestila<\/h4>\n<p>Nadzorna kamera Alex B2 z baterijo za polnjenje in \u0161irokim kotom gledanja 110\u00b0 ter zelo ob\u010dutljivim PIR senzorjem gibanja skoraj brez napake zazna vsa \u010dlove\u0161ka gibanja. Ko zazna gibanje, se kamera takoj vklopi in vam po\u0161lje takoj\u0161nja opozorila za odvra\u010danje ne\u017eelenih obiskovalcev.<\/p>\n<ul>\n<li><strong>Potisna obvestila<\/strong><br \/>\nOpozorila s kretnjami neposredno v telefonu.<\/li>\n<li><strong>Kartica SD (izbirno)<\/strong><br \/>\nSnemajte in shranjujte videoposnetke v gibanju na kartico micro SD do 128 GB.<\/li>\n<\/ul>\n<h4>Dvosmerna zvo\u010dna komunikacija<\/h4>\n<p>Poslu\u0161ajte, kaj se dogaja v va\u0161em domu ali zunaj njega, in se pogovarjajte z enim samim dotikom. Z vgrajenim mikrofonom in zvo\u010dnikom lahko komunicirate s starej\u0161imi, otroki, varu\u0161kami, hi\u0161nimi ljubljen\u010dki in opozorite vsakogar, ki ni povabljen.<\/p>\n<h4>Dostop do kamere kadarkoli in kjerkoli<\/h4>\n<p>Nadzor \u0161e nikoli ni bil tako enostaven z brezpla\u010dno aplikacijo Alex Home. Preverite, ali sta va\u0161a dru\u017eina in dom varna kadarkoli in kjerkoli prek pametnih telefonov, naprav iOS in Android. Aplikacija je brezpla\u010dna in ne zahteva naro\u010dnine.<\/p>\n<p>&nbsp;<\/p>\n","protected":false},"excerpt":{"rendered":"<p>Kamera z integriranim solarnim panelom zagotavlja dolgotrajno avtonomijo in zanesljivo snemanje videa. Primerna je za zunanje in notranje prostore, enostavno jo lahko upravljate preko aplikacije Alex Home.<\/p>\n","protected":false},"featured_media":677,"template":"","meta":{"order-bump-settings":[],"_wpfnl_thankyou_order_overview":"on","_wpfnl_thankyou_order_details":"on","_wpfnl_thankyou_billing_details":"on","_wpfnl_thankyou_shipping_details":"on"},"product_brand":[142],"product_cat":[107,108,54],"product_tag":[71,81,145,92,99],"class_list":{"0":"post-637","1":"product","2":"type-product","3":"status-publish","4":"has-post-thumbnail","6":"product_brand-alex","7":"product_cat-baterije-in-solarne-kamere","8":"product_cat-pametni-dom","9":"product_cat-smart-home","10":"product_tag-3mp","11":"product_tag-alex","12":"product_tag-brezzicne-wifi-kamere","13":"product_tag-novo","14":"product_tag-tuya","16":"first","17":"outofstock","18":"featured","19":"taxable","20":"shipping-taxable","21":"purchasable","22":"product-type-simple"},"bundled_by":[],"bundle_stock_status":"outofstock","bundle_stock_quantity":0,"bundle_virtual":false,"bundle_layout":"","bundle_add_to_cart_form_location":"","bundle_editable_in_cart":false,"bundle_sold_individually_context":"","bundle_item_grouping":"","bundle_min_size":"","bundle_max_size":"","bundle_price":[],"bundled_items":[],"bundle_sell_ids":[],"_links":{"self":[{"href":"https:\/\/alex.shop\/si\/wp-json\/wp\/v2\/product\/637","targetHints":{"allow":["GET"]}}],"collection":[{"href":"https:\/\/alex.shop\/si\/wp-json\/wp\/v2\/product"}],"about":[{"href":"https:\/\/alex.shop\/si\/wp-json\/wp\/v2\/types\/product"}],"version-history":[{"count":3,"href":"https:\/\/alex.shop\/si\/wp-json\/wp\/v2\/product\/637\/revisions"}],"predecessor-version":[{"id":1647,"href":"https:\/\/alex.shop\/si\/wp-json\/wp\/v2\/product\/637\/revisions\/1647"}],"wp:featuredmedia":[{"embeddable":true,"href":"https:\/\/alex.shop\/si\/wp-json\/wp\/v2\/media\/677"}],"wp:attachment":[{"href":"https:\/\/alex.shop\/si\/wp-json\/wp\/v2\/media?parent=637"}],"wp:term":[{"taxonomy":"product_brand","embeddable":true,"href":"https:\/\/alex.shop\/si\/wp-json\/wp\/v2\/product_brand?post=637"},{"taxonomy":"product_cat","embeddable":true,"href":"https:\/\/alex.shop\/si\/wp-json\/wp\/v2\/product_cat?post=637"},{"taxonomy":"product_tag","embeddable":true,"href":"https:\/\/alex.shop\/si\/wp-json\/wp\/v2\/product_tag?post=637"}],"curies":[{"name":"wp","href":"https:\/\/api.w.org\/{rel}","templated":true}]}}