{"id":640,"date":"2025-04-08T13:45:46","date_gmt":"2025-04-08T11:45:46","guid":{"rendered":"https:\/\/alex.shop\/si\/?post_type=product&#038;p=640"},"modified":"2026-02-02T09:14:21","modified_gmt":"2026-02-02T08:14:21","slug":"pametna-kljucavnica","status":"publish","type":"product","link":"https:\/\/alex.shop\/si\/pametna-kljucavnica\/","title":{"rendered":"Pametna klju\u010davnica"},"content":{"rendered":"<h2 style=\"--tw-border-spacing-x: 0;--tw-border-spacing-y: 0;--tw-translate-x: 0;--tw-translate-y: 0;--tw-rotate: 0;--tw-skew-x: 0;--tw-skew-y: 0;--tw-scale-x: 1;--tw-scale-y: 1;--tw-scroll-snap-strictness: proximity;--tw-ring-offset-width: 0px;--tw-ring-offset-color: #fff;--tw-ring-offset-shadow: 0 0 #0000;--tw-ring-shadow: 0 0 #0000;--tw-shadow: 0 0 #0000;--tw-shadow-colored: 0 0 #0000\">Pametno zaklepanje<\/h2>\n<h2>Pametno zaklepanje z brez\u017ei\u010dno tipkovnico in bralnikom prstnih odtisov<\/h2>\n<p style=\"--tw-border-spacing-x: 0;--tw-border-spacing-y: 0;--tw-translate-x: 0;--tw-translate-y: 0;--tw-rotate: 0;--tw-skew-x: 0;--tw-skew-y: 0;--tw-scale-x: 1;--tw-scale-y: 1;--tw-scroll-snap-strictness: proximity;--tw-ring-offset-width: 0px;--tw-ring-offset-color: #fff;--tw-ring-offset-shadow: 0 0 #0000;--tw-ring-shadow: 0 0 #0000;--tw-shadow: 0 0 #0000;--tw-shadow-colored: 0 0 #0000;color: #444444;font-size: 16px;font-weight: 400\">Pametna klju\u010davnica, ki samodejno odpre ali zapre vrata, je opremljena z brez\u017ei\u010dno tipkovnico, s katero lahko vrata odprete tudi s PIN-om ali prstnim odtisom.<\/p>\n<p><img fetchpriority=\"high\" decoding=\"async\" src=\"https:\/\/alex.shop\/wp-content\/uploads\/2022\/10\/alex-pametna-brava-ulazak-scaled.webp\" alt=\"\" width=\"2560\" height=\"1097\" \/><\/p>\n<p>.form-box img {<br \/>\nmax-width: 100%;<br \/>\ntext-align: center;<br \/>\ndisplay: block;<br \/>\nmargin-left: auto;<br \/>\nmargin-right: auto;<br \/>\n}<br \/>\n.form-box {<br \/>\npadding: 20px;<br \/>\nbackground: #f3f3f3;<br \/>\nborder: 1px solid #ddd;<br \/>\nwidth: 100%;<br \/>\nmargin: 0 auto;<br \/>\ntext-align: center;<br \/>\n}<br \/>\n.page-1-title {<br \/>\nfont-size: 30px;<br \/>\nfont-weight: bold;<br \/>\ncolor: #2D2D2D;<br \/>\nline-height: 45px;<br \/>\n}<br \/>\n.page-1-subtitle {<br \/>\nfont-size: 30px;<br \/>\ncolor: #2D2D2D;<br \/>\nline-height: 45px;<br \/>\n}<br \/>\n.list-box {<br \/>\ndisplay: flex;<br \/>\nflex-direction: row;<br \/>\njustify-content: space-between;<br \/>\ntext-align: center!important;<br \/>\n}<br \/>\n.page-1 .list-box &gt; div {<br \/>\nwidth: 300px;<br \/>\n}<br \/>\n.page-1 .list-box img {<br \/>\nwidth: 65%;<br \/>\n}<br \/>\n.page-2 .list-box,<br \/>\n.page-3 .list-box,<br \/>\n.page-4 .list-box {<br \/>\njustify-content: space-around;<br \/>\n}<br \/>\n.page-2 .list-box &gt; div,<br \/>\n.page-3 .list-box &gt; div {<br \/>\nwidth: 370px;<br \/>\n}<br \/>\n.page-4 .list-box &gt; div {<br \/>\nwidth: 200px;<br \/>\n}<br \/>\n.list-title {<br \/>\nfont-size: 17px;<br \/>\ncolor: #2D2D05;<br \/>\nline-height: 30px;<br \/>\n}<br \/>\n.list-subtitle {<br \/>\nfont-size: 14px;<br \/>\ncolor: #2D2D2D;<br \/>\nline-height: 20px;<br \/>\n}<br \/>\n.btn-box {<br \/>\nmargin: 0 auto;<br \/>\ndisplay: flex;<br \/>\nflex-direction: row;<br \/>\n}<br \/>\n.justify-between {<br \/>\njustify-content: space-between;<br \/>\n}<br \/>\n.justify-start {<br \/>\njustify-content: flex-start;<br \/>\n}<br \/>\n.justify-end {<br \/>\njustify-content: flex-end;<br \/>\n}<br \/>\n.next-btn, .back-btn {<br \/>\ncursor: pointer;<br \/>\nwidth: 100px;<br \/>\nheight: 30px;<br \/>\nbackground-repeat: no-repeat;<br \/>\nbackground-position: center;<br \/>\nbackground-size: contain;<br \/>\n}<br \/>\n.back-btn {<br \/>\nbackground-image: url(&#8220;https:\/\/alex.shop\/wp-content\/uploads\/2023\/02\/natrag.png&#8221;);<br \/>\n}<br \/>\n.back-btn:hover {<br \/>\nbackground-image: url(&#8220;https:\/\/alex.shop\/wp-content\/uploads\/2023\/02\/natrag-bl.png&#8221;);<br \/>\n}<br \/>\n.next-btn {<br \/>\nbackground-image: url(&#8220;https:\/\/alex.shop\/wp-content\/uploads\/2023\/02\/dalje.png&#8221;);<br \/>\n}<br \/>\n.next-btn:hover {<br \/>\nbackground-image: url(&#8220;https:\/\/alex.shop\/wp-content\/uploads\/2023\/02\/dalje-bl.png&#8221;);<br \/>\n}<br \/>\n.page-1 .btn-box {<br \/>\n}<br \/>\n.page-2-title {<br \/>\nfont-size: 30px;<br \/>\ncolor: #2D2D2D;<br \/>\nmargin-bottom: 68px;<br \/>\n}<br \/>\n.option-btn {<br \/>\nmin-width: 100px;<br \/>\npadding: 0 14px;<br \/>\nmin-height: 30px;<br \/>\nborder-radius: 30px;<br \/>\nborder: 1px solid #2D2D2D;<br \/>\nbackground-color: white;<br \/>\ncolor: #2D2D2D;<br \/>\ncursor: pointer;<br \/>\nfont-size: 12px;<br \/>\n}<br \/>\n.option-btn:hover {<br \/>\nbackground-color: #2D2D2D;<br \/>\ncolor: white;<br \/>\n}<br \/>\n.page-box .option-btn {<br \/>\nmargin-top: 44px;<br \/>\n}<br \/>\n.btn-top-box {<br \/>\npadding-top: 30px;<br \/>\n}<br \/>\n.title-number {<br \/>\nfont-weight: bold;<br \/>\n}<br \/>\n.page-23-title {<br \/>\npadding: 190px 0;<br \/>\n}<br \/>\n.page-32-title {<br \/>\npadding: 28px 0;<br \/>\nmargin-bottom: 0;<br \/>\n}<br \/>\n.sub-image {<br \/>\nwidth: 78px;<br \/>\nmargin-top: 40px;<br \/>\n}<br \/>\n.page-box {<br \/>\ndisplay: none;<br \/>\npadding-bottom: 30px;<br \/>\n}<br \/>\n.page-box.page-1 {<br \/>\ndisplay: block;<br \/>\npadding-top: 30px;<br \/>\n}<br \/>\n.page-1-title2 {<br \/>\nfont-size: 8px;<br \/>\ncolor: #2D2D2D;<br \/>\ntext-align: center;<br \/>\nmargin-top: 60px;<br \/>\nmargin-bottom: 0;<br \/>\n}<\/p>\n<p>Prepri\u010dajte se, da se klju\u010davnica ujema z va\u0161imi vrati<\/p>\n<p>Dolo\u010danje osnovne zdru\u017eljivosti<\/p>\n<p><img decoding=\"async\" src=\"https:\/\/alex.shop\/wp-content\/uploads\/2023\/02\/1-2.png\" alt=\"\" \/><\/p>\n<p>Interna uporaba<\/p>\n<p>Pametna klju\u010davnica je name\u0161\u010dena na notranji strani vrat in ni primerna za vgradnjo na zunanji strani.<\/p>\n<p><img decoding=\"async\" src=\"https:\/\/alex.shop\/wp-content\/uploads\/2023\/02\/1-1.png\" alt=\"\" \/><\/p>\n<p>Usmerjenost re\u017ee za klju\u010de<\/p>\n<p>Pametna klju\u010davnica je zdru\u017eljiva z vodoravno in vertikalno usmerjenimi re\u017eami za klju\u010de.<\/p>\n<p><img decoding=\"async\" src=\"https:\/\/alex.shop\/wp-content\/uploads\/2023\/02\/1-3.png\" alt=\"\" \/><\/p>\n<p>Multilock<\/p>\n<p>Pametna klju\u010davnica deluje z ve\u010d klju\u010davnicami.<\/p>\n<p>Otvaraju li se va\u0161a vrata prema van ili unutra?<\/p>\n<p><img decoding=\"async\" src=\"https:\/\/alex.shop\/wp-content\/uploads\/2023\/02\/2-1.png\" alt=\"\" \/><br \/>\n<button data-to=\"22\">PREMA VAN<\/button><br \/>\n<img decoding=\"async\" src=\"https:\/\/alex.shop\/wp-content\/uploads\/2023\/02\/2-2.png\" alt=\"\" \/><br \/>\n<button data-to=\"4\">PREMA UNUTRA<\/button><\/p>\n<p>Je li cilindar odmaknut od<br \/>\nruba vrata vi\u0161e od 35mm?<\/p>\n<p><img decoding=\"async\" style=\"width: 456px\" src=\"https:\/\/alex.shop\/wp-content\/uploads\/2023\/02\/21-1.png\" alt=\"\" \/><br \/>\n<button data-to=\"4\">DA<\/button><br \/>\n<button data-to=\"23\">NE<\/button><\/p>\n<p>\u017dao nam je, va\u0161a vrata nisu kompatibilna s<br \/>\novom bravom.<\/p>\n<p>Kakav cilindar imate na vratima?<\/p>\n<p><img decoding=\"async\" src=\"https:\/\/alex.shop\/wp-content\/uploads\/2023\/02\/4-1.png\" alt=\"\" \/><br \/>\n<button data-to=\"23\">OKRUGLI CILINDAR<\/button><br \/>\n<img decoding=\"async\" src=\"https:\/\/alex.shop\/wp-content\/uploads\/2023\/02\/4-2.png\" alt=\"\" \/><br \/>\n<button data-to=\"3\">EURO CILINDAR<\/button><br \/>\n<img decoding=\"async\" src=\"https:\/\/alex.shop\/wp-content\/uploads\/2023\/02\/4-3.png\" alt=\"\" \/><br \/>\n<button data-to=\"23\">OVALNI CILINDAR<\/button><br \/>\n<img decoding=\"async\" src=\"https:\/\/alex.shop\/wp-content\/uploads\/2023\/02\/4-6.png\" alt=\"\" \/><br \/>\n<button data-to=\"23\">OSTALO<\/button><\/p>\n<p>Zaklju\u010davate li svoja vrata iznutra klju\u010dem ili kuglom\/gumbom\/leptirom?<\/p>\n<p><img decoding=\"async\" src=\"https:\/\/alex.shop\/wp-content\/uploads\/2023\/02\/3-1.png\" alt=\"\" \/><br \/>\n<button data-to=\"5\">KLJU\u010cEM<\/button><br \/>\n<img decoding=\"async\" src=\"https:\/\/alex.shop\/wp-content\/uploads\/2023\/02\/3-2.png\" alt=\"\" \/><br \/>\n<button data-to=\"32\">KUGLOM\/LEPTIROM<\/button><\/p>\n<p>Va\u0161a vrata su kompatibilna s pametnom bravom,<br \/>\nali vam je potreban novi odgovaraju\u0107i cilindar<br \/>\nKupite odgovaraju\u0107i cilindar u koji se mo\u017ee umetnuti klju\u010d s obje strane istovremeno.<\/p>\n<p><img decoding=\"async\" style=\"width: 373px\" src=\"https:\/\/alex.shop\/wp-content\/uploads\/2023\/02\/32-1.png\" alt=\"\" \/><\/p>\n<p>Je li udaljenost od vrata do ruba cilindra 3mm i vi\u0161e?<\/p>\n<p><img decoding=\"async\" style=\"width: 390px\" src=\"https:\/\/alex.shop\/wp-content\/uploads\/2023\/02\/5-1.png\" alt=\"\" \/><br \/>\n<button data-to=\"6\">DA<\/button><br \/>\n<button data-to=\"32\">NE<\/button><\/p>\n<p>Mo\u017eete li otvoriti vrata klju\u010dem s vanjske strane<br \/>\nstana kada je klju\u010d umetnut s unutarnje strane?<\/p>\n<p><img decoding=\"async\" style=\"width: 390px\" src=\"https:\/\/alex.shop\/wp-content\/uploads\/2023\/02\/6-1.gif\" alt=\"\" \/><br \/>\n<button data-to=\"7\">DA<\/button><br \/>\n<button data-to=\"32\">NE<\/button><\/p>\n<p>Je li klju\u010d tanji od 7mm?<\/p>\n<p><img decoding=\"async\" style=\"width: 750px\" src=\"https:\/\/alex.shop\/wp-content\/uploads\/2023\/02\/7-1.png\" alt=\"\" \/><br \/>\n<button data-to=\"8\">DA<\/button><br \/>\n<button data-to=\"32\">NE<\/button><\/p>\n<p>Je li udaljenost od kraja klju\u010da do cilindra manja od 40mm?<\/p>\n<p><img decoding=\"async\" style=\"width: 390px\" src=\"https:\/\/alex.shop\/wp-content\/uploads\/2023\/02\/8-1.png\" alt=\"\" \/><br \/>\n<button data-to=\"82\">DA<\/button><br \/>\n<button data-to=\"32\">NE<\/button><\/p>\n<p>Odli\u010dno! Va\u0161a vrata odgovaraju ovoj pametnoj bravi. \u2705<\/p>\n<p><img decoding=\"async\" style=\"width: 373px\" src=\"https:\/\/alex.shop\/wp-content\/uploads\/2023\/02\/82-1.png\" alt=\"\" \/><\/p>\n<h4 style=\"--tw-border-spacing-x: 0;--tw-border-spacing-y: 0;--tw-translate-x: 0;--tw-translate-y: 0;--tw-rotate: 0;--tw-skew-x: 0;--tw-skew-y: 0;--tw-scale-x: 1;--tw-scale-y: 1;--tw-scroll-snap-strictness: proximity;--tw-ring-offset-width: 0px;--tw-ring-offset-color: #fff;--tw-ring-offset-shadow: 0 0 #0000;--tw-ring-shadow: 0 0 #0000;--tw-shadow: 0 0 #0000;--tw-shadow-colored: 0 0 #0000\">Na\u010din in funkcije<\/h4>\n<p style=\"--tw-border-spacing-x: 0;--tw-border-spacing-y: 0;--tw-translate-x: 0;--tw-translate-y: 0;--tw-rotate: 0;--tw-skew-x: 0;--tw-skew-y: 0;--tw-scale-x: 1;--tw-scale-y: 1;--tw-scroll-snap-strictness: proximity;--tw-ring-offset-width: 0px;--tw-ring-offset-color: #fff;--tw-ring-offset-shadow: 0 0 #0000;--tw-ring-shadow: 0 0 #0000;--tw-shadow: 0 0 #0000;--tw-shadow-colored: 0 0 #0000;color: #444444;font-size: 16px;font-weight: 400\">Z aplikacijo Alex Home lahko spremljate, kdaj so se vrata odprla, odprete vrata z oddaljene lokacije ali jih zaklenete, \u010de ste jih pozabili. Z mo\u017enostjo samodejnega zaklepanja pozabite na klju\u010de z Alexovo pametno klju\u010davnico. Ta pametna klju\u010davnica deluje z obstoje\u010dimi mehanizmi in klju\u010di, klju\u010d je potrebno pustiti le na eni strani klju\u010davnice in pritrditi pametno pametno klju\u010davnico. Na zunanji strani je name\u0161\u010dena brez\u017ei\u010dna tipkovnica, ki jo je mogo\u010de prilepiti ali pritrditi z dodatki za monta\u017eo. S pomo\u010djo magnetnega senzorja klju\u010davnica ve, kdaj ste odprli vrata in lahko nastavite \u010dasovnik, ki samodejno zaklene vrata 10sec po zapiranju. Va\u0161 dom postane varen in pameten z Alexovo pametno klju\u010davnico. Ta klju\u010davnica lahko deluje kot dodatek k obstoje\u010demu naboru naprav Alex Home.<\/p>\n<p style=\"--tw-border-spacing-x: 0;--tw-border-spacing-y: 0;--tw-translate-x: 0;--tw-translate-y: 0;--tw-rotate: 0;--tw-skew-x: 0;--tw-skew-y: 0;--tw-scale-x: 1;--tw-scale-y: 1;--tw-scroll-snap-strictness: proximity;--tw-ring-offset-width: 0px;--tw-ring-offset-color: #fff;--tw-ring-offset-shadow: 0 0 #0000;--tw-ring-shadow: 0 0 #0000;--tw-shadow: 0 0 #0000;--tw-shadow-colored: 0 0 #0000;color: #444444;font-size: 16px;font-weight: 400\">To napravo lahko delite z ve\u010d uporabniki Alex Home, zato lahko klju\u010davnico upravljajo tudi va\u0161 partner, otroci in celotna dru\u017eina. Kot lastnik dolo\u010dite, s kom \u017eelite deliti napravo in kako jo lahko nadzorujete. Obstaja mo\u017enost ustvarjanja za\u010dasnih PIN-ov (samo za enkratno uporabo) in \u010dasovno omejenih PIN-ov. To je idealno, \u010de najemate apartma, lahko z gosti delite PIN, ki bo veljaven le med bivanjem v apartmaju. Ni vam treba dajati klju\u010dev ali menjati klju\u010davnic.<br style=\"--tw-border-spacing-x: 0;--tw-border-spacing-y: 0;--tw-translate-x: 0;--tw-translate-y: 0;--tw-rotate: 0;--tw-skew-x: 0;--tw-skew-y: 0;--tw-scale-x: 1;--tw-scale-y: 1;--tw-scroll-snap-strictness: proximity;--tw-ring-offset-width: 0px;--tw-ring-offset-color: #fff;--tw-ring-offset-shadow: 0 0 #0000;--tw-ring-shadow: 0 0 #0000;--tw-shadow: 0 0 #0000;--tw-shadow-colored: 0 0 #0000\" \/>To funkcijo lahko uporabljate tudi v dru\u017eini, tako da lahko va\u0161i otroci odklenejo vrata prek mobilne aplikacije, \u010de pozabijo klju\u010d.<\/p>\n<figure style=\"--tw-border-spacing-x: 0;--tw-border-spacing-y: 0;--tw-translate-x: 0;--tw-translate-y: 0;--tw-rotate: 0;--tw-skew-x: 0;--tw-skew-y: 0;--tw-scale-x: 1;--tw-scale-y: 1;--tw-scroll-snap-strictness: proximity;--tw-ring-offset-width: 0px;--tw-ring-offset-color: #fff;--tw-ring-offset-shadow: 0 0 #0000;--tw-ring-shadow: 0 0 #0000;--tw-shadow: 0 0 #0000;--tw-shadow-colored: 0 0 #0000;width: 429.547px\"><\/figure>\n\n<p><img decoding=\"async\" src=\"https:\/\/alex.shop\/wp-content\/uploads\/2022\/10\/pametna-brava-zakljucavanje-scaled.webp\" alt=\"\" width=\"2560\" height=\"1043\" \/><\/p>\n<h4 style=\"--tw-border-spacing-x: 0;--tw-border-spacing-y: 0;--tw-translate-x: 0;--tw-translate-y: 0;--tw-rotate: 0;--tw-skew-x: 0;--tw-skew-y: 0;--tw-scale-x: 1;--tw-scale-y: 1;;--tw-scroll-snap-strictness: proximity;;--tw-ring-offset-width: 0px;--tw-ring-offset-color: #fff;--tw-ring-offset-shadow: 0 0 #0000;--tw-ring-shadow: 0 0 #0000;--tw-shadow: 0 0 #0000;--tw-shadow-colored: 0 0 #0000;;margin-top: 1.29068em\">Namestitev in nastavitev<\/h4>\n<p style=\"--tw-border-spacing-x: 0;--tw-border-spacing-y: 0;--tw-translate-x: 0;--tw-translate-y: 0;--tw-rotate: 0;--tw-skew-x: 0;--tw-skew-y: 0;--tw-scale-x: 1;--tw-scale-y: 1;;--tw-scroll-snap-strictness: proximity;;--tw-ring-offset-width: 0px;--tw-ring-offset-color: #fff;--tw-ring-offset-shadow: 0 0 #0000;--tw-ring-shadow: 0 0 #0000;--tw-shadow: 0 0 #0000;--tw-shadow-colored: 0 0 #0000;;font-size: 16px;font-weight: 400\">Pripravljen za delo naravnost iz \u0161katle. Namestitev se zaklju\u010di v 10 minutah.<\/p>\n<h2>Pametna brava<\/h2>\n<p>3 Videos<br \/>\n<img decoding=\"async\" src=\"http:\/\/img.youtube.com\/vi\/7dK6zb8kSkY\/maxresdefault.jpg\" alt=\"Kako montirati pametnu bravu\" \/><\/p>\n<h4><a>Kako montirati pametnu bravu<\/a><\/h4>\n<p>2:00<br \/>\n<img decoding=\"async\" src=\"http:\/\/img.youtube.com\/vi\/xK7mNw55qk0\/maxresdefault.jpg\" alt=\"Uparivanje pametne brave s Alex Home aplikacijom\" \/><\/p>\n<h4><a>Uparivanje pametne brave s Alex Home aplikacijom<\/a><\/h4>\n<p>2:02<br \/>\n<img decoding=\"async\" src=\"http:\/\/img.youtube.com\/vi\/-s_C_50vs6Q\/maxresdefault.jpg\" alt=\"Povezivanje tipkovnice na pametnu bravu\" \/><\/p>\n<h4><a>Povezivanje tipkovnice na pametnu bravu<\/a><\/h4>\n<p>1:44<\/p>\n<h2 style=\"--tw-border-spacing-x: 0;--tw-border-spacing-y: 0;--tw-translate-x: 0;--tw-translate-y: 0;--tw-rotate: 0;--tw-skew-x: 0;--tw-skew-y: 0;--tw-scale-x: 1;--tw-scale-y: 1;--tw-scroll-snap-strictness: proximity;--tw-ring-offset-width: 0px;--tw-ring-offset-color: #fff;--tw-ring-offset-shadow: 0 0 #0000;--tw-ring-shadow: 0 0 #0000;--tw-shadow: 0 0 #0000;--tw-shadow-colored: 0 0 #0000\">Alex Home<\/h2>\n<h2>Brezpla\u010dno aplikacijo\u00a0<a style=\"--tw-border-spacing-x: 0;--tw-border-spacing-y: 0;--tw-translate-x: 0;--tw-translate-y: 0;--tw-rotate: 0;--tw-skew-x: 0;--tw-skew-y: 0;--tw-scale-x: 1;--tw-scale-y: 1;--tw-scroll-snap-strictness: proximity;--tw-ring-offset-width: 0px;--tw-ring-offset-color: #fff;--tw-ring-offset-shadow: 0 0 #0000;--tw-ring-shadow: 0 0 #0000;--tw-shadow: 0 0 #0000;--tw-shadow-colored: 0 0 #0000\" href=\"https:\/\/alex.shop\/alex-home\/\">Alex Home<\/a>\u00a0za upravljanje vseh naprav lahko\u00a0<a style=\"--tw-border-spacing-x: 0;--tw-border-spacing-y: 0;--tw-translate-x: 0;--tw-translate-y: 0;--tw-rotate: 0;--tw-skew-x: 0;--tw-skew-y: 0;--tw-scale-x: 1;--tw-scale-y: 1;--tw-scroll-snap-strictness: proximity;--tw-ring-offset-width: 0px;--tw-ring-offset-color: #fff;--tw-ring-offset-shadow: 0 0 #0000;--tw-ring-shadow: 0 0 #0000;--tw-shadow: 0 0 #0000;--tw-shadow-colored: 0 0 #0000\" href=\"https:\/\/alex.shop\/alex-home\/\" target=\"_blank\" rel=\"noopener\">prenesete tukaj<\/a>.<\/h2>\n\n","protected":false},"excerpt":{"rendered":"<p>Samodejna pametna klju\u010davnica omogo\u010da enostaven nadzor odpiranja in zaklepanja vrat prek aplikacije z dodatno varnostjo s prstnim odtisom in tipkovnico.<\/p>\n","protected":false},"featured_media":865,"template":"","meta":{"order-bump-settings":[],"_wpfnl_thankyou_order_overview":"on","_wpfnl_thankyou_order_details":"on","_wpfnl_thankyou_billing_details":"on","_wpfnl_thankyou_shipping_details":"on"},"product_brand":[142],"product_cat":[122,108,54],"product_tag":[81,99],"class_list":{"0":"post-640","1":"product","2":"type-product","3":"status-publish","4":"has-post-thumbnail","6":"product_brand-alex","7":"product_cat-pametne-kljucavnice","8":"product_cat-pametni-dom","9":"product_cat-smart-home","10":"product_tag-alex","11":"product_tag-tuya","13":"first","14":"outofstock","15":"featured","16":"taxable","17":"shipping-taxable","18":"purchasable","19":"product-type-simple"},"bundled_by":[],"bundle_stock_status":"outofstock","bundle_stock_quantity":0,"bundle_virtual":false,"bundle_layout":"","bundle_add_to_cart_form_location":"","bundle_editable_in_cart":false,"bundle_sold_individually_context":"","bundle_item_grouping":"","bundle_min_size":"","bundle_max_size":"","bundle_price":[],"bundled_items":[],"bundle_sell_ids":[],"_links":{"self":[{"href":"https:\/\/alex.shop\/si\/wp-json\/wp\/v2\/product\/640","targetHints":{"allow":["GET"]}}],"collection":[{"href":"https:\/\/alex.shop\/si\/wp-json\/wp\/v2\/product"}],"about":[{"href":"https:\/\/alex.shop\/si\/wp-json\/wp\/v2\/types\/product"}],"version-history":[{"count":4,"href":"https:\/\/alex.shop\/si\/wp-json\/wp\/v2\/product\/640\/revisions"}],"predecessor-version":[{"id":1989,"href":"https:\/\/alex.shop\/si\/wp-json\/wp\/v2\/product\/640\/revisions\/1989"}],"wp:featuredmedia":[{"embeddable":true,"href":"https:\/\/alex.shop\/si\/wp-json\/wp\/v2\/media\/865"}],"wp:attachment":[{"href":"https:\/\/alex.shop\/si\/wp-json\/wp\/v2\/media?parent=640"}],"wp:term":[{"taxonomy":"product_brand","embeddable":true,"href":"https:\/\/alex.shop\/si\/wp-json\/wp\/v2\/product_brand?post=640"},{"taxonomy":"product_cat","embeddable":true,"href":"https:\/\/alex.shop\/si\/wp-json\/wp\/v2\/product_cat?post=640"},{"taxonomy":"product_tag","embeddable":true,"href":"https:\/\/alex.shop\/si\/wp-json\/wp\/v2\/product_tag?post=640"}],"curies":[{"name":"wp","href":"https:\/\/api.w.org\/{rel}","templated":true}]}}