{"id":644,"date":"2025-04-08T13:45:46","date_gmt":"2025-04-08T11:45:46","guid":{"rendered":"https:\/\/alex.shop\/si\/?post_type=product&#038;p=644"},"modified":"2026-04-05T23:06:51","modified_gmt":"2026-04-05T21:06:51","slug":"pomnilniska-kartica-128gb","status":"publish","type":"product","link":"https:\/\/alex.shop\/si\/pomnilniska-kartica-128gb\/","title":{"rendered":"Pomnilni\u0161ka kartica 128GB"},"content":{"rendered":"<h2>Pomnilni\u0161ka kartica 128GB<\/h2>\n<p>Trenutno najmanj\u0161a pomnilni\u0161ka kartica na trgu, ta majhna pomnilni\u0161ka kartica porabi zelo malo energije in tako prihrani baterijo va\u0161e naprave. Uporablja se lahko v fotoaparatih, mobilnih telefonih, GPS napravah, MP3 predvajalnikih, digitalnih fotoaparatih in drugih podobnih napravah.<\/p>\n<p>\u010ce pomnilni\u0161ke kartice microSD uporabljate z adapterjem, so zdru\u017eljive z vsemi napravami, ki imajo re\u017eo SDHC\/SDXC, seznam zdru\u017eljivih naprav pa nara\u0161\u010da vsak dan. Vse kartice vsebujejo najnovej\u0161o tehnologijo avtorskih pravic, ki zagotavlja zakonit prenos digitalnih zapisov (fotografij, filmov, glasbe itd.) prek ra\u010dunalni\u0161kih omre\u017eij za osebno uporabo.<\/p>\n<p>Specifikacija razreda 10 ozna\u010duje najmanj\u0161o podatkovno hitrost 10 MB\/sek.<\/p>\n<p>Ustreza specifikaciji SDA UHS-I 3.0<\/p>\n","protected":false},"excerpt":{"rendered":"<p>Micro SD kartica 128GB primerna za kamere, mobilne telefone, GPS, MP3 predvajalnike in fotoaparate. Trpe\u017ena in dolgotrajna, popolna za snemalne sisteme. Pakirana v bulk verziji.<\/p>\n","protected":false},"featured_media":1829,"template":"","meta":{"order-bump-settings":[],"_wpfnl_thankyou_order_overview":"on","_wpfnl_thankyou_order_details":"on","_wpfnl_thankyou_billing_details":"on","_wpfnl_thankyou_shipping_details":"on"},"product_brand":[],"product_cat":[126],"product_tag":[],"class_list":{"0":"post-644","1":"product","2":"type-product","3":"status-publish","4":"has-post-thumbnail","6":"product_cat-dodatki-za-video-nadzor","8":"first","9":"instock","10":"sale","11":"taxable","12":"shipping-taxable","13":"purchasable","14":"product-type-simple"},"bundled_by":[],"bundle_stock_status":"instock","bundle_stock_quantity":3,"bundle_virtual":false,"bundle_layout":"","bundle_add_to_cart_form_location":"","bundle_editable_in_cart":false,"bundle_sold_individually_context":"","bundle_item_grouping":"","bundle_min_size":"","bundle_max_size":"","bundle_price":[],"bundled_items":[],"bundle_sell_ids":[],"_links":{"self":[{"href":"https:\/\/alex.shop\/si\/wp-json\/wp\/v2\/product\/644","targetHints":{"allow":["GET"]}}],"collection":[{"href":"https:\/\/alex.shop\/si\/wp-json\/wp\/v2\/product"}],"about":[{"href":"https:\/\/alex.shop\/si\/wp-json\/wp\/v2\/types\/product"}],"version-history":[{"count":5,"href":"https:\/\/alex.shop\/si\/wp-json\/wp\/v2\/product\/644\/revisions"}],"predecessor-version":[{"id":1830,"href":"https:\/\/alex.shop\/si\/wp-json\/wp\/v2\/product\/644\/revisions\/1830"}],"wp:featuredmedia":[{"embeddable":true,"href":"https:\/\/alex.shop\/si\/wp-json\/wp\/v2\/media\/1829"}],"wp:attachment":[{"href":"https:\/\/alex.shop\/si\/wp-json\/wp\/v2\/media?parent=644"}],"wp:term":[{"taxonomy":"product_brand","embeddable":true,"href":"https:\/\/alex.shop\/si\/wp-json\/wp\/v2\/product_brand?post=644"},{"taxonomy":"product_cat","embeddable":true,"href":"https:\/\/alex.shop\/si\/wp-json\/wp\/v2\/product_cat?post=644"},{"taxonomy":"product_tag","embeddable":true,"href":"https:\/\/alex.shop\/si\/wp-json\/wp\/v2\/product_tag?post=644"}],"curies":[{"name":"wp","href":"https:\/\/api.w.org\/{rel}","templated":true}]}}