{"id":645,"date":"2025-04-08T13:45:46","date_gmt":"2025-04-08T11:45:46","guid":{"rendered":"https:\/\/alex.shop\/si\/?post_type=product&#038;p=645"},"modified":"2026-05-05T00:21:57","modified_gmt":"2026-05-04T22:21:57","slug":"alex-b27-notranja-vrtljiva-wifi-kamera-v-obliki-zarnice","status":"publish","type":"product","link":"https:\/\/alex.shop\/si\/alex-b27-notranja-vrtljiva-wifi-kamera-v-obliki-zarnice\/","title":{"rendered":"Alex B27 &#8211; notranja vrtljiva kamera v obliki \u017earnice"},"content":{"rendered":"<h4>Alex B27 \u2013 notranja vrtljiva WiFi kamera v obliki \u017earnice<\/h4>\n<p>Zavarujte svoj dom s kamero Alex B27, ki jo preprosto namestite v vrat \u017earnice. Kamera zazna gibanje in zvok ter se samodejno obrne na ljudi, da jim sledijo na poti, po\u0161ilja opozorila in zagotavlja odli\u010dno kakovost slike. Podpira dvosmerni zvok in uporablja aplikacijo Alex Home. Snema videoposnetke, ko je zaznano gibanje, vklopite pa lahko tudi neprekinjeno snemanje. Posnetke lahko shranite na kartico micro SD z zmogljivostjo do 128 GB.<\/p>\n<h4>Hitra in enostavna monta\u017ea \u2013 uporabite vti\u010dek \u017earnice<\/h4>\n<p>Kamera Alex B27 je zdru\u017eljiva z univerzalno vti\u010dnico E27, kar omogo\u010da enostavno nastavitev brez zapletenega o\u017ei\u010denja. V samo nekaj trenutkih lahko nastavite nadzorni sistem in zavarujete svoj dom<\/p>\n<h4>Pametna aplikacija Alex Home<\/h4>\n<p>S pomo\u010djo aplikacije lahko nastavite obmo\u010dje zaznavanja in se pogovarjate s svojimi otroki ali hi\u0161nimi ljubljen\u010dki, medtem ko ste v slu\u017ebi. Kamera je opremljena z mikrofonom in zvo\u010dniki za dvosmerno komunikacijo.<\/p>\n<p><img fetchpriority=\"high\" decoding=\"async\" class=\"aligncenter size-full wp-image-30467\" src=\"https:\/\/alex.shop\/wp-content\/uploads\/2023\/02\/alex-b27-3.jpg\" alt=\"\" width=\"842\" height=\"417\" \/><\/p>\n<h4>Enostaven in zanesljiv WiFi<\/h4>\n<p>Kamera podpira 2,4 GHz WiFi povezavo, vgrajena WiFi antena v sami kameri pa zagotavlja trdno in stabilno povezavo z usmerjevalnikom na razdalji do 20 m.<\/p>\n<h4>4MP no\u010d in dan<\/h4>\n<p>Kamera omogo\u010da u\u010dinkovito spremljanje 24 ur na dan. Ponuja vrhunsko kakovost slike 4MP in izbolj\u0161an no\u010dni vid z dosegom do 10m. To pomeni, da lahko vedno vidite, kaj se dogaja v va\u0161em domu \u2013 ne samo podnevi, ampak tudi pono\u010di. Naprava je opremljena z visokokakovostnim 115\u00b0 \u0161irokokotnim objektivom \u2013 tako da lahko vidite ve\u010d in \u0161ir\u0161e. Prav tako lahko pove\u010date do 3x digitalno, ne da bi vas skrbelo za izgubo kakovosti. Vgrajen reflektor zagotavlja odli\u010dno vidljivost pono\u010di z barvnim zaslonom.<\/p>\n<p>Ne glede na svetlobne pogoje kamera Alex B27 zagotavlja kristalno \u010disto sliko. Lahko strelja v \u010drno-beli ali barvni barvi, tudi v popolni temi. Inteligentni na\u010din samodejno aktivira barvno fotografiranje, ko zazna sumljivo gibanje, s \u010dimer zagotovi podrobnej\u0161i in energetsko var\u010den pogled na situacijo.<\/p>\n<p><img decoding=\"async\" class=\"aligncenter size-full wp-image-30479\" src=\"https:\/\/alex.shop\/wp-content\/uploads\/2023\/02\/b27-bulb-camera-1.jpg\" alt=\"\" width=\"1464\" height=\"600\" \/><\/p>\n<h4><strong>\u0160irok kot pokritosti in vrhunska lo\u010dljivost<\/strong><\/h4>\n<p>Ne zamudite niti ene podrobnosti \u2013 kamera snema v visoki lo\u010dljivosti 4 MP in omogo\u010da vrtenje do 340\u00b0 vodoravno in 90\u00b0 navpi\u010dno. To zagotavlja popolno pokritost prostora, brez slepih kotov. Vgrajena sirena dodatno pomaga odvra\u010dati ne\u017eelene vsiljivce.<\/p>\n<h4>Dvosmerna zvo\u010dna komunikacija<\/h4>\n<p>Poslu\u0161ajte, kaj se dogaja v va\u0161em domu ali zunaj njega, in se pogovarjajte z enim samim dotikom. Z vgrajenim mikrofonom in zvo\u010dnikom lahko komunicirate s starej\u0161imi, otroki, varu\u0161kami, hi\u0161nimi ljubljen\u010dki.<\/p>\n<h4>Dostop do kamere kadarkoli in kjerkoli<\/h4>\n<p>Upravljanje \u0161e nikoli ni bilo tako enostavno z brezpla\u010dno aplikacijo Alex Home, kamero pa lahko delite z ve\u010d ljudmi, tako da si lahko ogledajo posnetke in slike v \u017eivo v dru\u017eini ali skupini.<\/p>\n","protected":false},"excerpt":{"rendered":"<p>Notranja WiFi kamera, oblikovana v obliki \u017earnice, je idealna za nadzor notranjih prostorov. Zagotavlja kakovostno sliko, samodejno sledi osebam in omogo\u010da nadzor preko aplikacije Alex Home.<\/p>\n","protected":false},"featured_media":679,"template":"","meta":{"order-bump-settings":[],"_wpfnl_thankyou_order_overview":"on","_wpfnl_thankyou_order_details":"on","_wpfnl_thankyou_billing_details":"on","_wpfnl_thankyou_shipping_details":"on"},"product_brand":[142],"product_cat":[108,54,109],"product_tag":[74,81,110,92,99,111],"class_list":{"0":"post-645","1":"product","2":"type-product","3":"status-publish","4":"has-post-thumbnail","6":"product_brand-alex","7":"product_cat-pametni-dom","8":"product_cat-smart-home","9":"product_cat-wifi-kamere","10":"product_tag-4mp","11":"product_tag-alex","12":"product_tag-notranje-kamere-wifi","13":"product_tag-novo","14":"product_tag-tuya","15":"product_tag-vrtljive-kamere","17":"first","18":"instock","19":"sale","20":"taxable","21":"shipping-taxable","22":"purchasable","23":"product-type-simple"},"bundled_by":[],"bundle_stock_status":"instock","bundle_stock_quantity":112,"bundle_virtual":false,"bundle_layout":"","bundle_add_to_cart_form_location":"","bundle_editable_in_cart":false,"bundle_sold_individually_context":"","bundle_item_grouping":"","bundle_min_size":"","bundle_max_size":"","bundle_price":[],"bundled_items":[],"bundle_sell_ids":[],"_links":{"self":[{"href":"https:\/\/alex.shop\/si\/wp-json\/wp\/v2\/product\/645","targetHints":{"allow":["GET"]}}],"collection":[{"href":"https:\/\/alex.shop\/si\/wp-json\/wp\/v2\/product"}],"about":[{"href":"https:\/\/alex.shop\/si\/wp-json\/wp\/v2\/types\/product"}],"version-history":[{"count":3,"href":"https:\/\/alex.shop\/si\/wp-json\/wp\/v2\/product\/645\/revisions"}],"predecessor-version":[{"id":1648,"href":"https:\/\/alex.shop\/si\/wp-json\/wp\/v2\/product\/645\/revisions\/1648"}],"wp:featuredmedia":[{"embeddable":true,"href":"https:\/\/alex.shop\/si\/wp-json\/wp\/v2\/media\/679"}],"wp:attachment":[{"href":"https:\/\/alex.shop\/si\/wp-json\/wp\/v2\/media?parent=645"}],"wp:term":[{"taxonomy":"product_brand","embeddable":true,"href":"https:\/\/alex.shop\/si\/wp-json\/wp\/v2\/product_brand?post=645"},{"taxonomy":"product_cat","embeddable":true,"href":"https:\/\/alex.shop\/si\/wp-json\/wp\/v2\/product_cat?post=645"},{"taxonomy":"product_tag","embeddable":true,"href":"https:\/\/alex.shop\/si\/wp-json\/wp\/v2\/product_tag?post=645"}],"curies":[{"name":"wp","href":"https:\/\/api.w.org\/{rel}","templated":true}]}}