{"id":651,"date":"2025-04-08T13:45:47","date_gmt":"2025-04-08T11:45:47","guid":{"rendered":"https:\/\/alex.shop\/si\/?post_type=product&#038;p=651"},"modified":"2026-05-02T19:09:06","modified_gmt":"2026-05-02T17:09:06","slug":"alex-doorbell-pametni-video-zvonec","status":"publish","type":"product","link":"https:\/\/alex.shop\/si\/alex-doorbell-pametni-video-zvonec\/","title":{"rendered":"Alex doorbell &#8211; pametni video zvonec"},"content":{"rendered":"<h4><img fetchpriority=\"high\" decoding=\"async\" class=\"aligncenter size-full wp-image-30580\" src=\"https:\/\/alex.shop\/wp-content\/uploads\/2025\/01\/doorbell-alex-2.jpg\" alt=\"\" width=\"973\" height=\"299\" \/><\/h4>\n<h2 data-start=\"928\" data-end=\"1010\">Zunanji pametni zvonec s kamero Alex \u2013 pametna za\u0161\u010dita va\u0161ega vhoda brez kablov<\/h2>\n<p data-start=\"1012\" data-end=\"1316\"><strong data-start=\"1012\" data-end=\"1047\">Zunanji pametni zvonec s kamero<\/strong> je zasnovan za sodoben na\u010din bivanja, kjer \u017eelite popoln nadzor nad vhodnimi vrati \u2013 ne glede na to, kje se nahajate. S tem brez\u017ei\u010dnim video zvoncem z vgrajeno kamero, mikrofonom in senzorjem gibanja boste vedno vedeli, kdo stoji pred va\u0161im domom, tudi ko vas ni doma.<\/p>\n<hr data-start=\"1318\" data-end=\"1321\" \/>\n<h2 data-start=\"1323\" data-end=\"1366\">Popolnoma brez\u017ei\u010den pametni video zvonec<\/h2>\n<p data-start=\"1368\" data-end=\"1691\">Zahvaljujo\u010d <strong data-start=\"1380\" data-end=\"1410\">vgrajeni polnilni bateriji<\/strong>, ki zdr\u017ei do 90 dni uporabe, in mo\u017enosti napajanja prek <strong data-start=\"1467\" data-end=\"1499\">USB priklju\u010dka ali AC 8\u201324V<\/strong>, je ta pametni zvonec popolnoma prilagodljiv. Postavite ga pred vhod brez vrtanja ali kablov. <strong data-start=\"1594\" data-end=\"1607\">Polnjenje<\/strong> je enostavno \u2013 odstranite napravo s stenskega nosilca s pomo\u010djo prilo\u017eenega klju\u010da.<\/p>\n<hr data-start=\"1693\" data-end=\"1696\" \/>\n<h2 data-start=\"1698\" data-end=\"1731\">3MP video in no\u010dni vid do 10 m<\/h2>\n<p data-start=\"1733\" data-end=\"2036\">Zvonec ponuja <strong data-start=\"1747\" data-end=\"1763\">3MP HD sliko<\/strong> z resolucijo 1080p in hitrostjo 25 sli\u010dic na sekundo. Zahvaljujo\u010d <strong data-start=\"1830\" data-end=\"1859\">izbolj\u0161anemu no\u010dnemu vidu<\/strong>, ki dose\u017ee do <strong data-start=\"1874\" data-end=\"1887\">10 metrov<\/strong>, boste vedno imeli jasen pregled \u2013 podnevi in pono\u010di. S <strong data-start=\"1944\" data-end=\"1976\">\u0161irokokotnim objektivom 115\u00b0<\/strong> lahko nadzorujete celoten vhodni prostor brez mrtvih kotov.<\/p>\n<hr data-start=\"2038\" data-end=\"2041\" \/>\n<h2 data-start=\"2043\" data-end=\"2093\">Pametni detektor gibanja in takoj\u0161nja obvestila<\/h2>\n<p data-start=\"2095\" data-end=\"2194\">Vgrajen <strong data-start=\"2103\" data-end=\"2117\">PIR senzor<\/strong> z visoko ob\u010dutljivostjo zazna vsako gibanje brez la\u017enih alarmov. Ob zaznavi:<\/p>\n<ul data-start=\"2196\" data-end=\"2362\">\n<li data-start=\"2196\" data-end=\"2229\">\n<p data-start=\"2198\" data-end=\"2229\">se kamera samodejno aktivira,<\/p>\n<\/li>\n<li data-start=\"2230\" data-end=\"2250\">\n<p data-start=\"2232\" data-end=\"2250\">posname dogodek,<\/p>\n<\/li>\n<li data-start=\"2251\" data-end=\"2310\">\n<p data-start=\"2253\" data-end=\"2310\">po\u0161lje <strong data-start=\"2260\" data-end=\"2281\">potisno obvestilo<\/strong> neposredno na va\u0161 telefon,<\/p>\n<\/li>\n<li data-start=\"2311\" data-end=\"2362\">\n<p data-start=\"2313\" data-end=\"2362\">in spro\u017ei zvonjenje na notranji in zunanji enoti.<\/p>\n<\/li>\n<\/ul>\n<hr data-start=\"2364\" data-end=\"2367\" \/>\n<h2 data-start=\"2369\" data-end=\"2415\">Video klic in dvosmerna zvo\u010dna komunikacija<\/h2>\n<p data-start=\"2417\" data-end=\"2522\">Ko obiskovalec pritisne na zvonec, boste na pametni telefon prejeli <strong data-start=\"2485\" data-end=\"2499\">video klic<\/strong>. Z enim dotikom lahko:<\/p>\n<ul data-start=\"2524\" data-end=\"2696\">\n<li data-start=\"2524\" data-end=\"2563\">\n<p data-start=\"2526\" data-end=\"2563\">sli\u0161ite in vidite osebo pred vrati,<\/p>\n<\/li>\n<li data-start=\"2564\" data-end=\"2631\">\n<p data-start=\"2566\" data-end=\"2631\">se z njo pogovarjate prek <strong data-start=\"2592\" data-end=\"2628\">vgrajenega mikrofona in zvo\u010dnika<\/strong>,<\/p>\n<\/li>\n<li data-start=\"2632\" data-end=\"2696\">\n<p data-start=\"2634\" data-end=\"2696\">usmerite dostavo, pozdravite goste ali opozorite nepridiprava.<\/p>\n<\/li>\n<\/ul>\n<h4><img decoding=\"async\" class=\"aligncenter wp-image-30586 size-full\" src=\"https:\/\/alex.shop\/wp-content\/uploads\/2025\/01\/doorbell-alex-3mp.jpg\" alt=\"zunanji pametni zvonec s kamero\" width=\"973\" height=\"600\" \/><\/h4>\n<hr data-start=\"2698\" data-end=\"2701\" \/>\n<h2 data-start=\"2703\" data-end=\"2742\">Notranji brez\u017ei\u010dni zvonec v kompletu<\/h2>\n<p data-start=\"2744\" data-end=\"2986\">Paket vklju\u010duje tudi <strong data-start=\"2765\" data-end=\"2795\">notranji brez\u017ei\u010dni zvo\u010dnik<\/strong>, ki se odzove na zvonec. Zvok dose\u017ee do <strong data-start=\"2836\" data-end=\"2845\">80 dB<\/strong>, glasnost pa je mogo\u010de prilagoditi. Ker je brez\u017ei\u010den, ga lahko postavite kamorkoli v va\u0161em domu \u2013 dnevna soba, kuhinja, hodnik ali spalnica.<\/p>\n<hr data-start=\"2988\" data-end=\"2991\" \/>\n<h2 data-start=\"2993\" data-end=\"3037\">Shranjevanje posnetkov na kartico MicroSD<\/h2>\n<p data-start=\"3039\" data-end=\"3220\">Vse videoposnetke lahko shranjujete <strong data-start=\"3075\" data-end=\"3086\">lokalno<\/strong> na <strong data-start=\"3090\" data-end=\"3119\">MicroSD kartico do 128 GB<\/strong> (ni vklju\u010dena). Tako imate varnostne kopije vedno pri roki, brez naro\u010dnine ali odvisnosti od oblaka.<\/p>\n<hr data-start=\"3222\" data-end=\"3225\" \/>\n<h2 data-start=\"3227\" data-end=\"3267\">Upravljanje prek aplikacije Alex Home<\/h2>\n<p data-start=\"3269\" data-end=\"3331\">Z <strong data-start=\"3271\" data-end=\"3306\">brezpla\u010dno aplikacijo <a href=\"https:\/\/alex.shop\/alex-home\/\">Alex Home<\/a><\/strong> za iOS in Android lahko:<\/p>\n<ul data-start=\"3333\" data-end=\"3533\">\n<li data-start=\"3333\" data-end=\"3362\">\n<p data-start=\"3335\" data-end=\"3362\">spremljate prenos v \u017eivo,<\/p>\n<\/li>\n<li data-start=\"3363\" data-end=\"3396\">\n<p data-start=\"3365\" data-end=\"3396\">pregledate posnetke dogodkov,<\/p>\n<\/li>\n<li data-start=\"3397\" data-end=\"3436\">\n<p data-start=\"3399\" data-end=\"3436\">prilagodite ob\u010dutljivost senzorjev,<\/p>\n<\/li>\n<li data-start=\"3437\" data-end=\"3486\">\n<p data-start=\"3439\" data-end=\"3486\">omogo\u010dite ali onemogo\u010dite zaznavanje gibanja,<\/p>\n<\/li>\n<li data-start=\"3487\" data-end=\"3533\">\n<p data-start=\"3489\" data-end=\"3533\">delite dostop z drugimi \u010dlani gospodinjstva.<\/p>\n<\/li>\n<\/ul>\n<p data-start=\"3535\" data-end=\"3631\">Aplikacija ne zahteva naro\u010dnine in omogo\u010da, da <strong data-start=\"3582\" data-end=\"3604\">do ve\u010d uporabnikov<\/strong> hkrati spremlja dogajanje.<\/p>\n<hr data-start=\"3633\" data-end=\"3636\" \/>\n<h2 data-start=\"3638\" data-end=\"3659\">Tehni\u010dne lastnosti<\/h2>\n<ul data-start=\"3661\" data-end=\"3997\">\n<li data-start=\"3661\" data-end=\"3700\">\n<p data-start=\"3663\" data-end=\"3700\"><strong data-start=\"3663\" data-end=\"3678\">Lo\u010dljivost:<\/strong> 3MP (1080p), 25 FPS<\/p>\n<\/li>\n<li data-start=\"3701\" data-end=\"3727\">\n<p data-start=\"3703\" data-end=\"3727\"><strong data-start=\"3703\" data-end=\"3717\">No\u010dni vid:<\/strong> do 10 m<\/p>\n<\/li>\n<li data-start=\"3728\" data-end=\"3766\">\n<p data-start=\"3730\" data-end=\"3766\"><strong data-start=\"3730\" data-end=\"3753\">Zaznavanje gibanja:<\/strong> PIR senzor<\/p>\n<\/li>\n<li data-start=\"3767\" data-end=\"3790\">\n<p data-start=\"3769\" data-end=\"3790\"><strong data-start=\"3769\" data-end=\"3783\">Vidni kot:<\/strong> 115\u00b0<\/p>\n<\/li>\n<li data-start=\"3791\" data-end=\"3849\">\n<p data-start=\"3793\" data-end=\"3849\"><strong data-start=\"3793\" data-end=\"3807\">Napajanje:<\/strong> baterija (do 90 dni), USB ali AC 8\u201324V<\/p>\n<\/li>\n<li data-start=\"3850\" data-end=\"3886\">\n<p data-start=\"3852\" data-end=\"3886\"><strong data-start=\"3852\" data-end=\"3861\">Zvok:<\/strong> dvosmerna komunikacija<\/p>\n<\/li>\n<li data-start=\"3887\" data-end=\"3921\">\n<p data-start=\"3889\" data-end=\"3921\"><strong data-start=\"3889\" data-end=\"3901\">Shramba:<\/strong> MicroSD do 128 GB<\/p>\n<\/li>\n<li data-start=\"3922\" data-end=\"3952\">\n<p data-start=\"3924\" data-end=\"3952\"><strong data-start=\"3924\" data-end=\"3937\">Povezava:<\/strong> WiFi 2.4 GHz<\/p>\n<\/li>\n<li data-start=\"3953\" data-end=\"3997\">\n<p data-start=\"3955\" data-end=\"3997\"><strong data-start=\"3955\" data-end=\"3970\">Aplikacija:<\/strong> Alex Home (brez naro\u010dnine)<\/p>\n<\/li>\n<\/ul>\n<hr data-start=\"3999\" data-end=\"4002\" \/>\n<h2 data-start=\"4004\" data-end=\"4030\">Pogosta vpra\u0161anja (FAQ)<\/h2>\n<p data-start=\"4032\" data-end=\"4152\"><strong data-start=\"4032\" data-end=\"4065\">1. Kako dolgo zdr\u017ei baterija?<\/strong><br data-start=\"4065\" data-end=\"4068\" \/>Z enim polnjenjem do 90 dni obi\u010dajne uporabe. Lahko pa napravo tudi stalno napajate.<\/p>\n<p data-start=\"4154\" data-end=\"4264\"><strong data-start=\"4154\" data-end=\"4198\">2. Ali je potrebna naro\u010dnina za uporabo?<\/strong><br data-start=\"4198\" data-end=\"4201\" \/>Ne. Uporaba aplikacije in vse funkcije delujejo brez naro\u010dnine.<\/p>\n<p data-start=\"4266\" data-end=\"4382\"><strong data-start=\"4266\" data-end=\"4309\">3. Ali lahko ve\u010d oseb uporablja zvonec?<\/strong><br data-start=\"4309\" data-end=\"4312\" \/>Da. Dostop lahko delite z dru\u017einskimi \u010dlani prek aplikacije Alex Home.<\/p>\n<p data-start=\"4384\" data-end=\"4517\"><strong data-start=\"4384\" data-end=\"4430\">4. Kaj se zgodi, ko nekdo pritisne zvonec?<\/strong><br data-start=\"4430\" data-end=\"4433\" \/>Zvoni na zunanji enoti in notranjem zvo\u010dniku, obenem prejmete video klic na telefon.<\/p>\n<p data-start=\"4519\" data-end=\"4660\"><strong data-start=\"4519\" data-end=\"4577\">5. Ali lahko kamera snema, tudi \u010de ni pritisnjen gumb?<\/strong><br data-start=\"4577\" data-end=\"4580\" \/>Da. Zaznavanje gibanja lahko vklopite za samodejno snemanje tudi brez zvonjenja.<\/p>\n","protected":false},"excerpt":{"rendered":"<p data-start=\"745\" data-end=\"921\"><strong data-start=\"745\" data-end=\"785\">Zunanji pametni zvonec s kamero Alex<\/strong> ponuja 3MP video, no\u010dni vid, dvosmerni zvok, zaznavanje gibanja in povezavo z aplikacijo Alex Home \u2013 brez kablov, z baterijo do 90 dni.<\/p>\n","protected":false},"featured_media":703,"template":"","meta":{"order-bump-settings":[],"_wpfnl_thankyou_order_overview":"on","_wpfnl_thankyou_order_details":"on","_wpfnl_thankyou_billing_details":"on","_wpfnl_thankyou_shipping_details":"on"},"product_brand":[142],"product_cat":[108,54,109],"product_tag":[71,81,86,92,99,114],"class_list":{"0":"post-651","1":"product","2":"type-product","3":"status-publish","4":"has-post-thumbnail","6":"product_brand-alex","7":"product_cat-pametni-dom","8":"product_cat-smart-home","9":"product_cat-wifi-kamere","10":"product_tag-3mp","11":"product_tag-alex","12":"product_tag-dvojne-avdio-kamere","13":"product_tag-novo","14":"product_tag-tuya","15":"product_tag-video-zvonec","17":"first","18":"instock","19":"sale","20":"featured","21":"taxable","22":"shipping-taxable","23":"purchasable","24":"product-type-simple"},"bundled_by":[],"bundle_stock_status":"instock","bundle_stock_quantity":117,"bundle_virtual":false,"bundle_layout":"","bundle_add_to_cart_form_location":"","bundle_editable_in_cart":false,"bundle_sold_individually_context":"","bundle_item_grouping":"","bundle_min_size":"","bundle_max_size":"","bundle_price":[],"bundled_items":[],"bundle_sell_ids":[],"_links":{"self":[{"href":"https:\/\/alex.shop\/si\/wp-json\/wp\/v2\/product\/651","targetHints":{"allow":["GET"]}}],"collection":[{"href":"https:\/\/alex.shop\/si\/wp-json\/wp\/v2\/product"}],"about":[{"href":"https:\/\/alex.shop\/si\/wp-json\/wp\/v2\/types\/product"}],"version-history":[{"count":6,"href":"https:\/\/alex.shop\/si\/wp-json\/wp\/v2\/product\/651\/revisions"}],"predecessor-version":[{"id":2205,"href":"https:\/\/alex.shop\/si\/wp-json\/wp\/v2\/product\/651\/revisions\/2205"}],"wp:featuredmedia":[{"embeddable":true,"href":"https:\/\/alex.shop\/si\/wp-json\/wp\/v2\/media\/703"}],"wp:attachment":[{"href":"https:\/\/alex.shop\/si\/wp-json\/wp\/v2\/media?parent=651"}],"wp:term":[{"taxonomy":"product_brand","embeddable":true,"href":"https:\/\/alex.shop\/si\/wp-json\/wp\/v2\/product_brand?post=651"},{"taxonomy":"product_cat","embeddable":true,"href":"https:\/\/alex.shop\/si\/wp-json\/wp\/v2\/product_cat?post=651"},{"taxonomy":"product_tag","embeddable":true,"href":"https:\/\/alex.shop\/si\/wp-json\/wp\/v2\/product_tag?post=651"}],"curies":[{"name":"wp","href":"https:\/\/api.w.org\/{rel}","templated":true}]}}