{"id":655,"date":"2025-04-08T13:45:47","date_gmt":"2025-04-08T11:45:47","guid":{"rendered":"https:\/\/alex.shop\/si\/?post_type=product&#038;p=655"},"modified":"2026-04-02T15:10:43","modified_gmt":"2026-04-02T13:10:43","slug":"alex-lcd-senzor-detektor-temperature-in-vlaznosti-z-lcd-zaslonom","status":"publish","type":"product","link":"https:\/\/alex.shop\/si\/alex-lcd-senzor-detektor-temperature-in-vlaznosti-z-lcd-zaslonom\/","title":{"rendered":"Alex LCD sensor &#8211; detektor temperature in vla\u017enosti z LCD zaslonom"},"content":{"rendered":"<h2>Alex LCD senzor<\/h2>\n<h4>Brez\u017ei\u010dni detektor temperature in vla\u017enosti z LCD zaslonom<\/h4>\n<p>Ta brez\u017ei\u010dni detektor za delovanje uporablja dve bateriji AAA in po\u0161ilja podatke o temperaturi in vla\u017enosti s pomo\u010djo zvezdi\u0161\u010da Alex. Z aplikacijo Alex Home si lahko ogledate temperaturne premike in grafe. Detektor lahko zlepite na steno ali ga postavite na mizo, na polico, s pomo\u010djo magnetov pa ga lahko namestite tudi na hladilnik.<\/p>\n<h4>Na\u010din in funkcije<\/h4>\n<p>Pametni senzor temperature in vla\u017enosti z zaslonom je eden najbolj uporabnih dodatkov za va\u0161 dom, \u0161e posebej, \u010de \u017eelite spremljati razmere v va\u0161em domu ali pisarni\u0161kih prostorih. Ta senzor vam omogo\u010da spremljanje temperature in vla\u017enosti v realnem \u010dasu, ima pa tudi zaslon, ki prikazuje trenutne podatke in vreme.<\/p>\n<p>Ta senzor ima \u0161tevilne prakti\u010dne aplikacije, kot je spremljanje razmer v va\u0161i spalnici, da se boste po\u010dutili udobno pono\u010di ali v pisarni\u0161kih prostorih, da zagotovite optimalne delovne pogoje. Uporablja se lahko tudi za spremljanje razmer v prostorih za gojenje rastlin ali v kleti, kjer je pomembno spremljati vlago, da bi se izognili te\u017eavam s plesnijo in glivicami.<\/p>\n<p>Ta senzor je lahko \u0161e posebej uporaben za ljudi, ki trpijo zaradi te\u017eav z dihanjem, kot so astma ali alergije, saj lahko visoka vla\u017enost poslab\u0161a ta stanja. Z uporabo pametnega senzorja temperature in vla\u017enosti z zaslonom lahko nadzorujete razmere v va\u0161em domu, da zmanj\u0161ate tveganje za te\u017eave z dihanjem.<\/p>\n<p>S pametnim senzorjem temperature in vla\u017enosti z zaslonom ste lahko prepri\u010dani, da razmere v va\u0161em domu ali pisarni ustrezajo va\u0161im potrebam in se po\u010dutijo udobno. Spremljanje temperature in vla\u017enosti v realnem \u010dasu vam bo pomagalo sprejeti prave odlo\u010ditve o klimatizaciji in zagotoviti, da se razmere v va\u0161em domu ali pisarni prilagodijo va\u0161emu \u017eivljenjskemu slogu in potrebam.<\/p>\n<p>S tem senzorjem in drugimi napravami, kot je pametna vti\u010dnica WiFi, lahko ustvarite avtomatizacijo, ki bo samodejno vklopila grelec, ko va\u0161a temperatura pade na sosednjo temperaturo, ali ga izklopite, ko dose\u017eete \u017eeleno temperaturo. S to napravo lahko prihranite elektriko, \u010das in denar.<\/p>\n<div id=\"gallery-1\" class=\"gallery galleryid-8940 gallery-columns-2 gallery-size-large\">\n<figure class=\"gallery-item\">\n<div class=\"gallery-icon landscape\"><a href=\"https:\/\/alex.shop\/wp-content\/uploads\/2022\/09\/living-room-temp.jpg\"><img fetchpriority=\"high\" decoding=\"async\" class=\"attachment-large size-large lazyloaded\" src=\"https:\/\/alex.shop\/wp-content\/uploads\/2022\/09\/living-room-temp.jpg\" alt=\"\" width=\"1024\" height=\"658\" data-src=\"https:\/\/alex.shop\/wp-content\/uploads\/2022\/09\/living-room-temp.jpg\" data-sizes=\"(max-width: 360px) 147px, \" \/><\/a><\/div>\n<\/figure>\n<figure class=\"gallery-item\">\n<div class=\"gallery-icon landscape\"><a href=\"https:\/\/alex.shop\/wp-content\/uploads\/2022\/09\/desk-temp.jpg\"><img decoding=\"async\" class=\"attachment-large size-large lazyloaded\" src=\"https:\/\/alex.shop\/wp-content\/uploads\/2022\/09\/desk-temp.jpg\" alt=\"\" width=\"1024\" height=\"682\" data-src=\"https:\/\/alex.shop\/wp-content\/uploads\/2022\/09\/desk-temp.jpg\" data-sizes=\"(max-width: 360px) 147px, \" \/><\/a><\/div>\n<\/figure>\n<\/div>\n<h4>Namestitev in nastavitev<\/h4>\n<p>Senzor je brez\u017ei\u010den in deluje na baterije, tako da ga lahko namestite skoraj povsod v va\u0161em domu ali pisarni. Ko je senzor nastavljen, ga lahko pove\u017eete z omre\u017ejem pametnega doma in za\u010dnete spremljati razmere v va\u0161em domu. \u010ce \u017eelite seznaniti, morate dr\u017eati gumb na napravi, ki se bo samodejno povezal s sredi\u0161\u010dem in mobilno aplikacijo. Z enim\u00a0<a href=\"https:\/\/alex.shop\/alex-home\/\">klikom v mobilni aplikaciji<\/a>\u00a0Alex Home jo lahko pove\u017eete s sredi\u0161\u010dem Alex in na zaslonu se prika\u017eejo navodila za hitro povezavo.<\/p>\n<p>Opomba: S to napravo morate uporabljati sredi\u0161\u010de Alex za komunikacijo z drugimi napravami in po\u0161iljanje podatkov.<\/p>\n","protected":false},"excerpt":{"rendered":"<p>Brez\u017ei\u010dni detektor omogo\u010da natan\u010dno spremljanje temperature in vla\u017enosti z LCD zaslonom ter omogo\u010da enostavno kontrolo in avtomatizacijo preko aplikacije Alex Home.<\/p>\n","protected":false},"featured_media":725,"template":"","meta":{"order-bump-settings":[],"_wpfnl_thankyou_order_overview":"on","_wpfnl_thankyou_order_details":"on","_wpfnl_thankyou_billing_details":"on","_wpfnl_thankyou_shipping_details":"on"},"product_brand":[142],"product_cat":[108,113,54],"product_tag":[81,99],"class_list":{"0":"post-655","1":"product","2":"type-product","3":"status-publish","4":"has-post-thumbnail","6":"product_brand-alex","7":"product_cat-pametni-dom","8":"product_cat-senzorji","9":"product_cat-smart-home","10":"product_tag-alex","11":"product_tag-tuya","13":"first","14":"instock","15":"sale","16":"taxable","17":"shipping-taxable","18":"purchasable","19":"product-type-simple"},"bundled_by":[],"bundle_stock_status":"instock","bundle_stock_quantity":5,"bundle_virtual":false,"bundle_layout":"","bundle_add_to_cart_form_location":"","bundle_editable_in_cart":false,"bundle_sold_individually_context":"","bundle_item_grouping":"","bundle_min_size":"","bundle_max_size":"","bundle_price":[],"bundled_items":[],"bundle_sell_ids":[],"_links":{"self":[{"href":"https:\/\/alex.shop\/si\/wp-json\/wp\/v2\/product\/655","targetHints":{"allow":["GET"]}}],"collection":[{"href":"https:\/\/alex.shop\/si\/wp-json\/wp\/v2\/product"}],"about":[{"href":"https:\/\/alex.shop\/si\/wp-json\/wp\/v2\/types\/product"}],"version-history":[{"count":4,"href":"https:\/\/alex.shop\/si\/wp-json\/wp\/v2\/product\/655\/revisions"}],"predecessor-version":[{"id":1659,"href":"https:\/\/alex.shop\/si\/wp-json\/wp\/v2\/product\/655\/revisions\/1659"}],"wp:featuredmedia":[{"embeddable":true,"href":"https:\/\/alex.shop\/si\/wp-json\/wp\/v2\/media\/725"}],"wp:attachment":[{"href":"https:\/\/alex.shop\/si\/wp-json\/wp\/v2\/media?parent=655"}],"wp:term":[{"taxonomy":"product_brand","embeddable":true,"href":"https:\/\/alex.shop\/si\/wp-json\/wp\/v2\/product_brand?post=655"},{"taxonomy":"product_cat","embeddable":true,"href":"https:\/\/alex.shop\/si\/wp-json\/wp\/v2\/product_cat?post=655"},{"taxonomy":"product_tag","embeddable":true,"href":"https:\/\/alex.shop\/si\/wp-json\/wp\/v2\/product_tag?post=655"}],"curies":[{"name":"wp","href":"https:\/\/api.w.org\/{rel}","templated":true}]}}