{"id":664,"date":"2025-04-08T13:45:47","date_gmt":"2025-04-08T11:45:47","guid":{"rendered":"https:\/\/alex.shop\/si\/?post_type=product&#038;p=664"},"modified":"2026-04-02T15:10:43","modified_gmt":"2026-04-02T13:10:43","slug":"detektor-poplav-alex-433mhz","status":"publish","type":"product","link":"https:\/\/alex.shop\/si\/detektor-poplav-alex-433mhz\/","title":{"rendered":"Alex detektor poplav (433MHz)"},"content":{"rendered":"<h3>Brez\u017ei\u010dni senzor poplave baterije &#8211; zgodnje zaznavanje za za\u0161\u010dito va\u0161ega doma<\/h3>\n<p>Brez\u017ei\u010dni senzor poplav na frekvenci 433 MHz je zasnovan tako, da pravo\u010dasno zazna uhajanje vode in morebitne poplave. V primeru stika z vodo samodejno po\u0161lje signal varnostnemu sistemu, kar omogo\u010da hitro reakcijo in prepre\u010duje ve\u010dje po\u0161kodbe. Prek aplikacije Alex Home prejmete obvestilo in na plo\u0161\u010di.<\/p>\n<h4>Glavne zna\u010dilnosti:<\/h4>\n<ul>\n<li>Brez\u017ei\u010dno delovanje &#8211; Povezuje se z varnostnimi plo\u0161\u010dami prek frekvence 433MHz, kar zagotavlja stabilen prenos podatkov.<\/li>\n<li>Zanesljivo zaznavanje vode \u2013 Senzor se aktivira ob prvem stiku z vodo, kar omogo\u010da zgodnje odkrivanje pu\u0161\u010danja in poplav.<\/li>\n<li>Napaja se z baterijami &#8211; Deluje na baterije, kar omogo\u010da enostavno namestitev brez potrebe po dodatnem o\u017ei\u010denju.<\/li>\n<\/ul>\n<p>Ta senzor zagotavlja u\u010dinkovito za\u0161\u010dito pred po\u0161kodbami zaradi vode, idealen je za vgradnjo v kuhinje, kopalnice, kleti in druga obmo\u010dja, ki so nagnjena k uhajanju vode.<\/p>\n<p>Opomba: Ko prvi\u010d priklju\u010dujete in se priklju\u010dujete na plo\u0161\u010do, izberite mo\u017enost dodajanja senzorja poplave prek aplikacije ali na zaslonu plo\u0161\u010de,\u00a0<strong>nato pa morate senzor potopiti v vodo.<\/strong><\/p>\n","protected":false},"excerpt":{"rendered":"<p>Brez\u017ei\u010dni senzor poplav zazna prisotnost vode in takoj po\u0161lje opozorilo varnostni plo\u0161\u010di Alex. Enostaven za vgradnjo v prostore, ki so nagnjeni k pu\u0161\u010danju vode, in omogo\u010da hitro odzivnost.<\/p>\n","protected":false},"featured_media":844,"template":"","meta":{"order-bump-settings":[],"_wpfnl_thankyou_order_overview":"on","_wpfnl_thankyou_order_details":"on","_wpfnl_thankyou_billing_details":"on","_wpfnl_thankyou_shipping_details":"on"},"product_brand":[142],"product_cat":[108,113,54],"product_tag":[81,99],"class_list":{"0":"post-664","1":"product","2":"type-product","3":"status-publish","4":"has-post-thumbnail","6":"product_brand-alex","7":"product_cat-pametni-dom","8":"product_cat-senzorji","9":"product_cat-smart-home","10":"product_tag-alex","11":"product_tag-tuya","13":"first","14":"instock","15":"sale","16":"taxable","17":"shipping-taxable","18":"purchasable","19":"product-type-simple"},"bundled_by":["660","665"],"bundle_stock_status":"instock","bundle_stock_quantity":2,"bundle_virtual":false,"bundle_layout":"","bundle_add_to_cart_form_location":"","bundle_editable_in_cart":false,"bundle_sold_individually_context":"","bundle_item_grouping":"","bundle_min_size":"","bundle_max_size":"","bundle_price":[],"bundled_items":[],"bundle_sell_ids":[],"_links":{"self":[{"href":"https:\/\/alex.shop\/si\/wp-json\/wp\/v2\/product\/664","targetHints":{"allow":["GET"]}}],"collection":[{"href":"https:\/\/alex.shop\/si\/wp-json\/wp\/v2\/product"}],"about":[{"href":"https:\/\/alex.shop\/si\/wp-json\/wp\/v2\/types\/product"}],"version-history":[{"count":3,"href":"https:\/\/alex.shop\/si\/wp-json\/wp\/v2\/product\/664\/revisions"}],"predecessor-version":[{"id":1654,"href":"https:\/\/alex.shop\/si\/wp-json\/wp\/v2\/product\/664\/revisions\/1654"}],"wp:featuredmedia":[{"embeddable":true,"href":"https:\/\/alex.shop\/si\/wp-json\/wp\/v2\/media\/844"}],"wp:attachment":[{"href":"https:\/\/alex.shop\/si\/wp-json\/wp\/v2\/media?parent=664"}],"wp:term":[{"taxonomy":"product_brand","embeddable":true,"href":"https:\/\/alex.shop\/si\/wp-json\/wp\/v2\/product_brand?post=664"},{"taxonomy":"product_cat","embeddable":true,"href":"https:\/\/alex.shop\/si\/wp-json\/wp\/v2\/product_cat?post=664"},{"taxonomy":"product_tag","embeddable":true,"href":"https:\/\/alex.shop\/si\/wp-json\/wp\/v2\/product_tag?post=664"}],"curies":[{"name":"wp","href":"https:\/\/api.w.org\/{rel}","templated":true}]}}