{"id":668,"date":"2025-04-08T13:45:47","date_gmt":"2025-04-08T11:45:47","guid":{"rendered":"https:\/\/alex.shop\/si\/?post_type=product&#038;p=668"},"modified":"2026-04-02T15:10:43","modified_gmt":"2026-04-02T13:10:43","slug":"alex-senzor-gibanja-brezzicni-detektor-gibanja","status":"publish","type":"product","link":"https:\/\/alex.shop\/si\/alex-senzor-gibanja-brezzicni-detektor-gibanja\/","title":{"rendered":"Alex motion sensor &#8211; brez\u017ei\u010dni detektor gibanja"},"content":{"rendered":"<h2>Alex motion sensor<\/h2>\n<h4>Brez\u017ei\u010dni detektor gibanja<\/h4>\n<p>Brez\u017ei\u010dni detektor gibanja, ki uporabnika obvesti o prvih znakih vdora v dom ali pisarno. Detektor se pritrdi na steno pred vrati, okni in na drugih mestih, kamor lahko vlomilci vstopijo. Ne upo\u0161teva hi\u0161nih ljubljen\u010dkov do 20 kg te\u017ee in vi\u0161ine do 50 cm. Natan\u010dno zazna gibanje v zapletenih termi\u010dnih pogojih, tudi pri temperaturi +40\u00b0C.<\/p>\n<h4>Na\u010din delovanja in lastnosti<\/h4>\n<p>Pametni detektor gibanja je naprava, ki s senzorji zazna gibanje v prostoru. Ta naprava je lahko zelo uporabna za varnost va\u0161ega doma in za\u0161\u010dito va\u0161e lastnine. Detektor lahko zazna gibanje in o tem obvesti uporabnika preko aplikacije za pametni telefon Alex Home.<\/p>\n<p>Pametni detektor gibanja lahko namestite v katerikoli del doma, senzor gibanja pa bo zaznal gibanje v okolici. Ko zazna gibanje, detektor obvesti uporabnika prek aplikacije za pametni telefon in spro\u017ei drugo dejanje, \u010de je dolo\u010deno. Uporabniki lahko tudi nastavijo pravila ali scenarije, ki se spro\u017eijo ob zaznavi gibanja.<\/p>\n<p>Ta detektor gibanja je lahko zelo koristen za varnost va\u0161ega doma. Ko je detektor povezan z drugimi pametnimi napravami, kot so varnostni sistemi in kamere, se lahko ustvari zelo u\u010dinkovit varnostni sistem, ki uporabnika opozori v primeru nepoobla\u0161\u010denega vstopa v njihov dom. Detektor gibanja je lahko koristen tudi za sledenje otrokom ali hi\u0161nim ljubljen\u010dkom, ki so ostali sami doma.<\/p>\n<p>Ena glavnih prednosti tega detektorja je preprosta namestitev in uporaba. Uporabniki ga lahko enostavno namestijo sami, ne da bi potrebovali poklicnega monterja. Prav tako se detektor upravlja prek aplikacije za pametni telefon, kar pomeni, da ga lahko uporabniki upravljajo s svojim pametnim telefonom od koder koli. Njegova uporaba vam lahko da ve\u010dji nadzor nad prostorom in ob\u010dutek varnosti.<\/p>\n<p>Naprava zazna prisotnost \u010dloveka na infrarde\u010dem nivoju s pomo\u010djo pasivnega IR senzorja. Prejeti podatki so digitalno obdelani za prepre\u010devanje la\u017enih alarmov. Naprava samodejno pove\u010da ali zmanj\u0161a ob\u010dutljivost senzorja za natan\u010dno zaznavanje gibanja v vro\u010dem in hladnem vremenu.<\/p>\n<p>Pomembno je omeniti, da je uporaba pametnih detektorjev gibanja lahko koristna tudi za druge namene, kot je samodejni nadzor lu\u010di. Detektor gibanja lahko na primer samodejno pri\u017ege lu\u010di, ko zazna gibanje, kar je zelo koristno, \u010de se vra\u010date domov po temi.<\/p>\n<p>Da bi dosegli popolno varnost in avtomatizacijo va\u0161ega doma, je priporo\u010dljivo, da ta mali brez\u017ei\u010dni detektor postavite v vsako sobo va\u0161ega doma.<\/p>\n\n<h4>Monta\u017ea in nastavitev<\/h4>\n<p>Baterija je \u017ee vstavljena in potrebno je le \u0161e odstraniti folijo z aparata. \u010ce dr\u017eite gumb za seznanjanje, se naprava samodejno sinhronizira s Hubom in va\u0161o mobilno aplikacijo. Z enim klikom v mobilni aplikaciji Alex Home se lahko pove\u017ee z zvezdi\u0161\u010dem Alex. Na napravi je samolepilna folija in se le prilepi na steno. \u017divljenjska doba baterije je izjemno dolga in baterija lahko zdr\u017ei do 5 let, preden jo je treba zamenjati.<\/p>\n<p><strong>Opomba: Detektor gibanja ne deluje samostojno, treba ga je povezati z Alex Hub.<\/strong><\/p>\n<h4>Dimenzije<\/h4>\n<p><img fetchpriority=\"high\" decoding=\"async\" class=\"aligncenter size-full wp-image-8962\" src=\"https:\/\/alex.shop\/wp-content\/uploads\/2022\/09\/alex-motion-dimenzije.jpg\" alt=\"\" width=\"1196\" height=\"403\" \/><\/p>\n\n","protected":false},"excerpt":{"rendered":"<p>Detektor gibanja z dosegom do 10 metrov omogo\u010da natan\u010dno zaznavo gibanja brez la\u017enih alarmov z mo\u017enostjo upravljanja in spremljanja preko aplikacije Alex Home.<\/p>\n","protected":false},"featured_media":749,"template":"","meta":{"order-bump-settings":[],"_wpfnl_thankyou_order_overview":"on","_wpfnl_thankyou_order_details":"on","_wpfnl_thankyou_billing_details":"on","_wpfnl_thankyou_shipping_details":"on"},"product_brand":[142],"product_cat":[108,113,54],"product_tag":[81,99],"class_list":{"0":"post-668","1":"product","2":"type-product","3":"status-publish","4":"has-post-thumbnail","6":"product_brand-alex","7":"product_cat-pametni-dom","8":"product_cat-senzorji","9":"product_cat-smart-home","10":"product_tag-alex","11":"product_tag-tuya","13":"first","14":"instock","15":"sale","16":"taxable","17":"shipping-taxable","18":"purchasable","19":"product-type-simple"},"bundled_by":[],"bundle_stock_status":"instock","bundle_stock_quantity":19,"bundle_virtual":false,"bundle_layout":"","bundle_add_to_cart_form_location":"","bundle_editable_in_cart":false,"bundle_sold_individually_context":"","bundle_item_grouping":"","bundle_min_size":"","bundle_max_size":"","bundle_price":[],"bundled_items":[],"bundle_sell_ids":[],"_links":{"self":[{"href":"https:\/\/alex.shop\/si\/wp-json\/wp\/v2\/product\/668","targetHints":{"allow":["GET"]}}],"collection":[{"href":"https:\/\/alex.shop\/si\/wp-json\/wp\/v2\/product"}],"about":[{"href":"https:\/\/alex.shop\/si\/wp-json\/wp\/v2\/types\/product"}],"version-history":[{"count":4,"href":"https:\/\/alex.shop\/si\/wp-json\/wp\/v2\/product\/668\/revisions"}],"predecessor-version":[{"id":1661,"href":"https:\/\/alex.shop\/si\/wp-json\/wp\/v2\/product\/668\/revisions\/1661"}],"wp:featuredmedia":[{"embeddable":true,"href":"https:\/\/alex.shop\/si\/wp-json\/wp\/v2\/media\/749"}],"wp:attachment":[{"href":"https:\/\/alex.shop\/si\/wp-json\/wp\/v2\/media?parent=668"}],"wp:term":[{"taxonomy":"product_brand","embeddable":true,"href":"https:\/\/alex.shop\/si\/wp-json\/wp\/v2\/product_brand?post=668"},{"taxonomy":"product_cat","embeddable":true,"href":"https:\/\/alex.shop\/si\/wp-json\/wp\/v2\/product_cat?post=668"},{"taxonomy":"product_tag","embeddable":true,"href":"https:\/\/alex.shop\/si\/wp-json\/wp\/v2\/product_tag?post=668"}],"curies":[{"name":"wp","href":"https:\/\/api.w.org\/{rel}","templated":true}]}}