{"id":674,"date":"2025-04-08T13:45:48","date_gmt":"2025-04-08T11:45:48","guid":{"rendered":"https:\/\/alex.shop\/si\/?post_type=product&#038;p=674"},"modified":"2026-04-02T15:10:42","modified_gmt":"2026-04-02T13:10:42","slug":"brezzicni-detektor-dima-in-pozara","status":"publish","type":"product","link":"https:\/\/alex.shop\/si\/brezzicni-detektor-dima-in-pozara\/","title":{"rendered":"Brez\u017ei\u010dni detektor dima"},"content":{"rendered":"<p><img fetchpriority=\"high\" decoding=\"async\" class=\"aligncenter wp-image-27562 size-full\" src=\"https:\/\/alex.shop\/wp-content\/uploads\/2024\/09\/alex-smoke-detector.jpg\" alt=\"pametni detektor dima\" width=\"1362\" height=\"910\" \/><\/p>\n<h2 data-start=\"306\" data-end=\"360\"><strong data-start=\"309\" data-end=\"360\">Pametni detektor dima \u2013 za\u0161\u010ditite svoj dom 24\/7<\/strong><\/h2>\n<p data-start=\"362\" data-end=\"783\">Pametni detektor dima je nepogre\u0161ljiva naprava za vsak dom, stanovanje ali vikend. Gre za brez\u017ei\u010dno napravo z lastno sireno in WiFi povezavo, ki samodejno zazna dim v prostoru in spro\u017ei alarm ter isto\u010dasno po\u0161lje obvestilo na va\u0161 pametni telefon. Njegova klju\u010dna prednost je enostavna namestitev, dolga \u017eivljenjska doba baterije ter integracija z aplikacijo <a href=\"https:\/\/alex.shop\/alex-home\/\"><strong data-start=\"720\" data-end=\"733\">Alex Home<\/strong><\/a>, ki vam omogo\u010da popoln nadzor \u2013 kjer koli \u017ee ste.<\/p>\n<h3 data-start=\"785\" data-end=\"853\"><strong data-start=\"789\" data-end=\"853\">Napredno zaznavanje dima s pomo\u010djo fotoelektri\u010dnega senzorja<\/strong><\/h3>\n<p data-start=\"855\" data-end=\"1207\">Sodobni <strong data-start=\"863\" data-end=\"888\">fotoelektri\u010dni senzor<\/strong> hitro in zanesljivo zazna delce dima, ki nastajajo ob za\u010detku po\u017eara. Ko naprava zazna nevarnost, se takoj spro\u017ei <strong data-start=\"1003\" data-end=\"1037\">glasna sirena z jakostjo 85 dB<\/strong>, ki opozori vse prisotne v prostoru. Poleg tega sistem prek WiFi povezave nemudoma po\u0161lje obvestilo na va\u0161o mobilno napravo, tako da lahko ukrepate, tudi \u010de ste odsotni.<\/p>\n<p data-start=\"1209\" data-end=\"1359\">Za razliko od klasi\u010dnih detektorjev ne potrebuje centralne enote \u2013 pove\u017ee se neposredno z va\u0161im brez\u017ei\u010dnim omre\u017ejem in za\u010dne delovati takoj po vklopu.<\/p>\n<h3 data-start=\"1361\" data-end=\"1420\"><\/h3>\n<p><img decoding=\"async\" class=\"aligncenter wp-image-27568 size-full\" src=\"https:\/\/alex.shop\/wp-content\/uploads\/2024\/09\/alex-smoke-detector-2.jpg\" alt=\"pametni detektor dima\" width=\"1514\" height=\"471\" \/><\/p>\n<h3 data-start=\"1361\" data-end=\"1420\"><strong data-start=\"1365\" data-end=\"1420\">Izjemna baterijska avtonomija \u2013 brez skrbi do 8 let<\/strong><\/h3>\n<p data-start=\"1422\" data-end=\"1758\">Pametni detektor dima Alex uporablja <strong data-start=\"1459\" data-end=\"1489\">vnaprej name\u0161\u010deno baterijo<\/strong>, ki ima \u017eivljenjsko dobo do 8 let. To pomeni, da ve\u010d let ni potrebno menjavati baterije, naprava pa vas pravo\u010dasno opozori, \u010de pride do iztro\u0161enosti. Po desetih letih pa je priporo\u010dljivo zamenjati celoten senzor, kar je industrijski standard za vse po\u017earne detektorje.<\/p>\n<blockquote data-start=\"1760\" data-end=\"1840\">\n<p data-start=\"1762\" data-end=\"1840\">\ud83d\udee0 <strong data-start=\"1765\" data-end=\"1840\">Ni ve\u010d pogostih menjav baterij in skrbi, ali va\u0161 detektor sploh deluje.<\/strong><\/p>\n<\/blockquote>\n<h3 data-start=\"1842\" data-end=\"1896\"><strong data-start=\"1846\" data-end=\"1896\">Opozorila v realnem \u010dasu \u2013 tudi ko vas ni doma<\/strong><\/h3>\n<p data-start=\"1898\" data-end=\"2166\">\u010ce pride do dima ali po\u017eara, boste o tem takoj obve\u0161\u010deni preko aplikacije <a href=\"https:\/\/alex.shop\/alex-home\/\"><strong data-start=\"1972\" data-end=\"1985\">Alex Home<\/strong><\/a>. Ne glede na to, ali ste v slu\u017ebi, na dopustu ali zunaj doma \u2013 <strong data-start=\"2049\" data-end=\"2107\">va\u0161 telefon bo prejel potisno obvestilo v realnem \u010dasu<\/strong>. Tako lahko nemudoma pokli\u010dete pomo\u010d ali obvestite sosede.<\/p>\n<h3 data-start=\"2168\" data-end=\"2226\"><strong data-start=\"2172\" data-end=\"2226\">Samodejna samokontrola in varnost brez kompromisov<\/strong><\/h3>\n<p data-start=\"2228\" data-end=\"2481\">Naprava stalno nadzira svoje klju\u010dne funkcije: stanje baterije, pravilnost senzorja in WiFi povezavo. \u010ce zazna napako, vam nemudoma po\u0161lje opozorilo \u2013 brez potrebe po ro\u010dnem preverjanju. Na ta na\u010din vam zagotavlja popolno zanesljivost v vsakem trenutku.<\/p>\n<h3 data-start=\"2483\" data-end=\"2545\"><strong data-start=\"2487\" data-end=\"2545\">Enostavna in hitra namestitev \u2013 brez vrtanja in kablov<\/strong><\/h3>\n<p data-start=\"2547\" data-end=\"2852\">Namestitev je popolnoma enostavna: <strong data-start=\"2582\" data-end=\"2643\">brez kablov, brez centralnih enot, brez dodatnih stro\u0161kov<\/strong>. Detektor je pripravljen za uporabo takoj po odprtju embala\u017ee, saj je baterija \u017ee vstavljena. S pomo\u010djo aplikacije Alex Home napravo v nekaj sekundah pove\u017eete z omre\u017ejem in \u017ee spremljate stanje v svojem domu.<\/p>\n<p><img decoding=\"async\" class=\"aligncenter wp-image-27574 size-full\" src=\"https:\/\/alex.shop\/wp-content\/uploads\/2024\/09\/alex-smoke-detector-3.jpg\" alt=\"pametni detektor dima\" width=\"1513\" height=\"485\" \/><\/p>\n<h3 data-start=\"2854\" data-end=\"2902\"><strong data-start=\"2858\" data-end=\"2902\">Pametna povezljivost z drugimi napravami<\/strong><\/h3>\n<p data-start=\"2904\" data-end=\"2992\">Pametni detektor dima se brezhibno pove\u017ee z ostalimi napravami iz sistema <a href=\"https:\/\/alex.shop\/alex-home\/\"><strong data-start=\"2978\" data-end=\"2991\">Alex Home<\/strong><\/a>:<\/p>\n<ul data-start=\"2993\" data-end=\"3239\">\n<li data-start=\"2993\" data-end=\"3061\">\n<p data-start=\"2995\" data-end=\"3061\">Ob zaznavi dima lahko samodejno izklopi pametne vti\u010dnice v kuhinji<\/p>\n<\/li>\n<li data-start=\"3062\" data-end=\"3111\">\n<p data-start=\"3064\" data-end=\"3111\">Aktivira rde\u010de utripajo\u010de lu\u010di v vseh prostorih<\/p>\n<\/li>\n<li data-start=\"3112\" data-end=\"3163\">\n<p data-start=\"3114\" data-end=\"3163\">Po\u0161lje obvestila vsem \u010dlanom gospodinjstva hkrati<\/p>\n<\/li>\n<li data-start=\"3164\" data-end=\"3239\">\n<p data-start=\"3166\" data-end=\"3239\">Omogo\u010da avtomatizacijo v scenarijih \u00bbpo\u017earni alarm\u00ab ali \u00bbve\u010derna za\u0161\u010dita\u00ab<\/p>\n<\/li>\n<\/ul>\n<p data-start=\"3241\" data-end=\"3303\">Tako va\u0161 dom ne ostane le varen, temve\u010d tudi resni\u010dno pameten.<\/p>\n<h3 data-start=\"137\" data-end=\"186\"><strong data-start=\"141\" data-end=\"186\">Zanesljiva za\u0161\u010dita za vsako gospodinjstvo<\/strong><\/h3>\n<p data-start=\"188\" data-end=\"535\">Statistike ka\u017eejo, da se najve\u010d po\u017earov za\u010dne pono\u010di, ko spimo. Zato je <strong data-start=\"260\" data-end=\"319\">stalna prisotnost delujo\u010dega dimnega detektorja klju\u010dna<\/strong>. Pametni senzor Alex ni le alarm \u2013 je <strong data-start=\"358\" data-end=\"377\">nadzorni sistem<\/strong>, ki tiho bedi nad va\u0161im domom, tudi ko vi spite. S hitrim odzivom in povezljivostjo s pametnim telefonom nudi dodatno raven za\u0161\u010dite, ki lahko re\u0161i \u017eivljenje.<\/p>\n<h4>Dimenzije naprave<\/h4>\n<p><span class=\"jCAhz ChMk0b\"><span class=\"ryNqvb\">Ta detektor dima s svojo majhno in kompaktno zasnovo se bo prilegal v vsak prostor.<\/span><\/span> <span class=\"jCAhz ChMk0b\"><span class=\"ryNqvb\">Dimenzije naprave so 78x48mm<\/span><\/span><\/p>\n<p><img loading=\"lazy\" decoding=\"async\" class=\"aligncenter wp-image-11695\" src=\"https:\/\/alex.shop\/wp-content\/uploads\/2023\/06\/alex-detektor-dimenzije-1024x587.webp\" alt=\"pametni detektor dima\" width=\"725\" height=\"416\" \/><\/p>\n<h3 data-start=\"3310\" data-end=\"3347\"><strong data-start=\"3314\" data-end=\"3347\">Najpogostej\u0161a vpra\u0161anja (FAQ)<\/strong><\/h3>\n<p data-start=\"3349\" data-end=\"3493\"><strong data-start=\"3349\" data-end=\"3408\">1. Ali detektor potrebuje centralno enoto za delovanje?<\/strong><br data-start=\"3408\" data-end=\"3411\" \/>Ne. Naprava deluje popolnoma samostojno in se povezuje neposredno na WiFi omre\u017eje.<\/p>\n<p data-start=\"3495\" data-end=\"3625\"><strong data-start=\"3495\" data-end=\"3530\">2. Kolik\u0161na je glasnost alarma?<\/strong><br data-start=\"3530\" data-end=\"3533\" \/>Alarm ima jakost 85 dB, kar je dovolj, da zbudi spe\u010de osebe ali opozori vse prisotne v hi\u0161i.<\/p>\n<p data-start=\"3627\" data-end=\"3739\"><strong data-start=\"3627\" data-end=\"3669\">3. Kaj se zgodi, \u010de sem na po\u010ditnicah?<\/strong><br data-start=\"3669\" data-end=\"3672\" \/>Ob zaznavi dima boste prejeli opozorilo na telefon \u2013 kjer koli ste.<\/p>\n<p data-start=\"3741\" data-end=\"3907\"><strong data-start=\"3741\" data-end=\"3774\">4. Kam naj namestim detektor?<\/strong><br data-start=\"3774\" data-end=\"3777\" \/>Namestitev je priporo\u010dena v spalnicah, hodnikih, dnevni sobi, na podstre\u0161ju in v kleti. Vsako nadstropje naj ima vsaj eno napravo.<\/p>\n<p data-start=\"3909\" data-end=\"4061\"><strong data-start=\"3909\" data-end=\"3958\">5. Ali naprava preverja svoje delovanje sama?<\/strong><br data-start=\"3958\" data-end=\"3961\" \/>Da. Naprava redno preverja delovanje senzorjev, WiFi povezave in baterije ter vas opozori ob napaki.<\/p>\n<h3 data-start=\"164\" data-end=\"205\">Spremljajte nas na dru\u017ebenih omre\u017ejih<\/h3>\n<p data-start=\"207\" data-end=\"605\" data-is-last-node=\"\" data-is-only-node=\"\">Za ve\u010d nasvetov, novosti in ekskluzivnih ponudb obi\u0161\u010dite na\u0161 profil na <a class=\"\" href=\"https:\/\/www.facebook.com\/alarm.express.shop.si\/\" target=\"_new\" rel=\"noopener\" data-start=\"278\" data-end=\"327\">Facebooku<\/a> in <a class=\"\" href=\"https:\/\/www.instagram.com\/alarm.express.shop.si\/\" target=\"_new\" rel=\"noopener\" data-start=\"331\" data-end=\"382\">Instagramu<\/a>. Pridru\u017eite se skupnosti zadovoljnih uporabnikov, odkrijte, kako drugi uporabljajo Alex izdelke v svojem domu, in bodite prvi obve\u0161\u010deni o vseh novostih. Va\u0161a varnost in udobje se za\u010dneta tukaj \u2013 tudi na dru\u017ebenih omre\u017ejih!<\/p>\n\n","protected":false},"excerpt":{"rendered":"<p>Brez\u017ei\u010dni detektor dima z vgrajeno sireno se pove\u017ee v WiFi omre\u017eje in ponuja dolgo \u017eivljenjsko dobo baterije. Idealna re\u0161itev za varnost va\u0161ega doma s pravo\u010dasnimi opozorili.<\/p>\n","protected":false},"featured_media":821,"template":"","meta":{"order-bump-settings":[],"_wpfnl_thankyou_order_overview":"on","_wpfnl_thankyou_order_details":"on","_wpfnl_thankyou_billing_details":"on","_wpfnl_thankyou_shipping_details":"on"},"product_brand":[142],"product_cat":[108,113,54],"product_tag":[81,99],"class_list":{"0":"post-674","1":"product","2":"type-product","3":"status-publish","4":"has-post-thumbnail","6":"product_brand-alex","7":"product_cat-pametni-dom","8":"product_cat-senzorji","9":"product_cat-smart-home","10":"product_tag-alex","11":"product_tag-tuya","13":"first","14":"instock","15":"sale","16":"taxable","17":"shipping-taxable","18":"purchasable","19":"product-type-simple"},"bundled_by":[],"bundle_stock_status":"instock","bundle_stock_quantity":99,"bundle_virtual":false,"bundle_layout":"","bundle_add_to_cart_form_location":"","bundle_editable_in_cart":false,"bundle_sold_individually_context":"","bundle_item_grouping":"","bundle_min_size":"","bundle_max_size":"","bundle_price":[],"bundled_items":[],"bundle_sell_ids":[],"_links":{"self":[{"href":"https:\/\/alex.shop\/si\/wp-json\/wp\/v2\/product\/674","targetHints":{"allow":["GET"]}}],"collection":[{"href":"https:\/\/alex.shop\/si\/wp-json\/wp\/v2\/product"}],"about":[{"href":"https:\/\/alex.shop\/si\/wp-json\/wp\/v2\/types\/product"}],"version-history":[{"count":5,"href":"https:\/\/alex.shop\/si\/wp-json\/wp\/v2\/product\/674\/revisions"}],"predecessor-version":[{"id":1920,"href":"https:\/\/alex.shop\/si\/wp-json\/wp\/v2\/product\/674\/revisions\/1920"}],"wp:featuredmedia":[{"embeddable":true,"href":"https:\/\/alex.shop\/si\/wp-json\/wp\/v2\/media\/821"}],"wp:attachment":[{"href":"https:\/\/alex.shop\/si\/wp-json\/wp\/v2\/media?parent=674"}],"wp:term":[{"taxonomy":"product_brand","embeddable":true,"href":"https:\/\/alex.shop\/si\/wp-json\/wp\/v2\/product_brand?post=674"},{"taxonomy":"product_cat","embeddable":true,"href":"https:\/\/alex.shop\/si\/wp-json\/wp\/v2\/product_cat?post=674"},{"taxonomy":"product_tag","embeddable":true,"href":"https:\/\/alex.shop\/si\/wp-json\/wp\/v2\/product_tag?post=674"}],"curies":[{"name":"wp","href":"https:\/\/api.w.org\/{rel}","templated":true}]}}