{"id":755,"date":"2025-04-08T13:47:55","date_gmt":"2025-04-08T11:47:55","guid":{"rendered":"https:\/\/alex.shop\/si\/?post_type=product&#038;p=755"},"modified":"2026-04-07T13:53:51","modified_gmt":"2026-04-07T11:53:51","slug":"pametni-vratni-cilinder","status":"publish","type":"product","link":"https:\/\/alex.shop\/si\/pametni-vratni-cilinder\/","title":{"rendered":"Pametni vratni cilinder"},"content":{"rendered":"<h2 data-start=\"639\" data-end=\"698\"><strong data-start=\"642\" data-end=\"698\">Pametni vratni cilinder \u2013 popoln nadzor nad dostopom<\/strong><\/h2>\n<p data-start=\"700\" data-end=\"1043\">Pametni vratni cilinder je napredna re\u0161itev za vse, ki \u017eelite varnej\u0161i, pametnej\u0161i in bolj udoben dostop do svojega doma. Ta inovativna naprava nadomesti klasi\u010dne klju\u010de in omogo\u010da odklepanje vrat prek mobilne aplikacije ali z vnosom PIN kode, kar prina\u0161a ve\u010djo prilagodljivost, ve\u010djo varnost in popoln nadzor nad dogajanjem pred va\u0161imi vrati.<\/p>\n<h3 data-start=\"1045\" data-end=\"1073\">Varnost brez kompromisov<\/h3>\n<p data-start=\"1075\" data-end=\"1435\">Varnost je eden najpomembnej\u0161ih elementov sodobnega doma. S pametnim vratnim cilindrom Alex imate popoln pregled nad tem, kdo ima dostop do va\u0161ega doma in kdaj. Uporabnikom omogo\u010da podeljevanje stalnega ali \u010dasovno omejenega dostopa prek aplikacije Alex Home. Tako lahko zaupate za\u010dasen dostop prijateljem, dru\u017einskim \u010dlanom ali kurirjem \u2013 tudi ko vas ni doma.<\/p>\n<p><strong>Enostavna namestitev in zdru\u017eljivost<\/strong><\/p>\n<p>Namestitev pametnega cilindra vrat je preprosta in ne zahteva posebnega tehni\u010dnega znanja. Zamenjava klasi\u010dnega cilindra vrat s to pametno napravo je hitra in enostavna. Alexov cilinder je zdru\u017eljiv z ve\u010dino standardnih evropskih cilindrov in je primeren za ve\u010dino vrat. Poleg tega se ta naprava enostavno integrira z drugimi pametnimi napravami v va\u0161em domu, kar omogo\u010da popoln nadzor.<\/p>\n<p><img fetchpriority=\"high\" decoding=\"async\" class=\"aligncenter size-full wp-image-16031 lazyloaded\" src=\"https:\/\/alex.shop\/wp-content\/uploads\/2023\/09\/pametni-cilindar.jpg\" alt=\"\" width=\"932\" height=\"768\" data-src=\"https:\/\/alex.shop\/wp-content\/uploads\/2023\/09\/pametni-cilindar.jpg\" \/><\/p>\n<h3 data-start=\"1437\" data-end=\"1479\">Adijo klju\u010di \u2013 pozdravljena avtomatika<\/h3>\n<p data-start=\"1481\" data-end=\"1810\">Pametni cilinder omogo\u010da odklepanje brez klju\u010da \u2013 z va\u0161im pametnim telefonom, PIN tipkovnico ali prek Alex Home avtomatizacije. Odklepanje z aplikacijo je varno, hitro in zanesljivo, PIN kode pa je mogo\u010de ustvariti, prilagajati in dodeliti posameznim uporabnikom. To pomeni, da vsak \u010dlan dru\u017eine ali obiskovalec dobi svoj dostop.<\/p>\n<p data-start=\"1812\" data-end=\"2011\">Ob aktivaciji cilindra je mo\u017eno spro\u017eiti tudi druge pametne naprave v domu \u2013 npr. pri\u017eig lu\u010di ob prihodu ali izklop ogrevanja ob odhodu. To ne izbolj\u0161a le udobja, temve\u010d tudi zmanj\u0161a porabo energije.<\/p>\n<h3 data-start=\"2013\" data-end=\"2055\">Enostavna monta\u017ea, \u0161iroka zdru\u017eljivost<\/h3>\n<p data-start=\"2057\" data-end=\"2306\">Pametni cilinder se enostavno namesti v obstoje\u010da vrata in ne zahteva dodatnega vrtanja ali kompleksne monta\u017ee. Zdru\u017eljiv je z ve\u010dino standardnih evropskih klju\u010davnic. V kompletu dobite vse potrebno za hitro zamenjavo klasi\u010dnega cilindra s pametnim.<\/p>\n<p data-start=\"2308\" data-end=\"2458\">Za oddaljen nadzor priporo\u010damo povezavo z <a href=\"https:\/\/alex.shop\/alex-hub-bezicna-centralna-jedinica\/\"><strong data-start=\"2350\" data-end=\"2362\">Alex Hub<\/strong><\/a>, ki omogo\u010da nadzor naprave od kjerkoli in jo povezuje z drugimi Alex napravami v pametnem domu.<\/p>\n<p><img decoding=\"async\" class=\"aligncenter size-full wp-image-16035 ls-is-cached lazyloaded\" src=\"https:\/\/alex.shop\/wp-content\/uploads\/2023\/09\/pametni-cilindar-sadrzaj.jpg\" alt=\"\" width=\"773\" height=\"745\" data-src=\"https:\/\/alex.shop\/wp-content\/uploads\/2023\/09\/pametni-cilindar-sadrzaj.jpg\" \/><\/p>\n<p><strong>Primerne klju\u010davnice in dimenzije<\/strong><\/p>\n<p>&nbsp;<\/p>\n<p><img decoding=\"async\" class=\"aligncenter size-full wp-image-16039 ls-is-cached lazyloaded\" src=\"https:\/\/alex.shop\/wp-content\/uploads\/2023\/09\/dimenzije.jpg\" alt=\"\" width=\"1000\" height=\"1169\" data-src=\"https:\/\/alex.shop\/wp-content\/uploads\/2023\/09\/dimenzije.jpg\" \/><\/p>\n<p><img loading=\"lazy\" decoding=\"async\" class=\"aligncenter size-full wp-image-16043 ls-is-cached lazyloaded\" src=\"https:\/\/alex.shop\/wp-content\/uploads\/2023\/09\/sadrzaj-cilindar.jpg\" alt=\"\" width=\"820\" height=\"898\" data-src=\"https:\/\/alex.shop\/wp-content\/uploads\/2023\/09\/sadrzaj-cilindar.jpg\" \/><\/p>\n<h3 data-start=\"2460\" data-end=\"2502\">Celovit sistem obve\u0161\u010danja in bele\u017eenja<\/h3>\n<p data-start=\"2504\" data-end=\"2685\">V aplikaciji Alex Home si lahko ogledate zgodovino dostopov in prejmete takoj\u0161nja obvestila o odklenitvah. Tako ste vedno na teko\u010dem, kdo vstopa in zapu\u0161\u010da va\u0161 dom \u2013 v realnem \u010dasu.<\/p>\n<h3 data-start=\"2687\" data-end=\"2731\">Idealna re\u0161itev za sodobna gospodinjstva<\/h3>\n<p data-start=\"2733\" data-end=\"3015\">Pametni vratni cilinder je odli\u010dna izbira za dru\u017eine, stanovalce v ve\u010dstanovanjskih objektih, kot tudi za tiste, ki oddajajo stanovanja. Sposobnost dodeljevanja razli\u010dnih pravic za dostop in napredna obve\u0161\u010danja poskrbijo za brezskrben nadzor in fleksibilnost v vsakdanjem \u017eivljenju.<\/p>\n<h3 data-start=\"3022\" data-end=\"3071\">Zakaj izbrati pametni vratni cilinder Alex?<\/h3>\n<ul data-start=\"3073\" data-end=\"3439\">\n<li data-start=\"3073\" data-end=\"3119\">\n<p data-start=\"3075\" data-end=\"3119\">Odklepanje z aplikacijo ali PIN tipkovnico<\/p>\n<\/li>\n<li data-start=\"3120\" data-end=\"3157\">\n<p data-start=\"3122\" data-end=\"3157\">Brez potrebe po klasi\u010dnih klju\u010dih<\/p>\n<\/li>\n<li data-start=\"3158\" data-end=\"3200\">\n<p data-start=\"3160\" data-end=\"3200\">Zgodovina dostopov in realna obvestila<\/p>\n<\/li>\n<li data-start=\"3201\" data-end=\"3254\">\n<p data-start=\"3203\" data-end=\"3254\">Nastavljive PIN kode za dru\u017einske \u010dlane ali goste<\/p>\n<\/li>\n<li data-start=\"3255\" data-end=\"3316\">\n<p data-start=\"3257\" data-end=\"3316\">Samodejni scenariji v povezavi z Alex pametnimi napravami<\/p>\n<\/li>\n<li data-start=\"3317\" data-end=\"3367\">\n<p data-start=\"3319\" data-end=\"3367\">Zdru\u017eljiv z ve\u010dino evropskih vratnih cilindrov<\/p>\n<\/li>\n<li data-start=\"3368\" data-end=\"3404\">\n<p data-start=\"3370\" data-end=\"3404\">Oddaljeno upravljanje z Alex Hub<\/p>\n<\/li>\n<li data-start=\"3405\" data-end=\"3439\">\n<p data-start=\"3407\" data-end=\"3439\">Enostavna monta\u017ea brez vrtanja<\/p>\n<\/li>\n<\/ul>\n<h2 data-start=\"3446\" data-end=\"3486\">Najpogostej\u0161a vpra\u0161anja in odgovori<\/h2>\n<p data-start=\"3488\" data-end=\"3657\"><strong data-start=\"3488\" data-end=\"3540\">1. Ali je pametni cilinder varen pred zlorabami?<\/strong><br data-start=\"3540\" data-end=\"3543\" \/>Da, cilinder uporablja napredno enkripcijo in omogo\u010da samo preverjenim uporabnikom dostop z aplikacijo ali PIN-om.<\/p>\n<p data-start=\"3659\" data-end=\"3786\"><strong data-start=\"3659\" data-end=\"3702\">2. Ali deluje brez internetne povezave?<\/strong><br data-start=\"3702\" data-end=\"3705\" \/>Deluje lokalno prek Bluetootha, za oddaljeno upravljanje pa je potreben Alex Hub.<\/p>\n<p data-start=\"3788\" data-end=\"3926\"><strong data-start=\"3788\" data-end=\"3825\">3. Koliko PIN kod lahko ustvarim?<\/strong><br data-start=\"3825\" data-end=\"3828\" \/>Mo\u017eno je ustvariti ve\u010d za\u010dasnih in stalnih kod, vse pa lahko upravljate prek aplikacije Alex Home.<\/p>\n<p data-start=\"3928\" data-end=\"4050\"><strong data-start=\"3928\" data-end=\"3961\">4. Ali ga lahko sam namestim?<\/strong><br data-start=\"3961\" data-end=\"3964\" \/>Da. Monta\u017ea je enostavna in primerna za vse, ki \u017ee imajo standardni evropski cilinder.<\/p>\n<p data-start=\"4052\" data-end=\"4177\"><strong data-start=\"4052\" data-end=\"4108\">5. Kaj se zgodi, \u010de mi zmanjka baterije na telefonu?<\/strong><br data-start=\"4108\" data-end=\"4111\" \/>Cilinder ima tudi PIN tipkovnico, ki omogo\u010da dostop brez telefona.<\/p>\n<h3 data-start=\"164\" data-end=\"205\">Spremljajte nas na dru\u017ebenih omre\u017ejih<\/h3>\n<p data-start=\"207\" data-end=\"605\" data-is-last-node=\"\" data-is-only-node=\"\">Za ve\u010d nasvetov, novosti in ekskluzivnih ponudb obi\u0161\u010dite na\u0161 profil na <a class=\"\" href=\"https:\/\/www.facebook.com\/alarm.express.shop.si\/\" target=\"_new\" rel=\"noopener\" data-start=\"278\" data-end=\"327\">Facebooku<\/a> in <a class=\"\" href=\"https:\/\/www.instagram.com\/alarm.express.shop.si\/\" target=\"_new\" rel=\"noopener\" data-start=\"331\" data-end=\"382\">Instagramu<\/a>. Pridru\u017eite se skupnosti zadovoljnih uporabnikov, odkrijte, kako drugi uporabljajo Alex izdelke v svojem domu, in bodite prvi obve\u0161\u010deni o vseh novostih. Va\u0161a varnost in udobje se za\u010dneta tukaj \u2013 tudi na dru\u017ebenih omre\u017ejih!<\/p>\n\n","protected":false},"excerpt":{"rendered":"<p>Pametni vratni cilinder, ki ga upravlja mobilna aplikacija. \u0160tirje na\u010dini odpiranja, s PIN-om na tipkovnici, RFID kartico, aplikacijo ali klju\u010dem. Zdru\u017eljivo z ve\u010dino vrat evropskih standardov. Delovanje na baterijo CR123. Komplet vsebuje tudi dva zasilna klju\u010da.<\/p>\n","protected":false},"featured_media":868,"template":"","meta":{"order-bump-settings":[],"_wpfnl_thankyou_order_overview":"on","_wpfnl_thankyou_order_details":"on","_wpfnl_thankyou_billing_details":"on","_wpfnl_thankyou_shipping_details":"on"},"product_brand":[142],"product_cat":[122,108,54],"product_tag":[81,99],"class_list":{"0":"post-755","1":"product","2":"type-product","3":"status-publish","4":"has-post-thumbnail","6":"product_brand-alex","7":"product_cat-pametne-kljucavnice","8":"product_cat-pametni-dom","9":"product_cat-smart-home","10":"product_tag-alex","11":"product_tag-tuya","13":"first","14":"instock","15":"sale","16":"taxable","17":"shipping-taxable","18":"purchasable","19":"product-type-simple"},"bundled_by":[],"bundle_stock_status":"instock","bundle_stock_quantity":17,"bundle_virtual":false,"bundle_layout":"","bundle_add_to_cart_form_location":"","bundle_editable_in_cart":false,"bundle_sold_individually_context":"","bundle_item_grouping":"","bundle_min_size":"","bundle_max_size":"","bundle_price":[],"bundled_items":[],"bundle_sell_ids":[],"_links":{"self":[{"href":"https:\/\/alex.shop\/si\/wp-json\/wp\/v2\/product\/755","targetHints":{"allow":["GET"]}}],"collection":[{"href":"https:\/\/alex.shop\/si\/wp-json\/wp\/v2\/product"}],"about":[{"href":"https:\/\/alex.shop\/si\/wp-json\/wp\/v2\/types\/product"}],"version-history":[{"count":3,"href":"https:\/\/alex.shop\/si\/wp-json\/wp\/v2\/product\/755\/revisions"}],"predecessor-version":[{"id":1924,"href":"https:\/\/alex.shop\/si\/wp-json\/wp\/v2\/product\/755\/revisions\/1924"}],"wp:featuredmedia":[{"embeddable":true,"href":"https:\/\/alex.shop\/si\/wp-json\/wp\/v2\/media\/868"}],"wp:attachment":[{"href":"https:\/\/alex.shop\/si\/wp-json\/wp\/v2\/media?parent=755"}],"wp:term":[{"taxonomy":"product_brand","embeddable":true,"href":"https:\/\/alex.shop\/si\/wp-json\/wp\/v2\/product_brand?post=755"},{"taxonomy":"product_cat","embeddable":true,"href":"https:\/\/alex.shop\/si\/wp-json\/wp\/v2\/product_cat?post=755"},{"taxonomy":"product_tag","embeddable":true,"href":"https:\/\/alex.shop\/si\/wp-json\/wp\/v2\/product_tag?post=755"}],"curies":[{"name":"wp","href":"https:\/\/api.w.org\/{rel}","templated":true}]}}