{"id":779,"date":"2025-04-08T13:48:18","date_gmt":"2025-04-08T11:48:18","guid":{"rendered":"https:\/\/alex.shop\/si\/?post_type=product&#038;p=779"},"modified":"2026-04-02T15:10:42","modified_gmt":"2026-04-02T13:10:42","slug":"reolink-lumus-zunanja-4mp-wifi-kamera-z-reflektorjem","status":"publish","type":"product","link":"https:\/\/alex.shop\/si\/reolink-lumus-zunanja-4mp-wifi-kamera-z-reflektorjem\/","title":{"rendered":"Reolink E430 (Lumus) &#8211; kamera z reflektorjem"},"content":{"rendered":"<p><img fetchpriority=\"high\" decoding=\"async\" class=\"aligncenter size-full wp-image-20484\" src=\"https:\/\/alex.shop\/wp-content\/uploads\/2020\/07\/reolink-lumus-2k.jpg\" alt=\"\" width=\"1464\" height=\"600\" \/><\/p>\n<h2>Reolink Lumus 2K<\/h2>\n<h4>WiFi nadzorna kamera s reflektorjem<\/h4>\n<p>Reolink Lumus 2K ima reflektor, ki se aktivira, ko je zaznano gibanje, ki pono\u010di zagotavlja barvni pogled in odvra\u010da ne\u017eelene goste. S pametnimi funkcijami, kot so PIR in zaznavanje gibanja ter sirena, ta zunanja WiFi kamera zagotavlja edinstveno za\u0161\u010dito. Lahko ga postavite kjerkoli, na vhodna vrata, na dvori\u0161\u010de, pred gara\u017eo in podobno. Uporabite ga lahko na za\u010dasnem gradbi\u0161\u010du, najemni hi\u0161i, v ko\u010di ali \u010dolnu.<\/p>\n<h4>SuperHD in senzor zvezdne svetlobe<\/h4>\n<p>Oglejte si vsako podrobnost s kakovostjo videoposnetkov SuperHD. Omogo\u010da jasnej\u0161i in ostrej\u0161i pogled kot kamere 1080p. Z napredno tehnologijo senzorja CMOS s 4 milijoni slikovnih pik kamera Reolink Lumus prikazuje visokokakovostne videoposnetke v zelo \u0161ibkih svetlobnih pogojih (do 10 metrov) brez dodatne osvetlitve. Vse podrobnosti za identifikacijo ljudi, vozil in drugih predmetov si lahko ogledate 24 ur na dan.<\/p>\n<p><img decoding=\"async\" class=\"alignnone size-full wp-image-966 ls-is-cached lazyloaded\" src=\"https:\/\/alex.shop\/wp-content\/uploads\/2020\/07\/Reolink-Lumus-11.jpg\" alt=\"Reolink Lumus\" width=\"2000\" height=\"1000\" data-src=\"https:\/\/alex.shop\/wp-content\/uploads\/2020\/07\/Reolink-Lumus-11.jpg\" \/><\/p>\n<h4>Pametni detektor gibanja in takoj\u0161nja obvestila<\/h4>\n<p>Nadzorna kamera Reolink Lumus 2K z zelo ob\u010dutljivim PIR senzorjem gibanja, skoraj brez napak zazna vsa \u010dlove\u0161ka gibanja. Ko zazna gibanje, se kamera takoj vklopi, da vam po\u0161lje takoj\u0161nja opozorila, hkrati pa se samodejno spro\u017ei sirena ali glasovno opozorilo po meri, da odvrne ne\u017eelene obiskovalce.<\/p>\n<ul>\n<li><strong>Potisna obvestila in e-po\u0161tna<\/strong><br \/>\nopozorila o potezah neposredno v telefonu.<\/li>\n<li><strong>Zvok sirene<\/strong><br \/>\nZ mo\u010djo 75 dB. Spro\u017ei se z gibanjem ali daljinsko omogo\u010deno\/onemogo\u010deno.<\/li>\n<li><strong>Opozorila o glasovnem<\/strong><br \/>\nSnemanju po meri. Ustvarite lastno glasovno opozorilo glede na svoje potrebe.<\/li>\n<li><strong>Kartica SD (izbirno)<\/strong><br \/>\nSnemajte in shranjujte videoposnetke v gibanju na kartico micro SD do 256 GB.<\/li>\n<\/ul>\n<h4>Dvosmerna zvo\u010dna komunikacija<\/h4>\n<p>Poslu\u0161ajte, kaj se dogaja v va\u0161em domu ali zunaj njega, in se pogovarjajte z enim samim dotikom. S pomo\u010djo vgrajenega mikrofona in zvo\u010dnika lahko komunicirate s starej\u0161imi, otroki, varu\u0161kami, hi\u0161nimi ljubljen\u010dki in opozorite vse nepovabljene.<\/p>\n<p><img decoding=\"async\" class=\"aligncenter size-full wp-image-20480 ls-is-cached lazyloaded\" src=\"https:\/\/alex.shop\/wp-content\/uploads\/2020\/07\/reolink-lumus-2k-2.jpg\" alt=\"\" width=\"1464\" height=\"600\" data-src=\"https:\/\/alex.shop\/wp-content\/uploads\/2020\/07\/reolink-lumus-2k-2.jpg\" \/><\/p>\n<h4>Dostop do kamere kadarkoli in kjerkoli<\/h4>\n<p>Nadzor \u0161e nikoli ni bil tako enostaven z brezpla\u010dno aplikacijo Reolink. Preverite, ali sta va\u0161a dru\u017eina in dom varna kadar koli in kjerkoli prek pametnih telefonov iOS in Android ali prek ra\u010dunalnikov Windows ali Mac. Tudi ko ste v pisarni ali na potovanju, lahko preverite, kaj se dogaja na poti.<\/p>\n<h4>Reolink Cloud<\/h4>\n<p>Reolink Lumus 2K podpira storitev shranjevanja v <a href=\"https:\/\/cloud.reolink.com\/\" target=\"_blank\" rel=\"noopener\">Reolink Cloud<\/a>. Na ta na\u010din se videoposnetki popolnoma brezpla\u010dno shranjujejo tudi v oblak. Reolink Cloud ponuja varnostno kopiranje vseh pomembnih dogodkov in vam omogo\u010da dostop do shranjenih videoposnetkov kjerkoli in kadarkoli. Ni vam treba skrbeti, da bo kamera ukraden ali da bi se pomnilni\u0161ka kartica zlomila.<\/p>\n<h4>Glasovno upravljanje<\/h4>\n<p>Nadzor nadzorne kamere, ki deluje s Pomo\u010dnikom Google, ne more biti la\u017eji. Samo recite \u00bbHej Google, poka\u017ei mi dvori\u0161\u010de\u00ab in v \u017eivo boste lahko gledali s kamere prek Google Nest Hub ali pametnih televizorjev, ki podpirajo Chromecast.<\/p>\n<h4>Reolink Lumus 2K \u2013 vsebina \u0161katle<\/h4>\n<p><img loading=\"lazy\" decoding=\"async\" class=\"aligncenter size-full wp-image-20476 ls-is-cached lazyloaded\" src=\"https:\/\/alex.shop\/wp-content\/uploads\/2020\/07\/reolink-lumus-2k-3.jpg\" alt=\"\" width=\"1153\" height=\"505\" data-src=\"https:\/\/alex.shop\/wp-content\/uploads\/2020\/07\/reolink-lumus-2k-3.jpg\" \/><\/p>\n<h4>Reolink Lumus dimenzije in specifikacije<\/h4>\n\n<h3><\/h3>\n","protected":false},"excerpt":{"rendered":"<p>Pametna zunanja kamera z reflektorjem, ki se pri zaznavi gibanja pri\u017ege, omogo\u010da no\u010dni prikaz v barvah. Nova razli\u010dica s 4MP lo\u010dljivostjo nudi \u0161e bolj\u0161o za\u0161\u010dito in preglednost.<\/p>\n","protected":false},"featured_media":918,"template":"","meta":{"order-bump-settings":[],"_wpfnl_thankyou_order_overview":"on","_wpfnl_thankyou_order_details":"on","_wpfnl_thankyou_billing_details":"on","_wpfnl_thankyou_shipping_details":"on"},"product_brand":[140],"product_cat":[109],"product_tag":[69,89,97,147,118],"class_list":{"0":"post-779","1":"product","2":"type-product","3":"status-publish","4":"has-post-thumbnail","6":"product_brand-reolink","7":"product_cat-wifi-kamere","8":"product_tag-2mp","9":"product_tag-kamere-z-reflektorjem-2","10":"product_tag-reolink","11":"product_tag-zicne-wifi-kamere","12":"product_tag-zunanje-kamere-wifi","14":"first","15":"instock","16":"sale","17":"taxable","18":"shipping-taxable","19":"purchasable","20":"product-type-simple"},"bundled_by":[],"bundle_stock_status":"instock","bundle_stock_quantity":11,"bundle_virtual":false,"bundle_layout":"","bundle_add_to_cart_form_location":"","bundle_editable_in_cart":false,"bundle_sold_individually_context":"","bundle_item_grouping":"","bundle_min_size":"","bundle_max_size":"","bundle_price":[],"bundled_items":[],"bundle_sell_ids":[],"_links":{"self":[{"href":"https:\/\/alex.shop\/si\/wp-json\/wp\/v2\/product\/779","targetHints":{"allow":["GET"]}}],"collection":[{"href":"https:\/\/alex.shop\/si\/wp-json\/wp\/v2\/product"}],"about":[{"href":"https:\/\/alex.shop\/si\/wp-json\/wp\/v2\/types\/product"}],"version-history":[{"count":4,"href":"https:\/\/alex.shop\/si\/wp-json\/wp\/v2\/product\/779\/revisions"}],"predecessor-version":[{"id":1694,"href":"https:\/\/alex.shop\/si\/wp-json\/wp\/v2\/product\/779\/revisions\/1694"}],"wp:featuredmedia":[{"embeddable":true,"href":"https:\/\/alex.shop\/si\/wp-json\/wp\/v2\/media\/918"}],"wp:attachment":[{"href":"https:\/\/alex.shop\/si\/wp-json\/wp\/v2\/media?parent=779"}],"wp:term":[{"taxonomy":"product_brand","embeddable":true,"href":"https:\/\/alex.shop\/si\/wp-json\/wp\/v2\/product_brand?post=779"},{"taxonomy":"product_cat","embeddable":true,"href":"https:\/\/alex.shop\/si\/wp-json\/wp\/v2\/product_cat?post=779"},{"taxonomy":"product_tag","embeddable":true,"href":"https:\/\/alex.shop\/si\/wp-json\/wp\/v2\/product_tag?post=779"}],"curies":[{"name":"wp","href":"https:\/\/api.w.org\/{rel}","templated":true}]}}