{"id":782,"date":"2025-04-08T13:48:18","date_gmt":"2025-04-08T11:48:18","guid":{"rendered":"https:\/\/alex.shop\/si\/?post_type=product&#038;p=782"},"modified":"2026-04-02T15:10:42","modified_gmt":"2026-04-02T13:10:42","slug":"reolink-rlk8-800d4-komplet-za-video-nadzor-8mp-4k-s-prepoznavanjem-osebe-in-vozila","status":"publish","type":"product","link":"https:\/\/alex.shop\/si\/reolink-rlk8-800d4-komplet-za-video-nadzor-8mp-4k-s-prepoznavanjem-osebe-in-vozila\/","title":{"rendered":"Reolink NVS8-8MD4 (RLK8-800D4) &#8211; komplet za video nadzor 8MP"},"content":{"rendered":"<p>Reolink RLK8-800D4 IP PoE video nadzorni komplet z 8-kanalnim snemalnikom in \u0161tirimi kamerami 8MP (4K), prilo\u017een trdi disk 2TB<br \/>\n<img fetchpriority=\"high\" decoding=\"async\" class=\"alignnone size-full wp-image-1164 lazyloaded\" src=\"https:\/\/alex.shop\/wp-content\/uploads\/2020\/07\/reolink-system-use-1.jpg\" alt=\"\" width=\"1208\" height=\"262\" data-src=\"https:\/\/alex.shop\/wp-content\/uploads\/2020\/07\/reolink-system-use-1.jpg\" \/><\/p>\n<p>&nbsp;<\/p>\n<h4>Reolink RLN8-410 NVR snemalnik<\/h4>\n<p><img decoding=\"async\" class=\"size-full wp-image-1166 aligncenter lazyloaded\" src=\"https:\/\/alex.shop\/wp-content\/uploads\/2020\/07\/Reolink-RLN8-410.png\" alt=\"Reolink-RLN8-410\" width=\"1940\" height=\"500\" data-src=\"https:\/\/alex.shop\/wp-content\/uploads\/2020\/07\/Reolink-RLN8-410.png\" \/><br \/>\n\u010ce \u017eelite snemati in upravljati ve\u010d IP kamer, je Reolink NVR idealna re\u0161itev, saj podpira so\u010dasno predvajanje v \u017eivo in snemanje 24\/7 za vse kamere. Snemalnik zvo\u010dnih vhodov za kamere z vgrajenim mikrofonom zagotavlja, da imate dostop do zvo\u010dnega materiala vseh povezanih IP kamer z dostopom do slik in videoposnetkov. Vgrajen je 2TB disk, uporabnik pa lahko doda zunanji pogon prek e-SATA za ve\u010d prostora za shranjevanje (do 4 TB). Reolink snemalniki delujejo samo z nadzornimi kamerami Reolink in omogo\u010dajo povezavo osmih kamer Reolink PoE.<\/p>\n<h4>Kamera Reolink P334<\/h4>\n<p><img decoding=\"async\" class=\"aligncenter size-full wp-image-26114\" src=\"https:\/\/alex.shop\/wp-content\/uploads\/2020\/07\/Reolink-P334A.jpg\" alt=\"\" width=\"1298\" height=\"498\" \/><br \/>\nKamera Reolink P334 PoE imajo lo\u010dljivost 4K, ki ponuja skoraj 4-kratno lo\u010dljivost 1080p in zagotavlja veliko ve\u010d podrobnosti in jasnosti kot 5MP \/ 4MP Super HD kamere. Ta vrhunski komplet vam lahko v \u017eivo prika\u017ee najbolj\u0161e klju\u010dne podrobnosti, ko digitalno pove\u010date.\u00a0 Jasno opazujte vsak gib ali gibanje pri \u0161ibki svetlobi in imejte popoln nadzor varnosti. Kamero postavite kamor koli \u017eelite. Zahvaljujo\u010d vodoodpornemu standardu ip66 in vremenskim vplivom jih lahko brez skrbi namestite tudi na prostem.<\/p>\n<p>&nbsp;<\/p>\n<h4>Reolink RLK8-800D4 \u2013 vsebina \u0161katle<\/h4>\n<p>&nbsp;<\/p>\n<p><img loading=\"lazy\" decoding=\"async\" class=\"aligncenter size-full wp-image-8895 lazyloaded\" src=\"https:\/\/alex.shop\/wp-content\/uploads\/2020\/07\/reolink-rlk8-800-sadrzaj.jpg\" alt=\"\" width=\"1214\" height=\"737\" data-src=\"https:\/\/alex.shop\/wp-content\/uploads\/2020\/07\/reolink-rlk8-800-sadrzaj.jpg\" \/><\/p>\n","protected":false},"excerpt":{"rendered":"<p>Napreden sistem za videonadzor s prepoznavanjem oseb in vozil. Vsebuje 8-kanalni snemalnik, \u0161tiri 8MP (4K) kamere in 2TB trdi disk. Idealno za visoko varnost doma ali poslovnega prostora.<\/p>\n","protected":false},"featured_media":939,"template":"","meta":{"order-bump-settings":[],"_wpfnl_thankyou_order_overview":"on","_wpfnl_thankyou_order_details":"on","_wpfnl_thankyou_billing_details":"on","_wpfnl_thankyou_shipping_details":"on"},"product_brand":[140],"product_cat":[131],"product_tag":[130,79,80,97],"class_list":{"0":"post-782","1":"product","2":"type-product","3":"status-publish","4":"has-post-thumbnail","6":"product_brand-reolink","7":"product_cat-kompleti-za-video-nadzor","8":"product_tag-24h-snemanje","9":"product_tag-8-kanalni","10":"product_tag-8mp","11":"product_tag-reolink","13":"first","14":"instock","15":"sale","16":"featured","17":"taxable","18":"shipping-taxable","19":"purchasable","20":"product-type-simple"},"bundled_by":[],"bundle_stock_status":"instock","bundle_stock_quantity":5,"bundle_virtual":false,"bundle_layout":"","bundle_add_to_cart_form_location":"","bundle_editable_in_cart":false,"bundle_sold_individually_context":"","bundle_item_grouping":"","bundle_min_size":"","bundle_max_size":"","bundle_price":[],"bundled_items":[],"bundle_sell_ids":[],"_links":{"self":[{"href":"https:\/\/alex.shop\/si\/wp-json\/wp\/v2\/product\/782","targetHints":{"allow":["GET"]}}],"collection":[{"href":"https:\/\/alex.shop\/si\/wp-json\/wp\/v2\/product"}],"about":[{"href":"https:\/\/alex.shop\/si\/wp-json\/wp\/v2\/types\/product"}],"version-history":[{"count":3,"href":"https:\/\/alex.shop\/si\/wp-json\/wp\/v2\/product\/782\/revisions"}],"predecessor-version":[{"id":1713,"href":"https:\/\/alex.shop\/si\/wp-json\/wp\/v2\/product\/782\/revisions\/1713"}],"wp:featuredmedia":[{"embeddable":true,"href":"https:\/\/alex.shop\/si\/wp-json\/wp\/v2\/media\/939"}],"wp:attachment":[{"href":"https:\/\/alex.shop\/si\/wp-json\/wp\/v2\/media?parent=782"}],"wp:term":[{"taxonomy":"product_brand","embeddable":true,"href":"https:\/\/alex.shop\/si\/wp-json\/wp\/v2\/product_brand?post=782"},{"taxonomy":"product_cat","embeddable":true,"href":"https:\/\/alex.shop\/si\/wp-json\/wp\/v2\/product_cat?post=782"},{"taxonomy":"product_tag","embeddable":true,"href":"https:\/\/alex.shop\/si\/wp-json\/wp\/v2\/product_tag?post=782"}],"curies":[{"name":"wp","href":"https:\/\/api.w.org\/{rel}","templated":true}]}}