{"id":810,"date":"2025-04-08T13:48:46","date_gmt":"2025-04-08T11:48:46","guid":{"rendered":"https:\/\/alex.shop\/si\/?post_type=product&#038;p=810"},"modified":"2026-04-02T15:10:42","modified_gmt":"2026-04-02T13:10:42","slug":"reolink-rlc-510wa-zunanja-5mp-wifi-kamera","status":"publish","type":"product","link":"https:\/\/alex.shop\/si\/reolink-rlc-510wa-zunanja-5mp-wifi-kamera\/","title":{"rendered":"Reolink W320 (RLC-510WA) &#8211; WiFi kamera"},"content":{"rendered":"<p><img fetchpriority=\"high\" decoding=\"async\" class=\"aligncenter wp-image-22531 size-full\" src=\"https:\/\/alex.shop\/wp-content\/uploads\/2021\/04\/reolink-rlc-510wa-2-1.jpg\" alt=\"Reolink W320 \u2013 zunanja nadzorna WiFi kamera 5MP\" width=\"1464\" height=\"600\" \/><\/p>\n<h2>Reolink RLC-510WA<\/h2>\n<h4>Zunanja WiFi nadzorna kamera z mo\u017enostjo prepoznavanja ljudi in vozil<\/h4>\n<p>Kamera Reolink RLC-510WA snema v izjemno visoki lo\u010dljivosti 5MP. Lahko ga postavite kjerkoli, na vhodna vrata, na dvori\u0161\u010de, pred gara\u017eo in podobno. Uporabite ga lahko na za\u010dasnem gradbi\u0161\u010du, najemni hi\u0161i ali ko\u010di.<\/p>\n<h4>Nova tehnologija zmanj\u0161uje la\u017ene alarme<\/h4>\n<p>S pomo\u010djo tehnologije za analizo oblike lahko kamera Reolink RLC-510WA natan\u010dno zazna ljudi in vozila. To mo\u010dno zmanj\u0161a la\u017ene alarme, ker se premiki drugih manj pomembnih predmetov ignorirajo.<\/p>\n<p><img decoding=\"async\" class=\"lazyloaded aligncenter wp-image-22525 size-full\" src=\"https:\/\/alex.shop\/wp-content\/uploads\/2021\/04\/reolink-rlc-510wa-5ghz.jpg\" alt=\"Reolink W320 \u2013 zunanja nadzorna WiFi kamera 5MP\" width=\"1464\" height=\"600\" data-src=\"https:\/\/alex.shop\/wp-content\/uploads\/2021\/04\/reolink-rlc-510wa-5ghz.jpg\" \/><\/p>\n<h4>Preprost in zanesljiv dvopasovni WiFi<\/h4>\n<p>Reolink RLC-510WA podpira 2.4GHz in 5GHz WiFi, kar ponuja ve\u010d mo\u017enosti brez\u017ei\u010dne povezljivosti. Dvopasovna WiFi tehnologija in 2T2R MIMO antene zagotavljajo mo\u010dan signal za stabilno in zanesljivo povezavo.<\/p>\n<h4>Super HD podnevi in no\u010d<\/h4>\n<p>Vidni kot 80\u00b0 in 5MP Super HD lo\u010dljivost vam dajeta podrobno sliko va\u0161ega doma. Vgrajen visokokakovosten CMOS senzor z 18 IR LED diodami zagotavlja odli\u010den prikaz v temi, do razdalje 30 metrov. Jasno si oglejte vsako gibanje ali gibanje va\u0161ega otroka ali hi\u0161nega ljubljen\u010dka pri \u0161ibki svetlobi.<\/p>\n<p><img decoding=\"async\" class=\"ls-is-cached lazyloaded aligncenter wp-image-2962 size-full\" src=\"https:\/\/alex.shop\/wp-content\/uploads\/2021\/04\/reolink-rlc-510wa-banner.jpg\" alt=\"Reolink W320 \u2013 zunanja nadzorna WiFi kamera 5MP\" width=\"1920\" height=\"580\" data-src=\"https:\/\/alex.shop\/wp-content\/uploads\/2021\/04\/reolink-rlc-510wa-banner.jpg\" \/><\/p>\n<h4>Mo\u017enost \u010dasovnega zamika<\/h4>\n<p>Kamera Reolink RLC-510WA lahko posname tehniko \u010dasovnega zamika, s pomo\u010djo katere hitro in enostavno zabele\u017ei dinamiko dolgoro\u010dnih dogodkov, kot so son\u010dni vzhod, gibanje oblakov in cvetenje. Zabavajte se pri ustvarjanju videoposnetkov, kot so filmi.<\/p>\n<h4>Neprekinjeno snemanje 24\/7, snemanje zaznavanja gibanja ali na\u010drtovano snemanje<\/h4>\n<p>Kamera podpira snemanje z zaznavanjem gibanja, neprekinjeno snemanje ali snemanje ob dolo\u010denem \u010dasu. Neprekinjeno snemanje 24\/7 je idealno na obmo\u010djih z velikim prometom, kot so vhodi v trgovine, medtem ko na obmo\u010djih z manj\u0161o aktivnostjo, kot so skladi\u0161\u010da ali pono\u010di, vam lahko snemanje pri zaznavanju gibanja pomaga prihraniti prostor za shranjevanje.\u00a0<strong>Videoposnetke vseh treh vrst snemanja lahko shranite na kartico micro SD (do 256 GB), snemalnik Reolink NVR ali stre\u017enik FTP<\/strong>. Izberite na\u010din, ki vam je v\u0161e\u010d, in u\u017eivajte v lahki in prilagojeni varnosti.<\/p>\n<h4>Odporna na vse vremenske razmere<\/h4>\n<p>Kamera Reolink RLC-510WA je zasnovana za uporabo v vseh podnebjih. Njegovo ohi\u0161je IP66 lahko prenese mo\u010dne curke vode, intenzivno toploto, vlago in mraz.<\/p>\n<p><img loading=\"lazy\" decoding=\"async\" class=\"ls-is-cached lazyloaded aligncenter wp-image-22537 size-full\" src=\"https:\/\/alex.shop\/wp-content\/uploads\/2021\/04\/reolink-rlc-510wa-1.jpg\" alt=\"Reolink W320 \u2013 zunanja nadzorna WiFi kamera 5MP\" width=\"1464\" height=\"600\" data-src=\"https:\/\/alex.shop\/wp-content\/uploads\/2021\/04\/reolink-rlc-510wa-1.jpg\" \/><\/p>\n<h4>Pametni detektor gibanja in takoj\u0161nja obvestila<\/h4>\n<p>Nadzorna kamera Reolink RLC-510WA z zelo ob\u010dutljivim PIR senzorjem gibanja skoraj brez napak zazna vsa \u010dlove\u0161ka gibanja. Ko zazna gibanje, se kamera takoj vklopi in vam po\u0161lje takoj\u0161nja opozorila.<\/p>\n<ul>\n<li><strong>Potisna obvestila in e-po\u0161tna<\/strong><br \/>\nOpozorila o potezah neposredno v telefonu.<\/li>\n<li><strong>Kartica SD (izbirno)<\/strong><br \/>\nSnemajte in shranjujte videoposnetke v gibanju na kartico micro SD do 256 GB.<\/li>\n<\/ul>\n<h4>Dostop do kamere kadarkoli in kjerkoli<\/h4>\n<p>Nadzor \u0161e nikoli ni bil tako enostaven z brezpla\u010dno aplikacijo Reolink. Preverite, ali sta va\u0161a dru\u017eina in dom varna kadar koli in kjerkoli prek pametnih telefonov iOS in Android ali prek ra\u010dunalnikov Windows ali Mac. Tudi ko ste v pisarni ali na potovanju, lahko preverite, kaj se dogaja na poti.<\/p>\n<h4>Reolink RLC-510WA \u2013 vsebina \u0161katle<\/h4>\n<h4><img loading=\"lazy\" decoding=\"async\" class=\"aligncenter wp-image-27434 size-full\" src=\"https:\/\/alex.shop\/wp-content\/uploads\/2024\/09\/reolink-rlc-510wa-03.jpg\" alt=\"Reolink W320 \u2013 zunanja nadzorna WiFi kamera 5MP\" width=\"1004\" height=\"284\" \/><\/h4>\n<h4><\/h4>\n<h3 data-start=\"3236\" data-end=\"3269\"><strong data-start=\"3242\" data-end=\"3269\">Pogosta vpra\u0161anja (FAQ)<\/strong><\/h3>\n<p data-start=\"3271\" data-end=\"3423\"><strong data-start=\"3271\" data-end=\"3322\">1. Ali Reolink RLC-510WA podpira WiFi povezavo?<\/strong><br data-start=\"3322\" data-end=\"3325\" \/>Da, kamera podpira <strong data-start=\"3344\" data-end=\"3367\">2.4GHz in 5GHz WiFi<\/strong>, kar zagotavlja stabilno in hitro povezavo brez kablov.<\/p>\n<p data-start=\"3425\" data-end=\"3590\"><strong data-start=\"3425\" data-end=\"3477\">2. Ali je kamera primerna za uporabo na prostem?<\/strong><br data-start=\"3477\" data-end=\"3480\" \/>Da, ohi\u0161je z oznako <strong data-start=\"3500\" data-end=\"3508\">IP66<\/strong> je odporna na de\u017e, prah in ekstremne temperature, kar omogo\u010da zunanjo namestitev.<\/p>\n<p data-start=\"3592\" data-end=\"3741\"><strong data-start=\"3592\" data-end=\"3629\">3. Kako shranjujem videoposnetke?<\/strong><br data-start=\"3629\" data-end=\"3632\" \/>Videoposnetke lahko shranite na <strong data-start=\"3664\" data-end=\"3693\">microSD kartico do 256 GB<\/strong>, FTP stre\u017enik ali preko Reolink NVR snemalnika.<\/p>\n<p data-start=\"3743\" data-end=\"3909\"><strong data-start=\"3743\" data-end=\"3786\">4. Ali kamera zazna le ljudi in vozila?<\/strong><br data-start=\"3786\" data-end=\"3789\" \/>Da, pametna analiza gibanja omogo\u010da lo\u010devanje med ljudmi, vozili in drugimi predmeti, s \u010dimer se zmanj\u0161ajo la\u017eni alarmi.<\/p>\n<p data-start=\"3911\" data-end=\"4081\"><strong data-start=\"3911\" data-end=\"3957\">5. Ali lahko spremljam v \u017eivo na telefonu?<\/strong><br data-start=\"3957\" data-end=\"3960\" \/>Seveda \u2013 s pomo\u010djo brezpla\u010dne aplikacije <strong data-start=\"4001\" data-end=\"4012\">Reolink<\/strong> lahko v vsakem trenutku gledate v \u017eivo in dostopate do vseh funkcij.<\/p>\n<h3 data-start=\"164\" data-end=\"205\">Spremljajte nas na dru\u017ebenih omre\u017ejih<\/h3>\n<p data-start=\"207\" data-end=\"605\" data-is-last-node=\"\" data-is-only-node=\"\">Za ve\u010d nasvetov, novosti in ekskluzivnih ponudb obi\u0161\u010dite na\u0161 profil na <a class=\"\" href=\"https:\/\/www.facebook.com\/alarm.express.shop.si\/\" target=\"_new\" rel=\"noopener\" data-start=\"278\" data-end=\"327\">Facebooku<\/a> in <a class=\"\" href=\"https:\/\/www.instagram.com\/alarm.express.shop.si\/\" target=\"_new\" rel=\"noopener\" data-start=\"331\" data-end=\"382\">Instagramu<\/a>. Pridru\u017eite se skupnosti zadovoljnih uporabnikov, odkrijte, kako drugi uporabljajo Alex izdelke v svojem domu, in bodite prvi obve\u0161\u010deni o vseh novostih. Va\u0161a varnost in udobje se za\u010dneta tukaj \u2013 tudi na dru\u017ebenih omre\u017ejih!<\/p>\n","protected":false},"excerpt":{"rendered":"<p>Visokokakovostna 5MP zunanja WiFi kamera z zaznavanjem oseb in vozil. Omogo\u010da no\u010dni prikaz, zaznavanje gibanja, mikrofon in ima za\u0161\u010dito IP66 pred vremenskimi vplivi, idealna za varnost doma in poslovanja.<\/p>\n","protected":false},"featured_media":930,"template":"","meta":{"order-bump-settings":[],"_wpfnl_thankyou_order_overview":"on","_wpfnl_thankyou_order_details":"on","_wpfnl_thankyou_billing_details":"on","_wpfnl_thankyou_shipping_details":"on"},"product_brand":[140],"product_cat":[109],"product_tag":[130,76,95,97,147,118],"class_list":{"0":"post-810","1":"product","2":"type-product","3":"status-publish","4":"has-post-thumbnail","6":"product_brand-reolink","7":"product_cat-wifi-kamere","8":"product_tag-24h-snemanje","9":"product_tag-5mp","10":"product_tag-priznavanje-oseb-in-vozil","11":"product_tag-reolink","12":"product_tag-zicne-wifi-kamere","13":"product_tag-zunanje-kamere-wifi","15":"first","16":"instock","17":"sale","18":"taxable","19":"shipping-taxable","20":"purchasable","21":"product-type-simple"},"bundled_by":[],"bundle_stock_status":"instock","bundle_stock_quantity":19,"bundle_virtual":false,"bundle_layout":"","bundle_add_to_cart_form_location":"","bundle_editable_in_cart":false,"bundle_sold_individually_context":"","bundle_item_grouping":"","bundle_min_size":"","bundle_max_size":"","bundle_price":[],"bundled_items":[],"bundle_sell_ids":[],"_links":{"self":[{"href":"https:\/\/alex.shop\/si\/wp-json\/wp\/v2\/product\/810","targetHints":{"allow":["GET"]}}],"collection":[{"href":"https:\/\/alex.shop\/si\/wp-json\/wp\/v2\/product"}],"about":[{"href":"https:\/\/alex.shop\/si\/wp-json\/wp\/v2\/types\/product"}],"version-history":[{"count":6,"href":"https:\/\/alex.shop\/si\/wp-json\/wp\/v2\/product\/810\/revisions"}],"predecessor-version":[{"id":1933,"href":"https:\/\/alex.shop\/si\/wp-json\/wp\/v2\/product\/810\/revisions\/1933"}],"wp:featuredmedia":[{"embeddable":true,"href":"https:\/\/alex.shop\/si\/wp-json\/wp\/v2\/media\/930"}],"wp:attachment":[{"href":"https:\/\/alex.shop\/si\/wp-json\/wp\/v2\/media?parent=810"}],"wp:term":[{"taxonomy":"product_brand","embeddable":true,"href":"https:\/\/alex.shop\/si\/wp-json\/wp\/v2\/product_brand?post=810"},{"taxonomy":"product_cat","embeddable":true,"href":"https:\/\/alex.shop\/si\/wp-json\/wp\/v2\/product_cat?post=810"},{"taxonomy":"product_tag","embeddable":true,"href":"https:\/\/alex.shop\/si\/wp-json\/wp\/v2\/product_tag?post=810"}],"curies":[{"name":"wp","href":"https:\/\/api.w.org\/{rel}","templated":true}]}}